{"id":875,"date":"2020-01-08T16:41:39","date_gmt":"2020-01-08T15:41:39","guid":{"rendered":"http:\/\/nestia.be\/?page_id=875"},"modified":"2025-09-10T19:50:02","modified_gmt":"2025-09-10T17:50:02","slug":"ergotherapie","status":"publish","type":"page","link":"https:\/\/nestia.be\/index.php\/ergotherapie\/","title":{"rendered":"Ergoth\u00e9rapie"},"content":{"rendered":"\n<p>Sineen Abu Al Itham est l&#8217;ergoth\u00e9rapeute sp\u00e9cialis\u00e9es en p\u00e9diatrie du centre Nestia \u00e0 Auderghem, Bruxelles.<\/p>\n\n\n\n<p>Les s\u00e9ances d\u2019ergoth\u00e9rapie ont pour but de vous aider \u00e0 trouver une  une autonomie dans vos&nbsp;<em>activit\u00e9s de la vie journali\u00e8re<\/em>. Tout cela en tenant compte de vos capacit\u00e9s, de votre environnement et de vos besoins. Les exercices se font par des mises en situation r\u00e9elle. Elle s\u2019adresse aux b\u00e9b\u00e9s, enfants, adultes et personnes \u00e2g\u00e9es.<\/p>\n\n\n\n<p>Toutes les interventions s\u2019effectuent&nbsp;<strong>en cabinet, \u00e0 l\u2019\u00e9cole ou \u00e0 votre domicile.<\/strong><\/p>\n\n\n\n<p>Sineen est sp\u00e9cialis\u00e9e en <strong>neurop\u00e9diatrie<\/strong>. Cela comprend des bilan d&#8217;ergoth\u00e9rapie, dyspraxie, dyslexie, dysgraphie ou encore dysorthographie. Prise en charge dans le retard du d\u00e9veloppement moteur, l&#8217;apprentissage de l\u2019ordinateur.<\/p>\n\n\n\n<p>Je<strong> propose<\/strong>&nbsp;une prise en charge personnalis\u00e9e et bas\u00e9e sur la qualit\u00e9. Je pr\u00f4ne l\u2019\u00e9coute active, la communication et l\u2019empathie. Nous partirons de votre demande, de vos besoins. En effet, l&#8217;\u00e9volution est meilleure lorsque vous \u00eates acteur de votre prise en charge. Vous \u00eates l\u2019\u00e9l\u00e9ment clef de la r\u00e9ussite des objectifs, vous \u00eates au centre de votre prise en charge. Donc, je vous accompagne et vous encourage \u00e0 les atteindre gr\u00e2ce \u00e0 des techniques ergoth\u00e9rapeutiques. <\/p>\n\n\n\n<h4 class=\"wp-block-heading\" id=\"h-exemples-de-prises-en-charges\"><strong>Exemples de prises en charges<\/strong><\/h4>\n\n\n\n<ul class=\"wp-block-list\">\n<li><strong>R\u00e9\u00e9ducation et r\u00e9adaptation pour b\u00e9b\u00e9s, enfants et adolescents: <\/strong>La r\u00e9\u00e9ducation est un entra\u00eenement d\u2019une fonction motrice ou cognitive pr\u00e9cise dans le but de la rendre fonctionnelle. ex: r\u00e9\u00e9ducation de l&#8217;\u00e9criture. La r\u00e9adaptation est l\u2019adaptation de l\u2019environnement (am\u00e9nagement du domicile), la mise en place d\u2019aides techniques, l\u2019apprentissage de \u201ctrucs et astuces\u201d pour pallier un d\u00e9ficit moteur ou cognitif et favoriser la r\u00e9ussite de l\u2019activit\u00e9 dans votre quotidien. ex: apprentissage de l&#8217;ordinateur<\/li>\n\n\n\n<li> <strong>R\u00e9\u00e9ducation d&#8217;int\u00e9gration neuro sensorielle<\/strong> : Nous \u00e9tablissons un profil sensoriel de votre enfant. Nous d\u00e9terminons ensemble des objectifs en lien avec son quotidien pour favoriser son autonomie et am\u00e9liorer sa participation sociale.<\/li>\n<\/ul>\n\n\n\n<h4 class=\"wp-block-heading\" id=\"h-notre-ergotherapeute-du-centre-nestia\"><strong>Notre Ergoth\u00e9rapeute du centre Nestia <\/strong><\/h4>\n\n\n\n<p><a href=\"https:\/\/nestia.be\/index.php\/sineen-abu-al-itham-occupational-therapy\/\">Sineen Abu Al Itham<\/a> : ergoth\u00e9rapeute p\u00e9diatrique. Consultation le vendredi apr\u00e8s-midi en <strong>Anglais ou arabe<\/strong>. Consultation on the friday afternoon in english and arabic. Contact  sineen.ot@gmail.com<br>+32 456147886 (response only on weekdays from 8:30am-5pm)<\/p>\n\n\n<div class=\"wp-block-image\">\n<figure class=\"aligncenter size-large\"><img loading=\"lazy\" decoding=\"async\" width=\"1024\" height=\"683\" src=\"https:\/\/nestia.be\/wp-content\/uploads\/2021\/01\/child-2205449_1920-1024x683.jpg\" alt=\"\" class=\"wp-image-1157\" srcset=\"https:\/\/nestia.be\/wp-content\/uploads\/2021\/01\/child-2205449_1920-1024x683.jpg 1024w, https:\/\/nestia.be\/wp-content\/uploads\/2021\/01\/child-2205449_1920-300x200.jpg 300w, https:\/\/nestia.be\/wp-content\/uploads\/2021\/01\/child-2205449_1920-768x512.jpg 768w, https:\/\/nestia.be\/wp-content\/uploads\/2021\/01\/child-2205449_1920-500x333.jpg 500w, https:\/\/nestia.be\/wp-content\/uploads\/2021\/01\/child-2205449_1920-800x533.jpg 800w, https:\/\/nestia.be\/wp-content\/uploads\/2021\/01\/child-2205449_1920-1280x853.jpg 1280w, https:\/\/nestia.be\/wp-content\/uploads\/2021\/01\/child-2205449_1920-1536x1024.jpg 1536w, https:\/\/nestia.be\/wp-content\/uploads\/2021\/01\/child-2205449_1920-612x408.jpg 612w, https:\/\/nestia.be\/wp-content\/uploads\/2021\/01\/child-2205449_1920-1224x816.jpg 1224w, https:\/\/nestia.be\/wp-content\/uploads\/2021\/01\/child-2205449_1920-936x624.jpg 936w, https:\/\/nestia.be\/wp-content\/uploads\/2021\/01\/child-2205449_1920-1872x1248.jpg 1872w, https:\/\/nestia.be\/wp-content\/uploads\/2021\/01\/child-2205449_1920-1440x960.jpg 1440w, https:\/\/nestia.be\/wp-content\/uploads\/2021\/01\/child-2205449_1920-720x480.jpg 720w, https:\/\/nestia.be\/wp-content\/uploads\/2021\/01\/child-2205449_1920-272x182.jpg 272w, https:\/\/nestia.be\/wp-content\/uploads\/2021\/01\/child-2205449_1920.jpg 1920w\" sizes=\"auto, (max-width: 1024px) 100vw, 1024px\" \/><\/figure>\n<\/div>\n\n\n<p><\/p>\n\n\n<div class=\"wp-block-image\">\n<figure class=\"aligncenter size-large\"><img loading=\"lazy\" decoding=\"async\" width=\"1024\" height=\"683\" src=\"https:\/\/nestia.be\/wp-content\/uploads\/2021\/01\/games-2801332_1920-1024x683.jpg\" alt=\"\" class=\"wp-image-1158\" srcset=\"https:\/\/nestia.be\/wp-content\/uploads\/2021\/01\/games-2801332_1920-1024x683.jpg 1024w, https:\/\/nestia.be\/wp-content\/uploads\/2021\/01\/games-2801332_1920-300x200.jpg 300w, https:\/\/nestia.be\/wp-content\/uploads\/2021\/01\/games-2801332_1920-768x512.jpg 768w, https:\/\/nestia.be\/wp-content\/uploads\/2021\/01\/games-2801332_1920-500x333.jpg 500w, https:\/\/nestia.be\/wp-content\/uploads\/2021\/01\/games-2801332_1920-800x533.jpg 800w, https:\/\/nestia.be\/wp-content\/uploads\/2021\/01\/games-2801332_1920-1280x853.jpg 1280w, https:\/\/nestia.be\/wp-content\/uploads\/2021\/01\/games-2801332_1920-1536x1024.jpg 1536w, https:\/\/nestia.be\/wp-content\/uploads\/2021\/01\/games-2801332_1920-612x408.jpg 612w, https:\/\/nestia.be\/wp-content\/uploads\/2021\/01\/games-2801332_1920-1224x816.jpg 1224w, https:\/\/nestia.be\/wp-content\/uploads\/2021\/01\/games-2801332_1920-936x624.jpg 936w, https:\/\/nestia.be\/wp-content\/uploads\/2021\/01\/games-2801332_1920-1872x1248.jpg 1872w, https:\/\/nestia.be\/wp-content\/uploads\/2021\/01\/games-2801332_1920-1440x960.jpg 1440w, https:\/\/nestia.be\/wp-content\/uploads\/2021\/01\/games-2801332_1920-720x480.jpg 720w, https:\/\/nestia.be\/wp-content\/uploads\/2021\/01\/games-2801332_1920-272x182.jpg 272w, https:\/\/nestia.be\/wp-content\/uploads\/2021\/01\/games-2801332_1920.jpg 1920w\" sizes=\"auto, (max-width: 1024px) 100vw, 1024px\" \/><\/figure>\n<\/div>","protected":false},"excerpt":{"rendered":"<p>Sineen Abu Al Itham est l&#8217;ergoth\u00e9rapeute sp\u00e9cialis\u00e9es en p\u00e9diatrie du centre Nestia \u00e0 Auderghem, Bruxelles. Les s\u00e9ances d\u2019ergoth\u00e9rapie ont pour but de vous aider \u00e0 trouver une une autonomie dans vos&nbsp;activit\u00e9s de la vie journali\u00e8re. Tout cela en tenant compte de vos capacit\u00e9s, de votre environnement et de vos besoins. Les exercices se font par&#8230; <a href=\"https:\/\/nestia.be\/index.php\/ergotherapie\/\">Continue reading <span class=\"screen-reader-text\">&#8220;Ergoth\u00e9rapie&#8221;<\/span><\/a><\/p>\n","protected":false},"author":1,"featured_media":0,"parent":0,"menu_order":0,"comment_status":"closed","ping_status":"closed","template":"","meta":{"ngg_post_thumbnail":0,"_vp_format_video_url":"","_vp_image_focal_point":[],"footnotes":""},"class_list":["post-875","page","type-page","status-publish","hentry"],"yoast_head":"<!-- This site is optimized with the Yoast SEO Premium plugin v23.4 (Yoast SEO v27.3) - https:\/\/yoast.com\/product\/yoast-seo-premium-wordpress\/ -->\n<title>Ergoth\u00e9rapeute p\u00e9diatrique au Centre Nestia, Auderghem, Bruxelles<\/title>\n<meta name=\"description\" content=\"Ergoth\u00e9rapeute p\u00e9diatrique \u00e0 Bruxelles. Consultations le mercredi apr\u00e8s-midi au Centre Nestia \u00e0 Auderghem. L&#039;ergoth\u00e9rapie p\u00e9diatrique\" \/>\n<meta name=\"robots\" content=\"index, follow, max-snippet:-1, max-image-preview:large, max-video-preview:-1\" \/>\n<link rel=\"canonical\" href=\"https:\/\/nestia.be\/index.php\/ergotherapie\/\" \/>\n<meta property=\"og:locale\" content=\"fr_FR\" \/>\n<meta property=\"og:type\" content=\"article\" \/>\n<meta property=\"og:title\" content=\"Ergoth\u00e9rapie\" \/>\n<meta property=\"og:description\" content=\"Ergoth\u00e9rapeute p\u00e9diatrique \u00e0 Bruxelles. Consultations le mercredi apr\u00e8s-midi au Centre Nestia \u00e0 Auderghem. L&#039;ergoth\u00e9rapie p\u00e9diatrique\" \/>\n<meta property=\"og:url\" content=\"https:\/\/nestia.be\/index.php\/ergotherapie\/\" \/>\n<meta property=\"og:site_name\" content=\"Centre Nestia\" \/>\n<meta property=\"article:modified_time\" content=\"2025-09-10T17:50:02+00:00\" \/>\n<meta property=\"og:image\" content=\"http:\/\/nestia.be\/wp-content\/uploads\/2021\/01\/child-2205449_1920-1024x683.jpg\" \/>\n<meta name=\"twitter:card\" content=\"summary_large_image\" \/>\n<meta name=\"twitter:label1\" content=\"Dur\u00e9e de lecture estim\u00e9e\" \/>\n\t<meta name=\"twitter:data1\" content=\"3 minutes\" \/>\n<script type=\"application\/ld+json\" class=\"yoast-schema-graph\">{\"@context\":\"https:\\\/\\\/schema.org\",\"@graph\":[{\"@type\":\"WebPage\",\"@id\":\"https:\\\/\\\/nestia.be\\\/index.php\\\/ergotherapie\\\/\",\"url\":\"https:\\\/\\\/nestia.be\\\/index.php\\\/ergotherapie\\\/\",\"name\":\"Ergoth\u00e9rapeute p\u00e9diatrique au Centre Nestia, Auderghem, Bruxelles\",\"isPartOf\":{\"@id\":\"https:\\\/\\\/nestia.be\\\/#website\"},\"primaryImageOfPage\":{\"@id\":\"https:\\\/\\\/nestia.be\\\/index.php\\\/ergotherapie\\\/#primaryimage\"},\"image\":{\"@id\":\"https:\\\/\\\/nestia.be\\\/index.php\\\/ergotherapie\\\/#primaryimage\"},\"thumbnailUrl\":\"http:\\\/\\\/nestia.be\\\/wp-content\\\/uploads\\\/2021\\\/01\\\/child-2205449_1920-1024x683.jpg\",\"datePublished\":\"2020-01-08T15:41:39+00:00\",\"dateModified\":\"2025-09-10T17:50:02+00:00\",\"description\":\"Ergoth\u00e9rapeute p\u00e9diatrique \u00e0 Bruxelles. Consultations le mercredi apr\u00e8s-midi au Centre Nestia \u00e0 Auderghem. L'ergoth\u00e9rapie p\u00e9diatrique\",\"breadcrumb\":{\"@id\":\"https:\\\/\\\/nestia.be\\\/index.php\\\/ergotherapie\\\/#breadcrumb\"},\"inLanguage\":\"fr-FR\",\"potentialAction\":[{\"@type\":\"ReadAction\",\"target\":[\"https:\\\/\\\/nestia.be\\\/index.php\\\/ergotherapie\\\/\"]}]},{\"@type\":\"ImageObject\",\"inLanguage\":\"fr-FR\",\"@id\":\"https:\\\/\\\/nestia.be\\\/index.php\\\/ergotherapie\\\/#primaryimage\",\"url\":\"http:\\\/\\\/nestia.be\\\/wp-content\\\/uploads\\\/2021\\\/01\\\/child-2205449_1920-1024x683.jpg\",\"contentUrl\":\"http:\\\/\\\/nestia.be\\\/wp-content\\\/uploads\\\/2021\\\/01\\\/child-2205449_1920-1024x683.jpg\"},{\"@type\":\"BreadcrumbList\",\"@id\":\"https:\\\/\\\/nestia.be\\\/index.php\\\/ergotherapie\\\/#breadcrumb\",\"itemListElement\":[{\"@type\":\"ListItem\",\"position\":1,\"name\":\"Accueil\",\"item\":\"https:\\\/\\\/nestia.be\\\/\"},{\"@type\":\"ListItem\",\"position\":2,\"name\":\"Ergoth\u00e9rapie\"}]},{\"@type\":\"WebSite\",\"@id\":\"https:\\\/\\\/nestia.be\\\/#website\",\"url\":\"https:\\\/\\\/nestia.be\\\/\",\"name\":\"Centre Nestia\",\"description\":\"Centre pluridisciplinaire P\u00e9diatrique, P\u00e9rinatal et Familial\",\"publisher\":{\"@id\":\"https:\\\/\\\/nestia.be\\\/#organization\"},\"potentialAction\":[{\"@type\":\"SearchAction\",\"target\":{\"@type\":\"EntryPoint\",\"urlTemplate\":\"https:\\\/\\\/nestia.be\\\/?s={search_term_string}\"},\"query-input\":{\"@type\":\"PropertyValueSpecification\",\"valueRequired\":true,\"valueName\":\"search_term_string\"}}],\"inLanguage\":\"fr-FR\"},{\"@type\":\"Organization\",\"@id\":\"https:\\\/\\\/nestia.be\\\/#organization\",\"name\":\"Centre Nestia\",\"url\":\"https:\\\/\\\/nestia.be\\\/\",\"logo\":{\"@type\":\"ImageObject\",\"inLanguage\":\"fr-FR\",\"@id\":\"https:\\\/\\\/nestia.be\\\/#\\\/schema\\\/logo\\\/image\\\/\",\"url\":\"https:\\\/\\\/nestia.be\\\/wp-content\\\/uploads\\\/2020\\\/12\\\/cropped-69706906_116330719731047_3337316616944746496_n.jpg\",\"contentUrl\":\"https:\\\/\\\/nestia.be\\\/wp-content\\\/uploads\\\/2020\\\/12\\\/cropped-69706906_116330719731047_3337316616944746496_n.jpg\",\"width\":594,\"height\":433,\"caption\":\"Centre Nestia\"},\"image\":{\"@id\":\"https:\\\/\\\/nestia.be\\\/#\\\/schema\\\/logo\\\/image\\\/\"}}]}<\/script>\n<!-- \/ Yoast SEO Premium plugin. -->","yoast_head_json":{"title":"Ergoth\u00e9rapeute p\u00e9diatrique au Centre Nestia, Auderghem, Bruxelles","description":"Ergoth\u00e9rapeute p\u00e9diatrique \u00e0 Bruxelles. Consultations le mercredi apr\u00e8s-midi au Centre Nestia \u00e0 Auderghem. L'ergoth\u00e9rapie p\u00e9diatrique","robots":{"index":"index","follow":"follow","max-snippet":"max-snippet:-1","max-image-preview":"max-image-preview:large","max-video-preview":"max-video-preview:-1"},"canonical":"https:\/\/nestia.be\/index.php\/ergotherapie\/","og_locale":"fr_FR","og_type":"article","og_title":"Ergoth\u00e9rapie","og_description":"Ergoth\u00e9rapeute p\u00e9diatrique \u00e0 Bruxelles. Consultations le mercredi apr\u00e8s-midi au Centre Nestia \u00e0 Auderghem. L'ergoth\u00e9rapie p\u00e9diatrique","og_url":"https:\/\/nestia.be\/index.php\/ergotherapie\/","og_site_name":"Centre Nestia","article_modified_time":"2025-09-10T17:50:02+00:00","og_image":[{"url":"http:\/\/nestia.be\/wp-content\/uploads\/2021\/01\/child-2205449_1920-1024x683.jpg","type":"","width":"","height":""}],"twitter_card":"summary_large_image","twitter_misc":{"Dur\u00e9e de lecture estim\u00e9e":"3 minutes"},"schema":{"@context":"https:\/\/schema.org","@graph":[{"@type":"WebPage","@id":"https:\/\/nestia.be\/index.php\/ergotherapie\/","url":"https:\/\/nestia.be\/index.php\/ergotherapie\/","name":"Ergoth\u00e9rapeute p\u00e9diatrique au Centre Nestia, Auderghem, Bruxelles","isPartOf":{"@id":"https:\/\/nestia.be\/#website"},"primaryImageOfPage":{"@id":"https:\/\/nestia.be\/index.php\/ergotherapie\/#primaryimage"},"image":{"@id":"https:\/\/nestia.be\/index.php\/ergotherapie\/#primaryimage"},"thumbnailUrl":"http:\/\/nestia.be\/wp-content\/uploads\/2021\/01\/child-2205449_1920-1024x683.jpg","datePublished":"2020-01-08T15:41:39+00:00","dateModified":"2025-09-10T17:50:02+00:00","description":"Ergoth\u00e9rapeute p\u00e9diatrique \u00e0 Bruxelles. Consultations le mercredi apr\u00e8s-midi au Centre Nestia \u00e0 Auderghem. L'ergoth\u00e9rapie p\u00e9diatrique","breadcrumb":{"@id":"https:\/\/nestia.be\/index.php\/ergotherapie\/#breadcrumb"},"inLanguage":"fr-FR","potentialAction":[{"@type":"ReadAction","target":["https:\/\/nestia.be\/index.php\/ergotherapie\/"]}]},{"@type":"ImageObject","inLanguage":"fr-FR","@id":"https:\/\/nestia.be\/index.php\/ergotherapie\/#primaryimage","url":"http:\/\/nestia.be\/wp-content\/uploads\/2021\/01\/child-2205449_1920-1024x683.jpg","contentUrl":"http:\/\/nestia.be\/wp-content\/uploads\/2021\/01\/child-2205449_1920-1024x683.jpg"},{"@type":"BreadcrumbList","@id":"https:\/\/nestia.be\/index.php\/ergotherapie\/#breadcrumb","itemListElement":[{"@type":"ListItem","position":1,"name":"Accueil","item":"https:\/\/nestia.be\/"},{"@type":"ListItem","position":2,"name":"Ergoth\u00e9rapie"}]},{"@type":"WebSite","@id":"https:\/\/nestia.be\/#website","url":"https:\/\/nestia.be\/","name":"Centre Nestia","description":"Centre pluridisciplinaire P\u00e9diatrique, P\u00e9rinatal et Familial","publisher":{"@id":"https:\/\/nestia.be\/#organization"},"potentialAction":[{"@type":"SearchAction","target":{"@type":"EntryPoint","urlTemplate":"https:\/\/nestia.be\/?s={search_term_string}"},"query-input":{"@type":"PropertyValueSpecification","valueRequired":true,"valueName":"search_term_string"}}],"inLanguage":"fr-FR"},{"@type":"Organization","@id":"https:\/\/nestia.be\/#organization","name":"Centre Nestia","url":"https:\/\/nestia.be\/","logo":{"@type":"ImageObject","inLanguage":"fr-FR","@id":"https:\/\/nestia.be\/#\/schema\/logo\/image\/","url":"https:\/\/nestia.be\/wp-content\/uploads\/2020\/12\/cropped-69706906_116330719731047_3337316616944746496_n.jpg","contentUrl":"https:\/\/nestia.be\/wp-content\/uploads\/2020\/12\/cropped-69706906_116330719731047_3337316616944746496_n.jpg","width":594,"height":433,"caption":"Centre Nestia"},"image":{"@id":"https:\/\/nestia.be\/#\/schema\/logo\/image\/"}}]}},"_links":{"self":[{"href":"https:\/\/nestia.be\/index.php\/wp-json\/wp\/v2\/pages\/875","targetHints":{"allow":["GET"]}}],"collection":[{"href":"https:\/\/nestia.be\/index.php\/wp-json\/wp\/v2\/pages"}],"about":[{"href":"https:\/\/nestia.be\/index.php\/wp-json\/wp\/v2\/types\/page"}],"author":[{"embeddable":true,"href":"https:\/\/nestia.be\/index.php\/wp-json\/wp\/v2\/users\/1"}],"replies":[{"embeddable":true,"href":"https:\/\/nestia.be\/index.php\/wp-json\/wp\/v2\/comments?post=875"}],"version-history":[{"count":11,"href":"https:\/\/nestia.be\/index.php\/wp-json\/wp\/v2\/pages\/875\/revisions"}],"predecessor-version":[{"id":2629,"href":"https:\/\/nestia.be\/index.php\/wp-json\/wp\/v2\/pages\/875\/revisions\/2629"}],"wp:attachment":[{"href":"https:\/\/nestia.be\/index.php\/wp-json\/wp\/v2\/media?parent=875"}],"curies":[{"name":"wp","href":"https:\/\/api.w.org\/{rel}","templated":true}]}}