{"id":862,"date":"2020-01-08T16:21:44","date_gmt":"2020-01-08T15:21:44","guid":{"rendered":"http:\/\/nestia.be\/?page_id=862"},"modified":"2025-10-11T23:00:21","modified_gmt":"2025-10-11T21:00:21","slug":"ergotherapeute","status":"publish","type":"page","link":"https:\/\/nestia.be\/index.php\/ergotherapeute\/","title":{"rendered":"&#8211; Ergoth\u00e9rapeute"},"content":{"rendered":"<div id=\"pl-gb862-69dff5de1450f\"  class=\"panel-layout wp-block-siteorigin-panels-layout-block\" ><div id=\"pg-gb862-69dff5de1450f-0\"  class=\"panel-grid panel-no-style\" ><div id=\"pgc-gb862-69dff5de1450f-0-0\"  class=\"panel-grid-cell\" ><div id=\"panel-gb862-69dff5de1450f-0-0-0\" class=\"so-panel widget widget_sow-editor panel-first-child panel-last-child\" data-index=\"0\" ><div\n\t\t\t\n\t\t\tclass=\"so-widget-sow-editor so-widget-sow-editor-base\"\n\t\t\t\n\t\t>\n<div class=\"siteorigin-widget-tinymce textwidget\">\n\t<p><\/p>\n<p>&nbsp;<\/p>\n<p><span style=\"color: #1b7575;\"><strong>Consultations<\/strong><\/span><\/p>\n<p><span style=\"color: #1b7575;\"> <\/span><\/p>\n<p>&nbsp;<\/p>\n<p><span style=\"color: #1b7575;\">Langue de consultation:<\/span><\/p>\n<p>&nbsp;<\/p>\n<p>&nbsp;<\/p>\n<p><span style=\"color: #1b7575;\"><strong>Contact:<\/strong><\/span><\/p>\n<p> <\/p>\n<p><span style=\"color: #1b7575;\">Rue valduc 227<\/span><br \/>\n<span style=\"color: #1b7575;\">1160 Auderghem<\/span><\/p>\n<p><\/p>\n<\/div>\n<\/div><\/div><\/div><div id=\"pgc-gb862-69dff5de1450f-0-1\"  class=\"panel-grid-cell\" ><div id=\"panel-gb862-69dff5de1450f-0-1-0\" class=\"so-panel widget widget_sow-editor panel-first-child\" data-index=\"1\" ><div\n\t\t\t\n\t\t\tclass=\"so-widget-sow-editor so-widget-sow-editor-base\"\n\t\t\t\n\t\t>\n<div class=\"siteorigin-widget-tinymce textwidget\">\n\t<h5>&nbsp;<\/h5>\n<h5>&nbsp;<\/h5>\n<\/div>\n<\/div><\/div><div id=\"panel-gb862-69dff5de1450f-0-1-1\" class=\"so-panel widget widget_sow-editor panel-last-child\" data-index=\"2\" ><div\n\t\t\t\n\t\t\tclass=\"so-widget-sow-editor so-widget-sow-editor-base\"\n\t\t\t\n\t\t>\n<div class=\"siteorigin-widget-tinymce textwidget\">\n\t<p>L&#8217;\u00e9quipe du Centre Nestia est \u00e0 la recherche d&#8217;une ergoth\u00e9rapeute pour compl\u00e9ter son \u00e9quipe<\/p>\n<\/div>\n<\/div><\/div><\/div><\/div><\/div>","protected":false},"excerpt":{"rendered":"<p>&nbsp; Consultations &nbsp; Langue de consultation: &nbsp; &nbsp; Contact: Rue valduc 227 1160 Auderghem &nbsp; &nbsp; L&#8217;\u00e9quipe du Centre Nestia est \u00e0 la recherche d&#8217;une ergoth\u00e9rapeute pour compl\u00e9ter son \u00e9quipe<\/p>\n","protected":false},"author":1,"featured_media":0,"parent":0,"menu_order":0,"comment_status":"closed","ping_status":"closed","template":"","meta":{"ngg_post_thumbnail":0,"_vp_format_video_url":"","_vp_image_focal_point":[],"footnotes":""},"class_list":["post-862","page","type-page","status-publish","hentry"],"yoast_head":"<!-- This site is optimized with the Yoast SEO Premium plugin v23.4 (Yoast SEO v27.4) - https:\/\/yoast.com\/product\/yoast-seo-premium-wordpress\/ -->\n<title>- Ergoth\u00e9rapeute - Centre Nestia<\/title>\n<meta name=\"robots\" content=\"index, follow, max-snippet:-1, max-image-preview:large, max-video-preview:-1\" \/>\n<link rel=\"canonical\" href=\"https:\/\/nestia.be\/index.php\/ergotherapeute\/\" \/>\n<meta property=\"og:locale\" content=\"fr_FR\" \/>\n<meta property=\"og:type\" content=\"article\" \/>\n<meta property=\"og:title\" content=\"- Ergoth\u00e9rapeute\" \/>\n<meta property=\"og:description\" content=\"&nbsp; Consultations &nbsp; Langue de consultation: &nbsp; &nbsp; Contact: Rue valduc 227 1160 Auderghem &nbsp; &nbsp; L&#039;\u00e9quipe du Centre Nestia est \u00e0 la recherche d&#039;une ergoth\u00e9rapeute pour compl\u00e9ter son \u00e9quipe\" \/>\n<meta property=\"og:url\" content=\"https:\/\/nestia.be\/index.php\/ergotherapeute\/\" \/>\n<meta property=\"og:site_name\" content=\"Centre Nestia\" \/>\n<meta property=\"article:modified_time\" content=\"2025-10-11T21:00:21+00:00\" \/>\n<meta name=\"twitter:card\" content=\"summary_large_image\" \/>\n<meta name=\"twitter:label1\" content=\"Dur\u00e9e de lecture estim\u00e9e\" \/>\n\t<meta name=\"twitter:data1\" content=\"1 minute\" \/>\n<script type=\"application\/ld+json\" class=\"yoast-schema-graph\">{\"@context\":\"https:\\\/\\\/schema.org\",\"@graph\":[{\"@type\":\"WebPage\",\"@id\":\"https:\\\/\\\/nestia.be\\\/index.php\\\/ergotherapeute\\\/\",\"url\":\"https:\\\/\\\/nestia.be\\\/index.php\\\/ergotherapeute\\\/\",\"name\":\"- Ergoth\u00e9rapeute - Centre Nestia\",\"isPartOf\":{\"@id\":\"https:\\\/\\\/nestia.be\\\/#website\"},\"datePublished\":\"2020-01-08T15:21:44+00:00\",\"dateModified\":\"2025-10-11T21:00:21+00:00\",\"breadcrumb\":{\"@id\":\"https:\\\/\\\/nestia.be\\\/index.php\\\/ergotherapeute\\\/#breadcrumb\"},\"inLanguage\":\"fr-FR\",\"potentialAction\":[{\"@type\":\"ReadAction\",\"target\":[\"https:\\\/\\\/nestia.be\\\/index.php\\\/ergotherapeute\\\/\"]}]},{\"@type\":\"BreadcrumbList\",\"@id\":\"https:\\\/\\\/nestia.be\\\/index.php\\\/ergotherapeute\\\/#breadcrumb\",\"itemListElement\":[{\"@type\":\"ListItem\",\"position\":1,\"name\":\"Accueil\",\"item\":\"https:\\\/\\\/nestia.be\\\/\"},{\"@type\":\"ListItem\",\"position\":2,\"name\":\"&#8211; Ergoth\u00e9rapeute\"}]},{\"@type\":\"WebSite\",\"@id\":\"https:\\\/\\\/nestia.be\\\/#website\",\"url\":\"https:\\\/\\\/nestia.be\\\/\",\"name\":\"Centre Nestia\",\"description\":\"Centre pluridisciplinaire P\u00e9diatrique, P\u00e9rinatal et Familial\",\"publisher\":{\"@id\":\"https:\\\/\\\/nestia.be\\\/#organization\"},\"potentialAction\":[{\"@type\":\"SearchAction\",\"target\":{\"@type\":\"EntryPoint\",\"urlTemplate\":\"https:\\\/\\\/nestia.be\\\/?s={search_term_string}\"},\"query-input\":{\"@type\":\"PropertyValueSpecification\",\"valueRequired\":true,\"valueName\":\"search_term_string\"}}],\"inLanguage\":\"fr-FR\"},{\"@type\":\"Organization\",\"@id\":\"https:\\\/\\\/nestia.be\\\/#organization\",\"name\":\"Centre Nestia\",\"url\":\"https:\\\/\\\/nestia.be\\\/\",\"logo\":{\"@type\":\"ImageObject\",\"inLanguage\":\"fr-FR\",\"@id\":\"https:\\\/\\\/nestia.be\\\/#\\\/schema\\\/logo\\\/image\\\/\",\"url\":\"https:\\\/\\\/nestia.be\\\/wp-content\\\/uploads\\\/2020\\\/12\\\/cropped-69706906_116330719731047_3337316616944746496_n.jpg\",\"contentUrl\":\"https:\\\/\\\/nestia.be\\\/wp-content\\\/uploads\\\/2020\\\/12\\\/cropped-69706906_116330719731047_3337316616944746496_n.jpg\",\"width\":594,\"height\":433,\"caption\":\"Centre Nestia\"},\"image\":{\"@id\":\"https:\\\/\\\/nestia.be\\\/#\\\/schema\\\/logo\\\/image\\\/\"}}]}<\/script>\n<!-- \/ Yoast SEO Premium plugin. -->","yoast_head_json":{"title":"- Ergoth\u00e9rapeute - Centre Nestia","robots":{"index":"index","follow":"follow","max-snippet":"max-snippet:-1","max-image-preview":"max-image-preview:large","max-video-preview":"max-video-preview:-1"},"canonical":"https:\/\/nestia.be\/index.php\/ergotherapeute\/","og_locale":"fr_FR","og_type":"article","og_title":"- Ergoth\u00e9rapeute","og_description":"&nbsp; Consultations &nbsp; Langue de consultation: &nbsp; &nbsp; Contact: Rue valduc 227 1160 Auderghem &nbsp; &nbsp; L'\u00e9quipe du Centre Nestia est \u00e0 la recherche d'une ergoth\u00e9rapeute pour compl\u00e9ter son \u00e9quipe","og_url":"https:\/\/nestia.be\/index.php\/ergotherapeute\/","og_site_name":"Centre Nestia","article_modified_time":"2025-10-11T21:00:21+00:00","twitter_card":"summary_large_image","twitter_misc":{"Dur\u00e9e de lecture estim\u00e9e":"1 minute"},"schema":{"@context":"https:\/\/schema.org","@graph":[{"@type":"WebPage","@id":"https:\/\/nestia.be\/index.php\/ergotherapeute\/","url":"https:\/\/nestia.be\/index.php\/ergotherapeute\/","name":"- Ergoth\u00e9rapeute - Centre Nestia","isPartOf":{"@id":"https:\/\/nestia.be\/#website"},"datePublished":"2020-01-08T15:21:44+00:00","dateModified":"2025-10-11T21:00:21+00:00","breadcrumb":{"@id":"https:\/\/nestia.be\/index.php\/ergotherapeute\/#breadcrumb"},"inLanguage":"fr-FR","potentialAction":[{"@type":"ReadAction","target":["https:\/\/nestia.be\/index.php\/ergotherapeute\/"]}]},{"@type":"BreadcrumbList","@id":"https:\/\/nestia.be\/index.php\/ergotherapeute\/#breadcrumb","itemListElement":[{"@type":"ListItem","position":1,"name":"Accueil","item":"https:\/\/nestia.be\/"},{"@type":"ListItem","position":2,"name":"&#8211; Ergoth\u00e9rapeute"}]},{"@type":"WebSite","@id":"https:\/\/nestia.be\/#website","url":"https:\/\/nestia.be\/","name":"Centre Nestia","description":"Centre pluridisciplinaire P\u00e9diatrique, P\u00e9rinatal et Familial","publisher":{"@id":"https:\/\/nestia.be\/#organization"},"potentialAction":[{"@type":"SearchAction","target":{"@type":"EntryPoint","urlTemplate":"https:\/\/nestia.be\/?s={search_term_string}"},"query-input":{"@type":"PropertyValueSpecification","valueRequired":true,"valueName":"search_term_string"}}],"inLanguage":"fr-FR"},{"@type":"Organization","@id":"https:\/\/nestia.be\/#organization","name":"Centre Nestia","url":"https:\/\/nestia.be\/","logo":{"@type":"ImageObject","inLanguage":"fr-FR","@id":"https:\/\/nestia.be\/#\/schema\/logo\/image\/","url":"https:\/\/nestia.be\/wp-content\/uploads\/2020\/12\/cropped-69706906_116330719731047_3337316616944746496_n.jpg","contentUrl":"https:\/\/nestia.be\/wp-content\/uploads\/2020\/12\/cropped-69706906_116330719731047_3337316616944746496_n.jpg","width":594,"height":433,"caption":"Centre Nestia"},"image":{"@id":"https:\/\/nestia.be\/#\/schema\/logo\/image\/"}}]}},"_links":{"self":[{"href":"https:\/\/nestia.be\/index.php\/wp-json\/wp\/v2\/pages\/862","targetHints":{"allow":["GET"]}}],"collection":[{"href":"https:\/\/nestia.be\/index.php\/wp-json\/wp\/v2\/pages"}],"about":[{"href":"https:\/\/nestia.be\/index.php\/wp-json\/wp\/v2\/types\/page"}],"author":[{"embeddable":true,"href":"https:\/\/nestia.be\/index.php\/wp-json\/wp\/v2\/users\/1"}],"replies":[{"embeddable":true,"href":"https:\/\/nestia.be\/index.php\/wp-json\/wp\/v2\/comments?post=862"}],"version-history":[{"count":16,"href":"https:\/\/nestia.be\/index.php\/wp-json\/wp\/v2\/pages\/862\/revisions"}],"predecessor-version":[{"id":2646,"href":"https:\/\/nestia.be\/index.php\/wp-json\/wp\/v2\/pages\/862\/revisions\/2646"}],"wp:attachment":[{"href":"https:\/\/nestia.be\/index.php\/wp-json\/wp\/v2\/media?parent=862"}],"curies":[{"name":"wp","href":"https:\/\/api.w.org\/{rel}","templated":true}]}}