{"id":714,"date":"2019-08-20T22:35:10","date_gmt":"2019-08-20T20:35:10","guid":{"rendered":"http:\/\/nestia.be\/?page_id=714"},"modified":"2024-03-06T08:48:08","modified_gmt":"2024-03-06T07:48:08","slug":"andrea-lebeau-logopedie","status":"publish","type":"page","link":"https:\/\/nestia.be\/index.php\/andrea-lebeau-logopedie\/","title":{"rendered":"Andrea Lebeau &#8211; Logop\u00e9die &#8211; Neuropsychologie"},"content":{"rendered":"<div id=\"pl-gb714-69d031c8073f8\"  class=\"panel-layout\" ><div id=\"pg-gb714-69d031c8073f8-0\"  class=\"panel-grid panel-no-style\" ><div id=\"pgc-gb714-69d031c8073f8-0-0\"  class=\"panel-grid-cell\" ><div id=\"panel-gb714-69d031c8073f8-0-0-0\" class=\"so-panel widget widget_sow-editor panel-first-child panel-last-child\" data-index=\"0\" ><div\n\t\t\t\n\t\t\tclass=\"so-widget-sow-editor so-widget-sow-editor-base\"\n\t\t\t\n\t\t>\n<div class=\"siteorigin-widget-tinymce textwidget\">\n\t<\/div>\n<\/div><\/div><\/div><\/div><\/div>\n\n\n<div class=\"wp-block-group\"><div class=\"wp-block-group__inner-container is-layout-flow wp-block-group-is-layout-flow\">\n<div class=\"wp-block-group\"><div class=\"wp-block-group__inner-container is-layout-flow wp-block-group-is-layout-flow\"><div id=\"pl-gb714-69d031c807c29\"  class=\"panel-layout\" ><div id=\"pg-gb714-69d031c807c29-0\"  class=\"panel-grid panel-no-style\" ><div id=\"pgc-gb714-69d031c807c29-0-0\"  class=\"panel-grid-cell\" ><div id=\"panel-gb714-69d031c807c29-0-0-0\" class=\"so-panel widget widget_sow-image panel-first-child\" data-index=\"0\" ><div\n\t\t\t\n\t\t\tclass=\"so-widget-sow-image so-widget-sow-image-default-8b5b6f678277-714\"\n\t\t\t\n\t\t>\n<div class=\"sow-image-container\">\n\t\t<img \n\tsrc=\"https:\/\/nestia.be\/wp-content\/uploads\/2024\/03\/IMG_0561.jpg\" width=\"828\" height=\"878\" srcset=\"https:\/\/nestia.be\/wp-content\/uploads\/2024\/03\/IMG_0561.jpg 828w, https:\/\/nestia.be\/wp-content\/uploads\/2024\/03\/IMG_0561-283x300.jpg 283w, https:\/\/nestia.be\/wp-content\/uploads\/2024\/03\/IMG_0561-768x814.jpg 768w, https:\/\/nestia.be\/wp-content\/uploads\/2024\/03\/IMG_0561-500x530.jpg 500w, https:\/\/nestia.be\/wp-content\/uploads\/2024\/03\/IMG_0561-800x848.jpg 800w, https:\/\/nestia.be\/wp-content\/uploads\/2024\/03\/IMG_0561-612x649.jpg 612w, https:\/\/nestia.be\/wp-content\/uploads\/2024\/03\/IMG_0561-720x763.jpg 720w\" sizes=\"(max-width: 828px) 100vw, 828px\" alt=\"\" \t\tclass=\"so-widget-image\"\/>\n\t<\/div>\n\n<\/div><\/div><div id=\"panel-gb714-69d031c807c29-0-0-1\" class=\"so-panel widget widget_sow-editor panel-last-child\" data-index=\"1\" ><div\n\t\t\t\n\t\t\tclass=\"so-widget-sow-editor so-widget-sow-editor-base\"\n\t\t\t\n\t\t>\n<div class=\"siteorigin-widget-tinymce textwidget\">\n\t<p>&nbsp;<\/p>\n<p><span style=\"color: #157d7d;\"><b>Consultations<\/b><\/span><\/p>\n<p><span style=\"color: #1b7575; font-family: inherit;\">Lundi 13h30 &#8211; 20h<\/span><\/p>\n<p><span style=\"color: #1b7575; font-family: inherit;\">Mardi 13h30 &#8211; 20h<\/span><\/p>\n<p><span style=\"color: #1b7575;\">Vendredi 13h30-20h<\/span><\/p>\n<p>&nbsp;<\/p>\n<p><span style=\"color: #1b7575;\">Langue de Consultation:<\/span><\/p>\n<p><span style=\"color: #1b7575;\">Fran\u00e7ais<\/span><\/p>\n<p>&nbsp;<\/p>\n<p><span style=\"color: #157d7d;\"><strong>Contact<\/strong><\/span><\/p>\n<p><span style=\"color: #1b7575;\">0476\/27.53.40<\/span><\/p>\n<p><span style=\"color: #1b7575;\">l0476275340@gmail.com<\/span><\/p>\n<p><span style=\"color: #1b7575;\">Centre Nestia<\/span><\/p>\n<p><span style=\"color: #1b7575;\">227 Rue Valduc<\/span><\/p>\n<p><span style=\"color: #1b7575;\">1160 Auderghem<\/span><\/p>\n<\/div>\n<\/div><\/div><\/div><div id=\"pgc-gb714-69d031c807c29-0-1\"  class=\"panel-grid-cell\" ><div id=\"panel-gb714-69d031c807c29-0-1-0\" class=\"so-panel widget widget_sow-editor panel-first-child panel-last-child\" data-index=\"2\" ><div\n\t\t\t\n\t\t\tclass=\"so-widget-sow-editor so-widget-sow-editor-base\"\n\t\t\t\n\t\t>\n<div class=\"siteorigin-widget-tinymce textwidget\">\n\t<p>Logop\u00e8de au centre Nestia \u00e0 Auderghem, Bruxelles.&nbsp;<\/p>\n<h5><span style=\"color: #808080;\">Troubles de l\u2019articulation<\/span><\/h5>\n<h5><span style=\"color: #808080;\">Troubles du langage oral (retard de parole et retard de langage)<\/span><\/h5>\n<h5><span style=\"color: #808080;\">Troubles du langage \u00e9crit (dyslexie et dysorthographie)<\/span><\/h5>\n<h5><span style=\"color: #808080;\">Troubles de la d\u00e9glutition<\/span><\/h5>\n<h5><span style=\"color: #808080;\">Troubles des apn\u00e9es du sommeil et des ronflements<\/span><\/h5>\n<p>&nbsp;<\/p>\n<p><strong>Mon parcours<\/strong><br \/>\nDipl\u00f4m\u00e9e en 2017 d\u2019un master en logop\u00e9die, je me suis lanc\u00e9e en tant qu\u2019ind\u00e9pendante quelques mois apr\u00e8s avoir quitt\u00e9 les auditoires universitaires. Depuis peu, je suis \u00e9galement dipl\u00f4m\u00e9e d\u2019un master en neuropsychologie. Je compl\u00e8te mon parcours en participant a\u0300 des formations afin d\u2019enrichir et d\u2019\u00e9largir mes connaissances dans les domaines sp\u00e9cifiques de la logop\u00e9die et de la neuropsychologie.<br \/>\nL\u2019\u00e9coute et le souci des autres m\u2019ont men\u00e9 \u00e0 appr\u00e9cier de travailler avec les enfants, de les aider dans leurs apprentissages et de les voir s\u2019\u00e9panouir. Ces volont\u00e9s se sont renforc\u00e9es \u00e0 travers diverses exp\u00e9riences (stages, animation, etc.). Aujourd\u2019hui, j\u2019ai la chance de pouvoir continuer dans cette voie.<\/p>\n<p><strong>Les consultations<\/strong><\/p>\n<p>Au centre Nestia, je r\u00e9alise des bilans logop\u00e9diques et des suivis logop\u00e9diques ainsi que des bilans neuropsychologiques et des guidances parentales. Je prends les enfants \u00e2g\u00e9s entre 5 ans et 12 ans.<br \/>\nApr\u00e8s avoir r\u00e9alis\u00e9 un bilan afin d\u2019\u00e9valuer les forces et les faiblesses de l\u2019enfant, une prise en charge peut \u00eatre r\u00e9alis\u00e9e. Tout au long de celle-ci, les faiblesses seront travaill\u00e9es et renforc\u00e9es pour aider l\u2019enfant dans ses apprentissages, son d\u00e9veloppement et sa confiance en soi. Il est important que l\u2019enfant soit soutenu par ses parents et ses proches durant cette prise en charge. C\u2019est pourquoi, j\u2019accorde \u00e9galement une importance \u00e0<br \/>\nl\u2019accompagnement de l\u2019enfant et de ses parents vers un \u00e9panouissement et une autonomie au quotidien.<\/p>\n<p>Consultations en logop\u00e9die :<br \/>\n&#8211; Troubles de l\u2019articulation<br \/>\n&#8211; Troubles du langage oral : retard de parole, retard de langage<br \/>\n&#8211; Troubles du langage \u00e9crit : dyslexie, dysorthographie<br \/>\n&#8211; Troubles de la d\u00e9glutition, de la respiration et de la position linguale dans le cadre d\u2019un traitement orthodontique (enfants \u2013 adolescents \u2013 adultes)<br \/>\n&#8211;&nbsp; Apn\u00e9es du sommeil et ronflements (enfants \u2013 adolescents \u2013 adultes)<br \/>\nConsultations en neuropsychologie :<br \/>\n&#8211; Evaluation intellectuelle (test QI) : d\u00e9pistage, remboursement logop\u00e9dique<br \/>\n&#8211; Bilan des fonctions attentionnelles et ex\u00e9cutives : difficult\u00e9s d\u2019attention, de<br \/>\nconcentration<br \/>\n&#8211; Guidance parentale<\/p>\n<p>Je vous rencontrerai avec plaisir au Centre Nestia le lundi apr\u00e8s-midi, mardi apr\u00e8s-midi et le vendredi apr\u00e8s-midi, sur rendez-vous apr\u00e8s un premier contact par t\u00e9l\u00e9phone ou par mail.<br \/>\nGSM&nbsp;: 0476.27.53.40<br \/>\nMail&nbsp;: L0476275340@gmail.com<\/p>\n<\/div>\n<\/div><\/div><\/div><\/div><\/div><\/div><\/div>\n<\/div><\/div>\n","protected":false},"excerpt":{"rendered":"","protected":false},"author":1,"featured_media":0,"parent":0,"menu_order":0,"comment_status":"closed","ping_status":"closed","template":"","meta":{"ngg_post_thumbnail":0,"_vp_format_video_url":"","_vp_image_focal_point":[],"footnotes":""},"class_list":["post-714","page","type-page","status-publish","hentry"],"yoast_head":"<!-- This site is optimized with the Yoast SEO Premium plugin v23.4 (Yoast SEO v27.3) - https:\/\/yoast.com\/product\/yoast-seo-premium-wordpress\/ -->\n<title>Andr\u00e9a Lebeau - Logop\u00e9die enfants et Adolescents Bruxelles<\/title>\n<meta name=\"description\" content=\"Logop\u00e8de \u00e0 Bruxelles sp\u00e9cialis\u00e9e en prise en p\u00e9diatrie. Prise en charge en logop\u00e9die des enfants et adolescents au Centre Nestia \u00e0 Auderghem\" \/>\n<meta name=\"robots\" content=\"index, follow, max-snippet:-1, max-image-preview:large, max-video-preview:-1\" \/>\n<link rel=\"canonical\" href=\"https:\/\/nestia.be\/index.php\/andrea-lebeau-logopedie\/\" \/>\n<meta property=\"og:locale\" content=\"fr_FR\" \/>\n<meta property=\"og:type\" content=\"article\" \/>\n<meta property=\"og:title\" content=\"Andrea Lebeau - Logop\u00e9die - Neuropsychologie\" \/>\n<meta property=\"og:description\" content=\"Logop\u00e8de \u00e0 Bruxelles sp\u00e9cialis\u00e9e en prise en p\u00e9diatrie. Prise en charge en logop\u00e9die des enfants et adolescents au Centre Nestia \u00e0 Auderghem\" \/>\n<meta property=\"og:url\" content=\"https:\/\/nestia.be\/index.php\/andrea-lebeau-logopedie\/\" \/>\n<meta property=\"og:site_name\" content=\"Centre Nestia\" \/>\n<meta property=\"article:modified_time\" content=\"2024-03-06T07:48:08+00:00\" \/>\n<meta property=\"og:image\" content=\"https:\/\/nestia.be\/wp-content\/uploads\/2024\/03\/IMG_0561.jpg\" \/>\n<meta name=\"twitter:card\" content=\"summary_large_image\" \/>\n<meta name=\"twitter:label1\" content=\"Dur\u00e9e de lecture estim\u00e9e\" \/>\n\t<meta name=\"twitter:data1\" content=\"3 minutes\" \/>\n<script type=\"application\/ld+json\" class=\"yoast-schema-graph\">{\"@context\":\"https:\\\/\\\/schema.org\",\"@graph\":[{\"@type\":\"WebPage\",\"@id\":\"https:\\\/\\\/nestia.be\\\/index.php\\\/andrea-lebeau-logopedie\\\/\",\"url\":\"https:\\\/\\\/nestia.be\\\/index.php\\\/andrea-lebeau-logopedie\\\/\",\"name\":\"Andr\u00e9a Lebeau - Logop\u00e9die enfants et Adolescents Bruxelles\",\"isPartOf\":{\"@id\":\"https:\\\/\\\/nestia.be\\\/#website\"},\"primaryImageOfPage\":{\"@id\":\"https:\\\/\\\/nestia.be\\\/index.php\\\/andrea-lebeau-logopedie\\\/#primaryimage\"},\"image\":{\"@id\":\"https:\\\/\\\/nestia.be\\\/index.php\\\/andrea-lebeau-logopedie\\\/#primaryimage\"},\"thumbnailUrl\":\"https:\\\/\\\/nestia.be\\\/wp-content\\\/uploads\\\/2024\\\/03\\\/IMG_0561.jpg\",\"datePublished\":\"2019-08-20T20:35:10+00:00\",\"dateModified\":\"2024-03-06T07:48:08+00:00\",\"description\":\"Logop\u00e8de \u00e0 Bruxelles sp\u00e9cialis\u00e9e en prise en p\u00e9diatrie. Prise en charge en logop\u00e9die des enfants et adolescents au Centre Nestia \u00e0 Auderghem\",\"breadcrumb\":{\"@id\":\"https:\\\/\\\/nestia.be\\\/index.php\\\/andrea-lebeau-logopedie\\\/#breadcrumb\"},\"inLanguage\":\"fr-FR\",\"potentialAction\":[{\"@type\":\"ReadAction\",\"target\":[\"https:\\\/\\\/nestia.be\\\/index.php\\\/andrea-lebeau-logopedie\\\/\"]}]},{\"@type\":\"ImageObject\",\"inLanguage\":\"fr-FR\",\"@id\":\"https:\\\/\\\/nestia.be\\\/index.php\\\/andrea-lebeau-logopedie\\\/#primaryimage\",\"url\":\"https:\\\/\\\/nestia.be\\\/wp-content\\\/uploads\\\/2024\\\/03\\\/IMG_0561.jpg\",\"contentUrl\":\"https:\\\/\\\/nestia.be\\\/wp-content\\\/uploads\\\/2024\\\/03\\\/IMG_0561.jpg\",\"width\":828,\"height\":878},{\"@type\":\"BreadcrumbList\",\"@id\":\"https:\\\/\\\/nestia.be\\\/index.php\\\/andrea-lebeau-logopedie\\\/#breadcrumb\",\"itemListElement\":[{\"@type\":\"ListItem\",\"position\":1,\"name\":\"Accueil\",\"item\":\"https:\\\/\\\/nestia.be\\\/\"},{\"@type\":\"ListItem\",\"position\":2,\"name\":\"Andrea Lebeau &#8211; Logop\u00e9die &#8211; Neuropsychologie\"}]},{\"@type\":\"WebSite\",\"@id\":\"https:\\\/\\\/nestia.be\\\/#website\",\"url\":\"https:\\\/\\\/nestia.be\\\/\",\"name\":\"Centre Nestia\",\"description\":\"Centre pluridisciplinaire P\u00e9diatrique, P\u00e9rinatal et Familial\",\"publisher\":{\"@id\":\"https:\\\/\\\/nestia.be\\\/#organization\"},\"potentialAction\":[{\"@type\":\"SearchAction\",\"target\":{\"@type\":\"EntryPoint\",\"urlTemplate\":\"https:\\\/\\\/nestia.be\\\/?s={search_term_string}\"},\"query-input\":{\"@type\":\"PropertyValueSpecification\",\"valueRequired\":true,\"valueName\":\"search_term_string\"}}],\"inLanguage\":\"fr-FR\"},{\"@type\":\"Organization\",\"@id\":\"https:\\\/\\\/nestia.be\\\/#organization\",\"name\":\"Centre Nestia\",\"url\":\"https:\\\/\\\/nestia.be\\\/\",\"logo\":{\"@type\":\"ImageObject\",\"inLanguage\":\"fr-FR\",\"@id\":\"https:\\\/\\\/nestia.be\\\/#\\\/schema\\\/logo\\\/image\\\/\",\"url\":\"https:\\\/\\\/nestia.be\\\/wp-content\\\/uploads\\\/2020\\\/12\\\/cropped-69706906_116330719731047_3337316616944746496_n.jpg\",\"contentUrl\":\"https:\\\/\\\/nestia.be\\\/wp-content\\\/uploads\\\/2020\\\/12\\\/cropped-69706906_116330719731047_3337316616944746496_n.jpg\",\"width\":594,\"height\":433,\"caption\":\"Centre Nestia\"},\"image\":{\"@id\":\"https:\\\/\\\/nestia.be\\\/#\\\/schema\\\/logo\\\/image\\\/\"}}]}<\/script>\n<!-- \/ Yoast SEO Premium plugin. -->","yoast_head_json":{"title":"Andr\u00e9a Lebeau - Logop\u00e9die enfants et Adolescents Bruxelles","description":"Logop\u00e8de \u00e0 Bruxelles sp\u00e9cialis\u00e9e en prise en p\u00e9diatrie. Prise en charge en logop\u00e9die des enfants et adolescents au Centre Nestia \u00e0 Auderghem","robots":{"index":"index","follow":"follow","max-snippet":"max-snippet:-1","max-image-preview":"max-image-preview:large","max-video-preview":"max-video-preview:-1"},"canonical":"https:\/\/nestia.be\/index.php\/andrea-lebeau-logopedie\/","og_locale":"fr_FR","og_type":"article","og_title":"Andrea Lebeau - Logop\u00e9die - Neuropsychologie","og_description":"Logop\u00e8de \u00e0 Bruxelles sp\u00e9cialis\u00e9e en prise en p\u00e9diatrie. Prise en charge en logop\u00e9die des enfants et adolescents au Centre Nestia \u00e0 Auderghem","og_url":"https:\/\/nestia.be\/index.php\/andrea-lebeau-logopedie\/","og_site_name":"Centre Nestia","article_modified_time":"2024-03-06T07:48:08+00:00","og_image":[{"url":"https:\/\/nestia.be\/wp-content\/uploads\/2024\/03\/IMG_0561.jpg","type":"","width":"","height":""}],"twitter_card":"summary_large_image","twitter_misc":{"Dur\u00e9e de lecture estim\u00e9e":"3 minutes"},"schema":{"@context":"https:\/\/schema.org","@graph":[{"@type":"WebPage","@id":"https:\/\/nestia.be\/index.php\/andrea-lebeau-logopedie\/","url":"https:\/\/nestia.be\/index.php\/andrea-lebeau-logopedie\/","name":"Andr\u00e9a Lebeau - Logop\u00e9die enfants et Adolescents Bruxelles","isPartOf":{"@id":"https:\/\/nestia.be\/#website"},"primaryImageOfPage":{"@id":"https:\/\/nestia.be\/index.php\/andrea-lebeau-logopedie\/#primaryimage"},"image":{"@id":"https:\/\/nestia.be\/index.php\/andrea-lebeau-logopedie\/#primaryimage"},"thumbnailUrl":"https:\/\/nestia.be\/wp-content\/uploads\/2024\/03\/IMG_0561.jpg","datePublished":"2019-08-20T20:35:10+00:00","dateModified":"2024-03-06T07:48:08+00:00","description":"Logop\u00e8de \u00e0 Bruxelles sp\u00e9cialis\u00e9e en prise en p\u00e9diatrie. Prise en charge en logop\u00e9die des enfants et adolescents au Centre Nestia \u00e0 Auderghem","breadcrumb":{"@id":"https:\/\/nestia.be\/index.php\/andrea-lebeau-logopedie\/#breadcrumb"},"inLanguage":"fr-FR","potentialAction":[{"@type":"ReadAction","target":["https:\/\/nestia.be\/index.php\/andrea-lebeau-logopedie\/"]}]},{"@type":"ImageObject","inLanguage":"fr-FR","@id":"https:\/\/nestia.be\/index.php\/andrea-lebeau-logopedie\/#primaryimage","url":"https:\/\/nestia.be\/wp-content\/uploads\/2024\/03\/IMG_0561.jpg","contentUrl":"https:\/\/nestia.be\/wp-content\/uploads\/2024\/03\/IMG_0561.jpg","width":828,"height":878},{"@type":"BreadcrumbList","@id":"https:\/\/nestia.be\/index.php\/andrea-lebeau-logopedie\/#breadcrumb","itemListElement":[{"@type":"ListItem","position":1,"name":"Accueil","item":"https:\/\/nestia.be\/"},{"@type":"ListItem","position":2,"name":"Andrea Lebeau &#8211; Logop\u00e9die &#8211; Neuropsychologie"}]},{"@type":"WebSite","@id":"https:\/\/nestia.be\/#website","url":"https:\/\/nestia.be\/","name":"Centre Nestia","description":"Centre pluridisciplinaire P\u00e9diatrique, P\u00e9rinatal et Familial","publisher":{"@id":"https:\/\/nestia.be\/#organization"},"potentialAction":[{"@type":"SearchAction","target":{"@type":"EntryPoint","urlTemplate":"https:\/\/nestia.be\/?s={search_term_string}"},"query-input":{"@type":"PropertyValueSpecification","valueRequired":true,"valueName":"search_term_string"}}],"inLanguage":"fr-FR"},{"@type":"Organization","@id":"https:\/\/nestia.be\/#organization","name":"Centre Nestia","url":"https:\/\/nestia.be\/","logo":{"@type":"ImageObject","inLanguage":"fr-FR","@id":"https:\/\/nestia.be\/#\/schema\/logo\/image\/","url":"https:\/\/nestia.be\/wp-content\/uploads\/2020\/12\/cropped-69706906_116330719731047_3337316616944746496_n.jpg","contentUrl":"https:\/\/nestia.be\/wp-content\/uploads\/2020\/12\/cropped-69706906_116330719731047_3337316616944746496_n.jpg","width":594,"height":433,"caption":"Centre Nestia"},"image":{"@id":"https:\/\/nestia.be\/#\/schema\/logo\/image\/"}}]}},"_links":{"self":[{"href":"https:\/\/nestia.be\/index.php\/wp-json\/wp\/v2\/pages\/714","targetHints":{"allow":["GET"]}}],"collection":[{"href":"https:\/\/nestia.be\/index.php\/wp-json\/wp\/v2\/pages"}],"about":[{"href":"https:\/\/nestia.be\/index.php\/wp-json\/wp\/v2\/types\/page"}],"author":[{"embeddable":true,"href":"https:\/\/nestia.be\/index.php\/wp-json\/wp\/v2\/users\/1"}],"replies":[{"embeddable":true,"href":"https:\/\/nestia.be\/index.php\/wp-json\/wp\/v2\/comments?post=714"}],"version-history":[{"count":20,"href":"https:\/\/nestia.be\/index.php\/wp-json\/wp\/v2\/pages\/714\/revisions"}],"predecessor-version":[{"id":2762,"href":"https:\/\/nestia.be\/index.php\/wp-json\/wp\/v2\/pages\/714\/revisions\/2762"}],"wp:attachment":[{"href":"https:\/\/nestia.be\/index.php\/wp-json\/wp\/v2\/media?parent=714"}],"curies":[{"name":"wp","href":"https:\/\/api.w.org\/{rel}","templated":true}]}}