{"id":71,"date":"2018-12-05T16:37:40","date_gmt":"2018-12-05T15:37:40","guid":{"rendered":"http:\/\/nestia.be\/?page_id=71"},"modified":"2025-10-11T22:33:29","modified_gmt":"2025-10-11T20:33:29","slug":"osteo","status":"publish","type":"page","link":"https:\/\/nestia.be\/index.php\/osteo\/","title":{"rendered":"Ost\u00e9opathie"},"content":{"rendered":"\n<div class=\"wp-block-group\"><div class=\"wp-block-group__inner-container is-layout-flow wp-block-group-is-layout-flow\">\n<div id=\"pl-71\" class=\"panel-layout\">\n<div id=\"pg-71-0\" class=\"panel-grid panel-no-style\">\n<div id=\"pgc-71-0-0\" class=\"panel-grid-cell\" data-weight=\"1\">\n<div id=\"panel-71-0-0-0\" class=\"so-panel widget widget_sow-editor panel-first-child panel-last-child\" data-index=\"0\" data-style=\"{&quot;background_image_attachment&quot;:false,&quot;background_display&quot;:&quot;tile&quot;}\">\n<div class=\"so-widget-sow-editor so-widget-sow-editor-base\">\n<div class=\"siteorigin-widget-tinymce textwidget\">\n<h6>Vous cherchez une ost\u00e9opathe sur Auderghem, Bruxelles?&nbsp;<\/h6>\n<h6>L&#8217;ost\u00e9opathie est une approche diagnostic et th\u00e9rapeutique manuelle. Consultation \u00e0 Bruxelles.<\/h6>\n<p>Le diagnostic ost\u00e9opathique est bas\u00e9 sur la recherche de restrictions de mobilit\u00e9 articulaire et tissulaire dans l\u2019ensemble des structures du corps humain, et dans le cadre de leur participation \u00e0 l&#8217;apparition de troubles fonctionnels qui perturbent l\u2019\u00e9quilibre du corps.<\/p>\n<p>Bien que curative, l\u2019ost\u00e9opathie est tout autant une th\u00e9rapie pr\u00e9ventive, elle aborde la personne comme un tout, s\u2019int\u00e9ressant aux diff\u00e9rents syst\u00e8mes du corps (locomoteur, visc\u00e9ral, neurologique, vasculaire,\u2026); ceci dans le but de diminuer le risque que les sympt\u00f4mes apparaissent ou r\u00e9apparaissent et ainsi r\u00e9tablir un bon \u00e9quilibre de fonctionnement en harmonie avec son environnement.<\/p>\n<\/div>\n<\/div>\n<\/div>\n<\/div>\n<\/div>\n<div id=\"pg-71-1\" class=\"panel-grid panel-no-style\" data-style=\"{&quot;background_image_attachment&quot;:false,&quot;background_display&quot;:&quot;tile&quot;,&quot;cell_alignment&quot;:&quot;flex-start&quot;}\" data-ratio=\"1\" data-ratio-direction=\"right\">\n<div id=\"pgc-71-1-0\" class=\"panel-grid-cell\" data-weight=\"1\">\n<div id=\"panel-71-1-0-0\" class=\"so-panel widget widget_sow-editor panel-first-child panel-last-child\" data-index=\"1\" data-style=\"{&quot;background_image_attachment&quot;:false,&quot;background_display&quot;:&quot;tile&quot;}\">\n<div class=\"so-widget-sow-editor so-widget-sow-editor-base\">\n<div class=\"siteorigin-widget-tinymce textwidget\">\n<p><strong>L\u2019ost\u00e9opathe peut \u00eatre consult\u00e9 \u00e0 n\u2019importe quel \u00e2ge tant en pr\u00e9ventif que dans le cadre de l\u2019apparition des diff\u00e9rents types de troubles&nbsp;:<\/strong><\/p>\n<ul>\n<li>Troubles du syst\u00e8me locomoteur (douleurs articulaires et musculaires, douleurs lombaires, dorsales, cervicales, du bassin, des \u00e9paules, des membres inf\u00e9rieurs\u2026),<\/li>\n<li>Troubles de la sph\u00e8re abdominale, troubles digestifs, certaines remont\u00e9es acides ou difficult\u00e9 \u00e0 dig\u00e9rer, constipation&nbsp;\u2026<\/li>\n<li>Troubles neurologiques (sciatalgie, n\u00e9vralgies, c\u00e9phal\u00e9es \u2026), s\u00e9quelles de traumatismes (fractures, chutes \u2026),<\/li>\n<\/ul>\n<\/div>\n<\/div>\n<\/div>\n<\/div>\n<\/div>\n<div id=\"pg-71-2\" class=\"panel-grid panel-no-style\" data-style=\"{&quot;background_image_attachment&quot;:false,&quot;background_display&quot;:&quot;tile&quot;,&quot;cell_alignment&quot;:&quot;flex-start&quot;}\" data-ratio=\"1\" data-ratio-direction=\"right\">\n<div id=\"pgc-71-2-0\" class=\"panel-grid-cell\" data-weight=\"1\">\n<div id=\"panel-71-2-0-0\" class=\"so-panel widget widget_sow-editor panel-first-child panel-last-child\" data-index=\"2\" data-style=\"{&quot;background_image_attachment&quot;:false,&quot;background_display&quot;:&quot;tile&quot;}\">\n<div class=\"so-widget-sow-editor so-widget-sow-editor-base\">\n<div class=\"siteorigin-widget-tinymce textwidget\">\n<h4><strong>L&#8217;ost\u00e9opathie du nourrisson<\/strong><\/h4>\n<p>L\u2019ost\u00e9opathe intervient lors des difficult\u00e9s pour t\u00e9ter ou avaler, torticolis, plagioc\u00e9phalie, probl\u00e8mes de r\u00e9gurgitation, coliques, dans le cadre du frein de langue ou d&#8217;autres difficult\u00e9s.&nbsp;&nbsp;<\/p>\n<\/div>\n<\/div>\n<\/div>\n<\/div>\n<\/div>\n<div id=\"pg-71-3\" class=\"panel-grid panel-no-style\" data-style=\"{&quot;background_image_attachment&quot;:false,&quot;background_display&quot;:&quot;tile&quot;,&quot;cell_alignment&quot;:&quot;flex-start&quot;}\" data-ratio=\"1\" data-ratio-direction=\"right\">\n<div id=\"pgc-71-3-0\" class=\"panel-grid-cell\" data-weight=\"1\">\n<div id=\"panel-71-3-0-0\" class=\"so-panel widget widget_sow-editor panel-first-child panel-last-child\" data-index=\"3\" data-style=\"{&quot;background_image_attachment&quot;:false,&quot;background_display&quot;:&quot;tile&quot;}\">\n<div class=\"so-widget-sow-editor so-widget-sow-editor-base\">\n<div class=\"siteorigin-widget-tinymce textwidget\">\n<h4><strong>L&#8217;ost\u00e9opathie chez la femme enceinte<\/strong><\/h4>\n<p>La manipulation pour la femme enceinte est adapt\u00e9e: des mouvements doux sur les zones concern\u00e9es, dans le but d\u2019agir sur l\u2019ensemble du corps en r\u00e9 harmonisant le tout, afin d\u2019am\u00e9liorer la mobilit\u00e9 des structures et la circulation au niveau des organes.<br>La prise de poids, le changement soudain de posture, les changements hormonaux et physiologiques (comme l\u2019afflux de sang et la modification de pression qui en r\u00e9sulte) vont m\u00e9caniquement apporter des modifications chez la femme et souvent comme cons\u00e9quences:<\/p>\n<ul>\n<li>Les&nbsp;douleurs ligamentaires: \u00e0 partir du 6e mois particuli\u00e8rement, les ligaments commencent \u00e0 s\u2019\u00e9tendre avant de devenir hyperlaxes, pouvant entra\u00eener des douleurs.&nbsp;<\/li>\n<li>Les lombalgies (douleurs&nbsp;dans le bas du dos), dorsalgies (douleurs au milieu du dos) et les cervicalgies (douleurs&nbsp;en bas de la nuque).<\/li>\n<li>La sciatique (douleurs au niveau&nbsp;des fesses&nbsp;et&nbsp;derri\u00e8re&nbsp;la cuisse).<\/li>\n<li>Les insomnies suite \u00e0&nbsp;des&nbsp;douleurs, mauvaises positions, difficult\u00e9s \u00e0 respirer, blocage au niveau du diaphragme\u2026<\/li>\n<\/ul>\n<p>Le r\u00f4le d&#8217;ost\u00e9opathe est d\u2019aider la femme enceinte \u00e0 mieux bouger, dormir et aborder sereinement l&#8217;accouchement.<\/p>\n<\/div>\n<\/div>\n<\/div>\n<\/div>\n<\/div>\n<div id=\"pg-71-4\" class=\"panel-grid panel-no-style\" data-style=\"{&quot;background_image_attachment&quot;:false,&quot;background_display&quot;:&quot;tile&quot;,&quot;cell_alignment&quot;:&quot;flex-start&quot;}\" data-ratio=\"1\" data-ratio-direction=\"right\">\n<div id=\"pgc-71-4-0\" class=\"panel-grid-cell\" data-weight=\"1\">\n<div id=\"panel-71-4-0-0\" class=\"so-panel widget widget_sow-editor panel-first-child panel-last-child\" data-index=\"4\" data-style=\"{&quot;background_image_attachment&quot;:false,&quot;background_display&quot;:&quot;tile&quot;}\">\n<div class=\"so-widget-sow-editor so-widget-sow-editor-base\">\n<div class=\"siteorigin-widget-tinymce textwidget\">\n<h5><strong>Les ost\u00e9opathes D.O. du centre Nestia \u00e0 Auderghem, Bruxelles :<\/strong><\/h5>\n<\/div>\n<\/div>\n<\/div>\n<\/div>\n<\/div>\n<div id=\"pg-71-5\" class=\"panel-grid panel-no-style\" data-style=\"{&quot;background_image_attachment&quot;:false,&quot;background_display&quot;:&quot;tile&quot;,&quot;cell_alignment&quot;:&quot;flex-start&quot;}\">\n<div id=\"pgc-71-5-1\" class=\"panel-grid-cell\" data-weight=\"0.94277360066834\">\n<div id=\"panel-71-5-1-0\" class=\"so-panel widget widget_sow-editor panel-first-child panel-last-child\" data-index=\"5\" data-style=\"{&quot;background_image_attachment&quot;:false,&quot;background_display&quot;:&quot;tile&quot;}\">\n<div class=\"so-widget-sow-editor so-widget-sow-editor-base\">\n<div class=\"siteorigin-widget-tinymce textwidget\">\n<p><span style=\"color: #1f7878;\"><a style=\"color: #1f7878;\" href=\"https:\/\/nestia.be\/index.php\/vanessa-araujo-osteopathie\/\">Vanessa Araujo Mino<\/a> :<\/span> ost\u00e9opathie du nourrisson, de l&#8217;enfant, de la femme enceinte et de l&#8217;adulte.&nbsp; Consultations le lundi apr\u00e8s-midi, et le mercredi et vendredi toute la journ\u00e9e. 0478\/30.28.16<\/p>\n<\/div>\n<\/div>\n<\/div>\n<\/div>\n<\/div>\n<\/div>\n\n\n\n<p><\/p>\n<\/div><\/div>\n\n\n\n<figure class=\"wp-block-gallery has-nested-images columns-default is-cropped wp-block-gallery-1 is-layout-flex wp-block-gallery-is-layout-flex\">\n<figure class=\"wp-block-image size-large\"><img loading=\"lazy\" decoding=\"async\" width=\"1024\" height=\"614\" data-id=\"433\" src=\"https:\/\/nestia.be\/wp-content\/uploads\/2019\/03\/shiatsu-gravidanza-1-1024x614.jpg\" alt=\"\" class=\"wp-image-433\" srcset=\"https:\/\/nestia.be\/wp-content\/uploads\/2019\/03\/shiatsu-gravidanza-1-1024x614.jpg 1024w, https:\/\/nestia.be\/wp-content\/uploads\/2019\/03\/shiatsu-gravidanza-1-300x180.jpg 300w, https:\/\/nestia.be\/wp-content\/uploads\/2019\/03\/shiatsu-gravidanza-1-768x461.jpg 768w, https:\/\/nestia.be\/wp-content\/uploads\/2019\/03\/shiatsu-gravidanza-1-500x300.jpg 500w, https:\/\/nestia.be\/wp-content\/uploads\/2019\/03\/shiatsu-gravidanza-1-800x480.jpg 800w, https:\/\/nestia.be\/wp-content\/uploads\/2019\/03\/shiatsu-gravidanza-1-1280x768.jpg 1280w, https:\/\/nestia.be\/wp-content\/uploads\/2019\/03\/shiatsu-gravidanza-1-612x367.jpg 612w, https:\/\/nestia.be\/wp-content\/uploads\/2019\/03\/shiatsu-gravidanza-1-1224x734.jpg 1224w, https:\/\/nestia.be\/wp-content\/uploads\/2019\/03\/shiatsu-gravidanza-1-936x562.jpg 936w, https:\/\/nestia.be\/wp-content\/uploads\/2019\/03\/shiatsu-gravidanza-1-1440x864.jpg 1440w, https:\/\/nestia.be\/wp-content\/uploads\/2019\/03\/shiatsu-gravidanza-1-720x432.jpg 720w, https:\/\/nestia.be\/wp-content\/uploads\/2019\/03\/shiatsu-gravidanza-1.jpg 1600w\" sizes=\"auto, (max-width: 1024px) 100vw, 1024px\" \/><\/figure>\n\n\n\n<figure class=\"wp-block-image size-large\"><img loading=\"lazy\" decoding=\"async\" width=\"1024\" height=\"640\" data-id=\"184\" src=\"https:\/\/nestia.be\/wp-content\/uploads\/2018\/12\/bebe-bronchiolite-1024x640.jpg\" alt=\"\" class=\"wp-image-184\" srcset=\"https:\/\/nestia.be\/wp-content\/uploads\/2018\/12\/bebe-bronchiolite-1024x640.jpg 1024w, https:\/\/nestia.be\/wp-content\/uploads\/2018\/12\/bebe-bronchiolite-300x188.jpg 300w, https:\/\/nestia.be\/wp-content\/uploads\/2018\/12\/bebe-bronchiolite-768x480.jpg 768w, https:\/\/nestia.be\/wp-content\/uploads\/2018\/12\/bebe-bronchiolite-500x313.jpg 500w, https:\/\/nestia.be\/wp-content\/uploads\/2018\/12\/bebe-bronchiolite-800x500.jpg 800w, https:\/\/nestia.be\/wp-content\/uploads\/2018\/12\/bebe-bronchiolite-1280x800.jpg 1280w, https:\/\/nestia.be\/wp-content\/uploads\/2018\/12\/bebe-bronchiolite-1920x1200.jpg 1920w, https:\/\/nestia.be\/wp-content\/uploads\/2018\/12\/bebe-bronchiolite-612x383.jpg 612w, https:\/\/nestia.be\/wp-content\/uploads\/2018\/12\/bebe-bronchiolite-1224x765.jpg 1224w, https:\/\/nestia.be\/wp-content\/uploads\/2018\/12\/bebe-bronchiolite-936x585.jpg 936w, https:\/\/nestia.be\/wp-content\/uploads\/2018\/12\/bebe-bronchiolite-1872x1170.jpg 1872w, https:\/\/nestia.be\/wp-content\/uploads\/2018\/12\/bebe-bronchiolite-1440x900.jpg 1440w, https:\/\/nestia.be\/wp-content\/uploads\/2018\/12\/bebe-bronchiolite-720x450.jpg 720w\" sizes=\"auto, (max-width: 1024px) 100vw, 1024px\" \/><\/figure>\n<figcaption class=\"blocks-gallery-caption wp-element-caption\">Prise en charge de l&#8217;adulte, de la femme enceinte et du nourrisson<\/figcaption><\/figure>\n","protected":false},"excerpt":{"rendered":"<p>Vous cherchez une ost\u00e9opathe sur Auderghem, Bruxelles?&nbsp; L&#8217;ost\u00e9opathie est une approche diagnostic et th\u00e9rapeutique manuelle. Consultation \u00e0 Bruxelles. Le diagnostic ost\u00e9opathique est bas\u00e9 sur la recherche de restrictions de mobilit\u00e9 articulaire et tissulaire dans l\u2019ensemble des structures du corps humain, et dans le cadre de leur participation \u00e0 l&#8217;apparition de troubles fonctionnels qui perturbent l\u2019\u00e9quilibre&#8230; <a href=\"https:\/\/nestia.be\/index.php\/osteo\/\">Continue reading <span class=\"screen-reader-text\">&#8220;Ost\u00e9opathie&#8221;<\/span><\/a><\/p>\n","protected":false},"author":1,"featured_media":0,"parent":0,"menu_order":0,"comment_status":"closed","ping_status":"closed","template":"","meta":{"ngg_post_thumbnail":0,"_vp_format_video_url":"","_vp_image_focal_point":[],"footnotes":""},"class_list":["post-71","page","type-page","status-publish","hentry"],"yoast_head":"<!-- This site is optimized with the Yoast SEO Premium plugin v23.4 (Yoast SEO v27.4) - https:\/\/yoast.com\/product\/yoast-seo-premium-wordpress\/ -->\n<title>Ost\u00e9opathie p\u00e9diatrique et adulte Bruxelles, Auderghem<\/title>\n<meta name=\"description\" content=\"Ost\u00e9opathe sp\u00e9cialis\u00e9e du b\u00e9b\u00e9 , de l&#039;enfant de la femme enceinte et des adultes. Ost\u00e9opathie p\u00e9diaitrique et adulte Auderghem, Bruxelles\" \/>\n<meta name=\"robots\" content=\"index, follow, max-snippet:-1, max-image-preview:large, max-video-preview:-1\" \/>\n<link rel=\"canonical\" href=\"https:\/\/nestia.be\/index.php\/osteo\/\" \/>\n<meta property=\"og:locale\" content=\"fr_FR\" \/>\n<meta property=\"og:type\" content=\"article\" \/>\n<meta property=\"og:title\" content=\"Ost\u00e9opathie\" \/>\n<meta property=\"og:description\" content=\"Ost\u00e9opathe sp\u00e9cialis\u00e9e du b\u00e9b\u00e9 , de l&#039;enfant de la femme enceinte et des adultes. Ost\u00e9opathie p\u00e9diaitrique et adulte Auderghem, Bruxelles\" \/>\n<meta property=\"og:url\" content=\"https:\/\/nestia.be\/index.php\/osteo\/\" \/>\n<meta property=\"og:site_name\" content=\"Centre Nestia\" \/>\n<meta property=\"article:modified_time\" content=\"2025-10-11T20:33:29+00:00\" \/>\n<meta property=\"og:image\" content=\"https:\/\/nestia.be\/wp-content\/uploads\/2019\/03\/shiatsu-gravidanza-1.jpg\" \/>\n\t<meta property=\"og:image:width\" content=\"1600\" \/>\n\t<meta property=\"og:image:height\" content=\"960\" \/>\n\t<meta property=\"og:image:type\" content=\"image\/jpeg\" \/>\n<meta name=\"twitter:card\" content=\"summary_large_image\" \/>\n<meta name=\"twitter:label1\" content=\"Dur\u00e9e de lecture estim\u00e9e\" \/>\n\t<meta name=\"twitter:data1\" content=\"3 minutes\" \/>\n<script type=\"application\/ld+json\" class=\"yoast-schema-graph\">{\"@context\":\"https:\\\/\\\/schema.org\",\"@graph\":[{\"@type\":\"WebPage\",\"@id\":\"https:\\\/\\\/nestia.be\\\/index.php\\\/osteo\\\/\",\"url\":\"https:\\\/\\\/nestia.be\\\/index.php\\\/osteo\\\/\",\"name\":\"Ost\u00e9opathie p\u00e9diatrique et adulte Bruxelles, Auderghem\",\"isPartOf\":{\"@id\":\"https:\\\/\\\/nestia.be\\\/#website\"},\"primaryImageOfPage\":{\"@id\":\"https:\\\/\\\/nestia.be\\\/index.php\\\/osteo\\\/#primaryimage\"},\"image\":{\"@id\":\"https:\\\/\\\/nestia.be\\\/index.php\\\/osteo\\\/#primaryimage\"},\"thumbnailUrl\":\"https:\\\/\\\/nestia.be\\\/wp-content\\\/uploads\\\/2019\\\/03\\\/shiatsu-gravidanza-1-1024x614.jpg\",\"datePublished\":\"2018-12-05T15:37:40+00:00\",\"dateModified\":\"2025-10-11T20:33:29+00:00\",\"description\":\"Ost\u00e9opathe sp\u00e9cialis\u00e9e du b\u00e9b\u00e9 , de l'enfant de la femme enceinte et des adultes. Ost\u00e9opathie p\u00e9diaitrique et adulte Auderghem, Bruxelles\",\"breadcrumb\":{\"@id\":\"https:\\\/\\\/nestia.be\\\/index.php\\\/osteo\\\/#breadcrumb\"},\"inLanguage\":\"fr-FR\",\"potentialAction\":[{\"@type\":\"ReadAction\",\"target\":[\"https:\\\/\\\/nestia.be\\\/index.php\\\/osteo\\\/\"]}]},{\"@type\":\"ImageObject\",\"inLanguage\":\"fr-FR\",\"@id\":\"https:\\\/\\\/nestia.be\\\/index.php\\\/osteo\\\/#primaryimage\",\"url\":\"https:\\\/\\\/nestia.be\\\/wp-content\\\/uploads\\\/2019\\\/03\\\/shiatsu-gravidanza-1.jpg\",\"contentUrl\":\"https:\\\/\\\/nestia.be\\\/wp-content\\\/uploads\\\/2019\\\/03\\\/shiatsu-gravidanza-1.jpg\",\"width\":1600,\"height\":960},{\"@type\":\"BreadcrumbList\",\"@id\":\"https:\\\/\\\/nestia.be\\\/index.php\\\/osteo\\\/#breadcrumb\",\"itemListElement\":[{\"@type\":\"ListItem\",\"position\":1,\"name\":\"Accueil\",\"item\":\"https:\\\/\\\/nestia.be\\\/\"},{\"@type\":\"ListItem\",\"position\":2,\"name\":\"Ost\u00e9opathie\"}]},{\"@type\":\"WebSite\",\"@id\":\"https:\\\/\\\/nestia.be\\\/#website\",\"url\":\"https:\\\/\\\/nestia.be\\\/\",\"name\":\"Centre Nestia\",\"description\":\"Centre pluridisciplinaire P\u00e9diatrique, P\u00e9rinatal et Familial\",\"publisher\":{\"@id\":\"https:\\\/\\\/nestia.be\\\/#organization\"},\"potentialAction\":[{\"@type\":\"SearchAction\",\"target\":{\"@type\":\"EntryPoint\",\"urlTemplate\":\"https:\\\/\\\/nestia.be\\\/?s={search_term_string}\"},\"query-input\":{\"@type\":\"PropertyValueSpecification\",\"valueRequired\":true,\"valueName\":\"search_term_string\"}}],\"inLanguage\":\"fr-FR\"},{\"@type\":\"Organization\",\"@id\":\"https:\\\/\\\/nestia.be\\\/#organization\",\"name\":\"Centre Nestia\",\"url\":\"https:\\\/\\\/nestia.be\\\/\",\"logo\":{\"@type\":\"ImageObject\",\"inLanguage\":\"fr-FR\",\"@id\":\"https:\\\/\\\/nestia.be\\\/#\\\/schema\\\/logo\\\/image\\\/\",\"url\":\"https:\\\/\\\/nestia.be\\\/wp-content\\\/uploads\\\/2020\\\/12\\\/cropped-69706906_116330719731047_3337316616944746496_n.jpg\",\"contentUrl\":\"https:\\\/\\\/nestia.be\\\/wp-content\\\/uploads\\\/2020\\\/12\\\/cropped-69706906_116330719731047_3337316616944746496_n.jpg\",\"width\":594,\"height\":433,\"caption\":\"Centre Nestia\"},\"image\":{\"@id\":\"https:\\\/\\\/nestia.be\\\/#\\\/schema\\\/logo\\\/image\\\/\"}}]}<\/script>\n<!-- \/ Yoast SEO Premium plugin. -->","yoast_head_json":{"title":"Ost\u00e9opathie p\u00e9diatrique et adulte Bruxelles, Auderghem","description":"Ost\u00e9opathe sp\u00e9cialis\u00e9e du b\u00e9b\u00e9 , de l'enfant de la femme enceinte et des adultes. Ost\u00e9opathie p\u00e9diaitrique et adulte Auderghem, Bruxelles","robots":{"index":"index","follow":"follow","max-snippet":"max-snippet:-1","max-image-preview":"max-image-preview:large","max-video-preview":"max-video-preview:-1"},"canonical":"https:\/\/nestia.be\/index.php\/osteo\/","og_locale":"fr_FR","og_type":"article","og_title":"Ost\u00e9opathie","og_description":"Ost\u00e9opathe sp\u00e9cialis\u00e9e du b\u00e9b\u00e9 , de l'enfant de la femme enceinte et des adultes. Ost\u00e9opathie p\u00e9diaitrique et adulte Auderghem, Bruxelles","og_url":"https:\/\/nestia.be\/index.php\/osteo\/","og_site_name":"Centre Nestia","article_modified_time":"2025-10-11T20:33:29+00:00","og_image":[{"width":1600,"height":960,"url":"https:\/\/nestia.be\/wp-content\/uploads\/2019\/03\/shiatsu-gravidanza-1.jpg","type":"image\/jpeg"}],"twitter_card":"summary_large_image","twitter_misc":{"Dur\u00e9e de lecture estim\u00e9e":"3 minutes"},"schema":{"@context":"https:\/\/schema.org","@graph":[{"@type":"WebPage","@id":"https:\/\/nestia.be\/index.php\/osteo\/","url":"https:\/\/nestia.be\/index.php\/osteo\/","name":"Ost\u00e9opathie p\u00e9diatrique et adulte Bruxelles, Auderghem","isPartOf":{"@id":"https:\/\/nestia.be\/#website"},"primaryImageOfPage":{"@id":"https:\/\/nestia.be\/index.php\/osteo\/#primaryimage"},"image":{"@id":"https:\/\/nestia.be\/index.php\/osteo\/#primaryimage"},"thumbnailUrl":"https:\/\/nestia.be\/wp-content\/uploads\/2019\/03\/shiatsu-gravidanza-1-1024x614.jpg","datePublished":"2018-12-05T15:37:40+00:00","dateModified":"2025-10-11T20:33:29+00:00","description":"Ost\u00e9opathe sp\u00e9cialis\u00e9e du b\u00e9b\u00e9 , de l'enfant de la femme enceinte et des adultes. Ost\u00e9opathie p\u00e9diaitrique et adulte Auderghem, Bruxelles","breadcrumb":{"@id":"https:\/\/nestia.be\/index.php\/osteo\/#breadcrumb"},"inLanguage":"fr-FR","potentialAction":[{"@type":"ReadAction","target":["https:\/\/nestia.be\/index.php\/osteo\/"]}]},{"@type":"ImageObject","inLanguage":"fr-FR","@id":"https:\/\/nestia.be\/index.php\/osteo\/#primaryimage","url":"https:\/\/nestia.be\/wp-content\/uploads\/2019\/03\/shiatsu-gravidanza-1.jpg","contentUrl":"https:\/\/nestia.be\/wp-content\/uploads\/2019\/03\/shiatsu-gravidanza-1.jpg","width":1600,"height":960},{"@type":"BreadcrumbList","@id":"https:\/\/nestia.be\/index.php\/osteo\/#breadcrumb","itemListElement":[{"@type":"ListItem","position":1,"name":"Accueil","item":"https:\/\/nestia.be\/"},{"@type":"ListItem","position":2,"name":"Ost\u00e9opathie"}]},{"@type":"WebSite","@id":"https:\/\/nestia.be\/#website","url":"https:\/\/nestia.be\/","name":"Centre Nestia","description":"Centre pluridisciplinaire P\u00e9diatrique, P\u00e9rinatal et Familial","publisher":{"@id":"https:\/\/nestia.be\/#organization"},"potentialAction":[{"@type":"SearchAction","target":{"@type":"EntryPoint","urlTemplate":"https:\/\/nestia.be\/?s={search_term_string}"},"query-input":{"@type":"PropertyValueSpecification","valueRequired":true,"valueName":"search_term_string"}}],"inLanguage":"fr-FR"},{"@type":"Organization","@id":"https:\/\/nestia.be\/#organization","name":"Centre Nestia","url":"https:\/\/nestia.be\/","logo":{"@type":"ImageObject","inLanguage":"fr-FR","@id":"https:\/\/nestia.be\/#\/schema\/logo\/image\/","url":"https:\/\/nestia.be\/wp-content\/uploads\/2020\/12\/cropped-69706906_116330719731047_3337316616944746496_n.jpg","contentUrl":"https:\/\/nestia.be\/wp-content\/uploads\/2020\/12\/cropped-69706906_116330719731047_3337316616944746496_n.jpg","width":594,"height":433,"caption":"Centre Nestia"},"image":{"@id":"https:\/\/nestia.be\/#\/schema\/logo\/image\/"}}]}},"_links":{"self":[{"href":"https:\/\/nestia.be\/index.php\/wp-json\/wp\/v2\/pages\/71","targetHints":{"allow":["GET"]}}],"collection":[{"href":"https:\/\/nestia.be\/index.php\/wp-json\/wp\/v2\/pages"}],"about":[{"href":"https:\/\/nestia.be\/index.php\/wp-json\/wp\/v2\/types\/page"}],"author":[{"embeddable":true,"href":"https:\/\/nestia.be\/index.php\/wp-json\/wp\/v2\/users\/1"}],"replies":[{"embeddable":true,"href":"https:\/\/nestia.be\/index.php\/wp-json\/wp\/v2\/comments?post=71"}],"version-history":[{"count":25,"href":"https:\/\/nestia.be\/index.php\/wp-json\/wp\/v2\/pages\/71\/revisions"}],"predecessor-version":[{"id":2639,"href":"https:\/\/nestia.be\/index.php\/wp-json\/wp\/v2\/pages\/71\/revisions\/2639"}],"wp:attachment":[{"href":"https:\/\/nestia.be\/index.php\/wp-json\/wp\/v2\/media?parent=71"}],"curies":[{"name":"wp","href":"https:\/\/api.w.org\/{rel}","templated":true}]}}