{"id":7,"date":"2018-12-05T11:56:57","date_gmt":"2018-12-05T10:56:57","guid":{"rendered":"http:\/\/nestia.be\/?page_id=7"},"modified":"2026-03-15T14:48:54","modified_gmt":"2026-03-15T13:48:54","slug":"accueil","status":"publish","type":"page","link":"https:\/\/nestia.be\/","title":{"rendered":""},"content":{"rendered":"<h3 style=\"text-align: center;\">Actualit\u00e9s<\/h3>\n<p>NOUVEAU-NEW<\/p>\n<p>Laure Fagniez rejoint notre \u00e9quipe \u00e0 partir de F\u00e9vrier en tant que logop\u00e8de le vendredi matin, plus d&#8217;infos <a href=\"https:\/\/nestia.be\/index.php\/laure-fagniez-logopede\/\">ici<\/a>!&nbsp;<\/p>\n<p>Marie Contrino rejoint notre \u00e9quipe \u00e0 partir de Janvier en tant que neuropsychologue le mercredi apr\u00e8s-midi, plus d&#8217;infos <a href=\"https:\/\/nestia.be\/index.php\/marie-contrino-neuropsychologue\/\">ici<\/a>!&nbsp;<\/p>\n<p>Valentine No\u00ebl, kin\u00e9sith\u00e9rapeute p\u00e9diatrique a rejoint notre \u00e9quipe, n&#8217;h\u00e9sitez pas \u00e0 prendre rendez-vous avec elle le mercredi apr\u00e8s-midi. Prise de rdv <a href=\"https:\/\/nestia.be\/index.php\/valentine-noel-kinesitherapeute-pediatrique\/\">ici<\/a>&nbsp;<\/p>\n<p>Alexandra Praile rejoint notre \u00e9quipe en tant que kin\u00e9sith\u00e9rapeute pr\u00e9 post natale et p\u00e9rin\u00e9ale. N\u2019h\u00e9sitez pas \u00e0 prendre rendez-vous avec elle <a href=\"https:\/\/nestia.be\/index.php\/alexandra-praile-kinesitherapie-pre-post-natale-perineale\/\">ici<\/a>!&nbsp;<\/p>\n\n\n<p><\/p>\n","protected":false},"excerpt":{"rendered":"<p>Actualit\u00e9s NOUVEAU-NEW Laure Fagniez rejoint notre \u00e9quipe \u00e0 partir de F\u00e9vrier en tant que logop\u00e8de le vendredi matin, plus d&#8217;infos ici!&nbsp; Marie Contrino rejoint notre \u00e9quipe \u00e0 partir de Janvier en tant que neuropsychologue le mercredi apr\u00e8s-midi, plus d&#8217;infos ici!&nbsp; Valentine No\u00ebl, kin\u00e9sith\u00e9rapeute p\u00e9diatrique a rejoint notre \u00e9quipe, n&#8217;h\u00e9sitez pas \u00e0 prendre rendez-vous avec elle&#8230; <a href=\"https:\/\/nestia.be\/\">Continue reading <\/a><\/p>\n","protected":false},"author":1,"featured_media":0,"parent":0,"menu_order":0,"comment_status":"closed","ping_status":"closed","template":"","meta":{"ngg_post_thumbnail":0,"_vp_format_video_url":"","_vp_image_focal_point":[],"footnotes":""},"class_list":["post-7","page","type-page","status-publish","hentry"],"yoast_head":"<!-- This site is optimized with the Yoast SEO Premium plugin v23.4 (Yoast SEO v27.4) - https:\/\/yoast.com\/product\/yoast-seo-premium-wordpress\/ -->\n<title>Acceuil - Centre Param\u00e9dical \u00e0 Auderghem - Centre Nestia<\/title>\n<meta name=\"description\" content=\"Centre Nestia: centre de professionnels de la sant\u00e9 d\u00e9di\u00e9 \u00e0 la p\u00e9diatrie et \u00e0 la p\u00e9rinatalit\u00e9 \u00e0 Auderghem, Bruxelles.\" \/>\n<meta name=\"robots\" content=\"index, follow, max-snippet:-1, max-image-preview:large, max-video-preview:-1\" \/>\n<link rel=\"canonical\" href=\"https:\/\/nestia.be\/\" \/>\n<meta property=\"og:locale\" content=\"fr_FR\" \/>\n<meta property=\"og:type\" content=\"article\" \/>\n<meta property=\"og:description\" content=\"Centre Nestia: centre de professionnels de la sant\u00e9 d\u00e9di\u00e9 \u00e0 la p\u00e9diatrie et \u00e0 la p\u00e9rinatalit\u00e9 \u00e0 Auderghem, Bruxelles.\" \/>\n<meta property=\"og:url\" content=\"https:\/\/nestia.be\/\" \/>\n<meta property=\"og:site_name\" content=\"Centre Nestia\" \/>\n<meta property=\"article:modified_time\" content=\"2026-03-15T13:48:54+00:00\" \/>\n<meta name=\"twitter:card\" content=\"summary_large_image\" \/>\n<meta name=\"twitter:label1\" content=\"Dur\u00e9e de lecture estim\u00e9e\" \/>\n\t<meta name=\"twitter:data1\" content=\"1 minute\" \/>\n<script type=\"application\/ld+json\" class=\"yoast-schema-graph\">{\"@context\":\"https:\\\/\\\/schema.org\",\"@graph\":[{\"@type\":\"WebPage\",\"@id\":\"https:\\\/\\\/nestia.be\\\/\",\"url\":\"https:\\\/\\\/nestia.be\\\/\",\"name\":\"Acceuil - Centre Param\u00e9dical \u00e0 Auderghem - Centre Nestia\",\"isPartOf\":{\"@id\":\"https:\\\/\\\/nestia.be\\\/#website\"},\"datePublished\":\"2018-12-05T10:56:57+00:00\",\"dateModified\":\"2026-03-15T13:48:54+00:00\",\"description\":\"Centre Nestia: centre de professionnels de la sant\u00e9 d\u00e9di\u00e9 \u00e0 la p\u00e9diatrie et \u00e0 la p\u00e9rinatalit\u00e9 \u00e0 Auderghem, Bruxelles.\",\"inLanguage\":\"fr-FR\",\"potentialAction\":[{\"@type\":\"ReadAction\",\"target\":[\"https:\\\/\\\/nestia.be\\\/\"]}]},{\"@type\":\"WebSite\",\"@id\":\"https:\\\/\\\/nestia.be\\\/#website\",\"url\":\"https:\\\/\\\/nestia.be\\\/\",\"name\":\"Centre Nestia\",\"description\":\"Centre pluridisciplinaire P\u00e9diatrique, P\u00e9rinatal et Familial\",\"publisher\":{\"@id\":\"https:\\\/\\\/nestia.be\\\/#organization\"},\"potentialAction\":[{\"@type\":\"SearchAction\",\"target\":{\"@type\":\"EntryPoint\",\"urlTemplate\":\"https:\\\/\\\/nestia.be\\\/?s={search_term_string}\"},\"query-input\":{\"@type\":\"PropertyValueSpecification\",\"valueRequired\":true,\"valueName\":\"search_term_string\"}}],\"inLanguage\":\"fr-FR\"},{\"@type\":\"Organization\",\"@id\":\"https:\\\/\\\/nestia.be\\\/#organization\",\"name\":\"Centre Nestia\",\"url\":\"https:\\\/\\\/nestia.be\\\/\",\"logo\":{\"@type\":\"ImageObject\",\"inLanguage\":\"fr-FR\",\"@id\":\"https:\\\/\\\/nestia.be\\\/#\\\/schema\\\/logo\\\/image\\\/\",\"url\":\"https:\\\/\\\/nestia.be\\\/wp-content\\\/uploads\\\/2020\\\/12\\\/cropped-69706906_116330719731047_3337316616944746496_n.jpg\",\"contentUrl\":\"https:\\\/\\\/nestia.be\\\/wp-content\\\/uploads\\\/2020\\\/12\\\/cropped-69706906_116330719731047_3337316616944746496_n.jpg\",\"width\":594,\"height\":433,\"caption\":\"Centre Nestia\"},\"image\":{\"@id\":\"https:\\\/\\\/nestia.be\\\/#\\\/schema\\\/logo\\\/image\\\/\"}}]}<\/script>\n<!-- \/ Yoast SEO Premium plugin. -->","yoast_head_json":{"title":"Acceuil - Centre Param\u00e9dical \u00e0 Auderghem - Centre Nestia","description":"Centre Nestia: centre de professionnels de la sant\u00e9 d\u00e9di\u00e9 \u00e0 la p\u00e9diatrie et \u00e0 la p\u00e9rinatalit\u00e9 \u00e0 Auderghem, Bruxelles.","robots":{"index":"index","follow":"follow","max-snippet":"max-snippet:-1","max-image-preview":"max-image-preview:large","max-video-preview":"max-video-preview:-1"},"canonical":"https:\/\/nestia.be\/","og_locale":"fr_FR","og_type":"article","og_description":"Centre Nestia: centre de professionnels de la sant\u00e9 d\u00e9di\u00e9 \u00e0 la p\u00e9diatrie et \u00e0 la p\u00e9rinatalit\u00e9 \u00e0 Auderghem, Bruxelles.","og_url":"https:\/\/nestia.be\/","og_site_name":"Centre Nestia","article_modified_time":"2026-03-15T13:48:54+00:00","twitter_card":"summary_large_image","twitter_misc":{"Dur\u00e9e de lecture estim\u00e9e":"1 minute"},"schema":{"@context":"https:\/\/schema.org","@graph":[{"@type":"WebPage","@id":"https:\/\/nestia.be\/","url":"https:\/\/nestia.be\/","name":"Acceuil - Centre Param\u00e9dical \u00e0 Auderghem - Centre Nestia","isPartOf":{"@id":"https:\/\/nestia.be\/#website"},"datePublished":"2018-12-05T10:56:57+00:00","dateModified":"2026-03-15T13:48:54+00:00","description":"Centre Nestia: centre de professionnels de la sant\u00e9 d\u00e9di\u00e9 \u00e0 la p\u00e9diatrie et \u00e0 la p\u00e9rinatalit\u00e9 \u00e0 Auderghem, Bruxelles.","inLanguage":"fr-FR","potentialAction":[{"@type":"ReadAction","target":["https:\/\/nestia.be\/"]}]},{"@type":"WebSite","@id":"https:\/\/nestia.be\/#website","url":"https:\/\/nestia.be\/","name":"Centre Nestia","description":"Centre pluridisciplinaire P\u00e9diatrique, P\u00e9rinatal et Familial","publisher":{"@id":"https:\/\/nestia.be\/#organization"},"potentialAction":[{"@type":"SearchAction","target":{"@type":"EntryPoint","urlTemplate":"https:\/\/nestia.be\/?s={search_term_string}"},"query-input":{"@type":"PropertyValueSpecification","valueRequired":true,"valueName":"search_term_string"}}],"inLanguage":"fr-FR"},{"@type":"Organization","@id":"https:\/\/nestia.be\/#organization","name":"Centre Nestia","url":"https:\/\/nestia.be\/","logo":{"@type":"ImageObject","inLanguage":"fr-FR","@id":"https:\/\/nestia.be\/#\/schema\/logo\/image\/","url":"https:\/\/nestia.be\/wp-content\/uploads\/2020\/12\/cropped-69706906_116330719731047_3337316616944746496_n.jpg","contentUrl":"https:\/\/nestia.be\/wp-content\/uploads\/2020\/12\/cropped-69706906_116330719731047_3337316616944746496_n.jpg","width":594,"height":433,"caption":"Centre Nestia"},"image":{"@id":"https:\/\/nestia.be\/#\/schema\/logo\/image\/"}}]}},"_links":{"self":[{"href":"https:\/\/nestia.be\/index.php\/wp-json\/wp\/v2\/pages\/7","targetHints":{"allow":["GET"]}}],"collection":[{"href":"https:\/\/nestia.be\/index.php\/wp-json\/wp\/v2\/pages"}],"about":[{"href":"https:\/\/nestia.be\/index.php\/wp-json\/wp\/v2\/types\/page"}],"author":[{"embeddable":true,"href":"https:\/\/nestia.be\/index.php\/wp-json\/wp\/v2\/users\/1"}],"replies":[{"embeddable":true,"href":"https:\/\/nestia.be\/index.php\/wp-json\/wp\/v2\/comments?post=7"}],"version-history":[{"count":102,"href":"https:\/\/nestia.be\/index.php\/wp-json\/wp\/v2\/pages\/7\/revisions"}],"predecessor-version":[{"id":2774,"href":"https:\/\/nestia.be\/index.php\/wp-json\/wp\/v2\/pages\/7\/revisions\/2774"}],"wp:attachment":[{"href":"https:\/\/nestia.be\/index.php\/wp-json\/wp\/v2\/media?parent=7"}],"curies":[{"name":"wp","href":"https:\/\/api.w.org\/{rel}","templated":true}]}}