{"id":69,"date":"2018-12-05T16:37:28","date_gmt":"2018-12-05T15:37:28","guid":{"rendered":"http:\/\/nestia.be\/?page_id=69"},"modified":"2026-03-13T09:54:37","modified_gmt":"2026-03-13T08:54:37","slug":"kinesitherapie","status":"publish","type":"page","link":"https:\/\/nestia.be\/index.php\/kinesitherapie\/","title":{"rendered":"Kin\u00e9sith\u00e9rapie pr\u00e9 et post-natale"},"content":{"rendered":"<h5><span style=\"font-family: Arial, sans-serif;\"><span style=\"font-size: medium;\"><b>La kin\u00e9sith\u00e9rapie pr\u00e9natale&nbsp;:<\/b><\/span><\/span><\/h5>\n<p><span style=\"font-family: Arial, sans-serif;\">Les s\u00e9ances de kin\u00e9sith\u00e9rapie pr\u00e9natale sont destin\u00e9es \u00e0 tous les futurs parents. Il n\u2019y a pas de moment id\u00e9al pour commencer les s\u00e9ances, \u00e9coutez vos envies et besoins. Toutefois, il est pr\u00e9f\u00e9rable de terminer nos s\u00e9ances avant la 37<sup>i\u00e8me<\/sup> semaine de grossesse.<\/span><\/p>\n<p><span style=\"font-family: Arial, sans-serif;\">Le r\u00f4le de la&nbsp;kin\u00e9sith\u00e9rapie pr\u00e9natale&nbsp;est de soulager les possibles inconforts li\u00e9s \u00e0 la grossesse mais aussi de pr\u00e9parer le couple \u00e0 cet \u00e9v\u00e9nement tant attendu qu\u2019est l\u2019accouchement. <\/span><\/p>\n<p><span style=\"font-family: Arial, sans-serif;\">Durant la pr\u00e9paration \u00e0 l\u2019accouchement nous verrons ensemble les diff\u00e9rentes phases de l\u2019accouchement, l\u2019anatomie du bassin f\u00e9minin et la biom\u00e9canique de l\u2019accouchement. Ensuite,&nbsp;nous poursuivrons avec l\u2019apprentissage de diff\u00e9rentes positions de travail et d\u2019accouchement afin de faciliter la descente de b\u00e9b\u00e9 et l\u2019expulsion mais aussi des techniques de d\u00e9tente et de respiration pour g\u00e9rer au mieux la douleur et le stress.<\/span><\/p>\n<p><span style=\"font-family: Arial, sans-serif;\">Pour soulager les maux de grossesse il existe beaucoup de moyens tels que les \u00e9tirements, le travail postural, les massages, les exercices circulatoires, les mobilisations douces, etc<\/span><\/p>\n<h1><span style=\"font-family: Arial, sans-serif;\"><span style=\"font-size: medium;\"><b>La kin\u00e9sith\u00e9rapie post-natale :&nbsp;<\/b><\/span><\/span><\/h1>\n<p><span style=\"font-family: Arial, sans-serif;\">Elle est destin\u00e9e \u00e0 toutes les mamans ayant accouch\u00e9 r\u00e9cemment. G\u00e9n\u00e9ralement la r\u00e9\u00e9ducation post-natale d\u00e9marre 4 \u00e0 6 semaines apr\u00e8s l\u2019accouchement.<\/span><\/p>\n<p><span style=\"font-family: Arial, sans-serif;\">Le but de la r\u00e9\u00e9ducation post-natale est de se r\u00e9approprier son corps, d\u2019aider \u00e0 la remise en forme g\u00e9n\u00e9rale mais surtout de tonifier les muscles abdominaux et du p\u00e9rin\u00e9e qui ont particuli\u00e8rement souffert pendant la grossesse et l\u2019accouchement.<\/span><\/p>\n<p><span style=\"font-family: Arial, sans-serif;\">Avant de d\u00e9marrer les exercices, un bilan abdomino-p\u00e9rin\u00e9al est n\u00e9cessaire afin de d\u00e9tecter d\u2019\u00e9ventuelles faiblesses importantes et\/ou dysfonctions. Nous ciblerons le renforcement de la sangle abdominale et des muscles p\u00e9rin\u00e9aux tout en travaillant sur la posture \u00e0 travers divers exercices.<\/span><\/p>\n<p>S\u00e9ances :<\/p>\n<p>S\u00e9ance Classique 30 min : 35euros<\/p>\n<p>S\u00e9ance de pr\u00e9paration \u00e0 l&#8217;accouchement 1h : 65euros&nbsp;<\/p>\n<p>Pas de possibilit\u00e9 de prendre un rendez-vous de plus de 24h \u00e0 l&#8217;avance<\/p>\n<p>Apportez une essuie et une tenue confortable \u00e0 chaque s\u00e9ance<\/p>\n<p><strong style=\"color: #1e1e1e; font-family: Lato, Helvetica, Arial, sans-serif; font-size: 1.35em;\">Les kin\u00e9sith\u00e9rapeutes sp\u00e9cialis\u00e9es en pr\u00e9-post natale&nbsp; du centre Nestia :&nbsp;<\/strong><\/p>\n<p><span style=\"color: #008080;\"><a style=\"color: #008080;\" href=\"https:\/\/nestia.be\/index.php\/emma-otte-kinesitherapie-pre-post-natale-perineale\/\">Emme Otte <\/a>:<\/span> Kin\u00e9sith\u00e9rapie pr\u00e9-natale et post-natale et r\u00e9\u00e9ducation p\u00e9rin\u00e9ale. Consultation le mercredi matin et le vendredi apr\u00e8s-midi. 0498\/44.45.51<\/p>\n<p><span style=\"font-family: inherit;\"><a href=\"https:\/\/nestia.be\/index.php\/alexandra-praile-kinesitherapie-pre-post-natale-perineale\/\"><span style=\"color: #1b7575;\"><span style=\"caret-color: #1b7575;\">Alexandra Praile: <\/span><\/span><\/a>Kin\u00e9sith\u00e9rapie pr\u00e9-natale et post-natale et r\u00e9\u00e9ducation p\u00e9rin\u00e9ale. Consultation le mercredi matin et le vendredi matin <span style=\"color: #1b7575;\">0486\/97 19 34<\/span><\/span><\/p>\n<p><strong style=\"font-family: inherit;\">&nbsp;Prendre rendez-vous:<\/strong><\/p>\n<div id=\"primary\" class=\"content-area\">\n<article id=\"post-117\" class=\"post-117 page type-page status-publish has-post-thumbnail hentry\">\n<div class=\"entry-content\">\n<div id=\"pl-200\" class=\"panel-layout\">\n<div id=\"pg-200-4\" class=\"panel-grid panel-no-style\">\n<div id=\"pgc-200-4-1\" class=\"panel-grid-cell\">\n<script>\n  if (typeof hasAmeliaEntitiesApiCall === 'undefined' && ('' === '' && '' !== '1')) {\n    var hasAmeliaEntitiesApiCall = true;\n  }\n  var ameliaShortcodeData = (typeof ameliaShortcodeData === 'undefined') ? [] : ameliaShortcodeData;\n  ameliaShortcodeData.push(\n    {\n      'hasApiCall': (typeof hasAmeliaEntitiesApiCall !== 'undefined') && hasAmeliaEntitiesApiCall,\n      'trigger': '',\n      'trigger_type': '',\n      'triggered_form': 'sbsNew',\n      'in_dialog': '',\n      'show': '',\n      'counter': '1000',\n      'category': '3',\n      'service': '',\n      'employee': '',\n      'location': '',\n      'package': '',\n      'layout': '',\n    }\n  );\n\n  var ameliaShortcodeDataTriggered = (typeof ameliaShortcodeDataTriggered === 'undefined') ? [] : ameliaShortcodeDataTriggered;\n  if (ameliaShortcodeData[ameliaShortcodeData.length - 1].trigger !== '') {\n    if (ameliaShortcodeDataTriggered.filter(a => a.counter === ameliaShortcodeData[ameliaShortcodeData.length - 1].counter).length === 0) {\n      ameliaShortcodeDataTriggered.push(ameliaShortcodeData.pop());\n    } else {\n      ameliaShortcodeData.pop()\n    }\n  }\n  if (typeof hasAmeliaEntitiesApiCall !== 'undefined' && hasAmeliaEntitiesApiCall) {\n    hasAmeliaEntitiesApiCall = false;\n  }\n<\/script>\n\n<div\n  id=\"amelia-v2-booking-1000\"\n  class=\"amelia-v2-booking\"\n >\n    <step-form-wrapper><\/step-form-wrapper><\/div>\n<\/div>\n<\/div>\n<\/div>\n<\/div>\n<\/article>\n<\/div>\n","protected":false},"excerpt":{"rendered":"<p>La kin\u00e9sith\u00e9rapie pr\u00e9natale&nbsp;: Les s\u00e9ances de kin\u00e9sith\u00e9rapie pr\u00e9natale sont destin\u00e9es \u00e0 tous les futurs parents. Il n\u2019y a pas de moment id\u00e9al pour commencer les s\u00e9ances, \u00e9coutez vos envies et besoins. Toutefois, il est pr\u00e9f\u00e9rable de terminer nos s\u00e9ances avant la 37i\u00e8me semaine de grossesse. Le r\u00f4le de la&nbsp;kin\u00e9sith\u00e9rapie pr\u00e9natale&nbsp;est de soulager les possibles inconforts&#8230; <a href=\"https:\/\/nestia.be\/index.php\/kinesitherapie\/\">Continue reading <span class=\"screen-reader-text\">&#8220;Kin\u00e9sith\u00e9rapie pr\u00e9 et post-natale&#8221;<\/span><\/a><\/p>\n","protected":false},"author":1,"featured_media":190,"parent":0,"menu_order":0,"comment_status":"closed","ping_status":"closed","template":"","meta":{"ngg_post_thumbnail":0,"_vp_format_video_url":"","_vp_image_focal_point":[],"footnotes":""},"class_list":["post-69","page","type-page","status-publish","has-post-thumbnail","hentry"],"yoast_head":"<!-- This site is optimized with the Yoast SEO Premium plugin v23.4 (Yoast SEO v27.3) - https:\/\/yoast.com\/product\/yoast-seo-premium-wordpress\/ -->\n<title>Kin\u00e9sith\u00e9rapie pr\u00e9 et post-natale - Centre Nestia Bruxelles<\/title>\n<meta name=\"description\" content=\"Pr\u00e9paration \u00e0 la naissance, kin\u00e9sith\u00e9rapie pr\u00e9-natale et post-natale \u00e0 Bruxelles. Prises en charge par deux kin\u00e9s attentives et douces au centre Nestia.\" \/>\n<meta name=\"robots\" content=\"index, follow, max-snippet:-1, max-image-preview:large, max-video-preview:-1\" \/>\n<link rel=\"canonical\" href=\"https:\/\/nestia.be\/index.php\/kinesitherapie\/\" \/>\n<meta property=\"og:locale\" content=\"fr_FR\" \/>\n<meta property=\"og:type\" content=\"article\" \/>\n<meta property=\"og:title\" content=\"Kin\u00e9sith\u00e9rapie pr\u00e9 et post-natale\" \/>\n<meta property=\"og:description\" content=\"Pr\u00e9paration \u00e0 la naissance, kin\u00e9sith\u00e9rapie pr\u00e9-natale et post-natale \u00e0 Bruxelles. Prises en charge par deux kin\u00e9s attentives et douces au centre Nestia.\" \/>\n<meta property=\"og:url\" content=\"https:\/\/nestia.be\/index.php\/kinesitherapie\/\" \/>\n<meta property=\"og:site_name\" content=\"Centre Nestia\" \/>\n<meta property=\"article:modified_time\" content=\"2026-03-13T08:54:37+00:00\" \/>\n<meta property=\"og:image\" content=\"https:\/\/nestia.be\/wp-content\/uploads\/2018\/12\/pregnant-1245703_1280.jpg\" \/>\n\t<meta property=\"og:image:width\" content=\"1280\" \/>\n\t<meta property=\"og:image:height\" content=\"853\" \/>\n\t<meta property=\"og:image:type\" content=\"image\/jpeg\" \/>\n<meta name=\"twitter:card\" content=\"summary_large_image\" \/>\n<meta name=\"twitter:label1\" content=\"Dur\u00e9e de lecture estim\u00e9e\" \/>\n\t<meta name=\"twitter:data1\" content=\"2 minutes\" \/>\n<script type=\"application\/ld+json\" class=\"yoast-schema-graph\">{\"@context\":\"https:\\\/\\\/schema.org\",\"@graph\":[{\"@type\":\"WebPage\",\"@id\":\"https:\\\/\\\/nestia.be\\\/index.php\\\/kinesitherapie\\\/\",\"url\":\"https:\\\/\\\/nestia.be\\\/index.php\\\/kinesitherapie\\\/\",\"name\":\"Kin\u00e9sith\u00e9rapie pr\u00e9 et post-natale - Centre Nestia Bruxelles\",\"isPartOf\":{\"@id\":\"https:\\\/\\\/nestia.be\\\/#website\"},\"primaryImageOfPage\":{\"@id\":\"https:\\\/\\\/nestia.be\\\/index.php\\\/kinesitherapie\\\/#primaryimage\"},\"image\":{\"@id\":\"https:\\\/\\\/nestia.be\\\/index.php\\\/kinesitherapie\\\/#primaryimage\"},\"thumbnailUrl\":\"https:\\\/\\\/nestia.be\\\/wp-content\\\/uploads\\\/2018\\\/12\\\/pregnant-1245703_1280.jpg\",\"datePublished\":\"2018-12-05T15:37:28+00:00\",\"dateModified\":\"2026-03-13T08:54:37+00:00\",\"description\":\"Pr\u00e9paration \u00e0 la naissance, kin\u00e9sith\u00e9rapie pr\u00e9-natale et post-natale \u00e0 Bruxelles. Prises en charge par deux kin\u00e9s attentives et douces au centre Nestia.\",\"breadcrumb\":{\"@id\":\"https:\\\/\\\/nestia.be\\\/index.php\\\/kinesitherapie\\\/#breadcrumb\"},\"inLanguage\":\"fr-FR\",\"potentialAction\":[{\"@type\":\"ReadAction\",\"target\":[\"https:\\\/\\\/nestia.be\\\/index.php\\\/kinesitherapie\\\/\"]}]},{\"@type\":\"ImageObject\",\"inLanguage\":\"fr-FR\",\"@id\":\"https:\\\/\\\/nestia.be\\\/index.php\\\/kinesitherapie\\\/#primaryimage\",\"url\":\"https:\\\/\\\/nestia.be\\\/wp-content\\\/uploads\\\/2018\\\/12\\\/pregnant-1245703_1280.jpg\",\"contentUrl\":\"https:\\\/\\\/nestia.be\\\/wp-content\\\/uploads\\\/2018\\\/12\\\/pregnant-1245703_1280.jpg\",\"width\":1280,\"height\":853},{\"@type\":\"BreadcrumbList\",\"@id\":\"https:\\\/\\\/nestia.be\\\/index.php\\\/kinesitherapie\\\/#breadcrumb\",\"itemListElement\":[{\"@type\":\"ListItem\",\"position\":1,\"name\":\"Accueil\",\"item\":\"https:\\\/\\\/nestia.be\\\/\"},{\"@type\":\"ListItem\",\"position\":2,\"name\":\"Kin\u00e9sith\u00e9rapie pr\u00e9 et post-natale\"}]},{\"@type\":\"WebSite\",\"@id\":\"https:\\\/\\\/nestia.be\\\/#website\",\"url\":\"https:\\\/\\\/nestia.be\\\/\",\"name\":\"Centre Nestia\",\"description\":\"Centre pluridisciplinaire P\u00e9diatrique, P\u00e9rinatal et Familial\",\"publisher\":{\"@id\":\"https:\\\/\\\/nestia.be\\\/#organization\"},\"potentialAction\":[{\"@type\":\"SearchAction\",\"target\":{\"@type\":\"EntryPoint\",\"urlTemplate\":\"https:\\\/\\\/nestia.be\\\/?s={search_term_string}\"},\"query-input\":{\"@type\":\"PropertyValueSpecification\",\"valueRequired\":true,\"valueName\":\"search_term_string\"}}],\"inLanguage\":\"fr-FR\"},{\"@type\":\"Organization\",\"@id\":\"https:\\\/\\\/nestia.be\\\/#organization\",\"name\":\"Centre Nestia\",\"url\":\"https:\\\/\\\/nestia.be\\\/\",\"logo\":{\"@type\":\"ImageObject\",\"inLanguage\":\"fr-FR\",\"@id\":\"https:\\\/\\\/nestia.be\\\/#\\\/schema\\\/logo\\\/image\\\/\",\"url\":\"https:\\\/\\\/nestia.be\\\/wp-content\\\/uploads\\\/2020\\\/12\\\/cropped-69706906_116330719731047_3337316616944746496_n.jpg\",\"contentUrl\":\"https:\\\/\\\/nestia.be\\\/wp-content\\\/uploads\\\/2020\\\/12\\\/cropped-69706906_116330719731047_3337316616944746496_n.jpg\",\"width\":594,\"height\":433,\"caption\":\"Centre Nestia\"},\"image\":{\"@id\":\"https:\\\/\\\/nestia.be\\\/#\\\/schema\\\/logo\\\/image\\\/\"}}]}<\/script>\n<!-- \/ Yoast SEO Premium plugin. -->","yoast_head_json":{"title":"Kin\u00e9sith\u00e9rapie pr\u00e9 et post-natale - Centre Nestia Bruxelles","description":"Pr\u00e9paration \u00e0 la naissance, kin\u00e9sith\u00e9rapie pr\u00e9-natale et post-natale \u00e0 Bruxelles. Prises en charge par deux kin\u00e9s attentives et douces au centre Nestia.","robots":{"index":"index","follow":"follow","max-snippet":"max-snippet:-1","max-image-preview":"max-image-preview:large","max-video-preview":"max-video-preview:-1"},"canonical":"https:\/\/nestia.be\/index.php\/kinesitherapie\/","og_locale":"fr_FR","og_type":"article","og_title":"Kin\u00e9sith\u00e9rapie pr\u00e9 et post-natale","og_description":"Pr\u00e9paration \u00e0 la naissance, kin\u00e9sith\u00e9rapie pr\u00e9-natale et post-natale \u00e0 Bruxelles. Prises en charge par deux kin\u00e9s attentives et douces au centre Nestia.","og_url":"https:\/\/nestia.be\/index.php\/kinesitherapie\/","og_site_name":"Centre Nestia","article_modified_time":"2026-03-13T08:54:37+00:00","og_image":[{"width":1280,"height":853,"url":"https:\/\/nestia.be\/wp-content\/uploads\/2018\/12\/pregnant-1245703_1280.jpg","type":"image\/jpeg"}],"twitter_card":"summary_large_image","twitter_misc":{"Dur\u00e9e de lecture estim\u00e9e":"2 minutes"},"schema":{"@context":"https:\/\/schema.org","@graph":[{"@type":"WebPage","@id":"https:\/\/nestia.be\/index.php\/kinesitherapie\/","url":"https:\/\/nestia.be\/index.php\/kinesitherapie\/","name":"Kin\u00e9sith\u00e9rapie pr\u00e9 et post-natale - Centre Nestia Bruxelles","isPartOf":{"@id":"https:\/\/nestia.be\/#website"},"primaryImageOfPage":{"@id":"https:\/\/nestia.be\/index.php\/kinesitherapie\/#primaryimage"},"image":{"@id":"https:\/\/nestia.be\/index.php\/kinesitherapie\/#primaryimage"},"thumbnailUrl":"https:\/\/nestia.be\/wp-content\/uploads\/2018\/12\/pregnant-1245703_1280.jpg","datePublished":"2018-12-05T15:37:28+00:00","dateModified":"2026-03-13T08:54:37+00:00","description":"Pr\u00e9paration \u00e0 la naissance, kin\u00e9sith\u00e9rapie pr\u00e9-natale et post-natale \u00e0 Bruxelles. Prises en charge par deux kin\u00e9s attentives et douces au centre Nestia.","breadcrumb":{"@id":"https:\/\/nestia.be\/index.php\/kinesitherapie\/#breadcrumb"},"inLanguage":"fr-FR","potentialAction":[{"@type":"ReadAction","target":["https:\/\/nestia.be\/index.php\/kinesitherapie\/"]}]},{"@type":"ImageObject","inLanguage":"fr-FR","@id":"https:\/\/nestia.be\/index.php\/kinesitherapie\/#primaryimage","url":"https:\/\/nestia.be\/wp-content\/uploads\/2018\/12\/pregnant-1245703_1280.jpg","contentUrl":"https:\/\/nestia.be\/wp-content\/uploads\/2018\/12\/pregnant-1245703_1280.jpg","width":1280,"height":853},{"@type":"BreadcrumbList","@id":"https:\/\/nestia.be\/index.php\/kinesitherapie\/#breadcrumb","itemListElement":[{"@type":"ListItem","position":1,"name":"Accueil","item":"https:\/\/nestia.be\/"},{"@type":"ListItem","position":2,"name":"Kin\u00e9sith\u00e9rapie pr\u00e9 et post-natale"}]},{"@type":"WebSite","@id":"https:\/\/nestia.be\/#website","url":"https:\/\/nestia.be\/","name":"Centre Nestia","description":"Centre pluridisciplinaire P\u00e9diatrique, P\u00e9rinatal et Familial","publisher":{"@id":"https:\/\/nestia.be\/#organization"},"potentialAction":[{"@type":"SearchAction","target":{"@type":"EntryPoint","urlTemplate":"https:\/\/nestia.be\/?s={search_term_string}"},"query-input":{"@type":"PropertyValueSpecification","valueRequired":true,"valueName":"search_term_string"}}],"inLanguage":"fr-FR"},{"@type":"Organization","@id":"https:\/\/nestia.be\/#organization","name":"Centre Nestia","url":"https:\/\/nestia.be\/","logo":{"@type":"ImageObject","inLanguage":"fr-FR","@id":"https:\/\/nestia.be\/#\/schema\/logo\/image\/","url":"https:\/\/nestia.be\/wp-content\/uploads\/2020\/12\/cropped-69706906_116330719731047_3337316616944746496_n.jpg","contentUrl":"https:\/\/nestia.be\/wp-content\/uploads\/2020\/12\/cropped-69706906_116330719731047_3337316616944746496_n.jpg","width":594,"height":433,"caption":"Centre Nestia"},"image":{"@id":"https:\/\/nestia.be\/#\/schema\/logo\/image\/"}}]}},"_links":{"self":[{"href":"https:\/\/nestia.be\/index.php\/wp-json\/wp\/v2\/pages\/69","targetHints":{"allow":["GET"]}}],"collection":[{"href":"https:\/\/nestia.be\/index.php\/wp-json\/wp\/v2\/pages"}],"about":[{"href":"https:\/\/nestia.be\/index.php\/wp-json\/wp\/v2\/types\/page"}],"author":[{"embeddable":true,"href":"https:\/\/nestia.be\/index.php\/wp-json\/wp\/v2\/users\/1"}],"replies":[{"embeddable":true,"href":"https:\/\/nestia.be\/index.php\/wp-json\/wp\/v2\/comments?post=69"}],"version-history":[{"count":30,"href":"https:\/\/nestia.be\/index.php\/wp-json\/wp\/v2\/pages\/69\/revisions"}],"predecessor-version":[{"id":2769,"href":"https:\/\/nestia.be\/index.php\/wp-json\/wp\/v2\/pages\/69\/revisions\/2769"}],"wp:featuredmedia":[{"embeddable":true,"href":"https:\/\/nestia.be\/index.php\/wp-json\/wp\/v2\/media\/190"}],"wp:attachment":[{"href":"https:\/\/nestia.be\/index.php\/wp-json\/wp\/v2\/media?parent=69"}],"curies":[{"name":"wp","href":"https:\/\/api.w.org\/{rel}","templated":true}]}}