{"id":361,"date":"2019-02-06T11:16:27","date_gmt":"2019-02-06T10:16:27","guid":{"rendered":"http:\/\/nestia.be\/?page_id=361"},"modified":"2026-03-13T09:53:47","modified_gmt":"2026-03-13T08:53:47","slug":"kinesitherapie-perineale","status":"publish","type":"page","link":"https:\/\/nestia.be\/index.php\/kinesitherapie-perineale\/","title":{"rendered":"Kin\u00e9sith\u00e9rapie p\u00e9rin\u00e9ale"},"content":{"rendered":"<p><span style=\"font-family: Arial, sans-serif;\">Les troubles de la sph\u00e8re uro-gyn\u00e9cologique et ano-rectale sont malheureusement encore un sujet fort tabou malgr\u00e9 une nette \u00e9volution des mentalit\u00e9s. Il existe pourtant de nombreuses fa\u00e7ons de traiter certaines dysfonctions de la r\u00e9gion pelvi-p\u00e9rin\u00e9ale, dont la kin\u00e9sith\u00e9rapie p\u00e9rin\u00e9ale. Plusieurs types de traitement s\u2019offrent \u00e0 vous tels que&nbsp;:<\/span><\/p>\n<ul>\n<li><span style=\"font-family: Arial, sans-serif;\">Pr\u00e9vention et conseils lors des activit\u00e9s quotidiennes&nbsp; &nbsp; &nbsp; &nbsp; &nbsp; &nbsp; &nbsp; &nbsp; &nbsp; &nbsp; &nbsp; &nbsp; &nbsp; &nbsp; &nbsp; &nbsp; &nbsp;<\/span><\/li>\n<li>&nbsp;<span style=\"font-family: Arial, sans-serif;\">Traitement comportemental, adapter les habitudes mictionnelles et d\u00e9f\u00e9catoires&nbsp; <\/span>&nbsp;<\/li>\n<li><span style=\"font-family: Arial, sans-serif;\">Prise de conscience du p\u00e9rin\u00e9e et renforcement du p\u00e9rin\u00e9e&nbsp; &nbsp; &nbsp; &nbsp; &nbsp; &nbsp; &nbsp; &nbsp; &nbsp; &nbsp; &nbsp; &nbsp; <\/span><\/li>\n<li><span style=\"font-family: Arial, sans-serif;\">Renforcement abdominal&nbsp; &nbsp; &nbsp; &nbsp; &nbsp; &nbsp; &nbsp; &nbsp; &nbsp; &nbsp; &nbsp; &nbsp; &nbsp; &nbsp; &nbsp; &nbsp; &nbsp; &nbsp; &nbsp; &nbsp; &nbsp; &nbsp; &nbsp; &nbsp; &nbsp; &nbsp; &nbsp; &nbsp; &nbsp; &nbsp; &nbsp; &nbsp; &nbsp; &nbsp; &nbsp; &nbsp; &nbsp; &nbsp; &nbsp; <\/span>&nbsp;<\/li>\n<li><span style=\"font-family: Arial, sans-serif;\">R\u00e9\u00e9ducation par biofeedback et\/ou ballonnet&nbsp; &nbsp; &nbsp; &nbsp; &nbsp; &nbsp; &nbsp; &nbsp; &nbsp; &nbsp; &nbsp; &nbsp; &nbsp; &nbsp; &nbsp; &nbsp; &nbsp; &nbsp; &nbsp; &nbsp; &nbsp; &nbsp; &nbsp; <\/span><\/li>\n<li>&nbsp;<span style=\"font-family: Arial, sans-serif;\">Techniques de relaxation <\/span><\/li>\n<\/ul>\n<p><span style=\"font-family: Arial, sans-serif;\">Le traitement d\u00e9pendra du bilan mais aussi de vos besoins, vos attentes et vos limites personnelles.<\/span><\/p>\n<p><span style=\"font-family: Arial, sans-serif;\"><b>Pour les femmes<\/b><\/span><\/p>\n<p><span style=\"font-family: Arial, sans-serif;\">La r\u00e9\u00e9ducation p\u00e9rin\u00e9ale traite les diff\u00e9rentes pathologies uro-gyn\u00e9cologiques et ano-rectales et permet de prendre en charge divers troubles tels que :<\/span><\/p>\n<ul>\n<li><span style=\"font-family: Arial, sans-serif;\">&nbsp;L\u2019incontinence \u00e0 l\u2019effort et\/ou d\u2019urgence&nbsp; &nbsp; &nbsp; &nbsp; &nbsp; &nbsp; &nbsp; &nbsp; &nbsp; &nbsp; &nbsp; &nbsp; &nbsp; &nbsp; &nbsp; &nbsp; &nbsp; &nbsp; &nbsp; &nbsp; &nbsp; &nbsp; &nbsp; &nbsp; &nbsp; &nbsp; &nbsp; &nbsp; <\/span><\/li>\n<li><span style=\"font-family: Arial, sans-serif;\">L\u2019incontinence f\u00e9cale et\/ou anale&nbsp; &nbsp; &nbsp; &nbsp; &nbsp; &nbsp; &nbsp; &nbsp; &nbsp; &nbsp; &nbsp; &nbsp; &nbsp; &nbsp; &nbsp; &nbsp; &nbsp; &nbsp; &nbsp; &nbsp; &nbsp; &nbsp; &nbsp; &nbsp; &nbsp; &nbsp; &nbsp; &nbsp; &nbsp; &nbsp; &nbsp; &nbsp; &nbsp; &nbsp; <\/span><\/li>\n<li><span style=\"font-family: Arial, sans-serif;\">L\u2019hyperactivit\u00e9 v\u00e9sicale&nbsp; &nbsp; &nbsp; &nbsp; &nbsp; &nbsp; &nbsp; &nbsp; &nbsp; &nbsp; &nbsp; &nbsp; &nbsp; &nbsp; &nbsp; &nbsp; &nbsp; &nbsp; &nbsp; &nbsp; &nbsp; &nbsp; &nbsp; &nbsp; &nbsp; &nbsp; &nbsp; &nbsp; &nbsp; &nbsp; &nbsp; &nbsp; &nbsp; &nbsp; &nbsp; &nbsp; &nbsp; &nbsp; &nbsp; &nbsp; &nbsp; &nbsp;<\/span><\/li>\n<li><span style=\"font-family: Arial, sans-serif;\">&nbsp;La r\u00e9tention urinaire&nbsp; &nbsp; &nbsp; &nbsp; &nbsp; &nbsp; &nbsp; &nbsp; &nbsp; &nbsp; &nbsp; &nbsp; &nbsp; &nbsp; &nbsp; &nbsp; &nbsp; &nbsp; &nbsp; &nbsp; &nbsp; &nbsp; &nbsp; &nbsp; &nbsp; &nbsp; &nbsp; &nbsp; &nbsp; &nbsp; &nbsp; &nbsp; &nbsp; &nbsp; &nbsp; &nbsp; &nbsp; &nbsp; &nbsp; &nbsp; &nbsp; &nbsp; &nbsp; &nbsp;<\/span><\/li>\n<li><span style=\"font-family: Arial, sans-serif;\">&nbsp;La constipation&nbsp; &nbsp; &nbsp; &nbsp; &nbsp; &nbsp; &nbsp; &nbsp; &nbsp; &nbsp; &nbsp; &nbsp; &nbsp; &nbsp; &nbsp; &nbsp; &nbsp; &nbsp; &nbsp; &nbsp; &nbsp; &nbsp; &nbsp; &nbsp; &nbsp; &nbsp; &nbsp; &nbsp; &nbsp; &nbsp; &nbsp; &nbsp; &nbsp; &nbsp; &nbsp; &nbsp; &nbsp; &nbsp; &nbsp; &nbsp; &nbsp; &nbsp; &nbsp; &nbsp; &nbsp; &nbsp; &nbsp; &nbsp;<\/span><\/li>\n<li><span style=\"font-family: Arial, sans-serif;\">&nbsp;Les prolapsus (vessie, ut\u00e9rus, rectum)&nbsp; &nbsp; &nbsp; &nbsp; &nbsp; &nbsp; &nbsp; &nbsp; &nbsp; &nbsp; &nbsp; &nbsp; &nbsp; &nbsp; &nbsp; &nbsp; &nbsp; &nbsp; &nbsp; &nbsp; &nbsp; &nbsp; &nbsp; &nbsp; &nbsp; &nbsp; &nbsp; &nbsp; &nbsp; &nbsp;<\/span><\/li>\n<li><span style=\"font-family: Arial, sans-serif;\">&nbsp;La dyspareunie&nbsp; &nbsp; &nbsp; &nbsp; &nbsp; &nbsp; &nbsp; &nbsp; &nbsp; &nbsp; &nbsp; &nbsp; &nbsp; &nbsp; &nbsp; &nbsp; &nbsp; &nbsp; &nbsp; &nbsp; &nbsp; &nbsp; &nbsp; &nbsp; &nbsp; &nbsp; &nbsp; &nbsp; &nbsp; &nbsp; &nbsp; &nbsp; &nbsp; &nbsp; &nbsp; &nbsp; &nbsp; &nbsp; &nbsp; &nbsp; &nbsp; &nbsp; &nbsp; &nbsp; &nbsp; &nbsp; &nbsp; <\/span><\/li>\n<li><span style=\"font-family: Arial, sans-serif;\">&nbsp;Le vaginisme&nbsp; &nbsp; &nbsp; &nbsp; &nbsp; &nbsp; &nbsp; &nbsp; &nbsp; &nbsp; &nbsp; &nbsp; &nbsp; &nbsp; &nbsp; &nbsp; &nbsp; &nbsp; &nbsp; &nbsp; &nbsp; &nbsp; &nbsp; &nbsp; &nbsp; &nbsp; &nbsp; &nbsp; &nbsp; &nbsp; &nbsp; &nbsp; &nbsp; &nbsp; &nbsp; &nbsp; &nbsp; &nbsp; &nbsp; &nbsp; &nbsp; &nbsp; &nbsp; &nbsp; &nbsp; &nbsp; &nbsp; &nbsp; &nbsp; <\/span><\/li>\n<li><span style=\"font-family: Arial, sans-serif;\">Les douleurs intimes (vaginales, pelviennes, ano-rectales,\u2026)&nbsp; &nbsp; &nbsp; &nbsp; &nbsp; &nbsp; &nbsp; &nbsp; &nbsp; &nbsp; &nbsp; <\/span><\/li>\n<li><span style=\"font-family: Arial, sans-serif;\">Pr\u00e9- et post-op\u00e9ratoire (cure de prolapsus, hyst\u00e9rectomie,\u2026)<\/span><\/li>\n<\/ul>\n<p><span style=\"font-family: Arial, sans-serif;\"><b>Pour les hommes<\/b><\/span><\/p>\n<p><span style=\"font-family: Arial, sans-serif;\">La r\u00e9\u00e9ducation p\u00e9rin\u00e9ale chez les hommes est encore souvent tabou mais sa n\u00e9cessit\u00e9 est pourtant r\u00e9elle.<\/span><\/p>\n<p><span style=\"font-family: Arial, sans-serif;\">Un traitement de kin\u00e9sith\u00e9rapie peut vous \u00eatre propos\u00e9 si vous souffrez d\u2019une de ces pathologies: <\/span><\/p>\n<ul>\n<li><span style=\"font-family: Arial, sans-serif;\">&nbsp;Pr\u00e9- et post-chirurgical pour prostatectomie&nbsp; &nbsp; &nbsp; &nbsp; &nbsp; &nbsp; &nbsp; &nbsp; &nbsp; &nbsp; &nbsp; &nbsp; &nbsp; &nbsp; &nbsp; &nbsp; &nbsp; &nbsp; &nbsp; &nbsp; &nbsp; &nbsp; &nbsp; &nbsp; &nbsp; &nbsp;<\/span><\/li>\n<li><span style=\"font-family: Arial, sans-serif;\">&nbsp;Ejaculation pr\u00e9coce&nbsp; &nbsp; &nbsp; &nbsp; &nbsp; &nbsp; &nbsp; &nbsp; &nbsp; &nbsp; &nbsp; &nbsp; &nbsp; &nbsp; &nbsp; &nbsp; &nbsp; &nbsp; &nbsp; &nbsp; &nbsp; &nbsp; &nbsp; &nbsp; &nbsp; &nbsp; &nbsp; &nbsp; &nbsp; &nbsp; &nbsp; &nbsp; &nbsp; &nbsp; &nbsp; &nbsp; &nbsp; &nbsp; &nbsp; &nbsp; &nbsp; &nbsp;<\/span><\/li>\n<li><span style=\"font-family: Arial, sans-serif;\">Probl\u00e8me \u00e9rectile&nbsp; &nbsp; &nbsp; &nbsp; &nbsp; &nbsp; &nbsp; &nbsp; &nbsp; &nbsp; &nbsp; &nbsp; &nbsp; &nbsp; &nbsp; &nbsp; &nbsp; &nbsp; &nbsp; &nbsp; &nbsp; &nbsp; &nbsp; &nbsp; &nbsp; &nbsp; &nbsp; &nbsp; &nbsp; &nbsp; &nbsp; &nbsp; &nbsp; &nbsp; &nbsp; &nbsp; &nbsp; &nbsp; &nbsp; &nbsp; &nbsp; &nbsp; &nbsp; &nbsp; &nbsp; &nbsp; <\/span><\/li>\n<li><span style=\"font-family: Arial, sans-serif;\">Incontinence \u00e0 l\u2019effort et\/ou d\u2019urgence&nbsp; &nbsp; &nbsp; &nbsp; &nbsp; &nbsp; &nbsp; &nbsp; &nbsp; &nbsp; &nbsp; &nbsp; &nbsp; &nbsp; &nbsp; &nbsp; &nbsp; &nbsp; &nbsp; &nbsp; &nbsp; &nbsp; &nbsp; &nbsp; &nbsp; &nbsp; &nbsp; &nbsp; &nbsp; &nbsp; <\/span><\/li>\n<li><span style=\"font-family: Arial, sans-serif;\">Hyperactivit\u00e9 v\u00e9sicale&nbsp; &nbsp; &nbsp; &nbsp; &nbsp; &nbsp; &nbsp; &nbsp; &nbsp; &nbsp; &nbsp; &nbsp; &nbsp; &nbsp; &nbsp; &nbsp; &nbsp; &nbsp; &nbsp; &nbsp; &nbsp; &nbsp; &nbsp; &nbsp; &nbsp; &nbsp; &nbsp; &nbsp; &nbsp; &nbsp; &nbsp; &nbsp; &nbsp; &nbsp; &nbsp; &nbsp; &nbsp; &nbsp; &nbsp; &nbsp; &nbsp; &nbsp; &nbsp;<\/span><\/li>\n<li><span style=\"font-family: Arial, sans-serif;\">R\u00e9tention urinaire&nbsp; &nbsp; &nbsp; &nbsp; &nbsp; &nbsp; &nbsp; &nbsp; &nbsp; &nbsp; &nbsp; &nbsp; &nbsp; &nbsp; &nbsp; &nbsp; &nbsp; &nbsp; &nbsp; &nbsp; &nbsp; &nbsp; &nbsp; &nbsp; &nbsp; &nbsp; &nbsp; &nbsp; &nbsp; &nbsp; &nbsp; &nbsp; &nbsp; &nbsp; &nbsp; &nbsp; &nbsp; &nbsp; &nbsp; &nbsp; &nbsp; &nbsp; &nbsp; &nbsp; &nbsp; &nbsp; <\/span><\/li>\n<li><span style=\"font-family: Arial, sans-serif;\">Constipation chronique&nbsp; &nbsp; &nbsp; &nbsp; &nbsp; &nbsp; &nbsp; &nbsp; &nbsp; &nbsp; &nbsp; &nbsp; &nbsp; &nbsp; &nbsp; &nbsp; &nbsp; &nbsp; &nbsp; &nbsp; &nbsp; &nbsp; &nbsp; &nbsp; &nbsp; &nbsp; &nbsp; &nbsp; &nbsp; &nbsp; &nbsp; &nbsp; &nbsp; &nbsp; &nbsp; &nbsp; &nbsp; &nbsp; &nbsp; &nbsp; &nbsp; &nbsp; <\/span><\/li>\n<li><span style=\"font-family: Arial, sans-serif;\">I<\/span><span style=\"font-family: Arial, sans-serif;\">ncontinence f\u00e9cale et\/ou anale<\/span><\/li>\n<\/ul>\n<p>S\u00e9ances :<\/p>\n<p>S\u00e9ance Classique 30 min : 35euros<\/p>\n<p>S\u00e9ance de pr\u00e9paration \u00e0 l&#8217;accouchement 1h : 65euros&nbsp;<\/p>\n<p>Pas de possibilit\u00e9 de prendre un rendez-vous de plus de 24h \u00e0 l&#8217;avance<\/p>\n<p>Apportez une essuie et une tenue confortable \u00e0 chaque s\u00e9ance<\/p>\n<p>&nbsp;<\/p>\n<p><strong style=\"color: #1e1e1e; font-family: Lato, Helvetica, Arial, sans-serif; font-size: 1.35em;\">Les kin\u00e9sith\u00e9rapeutes sp\u00e9cialis\u00e9es en kin\u00e9sith\u00e9rapie p\u00e9rin\u00e9ale du centre Nestia :&nbsp;<\/strong><\/p>\n<p><span style=\"color: #1b7575;\"><span style=\"caret-color: #1b7575;\">Emma Otte: <\/span><\/span>&nbsp;<span style=\"font-family: inherit;\">Kin\u00e9sith\u00e9rapie pr\u00e9-natale et post-natale et r\u00e9\u00e9ducation p\u00e9rin\u00e9ale. Consultation le mercredi matin et le vendredi apr\u00e8s-midi 0498\/44.45.51<\/span><\/p>\n<p><span style=\"font-family: inherit;\"><a href=\"https:\/\/nestia.be\/index.php\/alexandra-praile-kinesitherapie-pre-post-natale-perineale\/\"><span style=\"color: #1b7575;\"><span style=\"caret-color: #1b7575;\">Alexandra Praile: <\/span><\/span><\/a>Kin\u00e9sith\u00e9rapie pr\u00e9-natale et post-natale et r\u00e9\u00e9ducation p\u00e9rin\u00e9ale. Consultation le mercredi matin et le vendredi matin <span style=\"color: #1b7575;\">0486\/97 19 34<\/span><\/span><\/p>\n<p><strong>Prendre rendez-vous :<\/strong><\/p>\n<div id=\"primary\" class=\"content-area\">\n<article id=\"post-117\" class=\"post-117 page type-page status-publish has-post-thumbnail hentry\">\n<div class=\"entry-content\">\n<div id=\"pl-200\" class=\"panel-layout\">\n\n<script>\n  if (typeof hasAmeliaEntitiesApiCall === 'undefined' && ('' === '' && '' !== '1')) {\n    var hasAmeliaEntitiesApiCall = true;\n  }\n  var ameliaShortcodeData = (typeof ameliaShortcodeData === 'undefined') ? [] : ameliaShortcodeData;\n  ameliaShortcodeData.push(\n    {\n      'hasApiCall': (typeof hasAmeliaEntitiesApiCall !== 'undefined') && hasAmeliaEntitiesApiCall,\n      'trigger': '',\n      'trigger_type': '',\n      'triggered_form': 'sbsNew',\n      'in_dialog': '',\n      'show': '',\n      'counter': '1000',\n      'category': '4',\n      'service': '',\n      'employee': '',\n      'location': '',\n      'package': '',\n      'layout': '',\n    }\n  );\n\n  var ameliaShortcodeDataTriggered = (typeof ameliaShortcodeDataTriggered === 'undefined') ? [] : ameliaShortcodeDataTriggered;\n  if (ameliaShortcodeData[ameliaShortcodeData.length - 1].trigger !== '') {\n    if (ameliaShortcodeDataTriggered.filter(a => a.counter === ameliaShortcodeData[ameliaShortcodeData.length - 1].counter).length === 0) {\n      ameliaShortcodeDataTriggered.push(ameliaShortcodeData.pop());\n    } else {\n      ameliaShortcodeData.pop()\n    }\n  }\n  if (typeof hasAmeliaEntitiesApiCall !== 'undefined' && hasAmeliaEntitiesApiCall) {\n    hasAmeliaEntitiesApiCall = false;\n  }\n<\/script>\n\n<div\n  id=\"amelia-v2-booking-1000\"\n  class=\"amelia-v2-booking\"\n >\n    <step-form-wrapper><\/step-form-wrapper><\/div>\n\n<\/div>\n<\/div>\n<\/article>\n<\/div>\n","protected":false},"excerpt":{"rendered":"<p>Les troubles de la sph\u00e8re uro-gyn\u00e9cologique et ano-rectale sont malheureusement encore un sujet fort tabou malgr\u00e9 une nette \u00e9volution des mentalit\u00e9s. Il existe pourtant de nombreuses fa\u00e7ons de traiter certaines dysfonctions de la r\u00e9gion pelvi-p\u00e9rin\u00e9ale, dont la kin\u00e9sith\u00e9rapie p\u00e9rin\u00e9ale. Plusieurs types de traitement s\u2019offrent \u00e0 vous tels que&nbsp;: Pr\u00e9vention et conseils lors des activit\u00e9s quotidiennes&nbsp;&#8230; <a href=\"https:\/\/nestia.be\/index.php\/kinesitherapie-perineale\/\">Continue reading <span class=\"screen-reader-text\">&#8220;Kin\u00e9sith\u00e9rapie p\u00e9rin\u00e9ale&#8221;<\/span><\/a><\/p>\n","protected":false},"author":1,"featured_media":0,"parent":0,"menu_order":0,"comment_status":"closed","ping_status":"closed","template":"","meta":{"ngg_post_thumbnail":0,"_vp_format_video_url":"","_vp_image_focal_point":[],"footnotes":""},"class_list":["post-361","page","type-page","status-publish","hentry"],"yoast_head":"<!-- This site is optimized with the Yoast SEO Premium plugin v23.4 (Yoast SEO v27.3) - https:\/\/yoast.com\/product\/yoast-seo-premium-wordpress\/ -->\n<title>Kin\u00e9sith\u00e9rapie p\u00e9rin\u00e9ale - Centre Nestia R\u00e9education p\u00e9rin\u00e9ale - Bruxelles<\/title>\n<meta name=\"description\" content=\"Prise en charge en kin\u00e9sith\u00e9rapie p\u00e9rin\u00e9ale apr\u00e8s la grossesse ou en dehors. R\u00e9education p\u00e9rin\u00e9ale en douceur au Centre Nestia \u00e0 Bruxelles\" \/>\n<meta name=\"robots\" content=\"index, follow, max-snippet:-1, max-image-preview:large, max-video-preview:-1\" \/>\n<link rel=\"canonical\" href=\"https:\/\/nestia.be\/index.php\/kinesitherapie-perineale\/\" \/>\n<meta property=\"og:locale\" content=\"fr_FR\" \/>\n<meta property=\"og:type\" content=\"article\" \/>\n<meta property=\"og:title\" content=\"Kin\u00e9sith\u00e9rapie p\u00e9rin\u00e9ale\" \/>\n<meta property=\"og:description\" content=\"Prise en charge en kin\u00e9sith\u00e9rapie p\u00e9rin\u00e9ale apr\u00e8s la grossesse ou en dehors. R\u00e9education p\u00e9rin\u00e9ale en douceur au Centre Nestia \u00e0 Bruxelles\" \/>\n<meta property=\"og:url\" content=\"https:\/\/nestia.be\/index.php\/kinesitherapie-perineale\/\" \/>\n<meta property=\"og:site_name\" content=\"Centre Nestia\" \/>\n<meta property=\"article:modified_time\" content=\"2026-03-13T08:53:47+00:00\" \/>\n<meta name=\"twitter:card\" content=\"summary_large_image\" \/>\n<meta name=\"twitter:label1\" content=\"Dur\u00e9e de lecture estim\u00e9e\" \/>\n\t<meta name=\"twitter:data1\" content=\"2 minutes\" \/>\n<script type=\"application\/ld+json\" class=\"yoast-schema-graph\">{\"@context\":\"https:\\\/\\\/schema.org\",\"@graph\":[{\"@type\":\"WebPage\",\"@id\":\"https:\\\/\\\/nestia.be\\\/index.php\\\/kinesitherapie-perineale\\\/\",\"url\":\"https:\\\/\\\/nestia.be\\\/index.php\\\/kinesitherapie-perineale\\\/\",\"name\":\"Kin\u00e9sith\u00e9rapie p\u00e9rin\u00e9ale - Centre Nestia R\u00e9education p\u00e9rin\u00e9ale - Bruxelles\",\"isPartOf\":{\"@id\":\"https:\\\/\\\/nestia.be\\\/#website\"},\"datePublished\":\"2019-02-06T10:16:27+00:00\",\"dateModified\":\"2026-03-13T08:53:47+00:00\",\"description\":\"Prise en charge en kin\u00e9sith\u00e9rapie p\u00e9rin\u00e9ale apr\u00e8s la grossesse ou en dehors. R\u00e9education p\u00e9rin\u00e9ale en douceur au Centre Nestia \u00e0 Bruxelles\",\"breadcrumb\":{\"@id\":\"https:\\\/\\\/nestia.be\\\/index.php\\\/kinesitherapie-perineale\\\/#breadcrumb\"},\"inLanguage\":\"fr-FR\",\"potentialAction\":[{\"@type\":\"ReadAction\",\"target\":[\"https:\\\/\\\/nestia.be\\\/index.php\\\/kinesitherapie-perineale\\\/\"]}]},{\"@type\":\"BreadcrumbList\",\"@id\":\"https:\\\/\\\/nestia.be\\\/index.php\\\/kinesitherapie-perineale\\\/#breadcrumb\",\"itemListElement\":[{\"@type\":\"ListItem\",\"position\":1,\"name\":\"Accueil\",\"item\":\"https:\\\/\\\/nestia.be\\\/\"},{\"@type\":\"ListItem\",\"position\":2,\"name\":\"Kin\u00e9sith\u00e9rapie p\u00e9rin\u00e9ale\"}]},{\"@type\":\"WebSite\",\"@id\":\"https:\\\/\\\/nestia.be\\\/#website\",\"url\":\"https:\\\/\\\/nestia.be\\\/\",\"name\":\"Centre Nestia\",\"description\":\"Centre pluridisciplinaire P\u00e9diatrique, P\u00e9rinatal et Familial\",\"publisher\":{\"@id\":\"https:\\\/\\\/nestia.be\\\/#organization\"},\"potentialAction\":[{\"@type\":\"SearchAction\",\"target\":{\"@type\":\"EntryPoint\",\"urlTemplate\":\"https:\\\/\\\/nestia.be\\\/?s={search_term_string}\"},\"query-input\":{\"@type\":\"PropertyValueSpecification\",\"valueRequired\":true,\"valueName\":\"search_term_string\"}}],\"inLanguage\":\"fr-FR\"},{\"@type\":\"Organization\",\"@id\":\"https:\\\/\\\/nestia.be\\\/#organization\",\"name\":\"Centre Nestia\",\"url\":\"https:\\\/\\\/nestia.be\\\/\",\"logo\":{\"@type\":\"ImageObject\",\"inLanguage\":\"fr-FR\",\"@id\":\"https:\\\/\\\/nestia.be\\\/#\\\/schema\\\/logo\\\/image\\\/\",\"url\":\"https:\\\/\\\/nestia.be\\\/wp-content\\\/uploads\\\/2020\\\/12\\\/cropped-69706906_116330719731047_3337316616944746496_n.jpg\",\"contentUrl\":\"https:\\\/\\\/nestia.be\\\/wp-content\\\/uploads\\\/2020\\\/12\\\/cropped-69706906_116330719731047_3337316616944746496_n.jpg\",\"width\":594,\"height\":433,\"caption\":\"Centre Nestia\"},\"image\":{\"@id\":\"https:\\\/\\\/nestia.be\\\/#\\\/schema\\\/logo\\\/image\\\/\"}}]}<\/script>\n<!-- \/ Yoast SEO Premium plugin. -->","yoast_head_json":{"title":"Kin\u00e9sith\u00e9rapie p\u00e9rin\u00e9ale - Centre Nestia R\u00e9education p\u00e9rin\u00e9ale - Bruxelles","description":"Prise en charge en kin\u00e9sith\u00e9rapie p\u00e9rin\u00e9ale apr\u00e8s la grossesse ou en dehors. R\u00e9education p\u00e9rin\u00e9ale en douceur au Centre Nestia \u00e0 Bruxelles","robots":{"index":"index","follow":"follow","max-snippet":"max-snippet:-1","max-image-preview":"max-image-preview:large","max-video-preview":"max-video-preview:-1"},"canonical":"https:\/\/nestia.be\/index.php\/kinesitherapie-perineale\/","og_locale":"fr_FR","og_type":"article","og_title":"Kin\u00e9sith\u00e9rapie p\u00e9rin\u00e9ale","og_description":"Prise en charge en kin\u00e9sith\u00e9rapie p\u00e9rin\u00e9ale apr\u00e8s la grossesse ou en dehors. R\u00e9education p\u00e9rin\u00e9ale en douceur au Centre Nestia \u00e0 Bruxelles","og_url":"https:\/\/nestia.be\/index.php\/kinesitherapie-perineale\/","og_site_name":"Centre Nestia","article_modified_time":"2026-03-13T08:53:47+00:00","twitter_card":"summary_large_image","twitter_misc":{"Dur\u00e9e de lecture estim\u00e9e":"2 minutes"},"schema":{"@context":"https:\/\/schema.org","@graph":[{"@type":"WebPage","@id":"https:\/\/nestia.be\/index.php\/kinesitherapie-perineale\/","url":"https:\/\/nestia.be\/index.php\/kinesitherapie-perineale\/","name":"Kin\u00e9sith\u00e9rapie p\u00e9rin\u00e9ale - Centre Nestia R\u00e9education p\u00e9rin\u00e9ale - Bruxelles","isPartOf":{"@id":"https:\/\/nestia.be\/#website"},"datePublished":"2019-02-06T10:16:27+00:00","dateModified":"2026-03-13T08:53:47+00:00","description":"Prise en charge en kin\u00e9sith\u00e9rapie p\u00e9rin\u00e9ale apr\u00e8s la grossesse ou en dehors. R\u00e9education p\u00e9rin\u00e9ale en douceur au Centre Nestia \u00e0 Bruxelles","breadcrumb":{"@id":"https:\/\/nestia.be\/index.php\/kinesitherapie-perineale\/#breadcrumb"},"inLanguage":"fr-FR","potentialAction":[{"@type":"ReadAction","target":["https:\/\/nestia.be\/index.php\/kinesitherapie-perineale\/"]}]},{"@type":"BreadcrumbList","@id":"https:\/\/nestia.be\/index.php\/kinesitherapie-perineale\/#breadcrumb","itemListElement":[{"@type":"ListItem","position":1,"name":"Accueil","item":"https:\/\/nestia.be\/"},{"@type":"ListItem","position":2,"name":"Kin\u00e9sith\u00e9rapie p\u00e9rin\u00e9ale"}]},{"@type":"WebSite","@id":"https:\/\/nestia.be\/#website","url":"https:\/\/nestia.be\/","name":"Centre Nestia","description":"Centre pluridisciplinaire P\u00e9diatrique, P\u00e9rinatal et Familial","publisher":{"@id":"https:\/\/nestia.be\/#organization"},"potentialAction":[{"@type":"SearchAction","target":{"@type":"EntryPoint","urlTemplate":"https:\/\/nestia.be\/?s={search_term_string}"},"query-input":{"@type":"PropertyValueSpecification","valueRequired":true,"valueName":"search_term_string"}}],"inLanguage":"fr-FR"},{"@type":"Organization","@id":"https:\/\/nestia.be\/#organization","name":"Centre Nestia","url":"https:\/\/nestia.be\/","logo":{"@type":"ImageObject","inLanguage":"fr-FR","@id":"https:\/\/nestia.be\/#\/schema\/logo\/image\/","url":"https:\/\/nestia.be\/wp-content\/uploads\/2020\/12\/cropped-69706906_116330719731047_3337316616944746496_n.jpg","contentUrl":"https:\/\/nestia.be\/wp-content\/uploads\/2020\/12\/cropped-69706906_116330719731047_3337316616944746496_n.jpg","width":594,"height":433,"caption":"Centre Nestia"},"image":{"@id":"https:\/\/nestia.be\/#\/schema\/logo\/image\/"}}]}},"_links":{"self":[{"href":"https:\/\/nestia.be\/index.php\/wp-json\/wp\/v2\/pages\/361","targetHints":{"allow":["GET"]}}],"collection":[{"href":"https:\/\/nestia.be\/index.php\/wp-json\/wp\/v2\/pages"}],"about":[{"href":"https:\/\/nestia.be\/index.php\/wp-json\/wp\/v2\/types\/page"}],"author":[{"embeddable":true,"href":"https:\/\/nestia.be\/index.php\/wp-json\/wp\/v2\/users\/1"}],"replies":[{"embeddable":true,"href":"https:\/\/nestia.be\/index.php\/wp-json\/wp\/v2\/comments?post=361"}],"version-history":[{"count":30,"href":"https:\/\/nestia.be\/index.php\/wp-json\/wp\/v2\/pages\/361\/revisions"}],"predecessor-version":[{"id":2768,"href":"https:\/\/nestia.be\/index.php\/wp-json\/wp\/v2\/pages\/361\/revisions\/2768"}],"wp:attachment":[{"href":"https:\/\/nestia.be\/index.php\/wp-json\/wp\/v2\/media?parent=361"}],"curies":[{"name":"wp","href":"https:\/\/api.w.org\/{rel}","templated":true}]}}