{"id":283,"date":"2019-01-08T17:37:59","date_gmt":"2019-01-08T16:37:59","guid":{"rendered":"http:\/\/nestia.be\/?page_id=283"},"modified":"2025-12-11T20:20:23","modified_gmt":"2025-12-11T19:20:23","slug":"neuropsychologie","status":"publish","type":"page","link":"https:\/\/nestia.be\/index.php\/neuropsychologie\/","title":{"rendered":"Neuropsychologie"},"content":{"rendered":"<div id=\"pl-283\"  class=\"panel-layout\" ><div id=\"pg-283-0\"  class=\"panel-grid panel-no-style\" ><div id=\"pgc-283-0-0\"  class=\"panel-grid-cell\" ><div id=\"panel-283-0-0-0\" class=\"so-panel widget widget_sow-editor panel-first-child panel-last-child\" data-index=\"0\" ><div\n\t\t\t\n\t\t\tclass=\"so-widget-sow-editor so-widget-sow-editor-base\"\n\t\t\t\n\t\t>\n<div class=\"siteorigin-widget-tinymce textwidget\">\n\t<p><span style=\"font-weight: 400;\">La neuropsychologie est la branche de la psychologie qui s\u2019int\u00e9resse aux interactions entre la psychologie et la neurologie. <\/span><\/p>\n<p><span style=\"font-weight: 400;\">Le neuropsychologue met en lien le fonctionnement cognitif avec un comportement observ\u00e9.<\/span><span style=\"font-weight: 400;\"><br \/>\n<\/span><span style=\"font-weight: 400;\">Dans un premier temps, il \u00e9value les fonctions cognitives telles que les capacit\u00e9s intellectuelles, attentionnelles, langagi\u00e8res, mn\u00e9siques, ex\u00e9cutives, visuo-spatiales et praxiques.&nbsp;<\/span><\/p>\n<p><span style=\"font-weight: 400;\">Un d\u00e9ficit de ces fonctions cognitives peut \u00eatre \u00e0 l\u2019origine de difficult\u00e9s d\u2019apprentissage. En effet, ces fonctions sont impliqu\u00e9es dans de nombreux apprentissages scolaires chez les enfants et les adolescents. <\/span><\/p>\n<p><span style=\"font-weight: 400;\">Dans un second temps, si n\u00e9cessaire, le neuropsychologue pour enfants et adolescents met en place des exercices et des strat\u00e9gies compensatoires ciblant les difficult\u00e9s rencontr\u00e9es ainsi que des am\u00e9nagements en classe et \u00e0 la maison sp\u00e9cifiques aux besoins de chaque enfant ou adolescent.<\/span><\/p>\n<h4><strong>Nos neuropsychologues travaillant au centre Nestia :<\/strong><\/h4>\n<p><span style=\"color: #1b7575;\"><a style=\"color: #1b7575;\" href=\"https:\/\/nestia.be\/index.php\/marie-contrino-neuropsychologue\/\">Marie Contrino:<\/a><\/span> neuropsychologue sp\u00e9cialis\u00e9e dans l'\u00e9valuation cognitive, neuropsychologique, psycho-affective et comportementale pour les enfants et adolescents. Consultation le mercredi apr\u00e8s-midi, <a href=\"https:\/\/rosa.be\/fr\/hp\/marie-contrino\/\">rdv en ligne<\/a>, <span style=\"color: #1b7575;\">0498\/66.11.51 <\/span><span style=\"color: #1b7575;\"><b>marie.contrino@icloud.com<\/b><\/span><\/p>\n<p><span style=\"color: #1b7575;\"><a style=\"color: #1b7575;\" href=\"https:\/\/nestia.be\/index.php\/raluca-vacarescu-neuropsychologue\/\">Stefena de Greef Vacarescu :<\/a><\/span> neuropsychologue sp\u00e9cialis\u00e9e dans l'\u00e9valuation cognitive, neuropsychologique, psycho-affective et comportementale pour les enfants et adolescents. Consultation le samedi matin. 0495\/85.31.39 <b>neurodiversebrain@outlook.com<\/b><\/p>\n<\/div>\n<\/div><\/div><\/div><\/div><\/div>","protected":false},"excerpt":{"rendered":"<p>La neuropsychologie est la branche de la psychologie qui s\u2019int\u00e9resse aux interactions entre la psychologie et la neurologie. Le neuropsychologue met en lien le fonctionnement cognitif avec un comportement observ\u00e9. Dans un premier temps, il \u00e9value les fonctions cognitives telles que les capacit\u00e9s intellectuelles, attentionnelles, langagi\u00e8res, mn\u00e9siques, ex\u00e9cutives, visuo-spatiales et praxiques.&nbsp; Un d\u00e9ficit de ces&#8230; <a href=\"https:\/\/nestia.be\/index.php\/neuropsychologie\/\">Continue reading <span class=\"screen-reader-text\">&#8220;Neuropsychologie&#8221;<\/span><\/a><\/p>\n","protected":false},"author":1,"featured_media":426,"parent":0,"menu_order":0,"comment_status":"closed","ping_status":"closed","template":"","meta":{"ngg_post_thumbnail":0,"_vp_format_video_url":"","_vp_image_focal_point":[],"footnotes":""},"class_list":["post-283","page","type-page","status-publish","has-post-thumbnail","hentry"],"yoast_head":"<!-- This site is optimized with the Yoast SEO Premium plugin v23.4 (Yoast SEO v27.4) - https:\/\/yoast.com\/product\/yoast-seo-premium-wordpress\/ -->\n<title>Neuropsychologie - Centre Nestia<\/title>\n<meta name=\"robots\" content=\"index, follow, max-snippet:-1, max-image-preview:large, max-video-preview:-1\" \/>\n<link rel=\"canonical\" href=\"https:\/\/nestia.be\/index.php\/neuropsychologie\/\" \/>\n<meta property=\"og:locale\" content=\"fr_FR\" \/>\n<meta property=\"og:type\" content=\"article\" \/>\n<meta property=\"og:title\" content=\"Neuropsychologie\" \/>\n<meta property=\"og:description\" content=\"La neuropsychologie est la branche de la psychologie qui s\u2019int\u00e9resse aux interactions entre la psychologie et la neurologie. Le neuropsychologue met en lien le fonctionnement cognitif avec un comportement observ\u00e9. Dans un premier temps, il \u00e9value les fonctions cognitives telles que les capacit\u00e9s intellectuelles, attentionnelles, langagi\u00e8res, mn\u00e9siques, ex\u00e9cutives, visuo-spatiales et praxiques.&nbsp; Un d\u00e9ficit de ces... Continue reading &quot;Neuropsychologie&quot;\" \/>\n<meta property=\"og:url\" content=\"https:\/\/nestia.be\/index.php\/neuropsychologie\/\" \/>\n<meta property=\"og:site_name\" content=\"Centre Nestia\" \/>\n<meta property=\"article:modified_time\" content=\"2025-12-11T19:20:23+00:00\" \/>\n<meta property=\"og:image\" content=\"https:\/\/nestia.be\/wp-content\/uploads\/2019\/02\/petit-garcon-en-train-de-faire-ses-devoirs-avec-sa-maman-10926860yyqtc.jpg\" \/>\n\t<meta property=\"og:image:width\" content=\"800\" \/>\n\t<meta property=\"og:image:height\" content=\"800\" \/>\n\t<meta property=\"og:image:type\" content=\"image\/jpeg\" \/>\n<meta name=\"twitter:card\" content=\"summary_large_image\" \/>\n<meta name=\"twitter:label1\" content=\"Dur\u00e9e de lecture estim\u00e9e\" \/>\n\t<meta name=\"twitter:data1\" content=\"2 minutes\" \/>\n<script type=\"application\/ld+json\" class=\"yoast-schema-graph\">{\"@context\":\"https:\\\/\\\/schema.org\",\"@graph\":[{\"@type\":\"WebPage\",\"@id\":\"https:\\\/\\\/nestia.be\\\/index.php\\\/neuropsychologie\\\/\",\"url\":\"https:\\\/\\\/nestia.be\\\/index.php\\\/neuropsychologie\\\/\",\"name\":\"Neuropsychologie - Centre Nestia\",\"isPartOf\":{\"@id\":\"https:\\\/\\\/nestia.be\\\/#website\"},\"primaryImageOfPage\":{\"@id\":\"https:\\\/\\\/nestia.be\\\/index.php\\\/neuropsychologie\\\/#primaryimage\"},\"image\":{\"@id\":\"https:\\\/\\\/nestia.be\\\/index.php\\\/neuropsychologie\\\/#primaryimage\"},\"thumbnailUrl\":\"https:\\\/\\\/nestia.be\\\/wp-content\\\/uploads\\\/2019\\\/02\\\/petit-garcon-en-train-de-faire-ses-devoirs-avec-sa-maman-10926860yyqtc.jpg\",\"datePublished\":\"2019-01-08T16:37:59+00:00\",\"dateModified\":\"2025-12-11T19:20:23+00:00\",\"breadcrumb\":{\"@id\":\"https:\\\/\\\/nestia.be\\\/index.php\\\/neuropsychologie\\\/#breadcrumb\"},\"inLanguage\":\"fr-FR\",\"potentialAction\":[{\"@type\":\"ReadAction\",\"target\":[\"https:\\\/\\\/nestia.be\\\/index.php\\\/neuropsychologie\\\/\"]}]},{\"@type\":\"ImageObject\",\"inLanguage\":\"fr-FR\",\"@id\":\"https:\\\/\\\/nestia.be\\\/index.php\\\/neuropsychologie\\\/#primaryimage\",\"url\":\"https:\\\/\\\/nestia.be\\\/wp-content\\\/uploads\\\/2019\\\/02\\\/petit-garcon-en-train-de-faire-ses-devoirs-avec-sa-maman-10926860yyqtc.jpg\",\"contentUrl\":\"https:\\\/\\\/nestia.be\\\/wp-content\\\/uploads\\\/2019\\\/02\\\/petit-garcon-en-train-de-faire-ses-devoirs-avec-sa-maman-10926860yyqtc.jpg\",\"width\":800,\"height\":800},{\"@type\":\"BreadcrumbList\",\"@id\":\"https:\\\/\\\/nestia.be\\\/index.php\\\/neuropsychologie\\\/#breadcrumb\",\"itemListElement\":[{\"@type\":\"ListItem\",\"position\":1,\"name\":\"Accueil\",\"item\":\"https:\\\/\\\/nestia.be\\\/\"},{\"@type\":\"ListItem\",\"position\":2,\"name\":\"Neuropsychologie\"}]},{\"@type\":\"WebSite\",\"@id\":\"https:\\\/\\\/nestia.be\\\/#website\",\"url\":\"https:\\\/\\\/nestia.be\\\/\",\"name\":\"Centre Nestia\",\"description\":\"Centre pluridisciplinaire P\u00e9diatrique, P\u00e9rinatal et Familial\",\"publisher\":{\"@id\":\"https:\\\/\\\/nestia.be\\\/#organization\"},\"potentialAction\":[{\"@type\":\"SearchAction\",\"target\":{\"@type\":\"EntryPoint\",\"urlTemplate\":\"https:\\\/\\\/nestia.be\\\/?s={search_term_string}\"},\"query-input\":{\"@type\":\"PropertyValueSpecification\",\"valueRequired\":true,\"valueName\":\"search_term_string\"}}],\"inLanguage\":\"fr-FR\"},{\"@type\":\"Organization\",\"@id\":\"https:\\\/\\\/nestia.be\\\/#organization\",\"name\":\"Centre Nestia\",\"url\":\"https:\\\/\\\/nestia.be\\\/\",\"logo\":{\"@type\":\"ImageObject\",\"inLanguage\":\"fr-FR\",\"@id\":\"https:\\\/\\\/nestia.be\\\/#\\\/schema\\\/logo\\\/image\\\/\",\"url\":\"https:\\\/\\\/nestia.be\\\/wp-content\\\/uploads\\\/2020\\\/12\\\/cropped-69706906_116330719731047_3337316616944746496_n.jpg\",\"contentUrl\":\"https:\\\/\\\/nestia.be\\\/wp-content\\\/uploads\\\/2020\\\/12\\\/cropped-69706906_116330719731047_3337316616944746496_n.jpg\",\"width\":594,\"height\":433,\"caption\":\"Centre Nestia\"},\"image\":{\"@id\":\"https:\\\/\\\/nestia.be\\\/#\\\/schema\\\/logo\\\/image\\\/\"}}]}<\/script>\n<!-- \/ Yoast SEO Premium plugin. -->","yoast_head_json":{"title":"Neuropsychologie - Centre Nestia","robots":{"index":"index","follow":"follow","max-snippet":"max-snippet:-1","max-image-preview":"max-image-preview:large","max-video-preview":"max-video-preview:-1"},"canonical":"https:\/\/nestia.be\/index.php\/neuropsychologie\/","og_locale":"fr_FR","og_type":"article","og_title":"Neuropsychologie","og_description":"La neuropsychologie est la branche de la psychologie qui s\u2019int\u00e9resse aux interactions entre la psychologie et la neurologie. Le neuropsychologue met en lien le fonctionnement cognitif avec un comportement observ\u00e9. Dans un premier temps, il \u00e9value les fonctions cognitives telles que les capacit\u00e9s intellectuelles, attentionnelles, langagi\u00e8res, mn\u00e9siques, ex\u00e9cutives, visuo-spatiales et praxiques.&nbsp; Un d\u00e9ficit de ces... Continue reading \"Neuropsychologie\"","og_url":"https:\/\/nestia.be\/index.php\/neuropsychologie\/","og_site_name":"Centre Nestia","article_modified_time":"2025-12-11T19:20:23+00:00","og_image":[{"width":800,"height":800,"url":"https:\/\/nestia.be\/wp-content\/uploads\/2019\/02\/petit-garcon-en-train-de-faire-ses-devoirs-avec-sa-maman-10926860yyqtc.jpg","type":"image\/jpeg"}],"twitter_card":"summary_large_image","twitter_misc":{"Dur\u00e9e de lecture estim\u00e9e":"2 minutes"},"schema":{"@context":"https:\/\/schema.org","@graph":[{"@type":"WebPage","@id":"https:\/\/nestia.be\/index.php\/neuropsychologie\/","url":"https:\/\/nestia.be\/index.php\/neuropsychologie\/","name":"Neuropsychologie - Centre Nestia","isPartOf":{"@id":"https:\/\/nestia.be\/#website"},"primaryImageOfPage":{"@id":"https:\/\/nestia.be\/index.php\/neuropsychologie\/#primaryimage"},"image":{"@id":"https:\/\/nestia.be\/index.php\/neuropsychologie\/#primaryimage"},"thumbnailUrl":"https:\/\/nestia.be\/wp-content\/uploads\/2019\/02\/petit-garcon-en-train-de-faire-ses-devoirs-avec-sa-maman-10926860yyqtc.jpg","datePublished":"2019-01-08T16:37:59+00:00","dateModified":"2025-12-11T19:20:23+00:00","breadcrumb":{"@id":"https:\/\/nestia.be\/index.php\/neuropsychologie\/#breadcrumb"},"inLanguage":"fr-FR","potentialAction":[{"@type":"ReadAction","target":["https:\/\/nestia.be\/index.php\/neuropsychologie\/"]}]},{"@type":"ImageObject","inLanguage":"fr-FR","@id":"https:\/\/nestia.be\/index.php\/neuropsychologie\/#primaryimage","url":"https:\/\/nestia.be\/wp-content\/uploads\/2019\/02\/petit-garcon-en-train-de-faire-ses-devoirs-avec-sa-maman-10926860yyqtc.jpg","contentUrl":"https:\/\/nestia.be\/wp-content\/uploads\/2019\/02\/petit-garcon-en-train-de-faire-ses-devoirs-avec-sa-maman-10926860yyqtc.jpg","width":800,"height":800},{"@type":"BreadcrumbList","@id":"https:\/\/nestia.be\/index.php\/neuropsychologie\/#breadcrumb","itemListElement":[{"@type":"ListItem","position":1,"name":"Accueil","item":"https:\/\/nestia.be\/"},{"@type":"ListItem","position":2,"name":"Neuropsychologie"}]},{"@type":"WebSite","@id":"https:\/\/nestia.be\/#website","url":"https:\/\/nestia.be\/","name":"Centre Nestia","description":"Centre pluridisciplinaire P\u00e9diatrique, P\u00e9rinatal et Familial","publisher":{"@id":"https:\/\/nestia.be\/#organization"},"potentialAction":[{"@type":"SearchAction","target":{"@type":"EntryPoint","urlTemplate":"https:\/\/nestia.be\/?s={search_term_string}"},"query-input":{"@type":"PropertyValueSpecification","valueRequired":true,"valueName":"search_term_string"}}],"inLanguage":"fr-FR"},{"@type":"Organization","@id":"https:\/\/nestia.be\/#organization","name":"Centre Nestia","url":"https:\/\/nestia.be\/","logo":{"@type":"ImageObject","inLanguage":"fr-FR","@id":"https:\/\/nestia.be\/#\/schema\/logo\/image\/","url":"https:\/\/nestia.be\/wp-content\/uploads\/2020\/12\/cropped-69706906_116330719731047_3337316616944746496_n.jpg","contentUrl":"https:\/\/nestia.be\/wp-content\/uploads\/2020\/12\/cropped-69706906_116330719731047_3337316616944746496_n.jpg","width":594,"height":433,"caption":"Centre Nestia"},"image":{"@id":"https:\/\/nestia.be\/#\/schema\/logo\/image\/"}}]}},"_links":{"self":[{"href":"https:\/\/nestia.be\/index.php\/wp-json\/wp\/v2\/pages\/283","targetHints":{"allow":["GET"]}}],"collection":[{"href":"https:\/\/nestia.be\/index.php\/wp-json\/wp\/v2\/pages"}],"about":[{"href":"https:\/\/nestia.be\/index.php\/wp-json\/wp\/v2\/types\/page"}],"author":[{"embeddable":true,"href":"https:\/\/nestia.be\/index.php\/wp-json\/wp\/v2\/users\/1"}],"replies":[{"embeddable":true,"href":"https:\/\/nestia.be\/index.php\/wp-json\/wp\/v2\/comments?post=283"}],"version-history":[{"count":17,"href":"https:\/\/nestia.be\/index.php\/wp-json\/wp\/v2\/pages\/283\/revisions"}],"predecessor-version":[{"id":2699,"href":"https:\/\/nestia.be\/index.php\/wp-json\/wp\/v2\/pages\/283\/revisions\/2699"}],"wp:featuredmedia":[{"embeddable":true,"href":"https:\/\/nestia.be\/index.php\/wp-json\/wp\/v2\/media\/426"}],"wp:attachment":[{"href":"https:\/\/nestia.be\/index.php\/wp-json\/wp\/v2\/media?parent=283"}],"curies":[{"name":"wp","href":"https:\/\/api.w.org\/{rel}","templated":true}]}}