{"id":2761,"date":"2026-03-13T09:46:58","date_gmt":"2026-03-13T08:46:58","guid":{"rendered":"https:\/\/nestia.be\/?page_id=2761"},"modified":"2026-03-15T14:50:12","modified_gmt":"2026-03-15T13:50:12","slug":"alexandra-praile-kinesitherapie-pre-post-natale-perineale","status":"publish","type":"page","link":"https:\/\/nestia.be\/index.php\/alexandra-praile-kinesitherapie-pre-post-natale-perineale\/","title":{"rendered":"Alexandra Praile \u2013 Kin\u00e9sith\u00e9rapie Pr\u00e9-post natale \u2013 P\u00e9rin\u00e9ale"},"content":{"rendered":"<div id=\"pl-2761\"  class=\"panel-layout\" ><div id=\"pg-2761-0\"  class=\"panel-grid panel-no-style\" ><div id=\"pgc-2761-0-0\"  class=\"panel-grid-cell\" ><div id=\"panel-2761-0-0-0\" class=\"so-panel widget widget_sow-image panel-first-child\" data-index=\"0\" ><div\n\t\t\t\n\t\t\tclass=\"so-widget-sow-image so-widget-sow-image-default-8b5b6f678277-2761\"\n\t\t\t\n\t\t>\n<div class=\"sow-image-container\">\n\t\t<img \n\tsrc=\"https:\/\/nestia.be\/wp-content\/uploads\/2026\/03\/IMG_6584.jpg\" width=\"2000\" height=\"2000\" srcset=\"https:\/\/nestia.be\/wp-content\/uploads\/2026\/03\/IMG_6584.jpg 2000w, https:\/\/nestia.be\/wp-content\/uploads\/2026\/03\/IMG_6584-300x300.jpg 300w, https:\/\/nestia.be\/wp-content\/uploads\/2026\/03\/IMG_6584-1024x1024.jpg 1024w, https:\/\/nestia.be\/wp-content\/uploads\/2026\/03\/IMG_6584-150x150.jpg 150w, https:\/\/nestia.be\/wp-content\/uploads\/2026\/03\/IMG_6584-768x768.jpg 768w, https:\/\/nestia.be\/wp-content\/uploads\/2026\/03\/IMG_6584-1536x1536.jpg 1536w, https:\/\/nestia.be\/wp-content\/uploads\/2026\/03\/IMG_6584-500x500.jpg 500w, https:\/\/nestia.be\/wp-content\/uploads\/2026\/03\/IMG_6584-800x800.jpg 800w, https:\/\/nestia.be\/wp-content\/uploads\/2026\/03\/IMG_6584-1280x1280.jpg 1280w, https:\/\/nestia.be\/wp-content\/uploads\/2026\/03\/IMG_6584-1920x1920.jpg 1920w, https:\/\/nestia.be\/wp-content\/uploads\/2026\/03\/IMG_6584-612x612.jpg 612w, https:\/\/nestia.be\/wp-content\/uploads\/2026\/03\/IMG_6584-1224x1224.jpg 1224w, https:\/\/nestia.be\/wp-content\/uploads\/2026\/03\/IMG_6584-936x936.jpg 936w, https:\/\/nestia.be\/wp-content\/uploads\/2026\/03\/IMG_6584-1872x1872.jpg 1872w, https:\/\/nestia.be\/wp-content\/uploads\/2026\/03\/IMG_6584-1440x1440.jpg 1440w, https:\/\/nestia.be\/wp-content\/uploads\/2026\/03\/IMG_6584-720x720.jpg 720w\" sizes=\"(max-width: 2000px) 100vw, 2000px\" alt=\"\" \t\tclass=\"so-widget-image\"\/>\n\t<\/div>\n\n<\/div><\/div><div id=\"panel-2761-0-0-1\" class=\"so-panel widget widget_sow-editor panel-last-child\" data-index=\"1\" ><div\n\t\t\t\n\t\t\tclass=\"so-widget-sow-editor so-widget-sow-editor-base\"\n\t\t\t\n\t\t>\n<div class=\"siteorigin-widget-tinymce textwidget\">\n\t<p><span style=\"color: #157d7d;\"><b>Consultations<\/b><\/span><\/p>\n<p><span style=\"color: #1b7575; font-family: inherit;\">Mercredi 08h00-13h00<\/span><\/p>\n<p><span style=\"color: #1b7575;\">Vendredi<span style=\"color: #1b7575; font-family: inherit;\">&nbsp;08h00-13h00<\/span><\/span><\/p>\n<p>&nbsp;<\/p>\n<p><span style=\"color: #1b7575;\">Langue de Consultation:<\/span><\/p>\n<p><span style=\"color: #1b7575;\">Fran\u00e7ais<\/span><\/p>\n<p><span style=\"color: #1b7575;\">N\u00e9erlandais<\/span><\/p>\n<p><span style=\"color: #1b7575;\">Anglais<\/span><\/p>\n<p><span style=\"color: #157d7d;\"><strong>Contact<\/strong><\/span><\/p>\n<p><span style=\"color: #1b7575;\">0486\/97 19 34<\/span><\/p>\n<p><span style=\"color: #1b7575;\">alexandra.nestia@outlook.be<\/span><\/p>\n<p>&nbsp;<\/p>\n<p><span style=\"color: #1b7575;\">Centre Nestia<\/span><\/p>\n<p><span style=\"color: #1b7575;\">227 Rue Valduc<\/span><\/p>\n<p><span style=\"color: #1b7575;\">1160 Auderghem<\/span><\/p>\n<\/div>\n<\/div><\/div><\/div><div id=\"pgc-2761-0-1\"  class=\"panel-grid-cell\" ><div id=\"panel-2761-0-1-0\" class=\"so-panel widget widget_sow-editor panel-first-child panel-last-child\" data-index=\"2\" ><div\n\t\t\t\n\t\t\tclass=\"so-widget-sow-editor so-widget-sow-editor-base\"\n\t\t\t\n\t\t>\n<div class=\"siteorigin-widget-tinymce textwidget\">\n\t<h5><span style=\"color: #333333;\">Kin\u00e9sith\u00e9rapie pr\u00e9-natale<\/span><\/h5>\n<h5><span style=\"color: #333333;\">Kin\u00e9sith\u00e9rapie post-natale<\/span><\/h5>\n<h5>Kin\u00e9sith\u00e9rapie P\u00e9rin\u00e9ale<\/h5>\n<h5>Kin\u00e9sith\u00e9rapie G\u00e9n\u00e9rale<\/h5>\n<p>&nbsp;<\/p>\n<div>\n<div id=\"m_-710582440806078334pl-1449\">\n<div id=\"m_-710582440806078334pg-1449-0\">\n<div id=\"m_-710582440806078334pgc-1449-0-0\">\n<div id=\"m_-710582440806078334panel-1449-0-0-0\">\n<div>Kin\u00e9sith\u00e9rapeute sp\u00e9cialis\u00e9e en p\u00e9rin\u00e9ologie, je suis passionn\u00e9e par l\u2019accompagnement des patients vers un mieux-\u00eatre durable. Mon objectif est d\u2019aider chacun \u00e0 retrouver confiance dans son corps, mieux le comprendre et progresser \u00e0 son rythme.<\/div>\n<\/div>\n<\/div>\n<\/div>\n<\/div>\n<\/div>\n<div>J\u2019accorde une grande importance \u00e0 l\u2019\u00e9coute et \u00e0 une prise en charge personnalis\u00e9e, bas\u00e9e sur des objectifs concrets et adapt\u00e9s \u00e0 chaque situation.<\/div>\n<div>&nbsp;<\/div>\n<div>Je pratique notamment la kin\u00e9sith\u00e9rapie p\u00e9rin\u00e9ale (pr\u00e9 et post-natale, r\u00e9\u00e9ducation du p\u00e9rin\u00e9e, pr\u00e9vention et traitement des troubles pelviens), tout en int\u00e9grant une approche globale du corps et du mouvement.<\/div>\n<div>Je consulte chez <b>Nestia les mercredis et vendredis matin<\/b><\/div>\n<div>&nbsp;<\/div>\n<div><b>Formations :<\/b><\/div>\n<div id=\"m_-710582440806078334aloneworkshoph1\">2025-2027: Certificat en P\u00e9rin\u00e9ologie - Certificat en r\u00e9\u00e9ducation abdomino-pelvienne et kin\u00e9sith\u00e9rapie p\u00e9rinatale<\/div>\n<div>&nbsp;<\/div>\n<div>S\u00e9ance 30 min : 32,64 euros<\/div>\n<div>Apportez une essuie et une tenue confortable \u00e0 chaque s\u00e9ance<\/div>\n<div>&nbsp;<\/div>\n<div>Rendez-vous en ligne:<\/div>\n<div>\n<script>\n  if (typeof hasAmeliaEntitiesApiCall === 'undefined' && ('' === '' && '' !== '1')) {\n    var hasAmeliaEntitiesApiCall = true;\n  }\n  var ameliaShortcodeData = (typeof ameliaShortcodeData === 'undefined') ? [] : ameliaShortcodeData;\n  ameliaShortcodeData.push(\n    {\n      'hasApiCall': (typeof hasAmeliaEntitiesApiCall !== 'undefined') && hasAmeliaEntitiesApiCall,\n      'trigger': '',\n      'trigger_type': '',\n      'triggered_form': 'sbsNew',\n      'in_dialog': '',\n      'show': '',\n      'counter': '1000',\n      'category': '',\n      'service': '',\n      'employee': '1996',\n      'location': '',\n      'package': '',\n      'layout': '1',\n    }\n  );\n\n  var ameliaShortcodeDataTriggered = (typeof ameliaShortcodeDataTriggered === 'undefined') ? [] : ameliaShortcodeDataTriggered;\n  if (ameliaShortcodeData[ameliaShortcodeData.length - 1].trigger !== '') {\n    if (ameliaShortcodeDataTriggered.filter(a => a.counter === ameliaShortcodeData[ameliaShortcodeData.length - 1].counter).length === 0) {\n      ameliaShortcodeDataTriggered.push(ameliaShortcodeData.pop());\n    } else {\n      ameliaShortcodeData.pop()\n    }\n  }\n  if (typeof hasAmeliaEntitiesApiCall !== 'undefined' && hasAmeliaEntitiesApiCall) {\n    hasAmeliaEntitiesApiCall = false;\n  }\n<\/script>\n\n<div\n  id=\"amelia-v2-booking-1000\"\n  class=\"amelia-v2-booking\"\n >\n    <step-form-wrapper><\/step-form-wrapper><\/div>\n<\/div>\n<\/div>\n<\/div><\/div><\/div><\/div><\/div>","protected":false},"excerpt":{"rendered":"<p>Consultations Mercredi 08h00-13h00 Vendredi&nbsp;08h00-13h00 &nbsp; Langue de Consultation: Fran\u00e7ais N\u00e9erlandais Anglais Contact 0486\/97 19 34 alexandra.nestia@outlook.be &nbsp; Centre Nestia 227 Rue Valduc 1160 Auderghem Kin\u00e9sith\u00e9rapie pr\u00e9-natale Kin\u00e9sith\u00e9rapie post-natale Kin\u00e9sith\u00e9rapie P\u00e9rin\u00e9ale Kin\u00e9sith\u00e9rapie G\u00e9n\u00e9rale &nbsp; Kin\u00e9sith\u00e9rapeute sp\u00e9cialis\u00e9e en p\u00e9rin\u00e9ologie, je suis passionn\u00e9e par l\u2019accompagnement des patients vers un mieux-\u00eatre durable. Mon objectif est d\u2019aider chacun \u00e0 retrouver&#8230; <a href=\"https:\/\/nestia.be\/index.php\/alexandra-praile-kinesitherapie-pre-post-natale-perineale\/\">Continue reading <span class=\"screen-reader-text\">&#8220;Alexandra Praile \u2013 Kin\u00e9sith\u00e9rapie Pr\u00e9-post natale \u2013 P\u00e9rin\u00e9ale&#8221;<\/span><\/a><\/p>\n","protected":false},"author":1,"featured_media":0,"parent":0,"menu_order":0,"comment_status":"closed","ping_status":"closed","template":"","meta":{"ngg_post_thumbnail":0,"_vp_format_video_url":"","_vp_image_focal_point":[],"footnotes":""},"class_list":["post-2761","page","type-page","status-publish","hentry"],"yoast_head":"<!-- This site is optimized with the Yoast SEO Premium plugin v23.4 (Yoast SEO v27.3) - https:\/\/yoast.com\/product\/yoast-seo-premium-wordpress\/ -->\n<title>Alexandra Praile \u2013 Kin\u00e9sith\u00e9rapie Pr\u00e9-post natale \u2013 P\u00e9rin\u00e9ale - Centre Nestia<\/title>\n<meta name=\"robots\" content=\"index, follow, max-snippet:-1, max-image-preview:large, max-video-preview:-1\" \/>\n<link rel=\"canonical\" href=\"https:\/\/nestia.be\/index.php\/alexandra-praile-kinesitherapie-pre-post-natale-perineale\/\" \/>\n<meta property=\"og:locale\" content=\"fr_FR\" \/>\n<meta property=\"og:type\" content=\"article\" \/>\n<meta property=\"og:title\" content=\"Alexandra Praile \u2013 Kin\u00e9sith\u00e9rapie Pr\u00e9-post natale \u2013 P\u00e9rin\u00e9ale\" \/>\n<meta property=\"og:description\" content=\"Consultations Mercredi 08h00-13h00 Vendredi&nbsp;08h00-13h00 &nbsp; Langue de Consultation: Fran\u00e7ais N\u00e9erlandais Anglais Contact 0486\/97 19 34 alexandra.nestia@outlook.be &nbsp; Centre Nestia 227 Rue Valduc 1160 Auderghem Kin\u00e9sith\u00e9rapie pr\u00e9-natale Kin\u00e9sith\u00e9rapie post-natale Kin\u00e9sith\u00e9rapie P\u00e9rin\u00e9ale Kin\u00e9sith\u00e9rapie G\u00e9n\u00e9rale &nbsp; Kin\u00e9sith\u00e9rapeute sp\u00e9cialis\u00e9e en p\u00e9rin\u00e9ologie, je suis passionn\u00e9e par l\u2019accompagnement des patients vers un mieux-\u00eatre durable. Mon objectif est d\u2019aider chacun \u00e0 retrouver... Continue reading &quot;Alexandra Praile \u2013 Kin\u00e9sith\u00e9rapie Pr\u00e9-post natale \u2013 P\u00e9rin\u00e9ale&quot;\" \/>\n<meta property=\"og:url\" content=\"https:\/\/nestia.be\/index.php\/alexandra-praile-kinesitherapie-pre-post-natale-perineale\/\" \/>\n<meta property=\"og:site_name\" content=\"Centre Nestia\" \/>\n<meta property=\"article:modified_time\" content=\"2026-03-15T13:50:12+00:00\" \/>\n<meta name=\"twitter:card\" content=\"summary_large_image\" \/>\n<meta name=\"twitter:label1\" content=\"Dur\u00e9e de lecture estim\u00e9e\" \/>\n\t<meta name=\"twitter:data1\" content=\"1 minute\" \/>\n<script type=\"application\/ld+json\" class=\"yoast-schema-graph\">{\"@context\":\"https:\\\/\\\/schema.org\",\"@graph\":[{\"@type\":\"WebPage\",\"@id\":\"https:\\\/\\\/nestia.be\\\/index.php\\\/alexandra-praile-kinesitherapie-pre-post-natale-perineale\\\/\",\"url\":\"https:\\\/\\\/nestia.be\\\/index.php\\\/alexandra-praile-kinesitherapie-pre-post-natale-perineale\\\/\",\"name\":\"Alexandra Praile \u2013 Kin\u00e9sith\u00e9rapie Pr\u00e9-post natale \u2013 P\u00e9rin\u00e9ale - Centre Nestia\",\"isPartOf\":{\"@id\":\"https:\\\/\\\/nestia.be\\\/#website\"},\"datePublished\":\"2026-03-13T08:46:58+00:00\",\"dateModified\":\"2026-03-15T13:50:12+00:00\",\"breadcrumb\":{\"@id\":\"https:\\\/\\\/nestia.be\\\/index.php\\\/alexandra-praile-kinesitherapie-pre-post-natale-perineale\\\/#breadcrumb\"},\"inLanguage\":\"fr-FR\",\"potentialAction\":[{\"@type\":\"ReadAction\",\"target\":[\"https:\\\/\\\/nestia.be\\\/index.php\\\/alexandra-praile-kinesitherapie-pre-post-natale-perineale\\\/\"]}]},{\"@type\":\"BreadcrumbList\",\"@id\":\"https:\\\/\\\/nestia.be\\\/index.php\\\/alexandra-praile-kinesitherapie-pre-post-natale-perineale\\\/#breadcrumb\",\"itemListElement\":[{\"@type\":\"ListItem\",\"position\":1,\"name\":\"Accueil\",\"item\":\"https:\\\/\\\/nestia.be\\\/\"},{\"@type\":\"ListItem\",\"position\":2,\"name\":\"Alexandra Praile \u2013 Kin\u00e9sith\u00e9rapie Pr\u00e9-post natale \u2013 P\u00e9rin\u00e9ale\"}]},{\"@type\":\"WebSite\",\"@id\":\"https:\\\/\\\/nestia.be\\\/#website\",\"url\":\"https:\\\/\\\/nestia.be\\\/\",\"name\":\"Centre Nestia\",\"description\":\"Centre pluridisciplinaire P\u00e9diatrique, P\u00e9rinatal et Familial\",\"publisher\":{\"@id\":\"https:\\\/\\\/nestia.be\\\/#organization\"},\"potentialAction\":[{\"@type\":\"SearchAction\",\"target\":{\"@type\":\"EntryPoint\",\"urlTemplate\":\"https:\\\/\\\/nestia.be\\\/?s={search_term_string}\"},\"query-input\":{\"@type\":\"PropertyValueSpecification\",\"valueRequired\":true,\"valueName\":\"search_term_string\"}}],\"inLanguage\":\"fr-FR\"},{\"@type\":\"Organization\",\"@id\":\"https:\\\/\\\/nestia.be\\\/#organization\",\"name\":\"Centre Nestia\",\"url\":\"https:\\\/\\\/nestia.be\\\/\",\"logo\":{\"@type\":\"ImageObject\",\"inLanguage\":\"fr-FR\",\"@id\":\"https:\\\/\\\/nestia.be\\\/#\\\/schema\\\/logo\\\/image\\\/\",\"url\":\"https:\\\/\\\/nestia.be\\\/wp-content\\\/uploads\\\/2020\\\/12\\\/cropped-69706906_116330719731047_3337316616944746496_n.jpg\",\"contentUrl\":\"https:\\\/\\\/nestia.be\\\/wp-content\\\/uploads\\\/2020\\\/12\\\/cropped-69706906_116330719731047_3337316616944746496_n.jpg\",\"width\":594,\"height\":433,\"caption\":\"Centre Nestia\"},\"image\":{\"@id\":\"https:\\\/\\\/nestia.be\\\/#\\\/schema\\\/logo\\\/image\\\/\"}}]}<\/script>\n<!-- \/ Yoast SEO Premium plugin. -->","yoast_head_json":{"title":"Alexandra Praile \u2013 Kin\u00e9sith\u00e9rapie Pr\u00e9-post natale \u2013 P\u00e9rin\u00e9ale - Centre Nestia","robots":{"index":"index","follow":"follow","max-snippet":"max-snippet:-1","max-image-preview":"max-image-preview:large","max-video-preview":"max-video-preview:-1"},"canonical":"https:\/\/nestia.be\/index.php\/alexandra-praile-kinesitherapie-pre-post-natale-perineale\/","og_locale":"fr_FR","og_type":"article","og_title":"Alexandra Praile \u2013 Kin\u00e9sith\u00e9rapie Pr\u00e9-post natale \u2013 P\u00e9rin\u00e9ale","og_description":"Consultations Mercredi 08h00-13h00 Vendredi&nbsp;08h00-13h00 &nbsp; Langue de Consultation: Fran\u00e7ais N\u00e9erlandais Anglais Contact 0486\/97 19 34 alexandra.nestia@outlook.be &nbsp; Centre Nestia 227 Rue Valduc 1160 Auderghem Kin\u00e9sith\u00e9rapie pr\u00e9-natale Kin\u00e9sith\u00e9rapie post-natale Kin\u00e9sith\u00e9rapie P\u00e9rin\u00e9ale Kin\u00e9sith\u00e9rapie G\u00e9n\u00e9rale &nbsp; Kin\u00e9sith\u00e9rapeute sp\u00e9cialis\u00e9e en p\u00e9rin\u00e9ologie, je suis passionn\u00e9e par l\u2019accompagnement des patients vers un mieux-\u00eatre durable. Mon objectif est d\u2019aider chacun \u00e0 retrouver... Continue reading \"Alexandra Praile \u2013 Kin\u00e9sith\u00e9rapie Pr\u00e9-post natale \u2013 P\u00e9rin\u00e9ale\"","og_url":"https:\/\/nestia.be\/index.php\/alexandra-praile-kinesitherapie-pre-post-natale-perineale\/","og_site_name":"Centre Nestia","article_modified_time":"2026-03-15T13:50:12+00:00","twitter_card":"summary_large_image","twitter_misc":{"Dur\u00e9e de lecture estim\u00e9e":"1 minute"},"schema":{"@context":"https:\/\/schema.org","@graph":[{"@type":"WebPage","@id":"https:\/\/nestia.be\/index.php\/alexandra-praile-kinesitherapie-pre-post-natale-perineale\/","url":"https:\/\/nestia.be\/index.php\/alexandra-praile-kinesitherapie-pre-post-natale-perineale\/","name":"Alexandra Praile \u2013 Kin\u00e9sith\u00e9rapie Pr\u00e9-post natale \u2013 P\u00e9rin\u00e9ale - Centre Nestia","isPartOf":{"@id":"https:\/\/nestia.be\/#website"},"datePublished":"2026-03-13T08:46:58+00:00","dateModified":"2026-03-15T13:50:12+00:00","breadcrumb":{"@id":"https:\/\/nestia.be\/index.php\/alexandra-praile-kinesitherapie-pre-post-natale-perineale\/#breadcrumb"},"inLanguage":"fr-FR","potentialAction":[{"@type":"ReadAction","target":["https:\/\/nestia.be\/index.php\/alexandra-praile-kinesitherapie-pre-post-natale-perineale\/"]}]},{"@type":"BreadcrumbList","@id":"https:\/\/nestia.be\/index.php\/alexandra-praile-kinesitherapie-pre-post-natale-perineale\/#breadcrumb","itemListElement":[{"@type":"ListItem","position":1,"name":"Accueil","item":"https:\/\/nestia.be\/"},{"@type":"ListItem","position":2,"name":"Alexandra Praile \u2013 Kin\u00e9sith\u00e9rapie Pr\u00e9-post natale \u2013 P\u00e9rin\u00e9ale"}]},{"@type":"WebSite","@id":"https:\/\/nestia.be\/#website","url":"https:\/\/nestia.be\/","name":"Centre Nestia","description":"Centre pluridisciplinaire P\u00e9diatrique, P\u00e9rinatal et Familial","publisher":{"@id":"https:\/\/nestia.be\/#organization"},"potentialAction":[{"@type":"SearchAction","target":{"@type":"EntryPoint","urlTemplate":"https:\/\/nestia.be\/?s={search_term_string}"},"query-input":{"@type":"PropertyValueSpecification","valueRequired":true,"valueName":"search_term_string"}}],"inLanguage":"fr-FR"},{"@type":"Organization","@id":"https:\/\/nestia.be\/#organization","name":"Centre Nestia","url":"https:\/\/nestia.be\/","logo":{"@type":"ImageObject","inLanguage":"fr-FR","@id":"https:\/\/nestia.be\/#\/schema\/logo\/image\/","url":"https:\/\/nestia.be\/wp-content\/uploads\/2020\/12\/cropped-69706906_116330719731047_3337316616944746496_n.jpg","contentUrl":"https:\/\/nestia.be\/wp-content\/uploads\/2020\/12\/cropped-69706906_116330719731047_3337316616944746496_n.jpg","width":594,"height":433,"caption":"Centre Nestia"},"image":{"@id":"https:\/\/nestia.be\/#\/schema\/logo\/image\/"}}]}},"_links":{"self":[{"href":"https:\/\/nestia.be\/index.php\/wp-json\/wp\/v2\/pages\/2761","targetHints":{"allow":["GET"]}}],"collection":[{"href":"https:\/\/nestia.be\/index.php\/wp-json\/wp\/v2\/pages"}],"about":[{"href":"https:\/\/nestia.be\/index.php\/wp-json\/wp\/v2\/types\/page"}],"author":[{"embeddable":true,"href":"https:\/\/nestia.be\/index.php\/wp-json\/wp\/v2\/users\/1"}],"replies":[{"embeddable":true,"href":"https:\/\/nestia.be\/index.php\/wp-json\/wp\/v2\/comments?post=2761"}],"version-history":[{"count":4,"href":"https:\/\/nestia.be\/index.php\/wp-json\/wp\/v2\/pages\/2761\/revisions"}],"predecessor-version":[{"id":2775,"href":"https:\/\/nestia.be\/index.php\/wp-json\/wp\/v2\/pages\/2761\/revisions\/2775"}],"wp:attachment":[{"href":"https:\/\/nestia.be\/index.php\/wp-json\/wp\/v2\/media?parent=2761"}],"curies":[{"name":"wp","href":"https:\/\/api.w.org\/{rel}","templated":true}]}}