{"id":2687,"date":"2025-12-11T20:04:15","date_gmt":"2025-12-11T19:04:15","guid":{"rendered":"https:\/\/nestia.be\/?page_id=2687"},"modified":"2026-01-03T15:05:50","modified_gmt":"2026-01-03T14:05:50","slug":"marie-contrino-neuropsychologue","status":"publish","type":"page","link":"https:\/\/nestia.be\/index.php\/marie-contrino-neuropsychologue\/","title":{"rendered":"Marie Contrino &#8211; Neuropsychologue"},"content":{"rendered":"<div id=\"pl-2687\"  class=\"panel-layout\" ><div id=\"pg-2687-0\"  class=\"panel-grid panel-no-style\" ><div id=\"pgc-2687-0-0\"  class=\"panel-grid-cell\" ><div id=\"panel-2687-0-0-0\" class=\"so-panel widget widget_sow-editor panel-first-child panel-last-child\" data-index=\"0\" ><div\n\t\t\t\n\t\t\tclass=\"so-widget-sow-editor so-widget-sow-editor-base\"\n\t\t\t\n\t\t>\n<div class=\"siteorigin-widget-tinymce textwidget\">\n\t<p><img loading=\"lazy\" decoding=\"async\" class=\"aligncenter size-medium wp-image-2707\" src=\"https:\/\/nestia.be\/wp-content\/uploads\/2026\/01\/IMG_0002-300x300.jpg\" alt=\"\" width=\"300\" height=\"300\" srcset=\"https:\/\/nestia.be\/wp-content\/uploads\/2026\/01\/IMG_0002-300x300.jpg 300w, https:\/\/nestia.be\/wp-content\/uploads\/2026\/01\/IMG_0002-1020x1024.jpg 1020w, https:\/\/nestia.be\/wp-content\/uploads\/2026\/01\/IMG_0002-150x150.jpg 150w, https:\/\/nestia.be\/wp-content\/uploads\/2026\/01\/IMG_0002-768x771.jpg 768w, https:\/\/nestia.be\/wp-content\/uploads\/2026\/01\/IMG_0002-1530x1536.jpg 1530w, https:\/\/nestia.be\/wp-content\/uploads\/2026\/01\/IMG_0002-500x502.jpg 500w, https:\/\/nestia.be\/wp-content\/uploads\/2026\/01\/IMG_0002-800x803.jpg 800w, https:\/\/nestia.be\/wp-content\/uploads\/2026\/01\/IMG_0002-1280x1285.jpg 1280w, https:\/\/nestia.be\/wp-content\/uploads\/2026\/01\/IMG_0002-612x614.jpg 612w, https:\/\/nestia.be\/wp-content\/uploads\/2026\/01\/IMG_0002-1224x1228.jpg 1224w, https:\/\/nestia.be\/wp-content\/uploads\/2026\/01\/IMG_0002-936x939.jpg 936w, https:\/\/nestia.be\/wp-content\/uploads\/2026\/01\/IMG_0002-1440x1445.jpg 1440w, https:\/\/nestia.be\/wp-content\/uploads\/2026\/01\/IMG_0002-720x723.jpg 720w, https:\/\/nestia.be\/wp-content\/uploads\/2026\/01\/IMG_0002.jpg 1641w\" sizes=\"auto, (max-width: 300px) 100vw, 300px\" \/><\/p>\n<p style=\"text-align: center;\"><span style=\"color: #1b7575;\"><strong>Consultations<\/strong><\/span><\/p>\n<p style=\"text-align: center;\"><span style=\"color: #1b7575;\">Mercredi 13h30-18h30&nbsp;<\/span><\/p>\n<p style=\"text-align: center;\">&nbsp;<\/p>\n<p style=\"text-align: center;\"><span style=\"color: #1b7575;\">Langue de consultation<\/span><\/p>\n<p style=\"text-align: center;\"><span style=\"color: #1b7575;\">Fran\u00e7ais <\/span><\/p>\n<p style=\"text-align: center;\">&nbsp;<\/p>\n<p style=\"text-align: center;\"><span style=\"color: #1b7575;\"><b>Contact<\/b><\/span><\/p>\n<p style=\"text-align: center;\"><span style=\"color: #1b7575;\">&nbsp;0498\/66.11.51 <\/span><\/p>\n<p style=\"text-align: center;\"><span style=\"color: #1b7575;\"><b>marie.contrino@icloud.com<\/b><\/span><\/p>\n<\/div>\n<\/div><\/div><\/div><div id=\"pgc-2687-0-1\"  class=\"panel-grid-cell\" ><div id=\"panel-2687-0-1-0\" class=\"so-panel widget widget_sow-editor panel-first-child panel-last-child\" data-index=\"1\" ><div\n\t\t\t\n\t\t\tclass=\"so-widget-sow-editor so-widget-sow-editor-base\"\n\t\t\t\n\t\t>\n<div class=\"siteorigin-widget-tinymce textwidget\">\n\t<div>\n<p>Neuropsychologue dipl\u00f4m\u00e9e en 2025, sp\u00e9cialis\u00e9e dans l\u2019\u00e9valuation et la prise en charge neuropsychologique des enfants et des adolescents.<\/p>\n<p>Sp\u00e9cialit\u00e9s<\/p>\n<ul>\n<li>R\u00e9alisation d\u2019\u00e9valuations intellectuelles, y compris non verbales.<\/li>\n<li>Bilans neuropsychologiques complets et prise en charge des troubles attentionnels (TDA\/H), praxiques, visuo-spatiaux et mn\u00e9siques.<\/li>\n<li>Accompagnement des enfants et adolescents \u00e0 travers des s\u00e9ances visant \u00e0 am\u00e9liorer les m\u00e9thodes de travail, la motivation et les strat\u00e9gies d\u2019apprentissage.<\/li>\n<li>Guidance parentale, bas\u00e9e sur la m\u00e9thode Barkley, afin d\u2019accompagner les parents dans la compr\u00e9hension et la gestion des difficult\u00e9s de leur enfant.<\/li>\n<\/ul>\n<\/div>\n<div>&nbsp;<\/div>\n<div>Rendez-vous en ligne :<\/div>\n<div>&nbsp;<\/div>\n<div><a href=\"https:\/\/rosa.be\/fr\/hp\/marie-contrino\/\">https:\/\/rosa.be\/fr\/hp\/marie-contrino\/<\/a><\/div>\n<div dir=\"ltr\">&nbsp;<\/div>\n<div dir=\"ltr\">&nbsp;<\/div>\n<\/div>\n<\/div><\/div><\/div><\/div><\/div>","protected":false},"excerpt":{"rendered":"<p>Consultations Mercredi 13h30-18h30&nbsp; &nbsp; Langue de consultation Fran\u00e7ais &nbsp; Contact &nbsp;0498\/66.11.51 marie.contrino@icloud.com Neuropsychologue dipl\u00f4m\u00e9e en 2025, sp\u00e9cialis\u00e9e dans l\u2019\u00e9valuation et la prise en charge neuropsychologique des enfants et des adolescents. Sp\u00e9cialit\u00e9s R\u00e9alisation d\u2019\u00e9valuations intellectuelles, y compris non verbales. Bilans neuropsychologiques complets et prise en charge des troubles attentionnels (TDA\/H), praxiques, visuo-spatiaux et mn\u00e9siques. Accompagnement des&#8230; <a href=\"https:\/\/nestia.be\/index.php\/marie-contrino-neuropsychologue\/\">Continue reading <span class=\"screen-reader-text\">&#8220;Marie Contrino &#8211; Neuropsychologue&#8221;<\/span><\/a><\/p>\n","protected":false},"author":1,"featured_media":0,"parent":0,"menu_order":0,"comment_status":"closed","ping_status":"closed","template":"","meta":{"ngg_post_thumbnail":0,"_vp_format_video_url":"","_vp_image_focal_point":[],"footnotes":""},"class_list":["post-2687","page","type-page","status-publish","hentry"],"yoast_head":"<!-- This site is optimized with the Yoast SEO Premium plugin v23.4 (Yoast SEO v27.4) - https:\/\/yoast.com\/product\/yoast-seo-premium-wordpress\/ -->\n<title>Marie Contrino - Neuropsychologue - Centre Nestia<\/title>\n<meta name=\"robots\" content=\"index, follow, max-snippet:-1, max-image-preview:large, max-video-preview:-1\" \/>\n<link rel=\"canonical\" href=\"https:\/\/nestia.be\/index.php\/marie-contrino-neuropsychologue\/\" \/>\n<meta property=\"og:locale\" content=\"fr_FR\" \/>\n<meta property=\"og:type\" content=\"article\" \/>\n<meta property=\"og:title\" content=\"Marie Contrino - Neuropsychologue\" \/>\n<meta property=\"og:description\" content=\"Consultations Mercredi 13h30-18h30&nbsp; &nbsp; Langue de consultation Fran\u00e7ais &nbsp; Contact &nbsp;0498\/66.11.51 marie.contrino@icloud.com Neuropsychologue dipl\u00f4m\u00e9e en 2025, sp\u00e9cialis\u00e9e dans l\u2019\u00e9valuation et la prise en charge neuropsychologique des enfants et des adolescents. Sp\u00e9cialit\u00e9s R\u00e9alisation d\u2019\u00e9valuations intellectuelles, y compris non verbales. Bilans neuropsychologiques complets et prise en charge des troubles attentionnels (TDA\/H), praxiques, visuo-spatiaux et mn\u00e9siques. Accompagnement des... Continue reading &quot;Marie Contrino &#8211; Neuropsychologue&quot;\" \/>\n<meta property=\"og:url\" content=\"https:\/\/nestia.be\/index.php\/marie-contrino-neuropsychologue\/\" \/>\n<meta property=\"og:site_name\" content=\"Centre Nestia\" \/>\n<meta property=\"article:modified_time\" content=\"2026-01-03T14:05:50+00:00\" \/>\n<meta property=\"og:image\" content=\"https:\/\/nestia.be\/wp-content\/uploads\/2026\/01\/IMG_0002.jpg\" \/>\n\t<meta property=\"og:image:width\" content=\"1641\" \/>\n\t<meta property=\"og:image:height\" content=\"1647\" \/>\n\t<meta property=\"og:image:type\" content=\"image\/jpeg\" \/>\n<meta name=\"twitter:card\" content=\"summary_large_image\" \/>\n<meta name=\"twitter:label1\" content=\"Dur\u00e9e de lecture estim\u00e9e\" \/>\n\t<meta name=\"twitter:data1\" content=\"1 minute\" \/>\n<script type=\"application\/ld+json\" class=\"yoast-schema-graph\">{\"@context\":\"https:\\\/\\\/schema.org\",\"@graph\":[{\"@type\":\"WebPage\",\"@id\":\"https:\\\/\\\/nestia.be\\\/index.php\\\/marie-contrino-neuropsychologue\\\/\",\"url\":\"https:\\\/\\\/nestia.be\\\/index.php\\\/marie-contrino-neuropsychologue\\\/\",\"name\":\"Marie Contrino - Neuropsychologue - Centre Nestia\",\"isPartOf\":{\"@id\":\"https:\\\/\\\/nestia.be\\\/#website\"},\"primaryImageOfPage\":{\"@id\":\"https:\\\/\\\/nestia.be\\\/index.php\\\/marie-contrino-neuropsychologue\\\/#primaryimage\"},\"image\":{\"@id\":\"https:\\\/\\\/nestia.be\\\/index.php\\\/marie-contrino-neuropsychologue\\\/#primaryimage\"},\"thumbnailUrl\":\"https:\\\/\\\/nestia.be\\\/wp-content\\\/uploads\\\/2026\\\/01\\\/IMG_0002-300x300.jpg\",\"datePublished\":\"2025-12-11T19:04:15+00:00\",\"dateModified\":\"2026-01-03T14:05:50+00:00\",\"breadcrumb\":{\"@id\":\"https:\\\/\\\/nestia.be\\\/index.php\\\/marie-contrino-neuropsychologue\\\/#breadcrumb\"},\"inLanguage\":\"fr-FR\",\"potentialAction\":[{\"@type\":\"ReadAction\",\"target\":[\"https:\\\/\\\/nestia.be\\\/index.php\\\/marie-contrino-neuropsychologue\\\/\"]}]},{\"@type\":\"ImageObject\",\"inLanguage\":\"fr-FR\",\"@id\":\"https:\\\/\\\/nestia.be\\\/index.php\\\/marie-contrino-neuropsychologue\\\/#primaryimage\",\"url\":\"https:\\\/\\\/nestia.be\\\/wp-content\\\/uploads\\\/2026\\\/01\\\/IMG_0002.jpg\",\"contentUrl\":\"https:\\\/\\\/nestia.be\\\/wp-content\\\/uploads\\\/2026\\\/01\\\/IMG_0002.jpg\",\"width\":1641,\"height\":1647},{\"@type\":\"BreadcrumbList\",\"@id\":\"https:\\\/\\\/nestia.be\\\/index.php\\\/marie-contrino-neuropsychologue\\\/#breadcrumb\",\"itemListElement\":[{\"@type\":\"ListItem\",\"position\":1,\"name\":\"Accueil\",\"item\":\"https:\\\/\\\/nestia.be\\\/\"},{\"@type\":\"ListItem\",\"position\":2,\"name\":\"Marie Contrino &#8211; Neuropsychologue\"}]},{\"@type\":\"WebSite\",\"@id\":\"https:\\\/\\\/nestia.be\\\/#website\",\"url\":\"https:\\\/\\\/nestia.be\\\/\",\"name\":\"Centre Nestia\",\"description\":\"Centre pluridisciplinaire P\u00e9diatrique, P\u00e9rinatal et Familial\",\"publisher\":{\"@id\":\"https:\\\/\\\/nestia.be\\\/#organization\"},\"potentialAction\":[{\"@type\":\"SearchAction\",\"target\":{\"@type\":\"EntryPoint\",\"urlTemplate\":\"https:\\\/\\\/nestia.be\\\/?s={search_term_string}\"},\"query-input\":{\"@type\":\"PropertyValueSpecification\",\"valueRequired\":true,\"valueName\":\"search_term_string\"}}],\"inLanguage\":\"fr-FR\"},{\"@type\":\"Organization\",\"@id\":\"https:\\\/\\\/nestia.be\\\/#organization\",\"name\":\"Centre Nestia\",\"url\":\"https:\\\/\\\/nestia.be\\\/\",\"logo\":{\"@type\":\"ImageObject\",\"inLanguage\":\"fr-FR\",\"@id\":\"https:\\\/\\\/nestia.be\\\/#\\\/schema\\\/logo\\\/image\\\/\",\"url\":\"https:\\\/\\\/nestia.be\\\/wp-content\\\/uploads\\\/2020\\\/12\\\/cropped-69706906_116330719731047_3337316616944746496_n.jpg\",\"contentUrl\":\"https:\\\/\\\/nestia.be\\\/wp-content\\\/uploads\\\/2020\\\/12\\\/cropped-69706906_116330719731047_3337316616944746496_n.jpg\",\"width\":594,\"height\":433,\"caption\":\"Centre Nestia\"},\"image\":{\"@id\":\"https:\\\/\\\/nestia.be\\\/#\\\/schema\\\/logo\\\/image\\\/\"}}]}<\/script>\n<!-- \/ Yoast SEO Premium plugin. -->","yoast_head_json":{"title":"Marie Contrino - Neuropsychologue - Centre Nestia","robots":{"index":"index","follow":"follow","max-snippet":"max-snippet:-1","max-image-preview":"max-image-preview:large","max-video-preview":"max-video-preview:-1"},"canonical":"https:\/\/nestia.be\/index.php\/marie-contrino-neuropsychologue\/","og_locale":"fr_FR","og_type":"article","og_title":"Marie Contrino - Neuropsychologue","og_description":"Consultations Mercredi 13h30-18h30&nbsp; &nbsp; Langue de consultation Fran\u00e7ais &nbsp; Contact &nbsp;0498\/66.11.51 marie.contrino@icloud.com Neuropsychologue dipl\u00f4m\u00e9e en 2025, sp\u00e9cialis\u00e9e dans l\u2019\u00e9valuation et la prise en charge neuropsychologique des enfants et des adolescents. Sp\u00e9cialit\u00e9s R\u00e9alisation d\u2019\u00e9valuations intellectuelles, y compris non verbales. Bilans neuropsychologiques complets et prise en charge des troubles attentionnels (TDA\/H), praxiques, visuo-spatiaux et mn\u00e9siques. Accompagnement des... Continue reading \"Marie Contrino &#8211; Neuropsychologue\"","og_url":"https:\/\/nestia.be\/index.php\/marie-contrino-neuropsychologue\/","og_site_name":"Centre Nestia","article_modified_time":"2026-01-03T14:05:50+00:00","og_image":[{"width":1641,"height":1647,"url":"https:\/\/nestia.be\/wp-content\/uploads\/2026\/01\/IMG_0002.jpg","type":"image\/jpeg"}],"twitter_card":"summary_large_image","twitter_misc":{"Dur\u00e9e de lecture estim\u00e9e":"1 minute"},"schema":{"@context":"https:\/\/schema.org","@graph":[{"@type":"WebPage","@id":"https:\/\/nestia.be\/index.php\/marie-contrino-neuropsychologue\/","url":"https:\/\/nestia.be\/index.php\/marie-contrino-neuropsychologue\/","name":"Marie Contrino - Neuropsychologue - Centre Nestia","isPartOf":{"@id":"https:\/\/nestia.be\/#website"},"primaryImageOfPage":{"@id":"https:\/\/nestia.be\/index.php\/marie-contrino-neuropsychologue\/#primaryimage"},"image":{"@id":"https:\/\/nestia.be\/index.php\/marie-contrino-neuropsychologue\/#primaryimage"},"thumbnailUrl":"https:\/\/nestia.be\/wp-content\/uploads\/2026\/01\/IMG_0002-300x300.jpg","datePublished":"2025-12-11T19:04:15+00:00","dateModified":"2026-01-03T14:05:50+00:00","breadcrumb":{"@id":"https:\/\/nestia.be\/index.php\/marie-contrino-neuropsychologue\/#breadcrumb"},"inLanguage":"fr-FR","potentialAction":[{"@type":"ReadAction","target":["https:\/\/nestia.be\/index.php\/marie-contrino-neuropsychologue\/"]}]},{"@type":"ImageObject","inLanguage":"fr-FR","@id":"https:\/\/nestia.be\/index.php\/marie-contrino-neuropsychologue\/#primaryimage","url":"https:\/\/nestia.be\/wp-content\/uploads\/2026\/01\/IMG_0002.jpg","contentUrl":"https:\/\/nestia.be\/wp-content\/uploads\/2026\/01\/IMG_0002.jpg","width":1641,"height":1647},{"@type":"BreadcrumbList","@id":"https:\/\/nestia.be\/index.php\/marie-contrino-neuropsychologue\/#breadcrumb","itemListElement":[{"@type":"ListItem","position":1,"name":"Accueil","item":"https:\/\/nestia.be\/"},{"@type":"ListItem","position":2,"name":"Marie Contrino &#8211; Neuropsychologue"}]},{"@type":"WebSite","@id":"https:\/\/nestia.be\/#website","url":"https:\/\/nestia.be\/","name":"Centre Nestia","description":"Centre pluridisciplinaire P\u00e9diatrique, P\u00e9rinatal et Familial","publisher":{"@id":"https:\/\/nestia.be\/#organization"},"potentialAction":[{"@type":"SearchAction","target":{"@type":"EntryPoint","urlTemplate":"https:\/\/nestia.be\/?s={search_term_string}"},"query-input":{"@type":"PropertyValueSpecification","valueRequired":true,"valueName":"search_term_string"}}],"inLanguage":"fr-FR"},{"@type":"Organization","@id":"https:\/\/nestia.be\/#organization","name":"Centre Nestia","url":"https:\/\/nestia.be\/","logo":{"@type":"ImageObject","inLanguage":"fr-FR","@id":"https:\/\/nestia.be\/#\/schema\/logo\/image\/","url":"https:\/\/nestia.be\/wp-content\/uploads\/2020\/12\/cropped-69706906_116330719731047_3337316616944746496_n.jpg","contentUrl":"https:\/\/nestia.be\/wp-content\/uploads\/2020\/12\/cropped-69706906_116330719731047_3337316616944746496_n.jpg","width":594,"height":433,"caption":"Centre Nestia"},"image":{"@id":"https:\/\/nestia.be\/#\/schema\/logo\/image\/"}}]}},"_links":{"self":[{"href":"https:\/\/nestia.be\/index.php\/wp-json\/wp\/v2\/pages\/2687","targetHints":{"allow":["GET"]}}],"collection":[{"href":"https:\/\/nestia.be\/index.php\/wp-json\/wp\/v2\/pages"}],"about":[{"href":"https:\/\/nestia.be\/index.php\/wp-json\/wp\/v2\/types\/page"}],"author":[{"embeddable":true,"href":"https:\/\/nestia.be\/index.php\/wp-json\/wp\/v2\/users\/1"}],"replies":[{"embeddable":true,"href":"https:\/\/nestia.be\/index.php\/wp-json\/wp\/v2\/comments?post=2687"}],"version-history":[{"count":5,"href":"https:\/\/nestia.be\/index.php\/wp-json\/wp\/v2\/pages\/2687\/revisions"}],"predecessor-version":[{"id":2708,"href":"https:\/\/nestia.be\/index.php\/wp-json\/wp\/v2\/pages\/2687\/revisions\/2708"}],"wp:attachment":[{"href":"https:\/\/nestia.be\/index.php\/wp-json\/wp\/v2\/media?parent=2687"}],"curies":[{"name":"wp","href":"https:\/\/api.w.org\/{rel}","templated":true}]}}