{"id":2660,"date":"2025-11-04T20:02:45","date_gmt":"2025-11-04T19:02:45","guid":{"rendered":"https:\/\/nestia.be\/?page_id=2660"},"modified":"2025-11-05T16:20:54","modified_gmt":"2025-11-05T15:20:54","slug":"valentine-noel-kinesitherapeute-pediatrique","status":"publish","type":"page","link":"https:\/\/nestia.be\/index.php\/valentine-noel-kinesitherapeute-pediatrique\/","title":{"rendered":"Valentine No\u00ebl &#8211; Kin\u00e9sith\u00e9rapeute P\u00e9diatrique"},"content":{"rendered":"<div id=\"pl-2660\"  class=\"panel-layout\" ><div id=\"pg-2660-0\"  class=\"panel-grid panel-no-style\" ><div id=\"pgc-2660-0-0\"  class=\"panel-grid-cell\" ><div id=\"panel-2660-0-0-0\" class=\"so-panel widget widget_sow-editor panel-first-child panel-last-child\" data-index=\"0\" ><div\n\t\t\t\n\t\t\tclass=\"so-widget-sow-editor so-widget-sow-editor-base\"\n\t\t\t\n\t\t>\n<div class=\"siteorigin-widget-tinymce textwidget\">\n\t<p><img loading=\"lazy\" decoding=\"async\" class=\"aligncenter size-full wp-image-2661\" src=\"https:\/\/nestia.be\/wp-content\/uploads\/2025\/11\/IMG_5553.jpg\" alt=\"\" width=\"176\" height=\"179\"\/><\/p>\n<p style=\"text-align: center;\"><strong><span style=\"color: #1b7575;\">Consultations<\/span><\/strong><br \/>\n<span style=\"color: #1b7575;\">Mercredi 13h-18h<\/span><\/p>\n<p style=\"text-align: center;\">&nbsp;<\/p>\n<p style=\"text-align: center;\"><strong><span style=\"color: #1b7575;\">Contact<\/span><\/strong><br \/>\n<span style=\"color: #1b7575;\">&nbsp;0471\/78.50.81<\/span><\/p>\n<p style=\"text-align: center;\"><span style=\"color: #1b7575;\">valentinenoel@hotmail.com<\/span><\/p>\n<p style=\"text-align: center;\">&nbsp;<\/p>\n<p style=\"text-align: center;\"><strong><span style=\"color: #1b7575;\">Langues parl\u00e9es&nbsp;<\/span><\/strong><br \/>\n<span style=\"color: #1b7575;\">Fran\u00e7ais et anglais<\/span><\/p>\n<\/div>\n<\/div><\/div><\/div><div id=\"pgc-2660-0-1\"  class=\"panel-grid-cell\" ><div id=\"panel-2660-0-1-0\" class=\"so-panel widget widget_sow-editor panel-first-child panel-last-child\" data-index=\"1\" ><div\n\t\t\t\n\t\t\tclass=\"so-widget-sow-editor so-widget-sow-editor-base\"\n\t\t\t\n\t\t>\n<div class=\"siteorigin-widget-tinymce textwidget\">\n\t<div>\n<p>Dipl\u00f4m\u00e9e depuis 2021, je me suis rapidement tourn\u00e9e vers le monde de la p\u00e9diatrie, un domaine qui me passionne depuis toujours. Depuis, j\u2019accompagne les enfants dans le d\u00e9veloppement de leur motricit\u00e9, en adaptant chaque s\u00e9ance \u00e0 leurs besoins et \u00e0 leur rythme. Curieuse et engag\u00e9e, je me forme r\u00e9guli\u00e8rement afin de rester \u00e0 jour des derni\u00e8res pratiques en kin\u00e9sith\u00e9rapie p\u00e9diatrique et d\u2019offrir des prises en charge de qualit\u00e9.<\/p>\n<p>Mon approche repose sur le jeu, la bienveillance et l\u2019\u00e9coute : chaque s\u00e9ance est un moment o\u00f9 l\u2019enfant peut progresser en confiance et d\u00e9couvrir le plaisir du mouvement. La collaboration avec les familles est au c\u0153ur de mon travail, afin de soutenir l\u2019\u00e9panouissement de l\u2019enfant au quotidien.<\/p>\n<p>Vous pouvez me consulter en cas de pathologies <b>orthop\u00e9diques, respiratoires ou neurologiques.<\/b><\/p>\n<p><b>Principales formations r\u00e9alis\u00e9es:&nbsp;<\/b><b><\/b><\/p>\n<ul>\n<li>Certificat inter-universitaires en kin\u00e9sith\u00e9rapie p\u00e9diatrique: 2024-2025<\/li>\n<li>Pr\u00e9vention et traitement des d\u00e9formations du cr\u00e2ne du nouveau-n\u00e9 (SFER): 2023<\/li>\n<li>Kin\u00e9sith\u00e9rapie respiratoire p\u00e9diatrique (VINCI): 2023<\/li>\n<li>Formation kin\u00e9sith\u00e9rapie et bruits respiratoires (POSTIAUX): 2023<\/li>\n<li>Prise en charge et traitement du nourrisson-b\u00e9b\u00e9 (TOREGA): 2022<\/li>\n<\/ul>\n\n<script>\n  if (typeof hasAmeliaEntitiesApiCall === 'undefined' && ('' === '' && '' !== '1')) {\n    var hasAmeliaEntitiesApiCall = true;\n  }\n  var ameliaShortcodeData = (typeof ameliaShortcodeData === 'undefined') ? [] : ameliaShortcodeData;\n  ameliaShortcodeData.push(\n    {\n      'hasApiCall': (typeof hasAmeliaEntitiesApiCall !== 'undefined') && hasAmeliaEntitiesApiCall,\n      'trigger': '',\n      'trigger_type': '',\n      'triggered_form': 'sbsNew',\n      'in_dialog': '',\n      'show': '',\n      'counter': '1000',\n      'category': '',\n      'service': '',\n      'employee': '1881',\n      'location': '',\n      'package': '',\n      'layout': '',\n    }\n  );\n\n  var ameliaShortcodeDataTriggered = (typeof ameliaShortcodeDataTriggered === 'undefined') ? [] : ameliaShortcodeDataTriggered;\n  if (ameliaShortcodeData[ameliaShortcodeData.length - 1].trigger !== '') {\n    if (ameliaShortcodeDataTriggered.filter(a => a.counter === ameliaShortcodeData[ameliaShortcodeData.length - 1].counter).length === 0) {\n      ameliaShortcodeDataTriggered.push(ameliaShortcodeData.pop());\n    } else {\n      ameliaShortcodeData.pop()\n    }\n  }\n  if (typeof hasAmeliaEntitiesApiCall !== 'undefined' && hasAmeliaEntitiesApiCall) {\n    hasAmeliaEntitiesApiCall = false;\n  }\n<\/script>\n\n<div\n  id=\"amelia-v2-booking-1000\"\n  class=\"amelia-v2-booking\"\n >\n    <step-form-wrapper><\/step-form-wrapper><\/div>\n\n<\/div>\n<\/div>\n<\/div><\/div><\/div><\/div><\/div>","protected":false},"excerpt":{"rendered":"<p>Consultations Mercredi 13h-18h &nbsp; Contact &nbsp;0471\/78.50.81 valentinenoel@hotmail.com &nbsp; Langues parl\u00e9es&nbsp; Fran\u00e7ais et anglais Dipl\u00f4m\u00e9e depuis 2021, je me suis rapidement tourn\u00e9e vers le monde de la p\u00e9diatrie, un domaine qui me passionne depuis toujours. Depuis, j\u2019accompagne les enfants dans le d\u00e9veloppement de leur motricit\u00e9, en adaptant chaque s\u00e9ance \u00e0 leurs besoins et \u00e0 leur rythme&#8230;. <a href=\"https:\/\/nestia.be\/index.php\/valentine-noel-kinesitherapeute-pediatrique\/\">Continue reading <span class=\"screen-reader-text\">&#8220;Valentine No\u00ebl &#8211; Kin\u00e9sith\u00e9rapeute P\u00e9diatrique&#8221;<\/span><\/a><\/p>\n","protected":false},"author":1,"featured_media":0,"parent":0,"menu_order":0,"comment_status":"closed","ping_status":"closed","template":"","meta":{"ngg_post_thumbnail":0,"_vp_format_video_url":"","_vp_image_focal_point":[],"footnotes":""},"class_list":["post-2660","page","type-page","status-publish","hentry"],"yoast_head":"<!-- This site is optimized with the Yoast SEO Premium plugin v23.4 (Yoast SEO v27.4) - https:\/\/yoast.com\/product\/yoast-seo-premium-wordpress\/ -->\n<title>Valentine No\u00ebl - Kin\u00e9sith\u00e9rapeute P\u00e9diatrique - Centre Nestia<\/title>\n<meta name=\"robots\" content=\"index, follow, max-snippet:-1, max-image-preview:large, max-video-preview:-1\" \/>\n<link rel=\"canonical\" href=\"https:\/\/nestia.be\/index.php\/valentine-noel-kinesitherapeute-pediatrique\/\" \/>\n<meta property=\"og:locale\" content=\"fr_FR\" \/>\n<meta property=\"og:type\" content=\"article\" \/>\n<meta property=\"og:title\" content=\"Valentine No\u00ebl - Kin\u00e9sith\u00e9rapeute P\u00e9diatrique\" \/>\n<meta property=\"og:description\" content=\"Consultations Mercredi 13h-18h &nbsp; Contact &nbsp;0471\/78.50.81 valentinenoel@hotmail.com &nbsp; Langues parl\u00e9es&nbsp; Fran\u00e7ais et anglais Dipl\u00f4m\u00e9e depuis 2021, je me suis rapidement tourn\u00e9e vers le monde de la p\u00e9diatrie, un domaine qui me passionne depuis toujours. Depuis, j\u2019accompagne les enfants dans le d\u00e9veloppement de leur motricit\u00e9, en adaptant chaque s\u00e9ance \u00e0 leurs besoins et \u00e0 leur rythme.... Continue reading &quot;Valentine No\u00ebl &#8211; Kin\u00e9sith\u00e9rapeute P\u00e9diatrique&quot;\" \/>\n<meta property=\"og:url\" content=\"https:\/\/nestia.be\/index.php\/valentine-noel-kinesitherapeute-pediatrique\/\" \/>\n<meta property=\"og:site_name\" content=\"Centre Nestia\" \/>\n<meta property=\"article:modified_time\" content=\"2025-11-05T15:20:54+00:00\" \/>\n<meta property=\"og:image\" content=\"https:\/\/nestia.be\/wp-content\/uploads\/2025\/11\/IMG_5553.jpg\" \/>\n\t<meta property=\"og:image:width\" content=\"176\" \/>\n\t<meta property=\"og:image:height\" content=\"179\" \/>\n\t<meta property=\"og:image:type\" content=\"image\/jpeg\" \/>\n<meta name=\"twitter:card\" content=\"summary_large_image\" \/>\n<meta name=\"twitter:label1\" content=\"Dur\u00e9e de lecture estim\u00e9e\" \/>\n\t<meta name=\"twitter:data1\" content=\"2 minutes\" \/>\n<script type=\"application\/ld+json\" class=\"yoast-schema-graph\">{\"@context\":\"https:\\\/\\\/schema.org\",\"@graph\":[{\"@type\":\"WebPage\",\"@id\":\"https:\\\/\\\/nestia.be\\\/index.php\\\/valentine-noel-kinesitherapeute-pediatrique\\\/\",\"url\":\"https:\\\/\\\/nestia.be\\\/index.php\\\/valentine-noel-kinesitherapeute-pediatrique\\\/\",\"name\":\"Valentine No\u00ebl - Kin\u00e9sith\u00e9rapeute P\u00e9diatrique - Centre Nestia\",\"isPartOf\":{\"@id\":\"https:\\\/\\\/nestia.be\\\/#website\"},\"primaryImageOfPage\":{\"@id\":\"https:\\\/\\\/nestia.be\\\/index.php\\\/valentine-noel-kinesitherapeute-pediatrique\\\/#primaryimage\"},\"image\":{\"@id\":\"https:\\\/\\\/nestia.be\\\/index.php\\\/valentine-noel-kinesitherapeute-pediatrique\\\/#primaryimage\"},\"thumbnailUrl\":\"https:\\\/\\\/nestia.be\\\/wp-content\\\/uploads\\\/2025\\\/11\\\/IMG_5553.jpg\",\"datePublished\":\"2025-11-04T19:02:45+00:00\",\"dateModified\":\"2025-11-05T15:20:54+00:00\",\"breadcrumb\":{\"@id\":\"https:\\\/\\\/nestia.be\\\/index.php\\\/valentine-noel-kinesitherapeute-pediatrique\\\/#breadcrumb\"},\"inLanguage\":\"fr-FR\",\"potentialAction\":[{\"@type\":\"ReadAction\",\"target\":[\"https:\\\/\\\/nestia.be\\\/index.php\\\/valentine-noel-kinesitherapeute-pediatrique\\\/\"]}]},{\"@type\":\"ImageObject\",\"inLanguage\":\"fr-FR\",\"@id\":\"https:\\\/\\\/nestia.be\\\/index.php\\\/valentine-noel-kinesitherapeute-pediatrique\\\/#primaryimage\",\"url\":\"https:\\\/\\\/nestia.be\\\/wp-content\\\/uploads\\\/2025\\\/11\\\/IMG_5553.jpg\",\"contentUrl\":\"https:\\\/\\\/nestia.be\\\/wp-content\\\/uploads\\\/2025\\\/11\\\/IMG_5553.jpg\",\"width\":176,\"height\":179},{\"@type\":\"BreadcrumbList\",\"@id\":\"https:\\\/\\\/nestia.be\\\/index.php\\\/valentine-noel-kinesitherapeute-pediatrique\\\/#breadcrumb\",\"itemListElement\":[{\"@type\":\"ListItem\",\"position\":1,\"name\":\"Accueil\",\"item\":\"https:\\\/\\\/nestia.be\\\/\"},{\"@type\":\"ListItem\",\"position\":2,\"name\":\"Valentine No\u00ebl &#8211; Kin\u00e9sith\u00e9rapeute P\u00e9diatrique\"}]},{\"@type\":\"WebSite\",\"@id\":\"https:\\\/\\\/nestia.be\\\/#website\",\"url\":\"https:\\\/\\\/nestia.be\\\/\",\"name\":\"Centre Nestia\",\"description\":\"Centre pluridisciplinaire P\u00e9diatrique, P\u00e9rinatal et Familial\",\"publisher\":{\"@id\":\"https:\\\/\\\/nestia.be\\\/#organization\"},\"potentialAction\":[{\"@type\":\"SearchAction\",\"target\":{\"@type\":\"EntryPoint\",\"urlTemplate\":\"https:\\\/\\\/nestia.be\\\/?s={search_term_string}\"},\"query-input\":{\"@type\":\"PropertyValueSpecification\",\"valueRequired\":true,\"valueName\":\"search_term_string\"}}],\"inLanguage\":\"fr-FR\"},{\"@type\":\"Organization\",\"@id\":\"https:\\\/\\\/nestia.be\\\/#organization\",\"name\":\"Centre Nestia\",\"url\":\"https:\\\/\\\/nestia.be\\\/\",\"logo\":{\"@type\":\"ImageObject\",\"inLanguage\":\"fr-FR\",\"@id\":\"https:\\\/\\\/nestia.be\\\/#\\\/schema\\\/logo\\\/image\\\/\",\"url\":\"https:\\\/\\\/nestia.be\\\/wp-content\\\/uploads\\\/2020\\\/12\\\/cropped-69706906_116330719731047_3337316616944746496_n.jpg\",\"contentUrl\":\"https:\\\/\\\/nestia.be\\\/wp-content\\\/uploads\\\/2020\\\/12\\\/cropped-69706906_116330719731047_3337316616944746496_n.jpg\",\"width\":594,\"height\":433,\"caption\":\"Centre Nestia\"},\"image\":{\"@id\":\"https:\\\/\\\/nestia.be\\\/#\\\/schema\\\/logo\\\/image\\\/\"}}]}<\/script>\n<!-- \/ Yoast SEO Premium plugin. -->","yoast_head_json":{"title":"Valentine No\u00ebl - Kin\u00e9sith\u00e9rapeute P\u00e9diatrique - Centre Nestia","robots":{"index":"index","follow":"follow","max-snippet":"max-snippet:-1","max-image-preview":"max-image-preview:large","max-video-preview":"max-video-preview:-1"},"canonical":"https:\/\/nestia.be\/index.php\/valentine-noel-kinesitherapeute-pediatrique\/","og_locale":"fr_FR","og_type":"article","og_title":"Valentine No\u00ebl - Kin\u00e9sith\u00e9rapeute P\u00e9diatrique","og_description":"Consultations Mercredi 13h-18h &nbsp; Contact &nbsp;0471\/78.50.81 valentinenoel@hotmail.com &nbsp; Langues parl\u00e9es&nbsp; Fran\u00e7ais et anglais Dipl\u00f4m\u00e9e depuis 2021, je me suis rapidement tourn\u00e9e vers le monde de la p\u00e9diatrie, un domaine qui me passionne depuis toujours. Depuis, j\u2019accompagne les enfants dans le d\u00e9veloppement de leur motricit\u00e9, en adaptant chaque s\u00e9ance \u00e0 leurs besoins et \u00e0 leur rythme.... Continue reading \"Valentine No\u00ebl &#8211; Kin\u00e9sith\u00e9rapeute P\u00e9diatrique\"","og_url":"https:\/\/nestia.be\/index.php\/valentine-noel-kinesitherapeute-pediatrique\/","og_site_name":"Centre Nestia","article_modified_time":"2025-11-05T15:20:54+00:00","og_image":[{"width":176,"height":179,"url":"https:\/\/nestia.be\/wp-content\/uploads\/2025\/11\/IMG_5553.jpg","type":"image\/jpeg"}],"twitter_card":"summary_large_image","twitter_misc":{"Dur\u00e9e de lecture estim\u00e9e":"2 minutes"},"schema":{"@context":"https:\/\/schema.org","@graph":[{"@type":"WebPage","@id":"https:\/\/nestia.be\/index.php\/valentine-noel-kinesitherapeute-pediatrique\/","url":"https:\/\/nestia.be\/index.php\/valentine-noel-kinesitherapeute-pediatrique\/","name":"Valentine No\u00ebl - Kin\u00e9sith\u00e9rapeute P\u00e9diatrique - Centre Nestia","isPartOf":{"@id":"https:\/\/nestia.be\/#website"},"primaryImageOfPage":{"@id":"https:\/\/nestia.be\/index.php\/valentine-noel-kinesitherapeute-pediatrique\/#primaryimage"},"image":{"@id":"https:\/\/nestia.be\/index.php\/valentine-noel-kinesitherapeute-pediatrique\/#primaryimage"},"thumbnailUrl":"https:\/\/nestia.be\/wp-content\/uploads\/2025\/11\/IMG_5553.jpg","datePublished":"2025-11-04T19:02:45+00:00","dateModified":"2025-11-05T15:20:54+00:00","breadcrumb":{"@id":"https:\/\/nestia.be\/index.php\/valentine-noel-kinesitherapeute-pediatrique\/#breadcrumb"},"inLanguage":"fr-FR","potentialAction":[{"@type":"ReadAction","target":["https:\/\/nestia.be\/index.php\/valentine-noel-kinesitherapeute-pediatrique\/"]}]},{"@type":"ImageObject","inLanguage":"fr-FR","@id":"https:\/\/nestia.be\/index.php\/valentine-noel-kinesitherapeute-pediatrique\/#primaryimage","url":"https:\/\/nestia.be\/wp-content\/uploads\/2025\/11\/IMG_5553.jpg","contentUrl":"https:\/\/nestia.be\/wp-content\/uploads\/2025\/11\/IMG_5553.jpg","width":176,"height":179},{"@type":"BreadcrumbList","@id":"https:\/\/nestia.be\/index.php\/valentine-noel-kinesitherapeute-pediatrique\/#breadcrumb","itemListElement":[{"@type":"ListItem","position":1,"name":"Accueil","item":"https:\/\/nestia.be\/"},{"@type":"ListItem","position":2,"name":"Valentine No\u00ebl &#8211; Kin\u00e9sith\u00e9rapeute P\u00e9diatrique"}]},{"@type":"WebSite","@id":"https:\/\/nestia.be\/#website","url":"https:\/\/nestia.be\/","name":"Centre Nestia","description":"Centre pluridisciplinaire P\u00e9diatrique, P\u00e9rinatal et Familial","publisher":{"@id":"https:\/\/nestia.be\/#organization"},"potentialAction":[{"@type":"SearchAction","target":{"@type":"EntryPoint","urlTemplate":"https:\/\/nestia.be\/?s={search_term_string}"},"query-input":{"@type":"PropertyValueSpecification","valueRequired":true,"valueName":"search_term_string"}}],"inLanguage":"fr-FR"},{"@type":"Organization","@id":"https:\/\/nestia.be\/#organization","name":"Centre Nestia","url":"https:\/\/nestia.be\/","logo":{"@type":"ImageObject","inLanguage":"fr-FR","@id":"https:\/\/nestia.be\/#\/schema\/logo\/image\/","url":"https:\/\/nestia.be\/wp-content\/uploads\/2020\/12\/cropped-69706906_116330719731047_3337316616944746496_n.jpg","contentUrl":"https:\/\/nestia.be\/wp-content\/uploads\/2020\/12\/cropped-69706906_116330719731047_3337316616944746496_n.jpg","width":594,"height":433,"caption":"Centre Nestia"},"image":{"@id":"https:\/\/nestia.be\/#\/schema\/logo\/image\/"}}]}},"_links":{"self":[{"href":"https:\/\/nestia.be\/index.php\/wp-json\/wp\/v2\/pages\/2660","targetHints":{"allow":["GET"]}}],"collection":[{"href":"https:\/\/nestia.be\/index.php\/wp-json\/wp\/v2\/pages"}],"about":[{"href":"https:\/\/nestia.be\/index.php\/wp-json\/wp\/v2\/types\/page"}],"author":[{"embeddable":true,"href":"https:\/\/nestia.be\/index.php\/wp-json\/wp\/v2\/users\/1"}],"replies":[{"embeddable":true,"href":"https:\/\/nestia.be\/index.php\/wp-json\/wp\/v2\/comments?post=2660"}],"version-history":[{"count":3,"href":"https:\/\/nestia.be\/index.php\/wp-json\/wp\/v2\/pages\/2660\/revisions"}],"predecessor-version":[{"id":2672,"href":"https:\/\/nestia.be\/index.php\/wp-json\/wp\/v2\/pages\/2660\/revisions\/2672"}],"wp:attachment":[{"href":"https:\/\/nestia.be\/index.php\/wp-json\/wp\/v2\/media?parent=2660"}],"curies":[{"name":"wp","href":"https:\/\/api.w.org\/{rel}","templated":true}]}}