{"id":2561,"date":"2025-05-16T18:15:04","date_gmt":"2025-05-16T16:15:04","guid":{"rendered":"https:\/\/nestia.be\/?page_id=2561"},"modified":"2025-05-16T18:28:40","modified_gmt":"2025-05-16T16:28:40","slug":"accompagnement-psychocorporel-de-la-femme-enceinte","status":"publish","type":"page","link":"https:\/\/nestia.be\/index.php\/accompagnement-psychocorporel-de-la-femme-enceinte\/","title":{"rendered":"ACCOMPAGNEMENT  PSYCHOCORPOREL DE LA FEMME  ENCEINTE"},"content":{"rendered":"<div id=\"pl-2561\"  class=\"panel-layout\" ><div id=\"pg-2561-0\"  class=\"panel-grid panel-no-style\" ><div id=\"pgc-2561-0-0\"  class=\"panel-grid-cell\" ><div id=\"panel-2561-0-0-0\" class=\"so-panel widget widget_text panel-first-child panel-last-child\" data-index=\"0\" ><div class=\"panel-widget-style panel-widget-style-for-2561-0-0-0\" >\t\t\t<div class=\"textwidget\"><p>La grossesse est un moment important dans la vie d\u2019une femme. Qu\u2019elle soit choisie, surprise, subie ou v\u00e9cue sereinement, elle apporte son lot de questionnements et de profonds remaniements psychiques, corporels et \u00e9motionnels. Elle symbolise le passage du f\u00e9minin au maternel. Elle met en \u0153uvre une relation intime entre deux \u00eatres, une future m\u00e8re et un b\u00e9b\u00e9, dans un espace corporel partag\u00e9. Une relationse tisse pendant plusieurs mois.<\/p>\n<p>Corporellement le jeu des hormones, la prise de poids, les nouvelles rondeurs ou encore l\u2019espace ut\u00e9rin, entrainent des modifications dans les postures, dans l\u2019\u00e9quilibre, dans la place de chaque organe, mais aussi dans la repr\u00e9sentation de soi et dans sa conscience et connaissance corporelle. Le rythme temporel est modifi\u00e9. Les cycles de sommeil et de l\u2019alimentation sont perturb\u00e9s.<\/p>\n<p>Psychiquement une nouvelle identit\u00e9 se met en place, l\u2019image du corps peut \u00eatre modifi\u00e9e, notre disponibilit\u00e9 psychique se mobilise pour accueillir un nouvel \u00eatre, nouvel \u00eatre dont on sera responsable, dont on est d\u00e9j\u00e0 responsable. Parfois de la peur (de l\u2019accouchement ou de l\u2019apr\u00e8s), de l\u2019anxi\u00e9t\u00e9 ou un \u00e9tat d\u00e9pressif vient pointer son nez ou se r\u00e9activer.<br \/>\nDans un cadre d\u00e9m\u00e9dicalis\u00e9, le psychomotricien accompagne les transformations psychocorporelles de la femme enceinte, la r\u00e9appropriation de se corps en changement, la nouvelle disponibilit\u00e9 psychique et corporelle, la nouvelle identit\u00e9, ce tissage, ce lien qui se met en place.<br \/>\nLes outils propos\u00e9s sont vari\u00e9s mais sp\u00e9cifiques \u00e0 chacun selon les besoins et les pr\u00e9f\u00e9rences : m\u00e9ditation, toucher th\u00e9rapeutique, enveloppement, relaxation dynamique, conscience corporelle, mobilisations douces, exercices de respiration, mise en mouvement passive ou active, balancement et mobilisation des hanches, \u00e9quilibre et appuis, expressivit\u00e9 corporelle (danse et mouvement), etc\u2026<br \/>\nLa grossesse est une p\u00e9riode sensible qui m\u00e9rite que l\u2019on prenne soin de soi physiquement et psychiquement encore davantage. Prendre soin de soi est alors un cadeau que l\u2019on fait \u00e0 notre b\u00e9b\u00e9, un cadeau que l\u2019on se fait \u00e0 soi-m\u00eame, et qui nous servira encore quand b\u00e9b\u00e9 sera l\u00e0.<br \/>\nCe travail est compl\u00e9mentaire \u00e0 celui des sage-femmes \/ kin\u00e9 \/gyn\u00e9cologues et ne le remplace en aucun cas.<\/p>\n<p><strong>Notre praticienne du centre Nestia\u00a0:<\/strong><br \/>\nEstelle Gallot\u00a0: psychomotricienne. Consultation le jeudi matin ou<br \/>\nvendredi matin.<\/p>\n<p>0474\/87.22.31<\/p>\n<\/div>\n\t\t<\/div><\/div><\/div><\/div><\/div>","protected":false},"excerpt":{"rendered":"<p>La grossesse est un moment important dans la vie d\u2019une femme. Qu\u2019elle soit choisie, surprise, subie ou v\u00e9cue sereinement, elle apporte son lot de questionnements et de profonds remaniements psychiques, corporels et \u00e9motionnels. Elle symbolise le passage du f\u00e9minin au maternel. Elle met en \u0153uvre une relation intime entre deux \u00eatres, une future m\u00e8re et&#8230; <a href=\"https:\/\/nestia.be\/index.php\/accompagnement-psychocorporel-de-la-femme-enceinte\/\">Continue reading <span class=\"screen-reader-text\">&#8220;ACCOMPAGNEMENT  PSYCHOCORPOREL DE LA FEMME  ENCEINTE&#8221;<\/span><\/a><\/p>\n","protected":false},"author":1,"featured_media":0,"parent":0,"menu_order":0,"comment_status":"closed","ping_status":"closed","template":"","meta":{"ngg_post_thumbnail":0,"_vp_format_video_url":"","_vp_image_focal_point":[],"footnotes":""},"class_list":["post-2561","page","type-page","status-publish","hentry"],"yoast_head":"<!-- This site is optimized with the Yoast SEO Premium plugin v23.4 (Yoast SEO v27.3) - https:\/\/yoast.com\/product\/yoast-seo-premium-wordpress\/ -->\n<title>ACCOMPAGNEMENT PSYCHOCORPOREL DE LA FEMME ENCEINTE - Centre Nestia<\/title>\n<meta name=\"robots\" content=\"index, follow, max-snippet:-1, max-image-preview:large, max-video-preview:-1\" \/>\n<link rel=\"canonical\" href=\"https:\/\/nestia.be\/index.php\/accompagnement-psychocorporel-de-la-femme-enceinte\/\" \/>\n<meta property=\"og:locale\" content=\"fr_FR\" \/>\n<meta property=\"og:type\" content=\"article\" \/>\n<meta property=\"og:title\" content=\"ACCOMPAGNEMENT PSYCHOCORPOREL DE LA FEMME ENCEINTE\" \/>\n<meta property=\"og:description\" content=\"La grossesse est un moment important dans la vie d\u2019une femme. Qu\u2019elle soit choisie, surprise, subie ou v\u00e9cue sereinement, elle apporte son lot de questionnements et de profonds remaniements psychiques, corporels et \u00e9motionnels. Elle symbolise le passage du f\u00e9minin au maternel. Elle met en \u0153uvre une relation intime entre deux \u00eatres, une future m\u00e8re et... Continue reading &quot;ACCOMPAGNEMENT PSYCHOCORPOREL DE LA FEMME ENCEINTE&quot;\" \/>\n<meta property=\"og:url\" content=\"https:\/\/nestia.be\/index.php\/accompagnement-psychocorporel-de-la-femme-enceinte\/\" \/>\n<meta property=\"og:site_name\" content=\"Centre Nestia\" \/>\n<meta property=\"article:modified_time\" content=\"2025-05-16T16:28:40+00:00\" \/>\n<meta name=\"twitter:card\" content=\"summary_large_image\" \/>\n<meta name=\"twitter:label1\" content=\"Dur\u00e9e de lecture estim\u00e9e\" \/>\n\t<meta name=\"twitter:data1\" content=\"2 minutes\" \/>\n<script type=\"application\/ld+json\" class=\"yoast-schema-graph\">{\"@context\":\"https:\\\/\\\/schema.org\",\"@graph\":[{\"@type\":\"WebPage\",\"@id\":\"https:\\\/\\\/nestia.be\\\/index.php\\\/accompagnement-psychocorporel-de-la-femme-enceinte\\\/\",\"url\":\"https:\\\/\\\/nestia.be\\\/index.php\\\/accompagnement-psychocorporel-de-la-femme-enceinte\\\/\",\"name\":\"ACCOMPAGNEMENT PSYCHOCORPOREL DE LA FEMME ENCEINTE - Centre Nestia\",\"isPartOf\":{\"@id\":\"https:\\\/\\\/nestia.be\\\/#website\"},\"datePublished\":\"2025-05-16T16:15:04+00:00\",\"dateModified\":\"2025-05-16T16:28:40+00:00\",\"breadcrumb\":{\"@id\":\"https:\\\/\\\/nestia.be\\\/index.php\\\/accompagnement-psychocorporel-de-la-femme-enceinte\\\/#breadcrumb\"},\"inLanguage\":\"fr-FR\",\"potentialAction\":[{\"@type\":\"ReadAction\",\"target\":[\"https:\\\/\\\/nestia.be\\\/index.php\\\/accompagnement-psychocorporel-de-la-femme-enceinte\\\/\"]}]},{\"@type\":\"BreadcrumbList\",\"@id\":\"https:\\\/\\\/nestia.be\\\/index.php\\\/accompagnement-psychocorporel-de-la-femme-enceinte\\\/#breadcrumb\",\"itemListElement\":[{\"@type\":\"ListItem\",\"position\":1,\"name\":\"Accueil\",\"item\":\"https:\\\/\\\/nestia.be\\\/\"},{\"@type\":\"ListItem\",\"position\":2,\"name\":\"ACCOMPAGNEMENT PSYCHOCORPOREL DE LA FEMME ENCEINTE\"}]},{\"@type\":\"WebSite\",\"@id\":\"https:\\\/\\\/nestia.be\\\/#website\",\"url\":\"https:\\\/\\\/nestia.be\\\/\",\"name\":\"Centre Nestia\",\"description\":\"Centre pluridisciplinaire P\u00e9diatrique, P\u00e9rinatal et Familial\",\"publisher\":{\"@id\":\"https:\\\/\\\/nestia.be\\\/#organization\"},\"potentialAction\":[{\"@type\":\"SearchAction\",\"target\":{\"@type\":\"EntryPoint\",\"urlTemplate\":\"https:\\\/\\\/nestia.be\\\/?s={search_term_string}\"},\"query-input\":{\"@type\":\"PropertyValueSpecification\",\"valueRequired\":true,\"valueName\":\"search_term_string\"}}],\"inLanguage\":\"fr-FR\"},{\"@type\":\"Organization\",\"@id\":\"https:\\\/\\\/nestia.be\\\/#organization\",\"name\":\"Centre Nestia\",\"url\":\"https:\\\/\\\/nestia.be\\\/\",\"logo\":{\"@type\":\"ImageObject\",\"inLanguage\":\"fr-FR\",\"@id\":\"https:\\\/\\\/nestia.be\\\/#\\\/schema\\\/logo\\\/image\\\/\",\"url\":\"https:\\\/\\\/nestia.be\\\/wp-content\\\/uploads\\\/2020\\\/12\\\/cropped-69706906_116330719731047_3337316616944746496_n.jpg\",\"contentUrl\":\"https:\\\/\\\/nestia.be\\\/wp-content\\\/uploads\\\/2020\\\/12\\\/cropped-69706906_116330719731047_3337316616944746496_n.jpg\",\"width\":594,\"height\":433,\"caption\":\"Centre Nestia\"},\"image\":{\"@id\":\"https:\\\/\\\/nestia.be\\\/#\\\/schema\\\/logo\\\/image\\\/\"}}]}<\/script>\n<!-- \/ Yoast SEO Premium plugin. -->","yoast_head_json":{"title":"ACCOMPAGNEMENT PSYCHOCORPOREL DE LA FEMME ENCEINTE - Centre Nestia","robots":{"index":"index","follow":"follow","max-snippet":"max-snippet:-1","max-image-preview":"max-image-preview:large","max-video-preview":"max-video-preview:-1"},"canonical":"https:\/\/nestia.be\/index.php\/accompagnement-psychocorporel-de-la-femme-enceinte\/","og_locale":"fr_FR","og_type":"article","og_title":"ACCOMPAGNEMENT PSYCHOCORPOREL DE LA FEMME ENCEINTE","og_description":"La grossesse est un moment important dans la vie d\u2019une femme. Qu\u2019elle soit choisie, surprise, subie ou v\u00e9cue sereinement, elle apporte son lot de questionnements et de profonds remaniements psychiques, corporels et \u00e9motionnels. Elle symbolise le passage du f\u00e9minin au maternel. Elle met en \u0153uvre une relation intime entre deux \u00eatres, une future m\u00e8re et... Continue reading \"ACCOMPAGNEMENT PSYCHOCORPOREL DE LA FEMME ENCEINTE\"","og_url":"https:\/\/nestia.be\/index.php\/accompagnement-psychocorporel-de-la-femme-enceinte\/","og_site_name":"Centre Nestia","article_modified_time":"2025-05-16T16:28:40+00:00","twitter_card":"summary_large_image","twitter_misc":{"Dur\u00e9e de lecture estim\u00e9e":"2 minutes"},"schema":{"@context":"https:\/\/schema.org","@graph":[{"@type":"WebPage","@id":"https:\/\/nestia.be\/index.php\/accompagnement-psychocorporel-de-la-femme-enceinte\/","url":"https:\/\/nestia.be\/index.php\/accompagnement-psychocorporel-de-la-femme-enceinte\/","name":"ACCOMPAGNEMENT PSYCHOCORPOREL DE LA FEMME ENCEINTE - Centre Nestia","isPartOf":{"@id":"https:\/\/nestia.be\/#website"},"datePublished":"2025-05-16T16:15:04+00:00","dateModified":"2025-05-16T16:28:40+00:00","breadcrumb":{"@id":"https:\/\/nestia.be\/index.php\/accompagnement-psychocorporel-de-la-femme-enceinte\/#breadcrumb"},"inLanguage":"fr-FR","potentialAction":[{"@type":"ReadAction","target":["https:\/\/nestia.be\/index.php\/accompagnement-psychocorporel-de-la-femme-enceinte\/"]}]},{"@type":"BreadcrumbList","@id":"https:\/\/nestia.be\/index.php\/accompagnement-psychocorporel-de-la-femme-enceinte\/#breadcrumb","itemListElement":[{"@type":"ListItem","position":1,"name":"Accueil","item":"https:\/\/nestia.be\/"},{"@type":"ListItem","position":2,"name":"ACCOMPAGNEMENT PSYCHOCORPOREL DE LA FEMME ENCEINTE"}]},{"@type":"WebSite","@id":"https:\/\/nestia.be\/#website","url":"https:\/\/nestia.be\/","name":"Centre Nestia","description":"Centre pluridisciplinaire P\u00e9diatrique, P\u00e9rinatal et Familial","publisher":{"@id":"https:\/\/nestia.be\/#organization"},"potentialAction":[{"@type":"SearchAction","target":{"@type":"EntryPoint","urlTemplate":"https:\/\/nestia.be\/?s={search_term_string}"},"query-input":{"@type":"PropertyValueSpecification","valueRequired":true,"valueName":"search_term_string"}}],"inLanguage":"fr-FR"},{"@type":"Organization","@id":"https:\/\/nestia.be\/#organization","name":"Centre Nestia","url":"https:\/\/nestia.be\/","logo":{"@type":"ImageObject","inLanguage":"fr-FR","@id":"https:\/\/nestia.be\/#\/schema\/logo\/image\/","url":"https:\/\/nestia.be\/wp-content\/uploads\/2020\/12\/cropped-69706906_116330719731047_3337316616944746496_n.jpg","contentUrl":"https:\/\/nestia.be\/wp-content\/uploads\/2020\/12\/cropped-69706906_116330719731047_3337316616944746496_n.jpg","width":594,"height":433,"caption":"Centre Nestia"},"image":{"@id":"https:\/\/nestia.be\/#\/schema\/logo\/image\/"}}]}},"_links":{"self":[{"href":"https:\/\/nestia.be\/index.php\/wp-json\/wp\/v2\/pages\/2561","targetHints":{"allow":["GET"]}}],"collection":[{"href":"https:\/\/nestia.be\/index.php\/wp-json\/wp\/v2\/pages"}],"about":[{"href":"https:\/\/nestia.be\/index.php\/wp-json\/wp\/v2\/types\/page"}],"author":[{"embeddable":true,"href":"https:\/\/nestia.be\/index.php\/wp-json\/wp\/v2\/users\/1"}],"replies":[{"embeddable":true,"href":"https:\/\/nestia.be\/index.php\/wp-json\/wp\/v2\/comments?post=2561"}],"version-history":[{"count":6,"href":"https:\/\/nestia.be\/index.php\/wp-json\/wp\/v2\/pages\/2561\/revisions"}],"predecessor-version":[{"id":2568,"href":"https:\/\/nestia.be\/index.php\/wp-json\/wp\/v2\/pages\/2561\/revisions\/2568"}],"wp:attachment":[{"href":"https:\/\/nestia.be\/index.php\/wp-json\/wp\/v2\/media?parent=2561"}],"curies":[{"name":"wp","href":"https:\/\/api.w.org\/{rel}","templated":true}]}}