{"id":2504,"date":"2025-02-20T21:50:59","date_gmt":"2025-02-20T20:50:59","guid":{"rendered":"https:\/\/nestia.be\/?page_id=2504"},"modified":"2025-02-20T22:02:04","modified_gmt":"2025-02-20T21:02:04","slug":"sybille-du-roy-de-blicquy-psychologue-clinicienne","status":"publish","type":"page","link":"https:\/\/nestia.be\/index.php\/sybille-du-roy-de-blicquy-psychologue-clinicienne\/","title":{"rendered":"Sybille du Roy de Blicquy \u2013 Psychologue clinicienne"},"content":{"rendered":"<div id=\"pl-2504\"  class=\"panel-layout\" ><div id=\"pg-2504-0\"  class=\"panel-grid panel-no-style\" ><div id=\"pgc-2504-0-0\"  class=\"panel-grid-cell\" ><div id=\"panel-2504-0-0-0\" class=\"so-panel widget widget_sow-editor panel-first-child panel-last-child\" data-index=\"0\" ><div\n\t\t\t\n\t\t\tclass=\"so-widget-sow-editor so-widget-sow-editor-base\"\n\t\t\t\n\t\t>\n<div class=\"siteorigin-widget-tinymce textwidget\">\n\t<p style=\"text-align: center;\"><img loading=\"lazy\" decoding=\"async\" class=\"aligncenter size-medium wp-image-2508\" src=\"https:\/\/nestia.be\/wp-content\/uploads\/2025\/02\/IMG_3383-300x300.jpg\" alt=\"\" width=\"300\" height=\"300\" srcset=\"https:\/\/nestia.be\/wp-content\/uploads\/2025\/02\/IMG_3383-300x300.jpg 300w, https:\/\/nestia.be\/wp-content\/uploads\/2025\/02\/IMG_3383-1024x1024.jpg 1024w, https:\/\/nestia.be\/wp-content\/uploads\/2025\/02\/IMG_3383-150x150.jpg 150w, https:\/\/nestia.be\/wp-content\/uploads\/2025\/02\/IMG_3383-768x768.jpg 768w, https:\/\/nestia.be\/wp-content\/uploads\/2025\/02\/IMG_3383-1536x1536.jpg 1536w, https:\/\/nestia.be\/wp-content\/uploads\/2025\/02\/IMG_3383-500x500.jpg 500w, https:\/\/nestia.be\/wp-content\/uploads\/2025\/02\/IMG_3383-800x800.jpg 800w, https:\/\/nestia.be\/wp-content\/uploads\/2025\/02\/IMG_3383-1280x1280.jpg 1280w, https:\/\/nestia.be\/wp-content\/uploads\/2025\/02\/IMG_3383-1920x1920.jpg 1920w, https:\/\/nestia.be\/wp-content\/uploads\/2025\/02\/IMG_3383-612x612.jpg 612w, https:\/\/nestia.be\/wp-content\/uploads\/2025\/02\/IMG_3383-1224x1224.jpg 1224w, https:\/\/nestia.be\/wp-content\/uploads\/2025\/02\/IMG_3383-936x936.jpg 936w, https:\/\/nestia.be\/wp-content\/uploads\/2025\/02\/IMG_3383-1872x1872.jpg 1872w, https:\/\/nestia.be\/wp-content\/uploads\/2025\/02\/IMG_3383-1440x1440.jpg 1440w, https:\/\/nestia.be\/wp-content\/uploads\/2025\/02\/IMG_3383-720x720.jpg 720w, https:\/\/nestia.be\/wp-content\/uploads\/2025\/02\/IMG_3383.jpg 2000w\" sizes=\"auto, (max-width: 300px) 100vw, 300px\" \/><\/p>\n<p style=\"text-align: center;\"><span style=\"color: #1b7575;\"><strong>Consultations<\/strong><\/span><\/p>\n<p style=\"text-align: center;\"><span style=\"color: #1b7575;\">Mercredi de 13h30 \u00e0 17h30<\/span><\/p>\n<p style=\"text-align: center;\"><span style=\"color: #1b7575;\">Vendredi de 08h00 \u00e0 13h00<\/span><\/p>\n<p>&nbsp;<\/p>\n<p style=\"text-align: center;\"><strong><span style=\"color: #1b7575;\">Langue de consultation<\/span><\/strong><\/p>\n<p style=\"text-align: center;\"><span style=\"color: #1b7575;\">Fran\u00e7ais<\/span><\/p>\n<p style=\"text-align: center;\"><span style=\"color: #1b7575;\">N\u00e9erlandais<\/span><\/p>\n<p style=\"text-align: center;\"><span style=\"color: #1b7575;\">Anglais<\/span><\/p>\n<p style=\"text-align: center;\"><span style=\"color: #1b7575;\"><strong>Contact:<\/strong><\/span><\/p>\n<p style=\"text-align: center;\"><span style=\"color: #1b7575;\"><strong>0477\/87.53.26<\/strong><\/span><\/p>\n<p style=\"text-align: center;\"><a href=\"http:\/\/www.sybilleduroy.be\"><span style=\"color: #1b7575;\"><strong>www.sybilleduroy.be<\/strong><\/span><\/a><\/p>\n<p>&nbsp;<\/p>\n<\/div>\n<\/div><\/div><\/div><div id=\"pgc-2504-0-1\"  class=\"panel-grid-cell\" ><div id=\"panel-2504-0-1-0\" class=\"so-panel widget widget_sow-editor panel-first-child panel-last-child\" data-index=\"1\" ><div\n\t\t\t\n\t\t\tclass=\"so-widget-sow-editor so-widget-sow-editor-base\"\n\t\t\t\n\t\t>\n<div class=\"siteorigin-widget-tinymce textwidget\">\n\t<h5>Psychologue clinicienne agr\u00e9\u00e9e (Enfant, Adolescent, Adulte, Famille)<br \/>\nOrientation syst\u00e9mique - Th\u00e9rapie Br\u00e8ve<\/h5>\n<p>&nbsp;Je vous propose une approche respectueuse et non normative, centr\u00e9e sur vos ressources et vos potentialit\u00e9s. Ma pratique repose sur une approche syst\u00e9mique, inspir\u00e9e de l\u2019\u00e9cole de Palo Alto, qui prend en compte les interactions entre les individus et leur environnement pour favoriser un changement durable. L\u2019objectif est de vous accompagner dans la r\u00e9solution de vos difficult\u00e9s au travers du changement dont vous (et\/ou votre famille) \u00eates l\u2019acteur.&nbsp;<br \/>\nJe porte une attention particuli\u00e8re au processus complexe de la parentalit\u00e9, qui implique des remaniements psychiques profonds et des d\u00e9fis tant personnels que relationnels. Devenir et \u00eatre parent s\u2019accompagne de nombreuses interrogations, d\u2019adaptations et parfois de bouleversements susceptibles de fragiliser l\u2019\u00e9quilibre familial.<\/p>\n<p>Un accompagnement psychoth\u00e9rapeutique peut alors constituer un v\u00e9ritable soutien pour traverser ces p\u00e9riodes mouvement\u00e9es (grossesse, deuil p\u00e9rinatal, difficult\u00e9s scolaires, burn-out, s\u00e9paration, troubles de l\u2019opposition, anxi\u00e9t\u00e9\u2026). Il permet de renforcer le lien parent-enfant et de favoriser une dynamique familiale plus sereine.<br \/>\nOffrir un espace de parole aux enfants, adolescents, adultes et familles, afin<br \/>\nd\u2019identifier les cl\u00e9s du changement et d\u2019acc\u00e9der \u00e0 un nouvel \u00e9quilibre, est au<br \/>\nc\u0153ur de ma d\u00e9marche.<br \/>\nJe propose des consultations adapt\u00e9es \u00e0 chaque situation en individuel ou en famille.<br \/>\nLe suivi peut \u00eatre ponctuel ou plus approfondi selon les besoins. Je serais ravie de vous accompagner dans ce cheminement, vous ou votre enfant, avec \u00e9coute et bienveillance.<br \/>\n&nbsp;<\/p>\n<ul>\n<li>Difficult\u00e9s li\u00e9es \u00e0 la grossesse et \u00e0 la parentalit\u00e9<\/li>\n<li>Deuil p\u00e9rinatal et postnatal<\/li>\n<li>S\u00e9parations parentales et souffrance de la s\u00e9paration<\/li>\n<li>Troubles de l\u2019enfance et de l\u2019adolescence<\/li>\n<li>Troubles anxieux et gestion du stress<\/li>\n<li>Troubles de l\u2019opposition<\/li>\n<li>Gestion des \u00e9motions<\/li>\n<li>Orientation scolaire et professionnelle<\/li>\n<li>D\u00e9crochage et difficult\u00e9s scolaires<\/li>\n<li>Gestion du temps et optimisation<\/li>\n<li>Burn-out<\/li>\n<\/ul>\n<p>Prise de rendez-vous en ligne <a href=\"https:\/\/www.doctoranytime.be\/d\/psychologue\/sybille-du-roy-de-blicquy\">ici<\/a>&nbsp;<\/p>\n<\/div>\n<\/div><\/div><\/div><\/div><\/div>","protected":false},"excerpt":{"rendered":"<p>Consultations Mercredi de 13h30 \u00e0 17h30 Vendredi de 08h00 \u00e0 13h00 &nbsp; Langue de consultation Fran\u00e7ais N\u00e9erlandais Anglais Contact: 0477\/87.53.26 www.sybilleduroy.be &nbsp; Psychologue clinicienne agr\u00e9\u00e9e (Enfant, Adolescent, Adulte, Famille) Orientation syst\u00e9mique &#8211; Th\u00e9rapie Br\u00e8ve &nbsp;Je vous propose une approche respectueuse et non normative, centr\u00e9e sur vos ressources et vos potentialit\u00e9s. Ma pratique repose sur une&#8230; <a href=\"https:\/\/nestia.be\/index.php\/sybille-du-roy-de-blicquy-psychologue-clinicienne\/\">Continue reading <span class=\"screen-reader-text\">&#8220;Sybille du Roy de Blicquy \u2013 Psychologue clinicienne&#8221;<\/span><\/a><\/p>\n","protected":false},"author":1,"featured_media":0,"parent":0,"menu_order":0,"comment_status":"closed","ping_status":"closed","template":"","meta":{"ngg_post_thumbnail":0,"_vp_format_video_url":"","_vp_image_focal_point":[],"footnotes":""},"class_list":["post-2504","page","type-page","status-publish","hentry"],"yoast_head":"<!-- This site is optimized with the Yoast SEO Premium plugin v23.4 (Yoast SEO v27.3) - https:\/\/yoast.com\/product\/yoast-seo-premium-wordpress\/ -->\n<title>Sybille du Roy de Blicquy \u2013 Psychologue clinicienne - Centre Nestia<\/title>\n<meta name=\"description\" content=\"Prise en charge en psychologie de la famille, prise en charge p\u00e9rinatale, difficult\u00e9s li\u00e9es \u00e0 la parentalit\u00e9, troubles enfants et ados,..\" \/>\n<meta name=\"robots\" content=\"index, follow, max-snippet:-1, max-image-preview:large, max-video-preview:-1\" \/>\n<link rel=\"canonical\" href=\"https:\/\/nestia.be\/index.php\/sybille-du-roy-de-blicquy-psychologue-clinicienne\/\" \/>\n<meta property=\"og:locale\" content=\"fr_FR\" \/>\n<meta property=\"og:type\" content=\"article\" \/>\n<meta property=\"og:title\" content=\"Sybille du Roy de Blicquy \u2013 Psychologue clinicienne\" \/>\n<meta property=\"og:description\" content=\"Prise en charge en psychologie de la famille, prise en charge p\u00e9rinatale, difficult\u00e9s li\u00e9es \u00e0 la parentalit\u00e9, troubles enfants et ados,..\" \/>\n<meta property=\"og:url\" content=\"https:\/\/nestia.be\/index.php\/sybille-du-roy-de-blicquy-psychologue-clinicienne\/\" \/>\n<meta property=\"og:site_name\" content=\"Centre Nestia\" \/>\n<meta property=\"article:modified_time\" content=\"2025-02-20T21:02:04+00:00\" \/>\n<meta property=\"og:image\" content=\"https:\/\/nestia.be\/wp-content\/uploads\/2025\/02\/IMG_3383.jpg\" \/>\n\t<meta property=\"og:image:width\" content=\"2000\" \/>\n\t<meta property=\"og:image:height\" content=\"2000\" \/>\n\t<meta property=\"og:image:type\" content=\"image\/jpeg\" \/>\n<meta name=\"twitter:card\" content=\"summary_large_image\" \/>\n<meta name=\"twitter:label1\" content=\"Dur\u00e9e de lecture estim\u00e9e\" \/>\n\t<meta name=\"twitter:data1\" content=\"2 minutes\" \/>\n<script type=\"application\/ld+json\" class=\"yoast-schema-graph\">{\"@context\":\"https:\\\/\\\/schema.org\",\"@graph\":[{\"@type\":\"WebPage\",\"@id\":\"https:\\\/\\\/nestia.be\\\/index.php\\\/sybille-du-roy-de-blicquy-psychologue-clinicienne\\\/\",\"url\":\"https:\\\/\\\/nestia.be\\\/index.php\\\/sybille-du-roy-de-blicquy-psychologue-clinicienne\\\/\",\"name\":\"Sybille du Roy de Blicquy \u2013 Psychologue clinicienne - Centre Nestia\",\"isPartOf\":{\"@id\":\"https:\\\/\\\/nestia.be\\\/#website\"},\"primaryImageOfPage\":{\"@id\":\"https:\\\/\\\/nestia.be\\\/index.php\\\/sybille-du-roy-de-blicquy-psychologue-clinicienne\\\/#primaryimage\"},\"image\":{\"@id\":\"https:\\\/\\\/nestia.be\\\/index.php\\\/sybille-du-roy-de-blicquy-psychologue-clinicienne\\\/#primaryimage\"},\"thumbnailUrl\":\"https:\\\/\\\/nestia.be\\\/wp-content\\\/uploads\\\/2025\\\/02\\\/IMG_3383-300x300.jpg\",\"datePublished\":\"2025-02-20T20:50:59+00:00\",\"dateModified\":\"2025-02-20T21:02:04+00:00\",\"description\":\"Prise en charge en psychologie de la famille, prise en charge p\u00e9rinatale, difficult\u00e9s li\u00e9es \u00e0 la parentalit\u00e9, troubles enfants et ados,..\",\"breadcrumb\":{\"@id\":\"https:\\\/\\\/nestia.be\\\/index.php\\\/sybille-du-roy-de-blicquy-psychologue-clinicienne\\\/#breadcrumb\"},\"inLanguage\":\"fr-FR\",\"potentialAction\":[{\"@type\":\"ReadAction\",\"target\":[\"https:\\\/\\\/nestia.be\\\/index.php\\\/sybille-du-roy-de-blicquy-psychologue-clinicienne\\\/\"]}]},{\"@type\":\"ImageObject\",\"inLanguage\":\"fr-FR\",\"@id\":\"https:\\\/\\\/nestia.be\\\/index.php\\\/sybille-du-roy-de-blicquy-psychologue-clinicienne\\\/#primaryimage\",\"url\":\"https:\\\/\\\/nestia.be\\\/wp-content\\\/uploads\\\/2025\\\/02\\\/IMG_3383.jpg\",\"contentUrl\":\"https:\\\/\\\/nestia.be\\\/wp-content\\\/uploads\\\/2025\\\/02\\\/IMG_3383.jpg\",\"width\":2000,\"height\":2000},{\"@type\":\"BreadcrumbList\",\"@id\":\"https:\\\/\\\/nestia.be\\\/index.php\\\/sybille-du-roy-de-blicquy-psychologue-clinicienne\\\/#breadcrumb\",\"itemListElement\":[{\"@type\":\"ListItem\",\"position\":1,\"name\":\"Accueil\",\"item\":\"https:\\\/\\\/nestia.be\\\/\"},{\"@type\":\"ListItem\",\"position\":2,\"name\":\"Sybille du Roy de Blicquy \u2013 Psychologue clinicienne\"}]},{\"@type\":\"WebSite\",\"@id\":\"https:\\\/\\\/nestia.be\\\/#website\",\"url\":\"https:\\\/\\\/nestia.be\\\/\",\"name\":\"Centre Nestia\",\"description\":\"Centre pluridisciplinaire P\u00e9diatrique, P\u00e9rinatal et Familial\",\"publisher\":{\"@id\":\"https:\\\/\\\/nestia.be\\\/#organization\"},\"potentialAction\":[{\"@type\":\"SearchAction\",\"target\":{\"@type\":\"EntryPoint\",\"urlTemplate\":\"https:\\\/\\\/nestia.be\\\/?s={search_term_string}\"},\"query-input\":{\"@type\":\"PropertyValueSpecification\",\"valueRequired\":true,\"valueName\":\"search_term_string\"}}],\"inLanguage\":\"fr-FR\"},{\"@type\":\"Organization\",\"@id\":\"https:\\\/\\\/nestia.be\\\/#organization\",\"name\":\"Centre Nestia\",\"url\":\"https:\\\/\\\/nestia.be\\\/\",\"logo\":{\"@type\":\"ImageObject\",\"inLanguage\":\"fr-FR\",\"@id\":\"https:\\\/\\\/nestia.be\\\/#\\\/schema\\\/logo\\\/image\\\/\",\"url\":\"https:\\\/\\\/nestia.be\\\/wp-content\\\/uploads\\\/2020\\\/12\\\/cropped-69706906_116330719731047_3337316616944746496_n.jpg\",\"contentUrl\":\"https:\\\/\\\/nestia.be\\\/wp-content\\\/uploads\\\/2020\\\/12\\\/cropped-69706906_116330719731047_3337316616944746496_n.jpg\",\"width\":594,\"height\":433,\"caption\":\"Centre Nestia\"},\"image\":{\"@id\":\"https:\\\/\\\/nestia.be\\\/#\\\/schema\\\/logo\\\/image\\\/\"}}]}<\/script>\n<!-- \/ Yoast SEO Premium plugin. -->","yoast_head_json":{"title":"Sybille du Roy de Blicquy \u2013 Psychologue clinicienne - Centre Nestia","description":"Prise en charge en psychologie de la famille, prise en charge p\u00e9rinatale, difficult\u00e9s li\u00e9es \u00e0 la parentalit\u00e9, troubles enfants et ados,..","robots":{"index":"index","follow":"follow","max-snippet":"max-snippet:-1","max-image-preview":"max-image-preview:large","max-video-preview":"max-video-preview:-1"},"canonical":"https:\/\/nestia.be\/index.php\/sybille-du-roy-de-blicquy-psychologue-clinicienne\/","og_locale":"fr_FR","og_type":"article","og_title":"Sybille du Roy de Blicquy \u2013 Psychologue clinicienne","og_description":"Prise en charge en psychologie de la famille, prise en charge p\u00e9rinatale, difficult\u00e9s li\u00e9es \u00e0 la parentalit\u00e9, troubles enfants et ados,..","og_url":"https:\/\/nestia.be\/index.php\/sybille-du-roy-de-blicquy-psychologue-clinicienne\/","og_site_name":"Centre Nestia","article_modified_time":"2025-02-20T21:02:04+00:00","og_image":[{"width":2000,"height":2000,"url":"https:\/\/nestia.be\/wp-content\/uploads\/2025\/02\/IMG_3383.jpg","type":"image\/jpeg"}],"twitter_card":"summary_large_image","twitter_misc":{"Dur\u00e9e de lecture estim\u00e9e":"2 minutes"},"schema":{"@context":"https:\/\/schema.org","@graph":[{"@type":"WebPage","@id":"https:\/\/nestia.be\/index.php\/sybille-du-roy-de-blicquy-psychologue-clinicienne\/","url":"https:\/\/nestia.be\/index.php\/sybille-du-roy-de-blicquy-psychologue-clinicienne\/","name":"Sybille du Roy de Blicquy \u2013 Psychologue clinicienne - Centre Nestia","isPartOf":{"@id":"https:\/\/nestia.be\/#website"},"primaryImageOfPage":{"@id":"https:\/\/nestia.be\/index.php\/sybille-du-roy-de-blicquy-psychologue-clinicienne\/#primaryimage"},"image":{"@id":"https:\/\/nestia.be\/index.php\/sybille-du-roy-de-blicquy-psychologue-clinicienne\/#primaryimage"},"thumbnailUrl":"https:\/\/nestia.be\/wp-content\/uploads\/2025\/02\/IMG_3383-300x300.jpg","datePublished":"2025-02-20T20:50:59+00:00","dateModified":"2025-02-20T21:02:04+00:00","description":"Prise en charge en psychologie de la famille, prise en charge p\u00e9rinatale, difficult\u00e9s li\u00e9es \u00e0 la parentalit\u00e9, troubles enfants et ados,..","breadcrumb":{"@id":"https:\/\/nestia.be\/index.php\/sybille-du-roy-de-blicquy-psychologue-clinicienne\/#breadcrumb"},"inLanguage":"fr-FR","potentialAction":[{"@type":"ReadAction","target":["https:\/\/nestia.be\/index.php\/sybille-du-roy-de-blicquy-psychologue-clinicienne\/"]}]},{"@type":"ImageObject","inLanguage":"fr-FR","@id":"https:\/\/nestia.be\/index.php\/sybille-du-roy-de-blicquy-psychologue-clinicienne\/#primaryimage","url":"https:\/\/nestia.be\/wp-content\/uploads\/2025\/02\/IMG_3383.jpg","contentUrl":"https:\/\/nestia.be\/wp-content\/uploads\/2025\/02\/IMG_3383.jpg","width":2000,"height":2000},{"@type":"BreadcrumbList","@id":"https:\/\/nestia.be\/index.php\/sybille-du-roy-de-blicquy-psychologue-clinicienne\/#breadcrumb","itemListElement":[{"@type":"ListItem","position":1,"name":"Accueil","item":"https:\/\/nestia.be\/"},{"@type":"ListItem","position":2,"name":"Sybille du Roy de Blicquy \u2013 Psychologue clinicienne"}]},{"@type":"WebSite","@id":"https:\/\/nestia.be\/#website","url":"https:\/\/nestia.be\/","name":"Centre Nestia","description":"Centre pluridisciplinaire P\u00e9diatrique, P\u00e9rinatal et Familial","publisher":{"@id":"https:\/\/nestia.be\/#organization"},"potentialAction":[{"@type":"SearchAction","target":{"@type":"EntryPoint","urlTemplate":"https:\/\/nestia.be\/?s={search_term_string}"},"query-input":{"@type":"PropertyValueSpecification","valueRequired":true,"valueName":"search_term_string"}}],"inLanguage":"fr-FR"},{"@type":"Organization","@id":"https:\/\/nestia.be\/#organization","name":"Centre Nestia","url":"https:\/\/nestia.be\/","logo":{"@type":"ImageObject","inLanguage":"fr-FR","@id":"https:\/\/nestia.be\/#\/schema\/logo\/image\/","url":"https:\/\/nestia.be\/wp-content\/uploads\/2020\/12\/cropped-69706906_116330719731047_3337316616944746496_n.jpg","contentUrl":"https:\/\/nestia.be\/wp-content\/uploads\/2020\/12\/cropped-69706906_116330719731047_3337316616944746496_n.jpg","width":594,"height":433,"caption":"Centre Nestia"},"image":{"@id":"https:\/\/nestia.be\/#\/schema\/logo\/image\/"}}]}},"_links":{"self":[{"href":"https:\/\/nestia.be\/index.php\/wp-json\/wp\/v2\/pages\/2504","targetHints":{"allow":["GET"]}}],"collection":[{"href":"https:\/\/nestia.be\/index.php\/wp-json\/wp\/v2\/pages"}],"about":[{"href":"https:\/\/nestia.be\/index.php\/wp-json\/wp\/v2\/types\/page"}],"author":[{"embeddable":true,"href":"https:\/\/nestia.be\/index.php\/wp-json\/wp\/v2\/users\/1"}],"replies":[{"embeddable":true,"href":"https:\/\/nestia.be\/index.php\/wp-json\/wp\/v2\/comments?post=2504"}],"version-history":[{"count":4,"href":"https:\/\/nestia.be\/index.php\/wp-json\/wp\/v2\/pages\/2504\/revisions"}],"predecessor-version":[{"id":2514,"href":"https:\/\/nestia.be\/index.php\/wp-json\/wp\/v2\/pages\/2504\/revisions\/2514"}],"wp:attachment":[{"href":"https:\/\/nestia.be\/index.php\/wp-json\/wp\/v2\/media?parent=2504"}],"curies":[{"name":"wp","href":"https:\/\/api.w.org\/{rel}","templated":true}]}}