{"id":2227,"date":"2024-01-13T19:58:46","date_gmt":"2024-01-13T18:58:46","guid":{"rendered":"https:\/\/nestia.be\/?page_id=2227"},"modified":"2025-09-10T19:38:19","modified_gmt":"2025-09-10T17:38:19","slug":"ariane-dezalys","status":"publish","type":"page","link":"https:\/\/nestia.be\/index.php\/ariane-dezalys\/","title":{"rendered":"Ariane DEZALYS &#8211; Naturopathie et R\u00e9flexologie plantaire"},"content":{"rendered":"<div id=\"pl-2227\"  class=\"panel-layout\" ><div id=\"pg-2227-0\"  class=\"panel-grid panel-no-style\" ><div id=\"pgc-2227-0-0\"  class=\"panel-grid-cell\" ><div id=\"panel-2227-0-0-0\" class=\"so-panel widget widget_sow-editor panel-first-child panel-last-child\" data-index=\"0\" ><div\n\t\t\t\n\t\t\tclass=\"so-widget-sow-editor so-widget-sow-editor-base\"\n\t\t\t\n\t\t>\n<div class=\"siteorigin-widget-tinymce textwidget\">\n\t<div class=\"siteorigin-widget-tinymce textwidget\" style=\"text-align: center;\">\n<p><img loading=\"lazy\" decoding=\"async\" class=\"aligncenter size-medium wp-image-2457\" src=\"https:\/\/nestia.be\/wp-content\/uploads\/2024\/12\/IMG_0876-300x300.jpg\" alt=\"\" width=\"300\" height=\"300\" srcset=\"https:\/\/nestia.be\/wp-content\/uploads\/2024\/12\/IMG_0876-300x300.jpg 300w, https:\/\/nestia.be\/wp-content\/uploads\/2024\/12\/IMG_0876-150x150.jpg 150w, https:\/\/nestia.be\/wp-content\/uploads\/2024\/12\/IMG_0876-500x500.jpg 500w, https:\/\/nestia.be\/wp-content\/uploads\/2024\/12\/IMG_0876-612x612.jpg 612w, https:\/\/nestia.be\/wp-content\/uploads\/2024\/12\/IMG_0876.jpg 640w\" sizes=\"auto, (max-width: 300px) 100vw, 300px\" \/><\/p>\n<p><span style=\"color: #1b7575;\"><strong>Consultations<\/strong><\/span><\/p>\n<p><span style=\"color: #1b7575;\">Mercredi de 13h30 \u00e0 19h00<\/span><\/p>\n<p><span style=\"color: #1b7575;\">Langue de consultation<\/span><\/p>\n<p><span style=\"color: #1b7575;\">Fran\u00e7ais<\/span><\/p>\n<p><span style=\"color: #1b7575;\"><strong>Contact:<\/strong><\/span><\/p>\n<p><span style=\"color: #1b7575;\"><strong>0473 70 51 22<\/strong><\/span><\/p>\n<p><span style=\"color: #1b7575;\"><strong>ariane.dezalys@gmail.com<\/strong><\/span><\/p>\n<\/div>\n<p style=\"text-align: center;\">&nbsp;<\/p>\n<\/div>\n<\/div><\/div><\/div><div id=\"pgc-2227-0-1\"  class=\"panel-grid-cell\" ><div id=\"panel-2227-0-1-0\" class=\"so-panel widget widget_sow-editor panel-first-child panel-last-child\" data-index=\"1\" ><div\n\t\t\t\n\t\t\tclass=\"so-widget-sow-editor so-widget-sow-editor-base\"\n\t\t\t\n\t\t>\n<div class=\"siteorigin-widget-tinymce textwidget\">\n\t<p>NATUROPATHIE DE L'ENFANT - ADOLESCENT - ADULTE<\/p>\n<p>REFLEXOGIE PLANTAIRE<\/p>\n<p>Sp\u00e9cialis\u00e9e dans l\u2019accompagnement des adolescents et jeunes adultes<\/p>\n<p>La naturopathie propose un accompagnement global pour mettre en place<br \/>\nprogressivement des habitudes d\u2019hygi\u00e8ne de vie saine d\u00e8s l\u2019adolescence. Plusieurs techniques (en plus des 3 piliers \u00ab alimentation, exercice physique et gestion du stress et des \u00e9motions \u00bb) peuvent \u00eatre conseill\u00e9es de mani\u00e8re personnalis\u00e9e (en prenant en compte le cadre et le rythme de vie), soit en pr\u00e9ventif, soit en curatif pour soulager les d\u00e9s\u00e9quilibres pouvant survenir \u00e0 la pubert\u00e9 (entre autres)&nbsp;:<br \/>\n-alimentation d\u00e9structur\u00e9e, carences, troubles du comportement alimentaire<br \/>\n-probl\u00e8mes de peau et\/ ou de cheveux<br \/>\n-stress, anxi\u00e9t\u00e9, probl\u00e8me(s) de sommeil<br \/>\n-baisse d\u2019\u00e9nergie et de motivation<br \/>\n-probl\u00e9matique(s) de croissance (ex&nbsp;: compl\u00e9ment accompagnement<br \/>\nscoliose).<\/p>\n<p><strong>Consultations individuelles<\/strong><br \/>\nL\u2019approche naturopathique recherche la cause premi\u00e8re du d\u00e9s\u00e9quilibre pour \u00e9viter l\u2019anti symptomatique et venir r\u00e9soudre la probl\u00e9matique \u00e0 la base.<br \/>\nLors de la prise de rendez-vous, un questionnaire est envoy\u00e9, \u00e0 compl\u00e9ter pour le jour de la consultation (habitudes de vie : habitudes alimentaires, qualit\u00e9 des fonctions physiologiques et sommeil, activit\u00e9s physiques, loisirs, etc.).<br \/>\nLa consultation initiale dure 90 minutes et la consultation de suivi dure 45 minutes.<\/p>\n<p><strong>D\u00e9roul\u00e9 de la consultation initiale&nbsp;:<\/strong><br \/>\n-bilan biophysique<br \/>\n-discussion (revue questionnaire + collecte d\u2019autres informations)<br \/>\n-\u00e9tablissement premiers conseils naturopathiques.<\/p>\n<p>L\u2019ensemble des conseils (comprenant la cure naturopathique, avec annexes<br \/>\nd\u00e9crivant les techniques conseill\u00e9es) peut vous \u00eatre envoy\u00e9 par mail le soir m\u00eame ou dans les jours suivants.<\/p>\n<p><strong>Ateliers en petits groupes<\/strong> (6 personnes maximum) :<br \/>\nL\u2019objectif est une prise en charge dynamique et partag\u00e9e entre adolescents rencontrant les m\u00eames probl\u00e9matiques ou curieux de solutions pratiques naturelles pour prendre soin de leur sant\u00e9 et de leur bien-\u00eatre.<\/p>\n<p>Deux ateliers th\u00e9matiques en petits groupes peuvent \u00eatre donn\u00e9s au centre&nbsp;:<\/p>\n<p>- pr\u00e9paration aux examens, auditions etc (gestion stress et \u00e9motions)<br \/>\n- accompagnement des premi\u00e8res r\u00e8gles.<\/p>\n<p>Deux autres ateliers sont donn\u00e9s hors du centre&nbsp;:<\/p>\n<p>- nutrition : focus petit d\u00e9jeuner, collations et go\u00fbter<br \/>\n- hygi\u00e8ne au naturel (visage, corps et cheveux)<\/p>\n<p>Me contacter par message pour conna\u00eetre les informations pratiques li\u00e9es \u00e0 ces ateliers.<\/p>\n<p>La <strong>r\u00e9flexologie plantaire<\/strong> est une technique \u00e9nerg\u00e9tique visant \u00e0 d\u00e9nouer des blocages et relancer l\u2019\u00e9nergie du corps via des acupressions et massages sur des points r\u00e9flexes de la plante des pieds. En effet, chaque organe ou partie du corps peut \u00eatre repr\u00e9sent\u00e9e par un endroit pr\u00e9cis du pied. Cette technique de massage localis\u00e9 est adapt\u00e9e et tol\u00e9r\u00e9e par les adolescents et leur procure une d\u00e9tente profonde.<\/p>\n<p>La r\u00e9flexologie plantaire peut \u00eatre conseill\u00e9e dans les situations suivantes (entre autres):<br \/>\n-en compl\u00e9ment d\u2019une s\u00e9ance de kin\u00e9sith\u00e9rapie<br \/>\n-en cas de probl\u00e8mes de transit (ex&nbsp;: constipation, diarrh\u00e9e)<br \/>\n-en cas de probl\u00e8mes de peau (acn\u00e9 notamment)<br \/>\n-en cas de probl\u00e8mes de stress, anxi\u00e9t\u00e9, peurs, probl\u00e8mes de sommeil<br \/>\n-en cas de douleurs de r\u00e8gles<br \/>\nLa s\u00e9ance dure une heure (exposition probl\u00e9matique puis massage).<\/p>\n<p><strong>Prise de rendez-vous:<\/strong><\/p>\n<p><a href=\"https:\/\/calendly.com\/ariane-dezalys\">https:\/\/calendly.com\/ariane-dezalys<\/a><\/p>\n<\/div>\n<\/div><\/div><\/div><\/div><\/div>","protected":false},"excerpt":{"rendered":"<p>Consultations Mercredi de 13h30 \u00e0 19h00 Langue de consultation Fran\u00e7ais Contact: 0473 70 51 22 ariane.dezalys@gmail.com &nbsp; NATUROPATHIE DE L&#8217;ENFANT &#8211; ADOLESCENT &#8211; ADULTE REFLEXOGIE PLANTAIRE Sp\u00e9cialis\u00e9e dans l\u2019accompagnement des adolescents et jeunes adultes La naturopathie propose un accompagnement global pour mettre en place progressivement des habitudes d\u2019hygi\u00e8ne de vie saine d\u00e8s l\u2019adolescence. Plusieurs techniques&#8230; <a href=\"https:\/\/nestia.be\/index.php\/ariane-dezalys\/\">Continue reading <span class=\"screen-reader-text\">&#8220;Ariane DEZALYS &#8211; Naturopathie et R\u00e9flexologie plantaire&#8221;<\/span><\/a><\/p>\n","protected":false},"author":1,"featured_media":0,"parent":0,"menu_order":0,"comment_status":"closed","ping_status":"closed","template":"","meta":{"ngg_post_thumbnail":0,"_vp_format_video_url":"","_vp_image_focal_point":[],"footnotes":""},"class_list":["post-2227","page","type-page","status-publish","hentry"],"yoast_head":"<!-- This site is optimized with the Yoast SEO Premium plugin v23.4 (Yoast SEO v27.4) - https:\/\/yoast.com\/product\/yoast-seo-premium-wordpress\/ -->\n<title>Ariane DEZALYS - Naturopathie et R\u00e9flexologie plantaire - Centre Nestia<\/title>\n<meta name=\"description\" content=\"Ariane vous recoit le mercredi apr\u00e8s-midi au Centre Nestia \u00e0 Auderghem pour des s\u00e9ances de r\u00e9flexologie et de naturopathic\" \/>\n<meta name=\"robots\" content=\"index, follow, max-snippet:-1, max-image-preview:large, max-video-preview:-1\" \/>\n<link rel=\"canonical\" href=\"https:\/\/nestia.be\/index.php\/ariane-dezalys\/\" \/>\n<meta property=\"og:locale\" content=\"fr_FR\" \/>\n<meta property=\"og:type\" content=\"article\" \/>\n<meta property=\"og:title\" content=\"Ariane DEZALYS - Naturopathie et R\u00e9flexologie plantaire\" \/>\n<meta property=\"og:description\" content=\"Ariane vous recoit le mercredi apr\u00e8s-midi au Centre Nestia \u00e0 Auderghem pour des s\u00e9ances de r\u00e9flexologie et de naturopathic\" \/>\n<meta property=\"og:url\" content=\"https:\/\/nestia.be\/index.php\/ariane-dezalys\/\" \/>\n<meta property=\"og:site_name\" content=\"Centre Nestia\" \/>\n<meta property=\"article:modified_time\" content=\"2025-09-10T17:38:19+00:00\" \/>\n<meta property=\"og:image\" content=\"https:\/\/nestia.be\/wp-content\/uploads\/2024\/12\/IMG_0876.jpg\" \/>\n\t<meta property=\"og:image:width\" content=\"640\" \/>\n\t<meta property=\"og:image:height\" content=\"640\" \/>\n\t<meta property=\"og:image:type\" content=\"image\/jpeg\" \/>\n<meta name=\"twitter:card\" content=\"summary_large_image\" \/>\n<meta name=\"twitter:label1\" content=\"Dur\u00e9e de lecture estim\u00e9e\" \/>\n\t<meta name=\"twitter:data1\" content=\"3 minutes\" \/>\n<script type=\"application\/ld+json\" class=\"yoast-schema-graph\">{\"@context\":\"https:\\\/\\\/schema.org\",\"@graph\":[{\"@type\":\"WebPage\",\"@id\":\"https:\\\/\\\/nestia.be\\\/index.php\\\/ariane-dezalys\\\/\",\"url\":\"https:\\\/\\\/nestia.be\\\/index.php\\\/ariane-dezalys\\\/\",\"name\":\"Ariane DEZALYS - Naturopathie et R\u00e9flexologie plantaire - Centre Nestia\",\"isPartOf\":{\"@id\":\"https:\\\/\\\/nestia.be\\\/#website\"},\"primaryImageOfPage\":{\"@id\":\"https:\\\/\\\/nestia.be\\\/index.php\\\/ariane-dezalys\\\/#primaryimage\"},\"image\":{\"@id\":\"https:\\\/\\\/nestia.be\\\/index.php\\\/ariane-dezalys\\\/#primaryimage\"},\"thumbnailUrl\":\"https:\\\/\\\/nestia.be\\\/wp-content\\\/uploads\\\/2024\\\/12\\\/IMG_0876-300x300.jpg\",\"datePublished\":\"2024-01-13T18:58:46+00:00\",\"dateModified\":\"2025-09-10T17:38:19+00:00\",\"description\":\"Ariane vous recoit le mercredi apr\u00e8s-midi au Centre Nestia \u00e0 Auderghem pour des s\u00e9ances de r\u00e9flexologie et de naturopathic\",\"breadcrumb\":{\"@id\":\"https:\\\/\\\/nestia.be\\\/index.php\\\/ariane-dezalys\\\/#breadcrumb\"},\"inLanguage\":\"fr-FR\",\"potentialAction\":[{\"@type\":\"ReadAction\",\"target\":[\"https:\\\/\\\/nestia.be\\\/index.php\\\/ariane-dezalys\\\/\"]}]},{\"@type\":\"ImageObject\",\"inLanguage\":\"fr-FR\",\"@id\":\"https:\\\/\\\/nestia.be\\\/index.php\\\/ariane-dezalys\\\/#primaryimage\",\"url\":\"https:\\\/\\\/nestia.be\\\/wp-content\\\/uploads\\\/2024\\\/12\\\/IMG_0876.jpg\",\"contentUrl\":\"https:\\\/\\\/nestia.be\\\/wp-content\\\/uploads\\\/2024\\\/12\\\/IMG_0876.jpg\",\"width\":640,\"height\":640},{\"@type\":\"BreadcrumbList\",\"@id\":\"https:\\\/\\\/nestia.be\\\/index.php\\\/ariane-dezalys\\\/#breadcrumb\",\"itemListElement\":[{\"@type\":\"ListItem\",\"position\":1,\"name\":\"Accueil\",\"item\":\"https:\\\/\\\/nestia.be\\\/\"},{\"@type\":\"ListItem\",\"position\":2,\"name\":\"Ariane DEZALYS &#8211; Naturopathie et R\u00e9flexologie plantaire\"}]},{\"@type\":\"WebSite\",\"@id\":\"https:\\\/\\\/nestia.be\\\/#website\",\"url\":\"https:\\\/\\\/nestia.be\\\/\",\"name\":\"Centre Nestia\",\"description\":\"Centre pluridisciplinaire P\u00e9diatrique, P\u00e9rinatal et Familial\",\"publisher\":{\"@id\":\"https:\\\/\\\/nestia.be\\\/#organization\"},\"potentialAction\":[{\"@type\":\"SearchAction\",\"target\":{\"@type\":\"EntryPoint\",\"urlTemplate\":\"https:\\\/\\\/nestia.be\\\/?s={search_term_string}\"},\"query-input\":{\"@type\":\"PropertyValueSpecification\",\"valueRequired\":true,\"valueName\":\"search_term_string\"}}],\"inLanguage\":\"fr-FR\"},{\"@type\":\"Organization\",\"@id\":\"https:\\\/\\\/nestia.be\\\/#organization\",\"name\":\"Centre Nestia\",\"url\":\"https:\\\/\\\/nestia.be\\\/\",\"logo\":{\"@type\":\"ImageObject\",\"inLanguage\":\"fr-FR\",\"@id\":\"https:\\\/\\\/nestia.be\\\/#\\\/schema\\\/logo\\\/image\\\/\",\"url\":\"https:\\\/\\\/nestia.be\\\/wp-content\\\/uploads\\\/2020\\\/12\\\/cropped-69706906_116330719731047_3337316616944746496_n.jpg\",\"contentUrl\":\"https:\\\/\\\/nestia.be\\\/wp-content\\\/uploads\\\/2020\\\/12\\\/cropped-69706906_116330719731047_3337316616944746496_n.jpg\",\"width\":594,\"height\":433,\"caption\":\"Centre Nestia\"},\"image\":{\"@id\":\"https:\\\/\\\/nestia.be\\\/#\\\/schema\\\/logo\\\/image\\\/\"}}]}<\/script>\n<!-- \/ Yoast SEO Premium plugin. -->","yoast_head_json":{"title":"Ariane DEZALYS - Naturopathie et R\u00e9flexologie plantaire - Centre Nestia","description":"Ariane vous recoit le mercredi apr\u00e8s-midi au Centre Nestia \u00e0 Auderghem pour des s\u00e9ances de r\u00e9flexologie et de naturopathic","robots":{"index":"index","follow":"follow","max-snippet":"max-snippet:-1","max-image-preview":"max-image-preview:large","max-video-preview":"max-video-preview:-1"},"canonical":"https:\/\/nestia.be\/index.php\/ariane-dezalys\/","og_locale":"fr_FR","og_type":"article","og_title":"Ariane DEZALYS - Naturopathie et R\u00e9flexologie plantaire","og_description":"Ariane vous recoit le mercredi apr\u00e8s-midi au Centre Nestia \u00e0 Auderghem pour des s\u00e9ances de r\u00e9flexologie et de naturopathic","og_url":"https:\/\/nestia.be\/index.php\/ariane-dezalys\/","og_site_name":"Centre Nestia","article_modified_time":"2025-09-10T17:38:19+00:00","og_image":[{"width":640,"height":640,"url":"https:\/\/nestia.be\/wp-content\/uploads\/2024\/12\/IMG_0876.jpg","type":"image\/jpeg"}],"twitter_card":"summary_large_image","twitter_misc":{"Dur\u00e9e de lecture estim\u00e9e":"3 minutes"},"schema":{"@context":"https:\/\/schema.org","@graph":[{"@type":"WebPage","@id":"https:\/\/nestia.be\/index.php\/ariane-dezalys\/","url":"https:\/\/nestia.be\/index.php\/ariane-dezalys\/","name":"Ariane DEZALYS - Naturopathie et R\u00e9flexologie plantaire - Centre Nestia","isPartOf":{"@id":"https:\/\/nestia.be\/#website"},"primaryImageOfPage":{"@id":"https:\/\/nestia.be\/index.php\/ariane-dezalys\/#primaryimage"},"image":{"@id":"https:\/\/nestia.be\/index.php\/ariane-dezalys\/#primaryimage"},"thumbnailUrl":"https:\/\/nestia.be\/wp-content\/uploads\/2024\/12\/IMG_0876-300x300.jpg","datePublished":"2024-01-13T18:58:46+00:00","dateModified":"2025-09-10T17:38:19+00:00","description":"Ariane vous recoit le mercredi apr\u00e8s-midi au Centre Nestia \u00e0 Auderghem pour des s\u00e9ances de r\u00e9flexologie et de naturopathic","breadcrumb":{"@id":"https:\/\/nestia.be\/index.php\/ariane-dezalys\/#breadcrumb"},"inLanguage":"fr-FR","potentialAction":[{"@type":"ReadAction","target":["https:\/\/nestia.be\/index.php\/ariane-dezalys\/"]}]},{"@type":"ImageObject","inLanguage":"fr-FR","@id":"https:\/\/nestia.be\/index.php\/ariane-dezalys\/#primaryimage","url":"https:\/\/nestia.be\/wp-content\/uploads\/2024\/12\/IMG_0876.jpg","contentUrl":"https:\/\/nestia.be\/wp-content\/uploads\/2024\/12\/IMG_0876.jpg","width":640,"height":640},{"@type":"BreadcrumbList","@id":"https:\/\/nestia.be\/index.php\/ariane-dezalys\/#breadcrumb","itemListElement":[{"@type":"ListItem","position":1,"name":"Accueil","item":"https:\/\/nestia.be\/"},{"@type":"ListItem","position":2,"name":"Ariane DEZALYS &#8211; Naturopathie et R\u00e9flexologie plantaire"}]},{"@type":"WebSite","@id":"https:\/\/nestia.be\/#website","url":"https:\/\/nestia.be\/","name":"Centre Nestia","description":"Centre pluridisciplinaire P\u00e9diatrique, P\u00e9rinatal et Familial","publisher":{"@id":"https:\/\/nestia.be\/#organization"},"potentialAction":[{"@type":"SearchAction","target":{"@type":"EntryPoint","urlTemplate":"https:\/\/nestia.be\/?s={search_term_string}"},"query-input":{"@type":"PropertyValueSpecification","valueRequired":true,"valueName":"search_term_string"}}],"inLanguage":"fr-FR"},{"@type":"Organization","@id":"https:\/\/nestia.be\/#organization","name":"Centre Nestia","url":"https:\/\/nestia.be\/","logo":{"@type":"ImageObject","inLanguage":"fr-FR","@id":"https:\/\/nestia.be\/#\/schema\/logo\/image\/","url":"https:\/\/nestia.be\/wp-content\/uploads\/2020\/12\/cropped-69706906_116330719731047_3337316616944746496_n.jpg","contentUrl":"https:\/\/nestia.be\/wp-content\/uploads\/2020\/12\/cropped-69706906_116330719731047_3337316616944746496_n.jpg","width":594,"height":433,"caption":"Centre Nestia"},"image":{"@id":"https:\/\/nestia.be\/#\/schema\/logo\/image\/"}}]}},"_links":{"self":[{"href":"https:\/\/nestia.be\/index.php\/wp-json\/wp\/v2\/pages\/2227","targetHints":{"allow":["GET"]}}],"collection":[{"href":"https:\/\/nestia.be\/index.php\/wp-json\/wp\/v2\/pages"}],"about":[{"href":"https:\/\/nestia.be\/index.php\/wp-json\/wp\/v2\/types\/page"}],"author":[{"embeddable":true,"href":"https:\/\/nestia.be\/index.php\/wp-json\/wp\/v2\/users\/1"}],"replies":[{"embeddable":true,"href":"https:\/\/nestia.be\/index.php\/wp-json\/wp\/v2\/comments?post=2227"}],"version-history":[{"count":11,"href":"https:\/\/nestia.be\/index.php\/wp-json\/wp\/v2\/pages\/2227\/revisions"}],"predecessor-version":[{"id":2623,"href":"https:\/\/nestia.be\/index.php\/wp-json\/wp\/v2\/pages\/2227\/revisions\/2623"}],"wp:attachment":[{"href":"https:\/\/nestia.be\/index.php\/wp-json\/wp\/v2\/media?parent=2227"}],"curies":[{"name":"wp","href":"https:\/\/api.w.org\/{rel}","templated":true}]}}