{"id":2169,"date":"2023-11-13T17:05:05","date_gmt":"2023-11-13T16:05:05","guid":{"rendered":"https:\/\/nestia.be\/?page_id=2169"},"modified":"2025-05-16T17:59:20","modified_gmt":"2025-05-16T15:59:20","slug":"psychomotricite-2","status":"publish","type":"page","link":"https:\/\/nestia.be\/index.php\/psychomotricite-2\/","title":{"rendered":"Psychomotricit\u00e9"},"content":{"rendered":"<div id=\"pl-2169\"  class=\"panel-layout\" ><div id=\"pg-2169-0\"  class=\"panel-grid panel-no-style\" ><div id=\"pgc-2169-0-0\"  class=\"panel-grid-cell\" ><div id=\"panel-2169-0-0-0\" class=\"so-panel widget widget_sow-editor panel-first-child panel-last-child\" data-index=\"0\" ><div\n\t\t\t\n\t\t\tclass=\"so-widget-sow-editor so-widget-sow-editor-base\"\n\t\t\t\n\t\t>\n<div class=\"siteorigin-widget-tinymce textwidget\">\n\t<p><img loading=\"lazy\" decoding=\"async\" class=\"aligncenter size-medium wp-image-2170\" src=\"https:\/\/nestia.be\/wp-content\/uploads\/2023\/11\/photo-psychomot-284x300.jpg\" alt=\"\" width=\"284\" height=\"300\" srcset=\"https:\/\/nestia.be\/wp-content\/uploads\/2023\/11\/photo-psychomot-284x300.jpg 284w, https:\/\/nestia.be\/wp-content\/uploads\/2023\/11\/photo-psychomot-971x1024.jpg 971w, https:\/\/nestia.be\/wp-content\/uploads\/2023\/11\/photo-psychomot-768x810.jpg 768w, https:\/\/nestia.be\/wp-content\/uploads\/2023\/11\/photo-psychomot-1456x1536.jpg 1456w, https:\/\/nestia.be\/wp-content\/uploads\/2023\/11\/photo-psychomot-1942x2048.jpg 1942w, https:\/\/nestia.be\/wp-content\/uploads\/2023\/11\/photo-psychomot-500x527.jpg 500w, https:\/\/nestia.be\/wp-content\/uploads\/2023\/11\/photo-psychomot-800x844.jpg 800w, https:\/\/nestia.be\/wp-content\/uploads\/2023\/11\/photo-psychomot-1280x1350.jpg 1280w, https:\/\/nestia.be\/wp-content\/uploads\/2023\/11\/photo-psychomot-1920x2025.jpg 1920w, https:\/\/nestia.be\/wp-content\/uploads\/2023\/11\/photo-psychomot-612x645.jpg 612w, https:\/\/nestia.be\/wp-content\/uploads\/2023\/11\/photo-psychomot-1224x1291.jpg 1224w, https:\/\/nestia.be\/wp-content\/uploads\/2023\/11\/photo-psychomot-936x987.jpg 936w, https:\/\/nestia.be\/wp-content\/uploads\/2023\/11\/photo-psychomot-1872x1974.jpg 1872w, https:\/\/nestia.be\/wp-content\/uploads\/2023\/11\/photo-psychomot-1440x1519.jpg 1440w, https:\/\/nestia.be\/wp-content\/uploads\/2023\/11\/photo-psychomot-720x759.jpg 720w\" sizes=\"auto, (max-width: 284px) 100vw, 284px\" \/><\/p>\n<p>Le psychomotricien&nbsp;intervient dans le champ de la sant\u00e9, de l\u2019\u00e9ducation<br \/>\net de la recherche.&nbsp;En lien avec les autres professionnels, il contribue au<br \/>\nd\u00e9veloppement global de la personne par la pr\u00e9vention, les soins, la<br \/>\nth\u00e9rapie.<\/p>\n<p>A travers le dialogue tonico-\u00e9motionnel, la relation et le processus de<br \/>\nsymbolisation, le psychomotricien favorise l\u2019int\u00e9gration des fonctions<br \/>\nmotrices, \u00e9motionnelles, cognitives et symboliques de la personne, et<br \/>\n<strong>consid\u00e8re le corps<\/strong> (et plus particuli\u00e8rement la mise en action tonique<br \/>\net corporelle) <strong>comme le fondement de la construction psychique<\/strong>.<\/p>\n<p>Il met en \u0153uvre une m\u00e9thodologie de l\u2019observation et r\u00e9alise des bilans<br \/>\nd\u2019\u00e9valuation de la dynamique psychomotrice. Ses outils&nbsp;sont<br \/>\nnotamment des techniques psychocorporelles, des techniques de<br \/>\nrelaxation, des m\u00e9diations corporelles, l\u2019expressivit\u00e9 posturale et<br \/>\ngestuelle, le jeu corporel, etc.<\/p>\n<p>Le psychomotricien assure des prises en charge individuelles et\/ou<br \/>\ncollectives dans le champ du soutien au d\u00e9veloppement psychomoteur,<br \/>\ndu maintien de la sant\u00e9 et du bien-\u00eatre. Il intervient aupr\u00e8s des<br \/>\n<strong>personnes de tout \u00e2ge pr\u00e9sentant<\/strong>, ou non encore, des difficult\u00e9s<br \/>\nd\u2019apprentissage, porteuse de handicaps, des difficult\u00e9s motrices ou<br \/>\nphysiques, des difficult\u00e9s psychiques, psychosociales ou psychiatriques.<\/p>\n<p>Plus d\u2019informations sur le site de l\u2019<a href=\"https:\/\/www.upbpf.be\/le- psychomotricien\">Union Professionnelle Belge des<\/a><br \/>\n<a href=\"https:\/\/www.upbpf.be\/le- psychomotricien\">Psychomotriciens Francophones&nbsp;UPBPF&nbsp;<\/a><\/p>\n<p><strong><span style=\"color: #1b7575;\">La psychomotricienne du centre Nestia&nbsp;:<\/span><\/strong><br \/>\n<span style=\"color: #1b7575;\"><a style=\"color: #1b7575;\" href=\"https:\/\/nestia.be\/index.php\/psychomotricite-auderghem\/\">Estelle Gallot<\/a>&nbsp;<\/span>: psychomotricienne, relation parent-enfant. Consultation<br \/>\nle jeudi matin ou vendredi matin.<br \/>\n0474\/87.22.31<\/p>\n<\/div>\n<\/div><\/div><\/div><\/div><\/div>","protected":false},"excerpt":{"rendered":"<p>Le psychomotricien&nbsp;intervient dans le champ de la sant\u00e9, de l\u2019\u00e9ducation et de la recherche.&nbsp;En lien avec les autres professionnels, il contribue au d\u00e9veloppement global de la personne par la pr\u00e9vention, les soins, la th\u00e9rapie. A travers le dialogue tonico-\u00e9motionnel, la relation et le processus de symbolisation, le psychomotricien favorise l\u2019int\u00e9gration des fonctions motrices, \u00e9motionnelles, cognitives&#8230; <a href=\"https:\/\/nestia.be\/index.php\/psychomotricite-2\/\">Continue reading <span class=\"screen-reader-text\">&#8220;Psychomotricit\u00e9&#8221;<\/span><\/a><\/p>\n","protected":false},"author":1,"featured_media":0,"parent":0,"menu_order":0,"comment_status":"closed","ping_status":"closed","template":"","meta":{"ngg_post_thumbnail":0,"_vp_format_video_url":"","_vp_image_focal_point":[],"footnotes":""},"class_list":["post-2169","page","type-page","status-publish","hentry"],"yoast_head":"<!-- This site is optimized with the Yoast SEO Premium plugin v23.4 (Yoast SEO v27.3) - https:\/\/yoast.com\/product\/yoast-seo-premium-wordpress\/ -->\n<title>Psychomotricit\u00e9 - Centre Nestia<\/title>\n<meta name=\"robots\" content=\"index, follow, max-snippet:-1, max-image-preview:large, max-video-preview:-1\" \/>\n<link rel=\"canonical\" href=\"https:\/\/nestia.be\/index.php\/psychomotricite-2\/\" \/>\n<meta property=\"og:locale\" content=\"fr_FR\" \/>\n<meta property=\"og:type\" content=\"article\" \/>\n<meta property=\"og:title\" content=\"Psychomotricit\u00e9\" \/>\n<meta property=\"og:description\" content=\"Le psychomotricien&nbsp;intervient dans le champ de la sant\u00e9, de l\u2019\u00e9ducation et de la recherche.&nbsp;En lien avec les autres professionnels, il contribue au d\u00e9veloppement global de la personne par la pr\u00e9vention, les soins, la th\u00e9rapie. A travers le dialogue tonico-\u00e9motionnel, la relation et le processus de symbolisation, le psychomotricien favorise l\u2019int\u00e9gration des fonctions motrices, \u00e9motionnelles, cognitives... Continue reading &quot;Psychomotricit\u00e9&quot;\" \/>\n<meta property=\"og:url\" content=\"https:\/\/nestia.be\/index.php\/psychomotricite-2\/\" \/>\n<meta property=\"og:site_name\" content=\"Centre Nestia\" \/>\n<meta property=\"article:modified_time\" content=\"2025-05-16T15:59:20+00:00\" \/>\n<meta property=\"og:image\" content=\"https:\/\/nestia.be\/wp-content\/uploads\/2023\/11\/photo-psychomot-scaled.jpg\" \/>\n\t<meta property=\"og:image:width\" content=\"2427\" \/>\n\t<meta property=\"og:image:height\" content=\"2560\" \/>\n\t<meta property=\"og:image:type\" content=\"image\/jpeg\" \/>\n<meta name=\"twitter:card\" content=\"summary_large_image\" \/>\n<meta name=\"twitter:label1\" content=\"Dur\u00e9e de lecture estim\u00e9e\" \/>\n\t<meta name=\"twitter:data1\" content=\"2 minutes\" \/>\n<script type=\"application\/ld+json\" class=\"yoast-schema-graph\">{\"@context\":\"https:\\\/\\\/schema.org\",\"@graph\":[{\"@type\":\"WebPage\",\"@id\":\"https:\\\/\\\/nestia.be\\\/index.php\\\/psychomotricite-2\\\/\",\"url\":\"https:\\\/\\\/nestia.be\\\/index.php\\\/psychomotricite-2\\\/\",\"name\":\"Psychomotricit\u00e9 - Centre Nestia\",\"isPartOf\":{\"@id\":\"https:\\\/\\\/nestia.be\\\/#website\"},\"primaryImageOfPage\":{\"@id\":\"https:\\\/\\\/nestia.be\\\/index.php\\\/psychomotricite-2\\\/#primaryimage\"},\"image\":{\"@id\":\"https:\\\/\\\/nestia.be\\\/index.php\\\/psychomotricite-2\\\/#primaryimage\"},\"thumbnailUrl\":\"https:\\\/\\\/nestia.be\\\/wp-content\\\/uploads\\\/2023\\\/11\\\/photo-psychomot-284x300.jpg\",\"datePublished\":\"2023-11-13T16:05:05+00:00\",\"dateModified\":\"2025-05-16T15:59:20+00:00\",\"breadcrumb\":{\"@id\":\"https:\\\/\\\/nestia.be\\\/index.php\\\/psychomotricite-2\\\/#breadcrumb\"},\"inLanguage\":\"fr-FR\",\"potentialAction\":[{\"@type\":\"ReadAction\",\"target\":[\"https:\\\/\\\/nestia.be\\\/index.php\\\/psychomotricite-2\\\/\"]}]},{\"@type\":\"ImageObject\",\"inLanguage\":\"fr-FR\",\"@id\":\"https:\\\/\\\/nestia.be\\\/index.php\\\/psychomotricite-2\\\/#primaryimage\",\"url\":\"https:\\\/\\\/nestia.be\\\/wp-content\\\/uploads\\\/2023\\\/11\\\/photo-psychomot-scaled.jpg\",\"contentUrl\":\"https:\\\/\\\/nestia.be\\\/wp-content\\\/uploads\\\/2023\\\/11\\\/photo-psychomot-scaled.jpg\",\"width\":2427,\"height\":2560},{\"@type\":\"BreadcrumbList\",\"@id\":\"https:\\\/\\\/nestia.be\\\/index.php\\\/psychomotricite-2\\\/#breadcrumb\",\"itemListElement\":[{\"@type\":\"ListItem\",\"position\":1,\"name\":\"Accueil\",\"item\":\"https:\\\/\\\/nestia.be\\\/\"},{\"@type\":\"ListItem\",\"position\":2,\"name\":\"Psychomotricit\u00e9\"}]},{\"@type\":\"WebSite\",\"@id\":\"https:\\\/\\\/nestia.be\\\/#website\",\"url\":\"https:\\\/\\\/nestia.be\\\/\",\"name\":\"Centre Nestia\",\"description\":\"Centre pluridisciplinaire P\u00e9diatrique, P\u00e9rinatal et Familial\",\"publisher\":{\"@id\":\"https:\\\/\\\/nestia.be\\\/#organization\"},\"potentialAction\":[{\"@type\":\"SearchAction\",\"target\":{\"@type\":\"EntryPoint\",\"urlTemplate\":\"https:\\\/\\\/nestia.be\\\/?s={search_term_string}\"},\"query-input\":{\"@type\":\"PropertyValueSpecification\",\"valueRequired\":true,\"valueName\":\"search_term_string\"}}],\"inLanguage\":\"fr-FR\"},{\"@type\":\"Organization\",\"@id\":\"https:\\\/\\\/nestia.be\\\/#organization\",\"name\":\"Centre Nestia\",\"url\":\"https:\\\/\\\/nestia.be\\\/\",\"logo\":{\"@type\":\"ImageObject\",\"inLanguage\":\"fr-FR\",\"@id\":\"https:\\\/\\\/nestia.be\\\/#\\\/schema\\\/logo\\\/image\\\/\",\"url\":\"https:\\\/\\\/nestia.be\\\/wp-content\\\/uploads\\\/2020\\\/12\\\/cropped-69706906_116330719731047_3337316616944746496_n.jpg\",\"contentUrl\":\"https:\\\/\\\/nestia.be\\\/wp-content\\\/uploads\\\/2020\\\/12\\\/cropped-69706906_116330719731047_3337316616944746496_n.jpg\",\"width\":594,\"height\":433,\"caption\":\"Centre Nestia\"},\"image\":{\"@id\":\"https:\\\/\\\/nestia.be\\\/#\\\/schema\\\/logo\\\/image\\\/\"}}]}<\/script>\n<!-- \/ Yoast SEO Premium plugin. -->","yoast_head_json":{"title":"Psychomotricit\u00e9 - Centre Nestia","robots":{"index":"index","follow":"follow","max-snippet":"max-snippet:-1","max-image-preview":"max-image-preview:large","max-video-preview":"max-video-preview:-1"},"canonical":"https:\/\/nestia.be\/index.php\/psychomotricite-2\/","og_locale":"fr_FR","og_type":"article","og_title":"Psychomotricit\u00e9","og_description":"Le psychomotricien&nbsp;intervient dans le champ de la sant\u00e9, de l\u2019\u00e9ducation et de la recherche.&nbsp;En lien avec les autres professionnels, il contribue au d\u00e9veloppement global de la personne par la pr\u00e9vention, les soins, la th\u00e9rapie. A travers le dialogue tonico-\u00e9motionnel, la relation et le processus de symbolisation, le psychomotricien favorise l\u2019int\u00e9gration des fonctions motrices, \u00e9motionnelles, cognitives... Continue reading \"Psychomotricit\u00e9\"","og_url":"https:\/\/nestia.be\/index.php\/psychomotricite-2\/","og_site_name":"Centre Nestia","article_modified_time":"2025-05-16T15:59:20+00:00","og_image":[{"width":2427,"height":2560,"url":"https:\/\/nestia.be\/wp-content\/uploads\/2023\/11\/photo-psychomot-scaled.jpg","type":"image\/jpeg"}],"twitter_card":"summary_large_image","twitter_misc":{"Dur\u00e9e de lecture estim\u00e9e":"2 minutes"},"schema":{"@context":"https:\/\/schema.org","@graph":[{"@type":"WebPage","@id":"https:\/\/nestia.be\/index.php\/psychomotricite-2\/","url":"https:\/\/nestia.be\/index.php\/psychomotricite-2\/","name":"Psychomotricit\u00e9 - Centre Nestia","isPartOf":{"@id":"https:\/\/nestia.be\/#website"},"primaryImageOfPage":{"@id":"https:\/\/nestia.be\/index.php\/psychomotricite-2\/#primaryimage"},"image":{"@id":"https:\/\/nestia.be\/index.php\/psychomotricite-2\/#primaryimage"},"thumbnailUrl":"https:\/\/nestia.be\/wp-content\/uploads\/2023\/11\/photo-psychomot-284x300.jpg","datePublished":"2023-11-13T16:05:05+00:00","dateModified":"2025-05-16T15:59:20+00:00","breadcrumb":{"@id":"https:\/\/nestia.be\/index.php\/psychomotricite-2\/#breadcrumb"},"inLanguage":"fr-FR","potentialAction":[{"@type":"ReadAction","target":["https:\/\/nestia.be\/index.php\/psychomotricite-2\/"]}]},{"@type":"ImageObject","inLanguage":"fr-FR","@id":"https:\/\/nestia.be\/index.php\/psychomotricite-2\/#primaryimage","url":"https:\/\/nestia.be\/wp-content\/uploads\/2023\/11\/photo-psychomot-scaled.jpg","contentUrl":"https:\/\/nestia.be\/wp-content\/uploads\/2023\/11\/photo-psychomot-scaled.jpg","width":2427,"height":2560},{"@type":"BreadcrumbList","@id":"https:\/\/nestia.be\/index.php\/psychomotricite-2\/#breadcrumb","itemListElement":[{"@type":"ListItem","position":1,"name":"Accueil","item":"https:\/\/nestia.be\/"},{"@type":"ListItem","position":2,"name":"Psychomotricit\u00e9"}]},{"@type":"WebSite","@id":"https:\/\/nestia.be\/#website","url":"https:\/\/nestia.be\/","name":"Centre Nestia","description":"Centre pluridisciplinaire P\u00e9diatrique, P\u00e9rinatal et Familial","publisher":{"@id":"https:\/\/nestia.be\/#organization"},"potentialAction":[{"@type":"SearchAction","target":{"@type":"EntryPoint","urlTemplate":"https:\/\/nestia.be\/?s={search_term_string}"},"query-input":{"@type":"PropertyValueSpecification","valueRequired":true,"valueName":"search_term_string"}}],"inLanguage":"fr-FR"},{"@type":"Organization","@id":"https:\/\/nestia.be\/#organization","name":"Centre Nestia","url":"https:\/\/nestia.be\/","logo":{"@type":"ImageObject","inLanguage":"fr-FR","@id":"https:\/\/nestia.be\/#\/schema\/logo\/image\/","url":"https:\/\/nestia.be\/wp-content\/uploads\/2020\/12\/cropped-69706906_116330719731047_3337316616944746496_n.jpg","contentUrl":"https:\/\/nestia.be\/wp-content\/uploads\/2020\/12\/cropped-69706906_116330719731047_3337316616944746496_n.jpg","width":594,"height":433,"caption":"Centre Nestia"},"image":{"@id":"https:\/\/nestia.be\/#\/schema\/logo\/image\/"}}]}},"_links":{"self":[{"href":"https:\/\/nestia.be\/index.php\/wp-json\/wp\/v2\/pages\/2169","targetHints":{"allow":["GET"]}}],"collection":[{"href":"https:\/\/nestia.be\/index.php\/wp-json\/wp\/v2\/pages"}],"about":[{"href":"https:\/\/nestia.be\/index.php\/wp-json\/wp\/v2\/types\/page"}],"author":[{"embeddable":true,"href":"https:\/\/nestia.be\/index.php\/wp-json\/wp\/v2\/users\/1"}],"replies":[{"embeddable":true,"href":"https:\/\/nestia.be\/index.php\/wp-json\/wp\/v2\/comments?post=2169"}],"version-history":[{"count":3,"href":"https:\/\/nestia.be\/index.php\/wp-json\/wp\/v2\/pages\/2169\/revisions"}],"predecessor-version":[{"id":2558,"href":"https:\/\/nestia.be\/index.php\/wp-json\/wp\/v2\/pages\/2169\/revisions\/2558"}],"wp:attachment":[{"href":"https:\/\/nestia.be\/index.php\/wp-json\/wp\/v2\/media?parent=2169"}],"curies":[{"name":"wp","href":"https:\/\/api.w.org\/{rel}","templated":true}]}}