{"id":2103,"date":"2023-10-24T19:44:45","date_gmt":"2023-10-24T17:44:45","guid":{"rendered":"https:\/\/nestia.be\/?page_id=2103"},"modified":"2026-03-04T14:54:38","modified_gmt":"2026-03-04T13:54:38","slug":"tatiana-milkovic-hypnose-sophrologie-reiki","status":"publish","type":"page","link":"https:\/\/nestia.be\/index.php\/tatiana-milkovic-hypnose-sophrologie-reiki\/","title":{"rendered":"Tatiana Milkovic &#8211; Hypnose , Sophrologie, Th\u00e9rapie Br\u00e8ve Palo Alto"},"content":{"rendered":"<div id=\"pl-2103\"  class=\"panel-layout\" ><div id=\"pg-2103-0\"  class=\"panel-grid panel-no-style\" ><div id=\"pgc-2103-0-0\"  class=\"panel-grid-cell\" ><div id=\"panel-2103-0-0-0\" class=\"so-panel widget widget_sow-editor panel-first-child panel-last-child\" data-index=\"0\" ><div\n\t\t\t\n\t\t\tclass=\"so-widget-sow-editor so-widget-sow-editor-base\"\n\t\t\t\n\t\t>\n<div class=\"siteorigin-widget-tinymce textwidget\">\n\t<p style=\"text-align: center;\"><span style=\"color: #1b7575;\"><b><img loading=\"lazy\" decoding=\"async\" class=\"aligncenter size-medium wp-image-2126\" src=\"https:\/\/nestia.be\/wp-content\/uploads\/2023\/10\/IMG_9388-300x300.jpeg\" alt=\"\" width=\"300\" height=\"300\" srcset=\"https:\/\/nestia.be\/wp-content\/uploads\/2023\/10\/IMG_9388-300x300.jpeg 300w, https:\/\/nestia.be\/wp-content\/uploads\/2023\/10\/IMG_9388-1024x1024.jpeg 1024w, https:\/\/nestia.be\/wp-content\/uploads\/2023\/10\/IMG_9388-150x150.jpeg 150w, https:\/\/nestia.be\/wp-content\/uploads\/2023\/10\/IMG_9388-768x768.jpeg 768w, https:\/\/nestia.be\/wp-content\/uploads\/2023\/10\/IMG_9388-1536x1536.jpeg 1536w, https:\/\/nestia.be\/wp-content\/uploads\/2023\/10\/IMG_9388-500x500.jpeg 500w, https:\/\/nestia.be\/wp-content\/uploads\/2023\/10\/IMG_9388-800x800.jpeg 800w, https:\/\/nestia.be\/wp-content\/uploads\/2023\/10\/IMG_9388-1280x1280.jpeg 1280w, https:\/\/nestia.be\/wp-content\/uploads\/2023\/10\/IMG_9388-1920x1920.jpeg 1920w, https:\/\/nestia.be\/wp-content\/uploads\/2023\/10\/IMG_9388-612x612.jpeg 612w, https:\/\/nestia.be\/wp-content\/uploads\/2023\/10\/IMG_9388-1224x1224.jpeg 1224w, https:\/\/nestia.be\/wp-content\/uploads\/2023\/10\/IMG_9388-936x936.jpeg 936w, https:\/\/nestia.be\/wp-content\/uploads\/2023\/10\/IMG_9388-1872x1872.jpeg 1872w, https:\/\/nestia.be\/wp-content\/uploads\/2023\/10\/IMG_9388-1440x1440.jpeg 1440w, https:\/\/nestia.be\/wp-content\/uploads\/2023\/10\/IMG_9388-720x720.jpeg 720w, https:\/\/nestia.be\/wp-content\/uploads\/2023\/10\/IMG_9388.jpeg 2000w\" sizes=\"auto, (max-width: 300px) 100vw, 300px\" \/><br \/>\nConsultations<\/b><\/span><\/p>\n<p style=\"text-align: center;\"><span style=\"color: #1b7575;\">Mardi 13h30 -18h00<\/span><\/p>\n<p style=\"text-align: center;\"><span style=\"color: #1b7575;\"><strong>Contact<\/strong><\/span><\/p>\n<p style=\"text-align: center;\"><span style=\"font-weight: 400; color: #1b7575;\">0483\/43.82.64<\/span><\/p>\n<p style=\"text-align: center;\"><a href=\"mailto:Lesailesdelaconfiance@hotmail.com\" target=\"_blank\" rel=\"noopener\">Lesailesdelaconfiance@hotmail.<wbr \/>com<\/a><\/p>\n<p style=\"text-align: center;\"><span style=\"color: #1b7575;\"><a style=\"color: #1b7575;\" href=\"http:\/\/www.unmomentasoi.be\"><span style=\"font-weight: 400;\">www.unmomentasoi.be<\/span><\/a><\/span><\/p>\n<p style=\"text-align: center;\"><strong><span style=\"color: #1b7575;\">Langues parl\u00e9es&nbsp;<\/span><\/strong><\/p>\n<p style=\"text-align: center;\"><span style=\"font-weight: 400; color: #1b7575;\">Fran\u00e7ais et espagnol<\/span><\/p>\n<p style=\"text-align: center;\">&nbsp;<\/p>\n<p style=\"text-align: center;\"><span style=\"color: #1b7575;\"><strong>Prise de RDV en ligne en bas de la page<\/strong><\/span><\/p>\n<\/div>\n<\/div><\/div><\/div><div id=\"pgc-2103-0-1\"  class=\"panel-grid-cell\" ><div id=\"panel-2103-0-1-0\" class=\"so-panel widget widget_sow-editor panel-first-child panel-last-child\" data-index=\"1\" ><div\n\t\t\t\n\t\t\tclass=\"so-widget-sow-editor so-widget-sow-editor-base\"\n\t\t\t\n\t\t>\n<div class=\"siteorigin-widget-tinymce textwidget\">\n\t<div id=\"pgc-982-0-0\" class=\"panel-grid-cell\" data-weight=\"0.27825342465753\">\n<div id=\"panel-982-0-0-0\" class=\"so-panel widget widget_sow-editor panel-first-child panel-last-child\" data-index=\"0\" data-style=\"{&quot;background_image_attachment&quot;:false,&quot;background_display&quot;:&quot;tile&quot;}\">\n<div class=\"so-widget-sow-editor so-widget-sow-editor-base\">\n<div class=\"siteorigin-widget-tinymce textwidget\">\n<div id=\"pgc-973-0-0\" class=\"panel-grid-cell\" data-weight=\"0.23908629441624\">\n<div id=\"panel-973-0-0-0\" class=\"so-panel widget widget_sow-editor panel-first-child panel-last-child\" data-index=\"0\" data-style=\"{&quot;background_image_attachment&quot;:false,&quot;background_display&quot;:&quot;tile&quot;}\">\n<div class=\"so-widget-sow-editor so-widget-sow-editor-base\">\n<div class=\"siteorigin-widget-tinymce textwidget\">\n<p>&nbsp;<\/p>\n<\/div>\n<\/div>\n<\/div>\n<\/div>\n<\/div>\n<\/div>\n<\/div>\n<\/div>\n<div id=\"pgc-982-0-1\" class=\"panel-grid-cell\" data-weight=\"0.72174657534247\">\n<div id=\"panel-982-0-1-0\" class=\"so-panel widget widget_sow-editor panel-first-child\" data-index=\"1\" data-style=\"{&quot;background_image_attachment&quot;:false,&quot;background_display&quot;:&quot;tile&quot;}\">\n<div class=\"so-widget-sow-editor so-widget-sow-editor-base\">\n<div class=\"siteorigin-widget-tinymce textwidget\">\n<h5>Sophrologie- Hypnose PTR\/ soins \u00e9nerg\u00e9tiques&nbsp;: adultes, adolescents et enfants<\/h5>\n<h5>Traumas phobies, douleurs, addictions, harc\u00e8lement, ou toute gestion \u00e9motionnelle difficile.<\/h5>\n<h5>R\u00e9\u00e9quilibrage et harmonisation \u00e9nerg\u00e9tique et r\u00e9alignement de l\u2019Etre.<\/h5>\n<h5>Accompagnement parental<\/h5>\n<p>&nbsp;<\/p>\n<p>Trois \u00ab ailes \u00bb \u00e0 explorer pour l\u2019envol de votre changement et Re-mettre du mouvement l\u00e0 o\u00f9 tout semble fig\u00e9&nbsp;! construire <strong>SECURITE INTERIEURE-<\/strong><br \/>\n<strong>CONFIANCE-LIBERTE D\u2019ETRE D\u2019ACTION<\/strong> avec :<\/p>\n<ul>\n<li><strong>La sophrologie<\/strong> permet de retrouver un espace de calme, de s\u00e9curit\u00e9 int\u00e9rieure. Elle aide \u00e0 apaiser le corps et l\u2019esprit pour recr\u00e9er de la stabilit\u00e9 l\u00e0 o\u00f9 tout semble d\u00e9bordant en reconnectant au moment pr\u00e9sent.<\/li>\n<li><strong>L\u2019hypnose PTR conversationnelle<\/strong> agit en profondeur sur les m\u00e9moires \u00e9motionnelles et les r\u00e9actions automatiques. Elle permet de transformer ce qui reste fig\u00e9 \u00e0 l\u2019int\u00e9rieur, sans avoir \u00e0 revivre les \u00e9v\u00e9nements douloureux.<\/li>\n<li><strong>La th\u00e9rapie br\u00e8ve selon l\u2019approche de Palo Alto<\/strong> s\u2019int\u00e9resse aux m\u00e9canismes qui maintiennent le probl\u00e8me. Ensemble, nous identifions les tentatives de solution inefficaces et exp\u00e9rimentons des ajustements concrets pour cr\u00e9er un changement adapt\u00e9 et durable.<\/li>\n<\/ul>\n<p>Formatrice &amp; Th\u00e9rapeute passionn\u00e9e par la rencontre et la transformation humaine, depuis 2012, je me d\u00e9die pleinement \u00e0 l\u2019\u00e9panouissement des personnes d\u00e9sireuses d\u2019un changement dans leur vie personnelle ou\/et professionnelle.<\/p>\n<p><em>Chaque personne est un monde qui regorge d\u2019une puissante ressource corporelle, \u00e9motionnelle et mentale. Je vous accompagne \u00e0 les r\u00e9v\u00e9ler et \u00e0 les mobiliser&nbsp;dans le respect de votre histoire et de votre rythme.<\/em><\/p>\n<p>1. Retrouvez paix de l\u2019esprit et du corps :<\/p>\n<p><strong>Sophrologie Dynamique- 1h<\/strong><br \/>\nApplication : ANGOISSES ET GESTION DU STRESS - ESPRIT POSITIF-<br \/>\nPREPARATION ACCOUCHEMENT ET PARENTALITE-SORTIR DE LA<br \/>\nFATIGUE CHRONIQUE-RECONNECTER LE PRESENT-REBBOSTER SA<br \/>\nCONFIANCE.<\/p>\n<p>Une pratique qui permet de construire une bo\u00eete \u00e0 outils quotidienne.<br \/>\nLes s\u00e9ances se d\u00e9roulent en posture debout et surtout assise.<br \/>\nLes exercices corporels et \u00e9nerg\u00e9tiques sont pratiqu\u00e9s sur soi avec mon accompagnement.<\/p>\n<p>2. Les pratiques th\u00e9rapeutiques&nbsp;:<\/p>\n<p><strong>Hypnose conversationnelle PTR (Psychoth\u00e9rapie du Trauma R\u00e9associative) : 1h ACCESSIBLE A TOUS&nbsp;!<\/strong><\/p>\n<p>Application : DEPPASER SES TRAUMAS-PHOBIES DEPASSER LES BLOCAGES\/DEBORDEMENTS\/DIFFICULTES EMOTIONNELS-SORTIR DES DOULEURS CHRONIQUES-ARRET TABAC\u2026<br \/>\nEn posture semi-couch\u00e9e ou assise d\u00e9blocage et lib\u00e9ration \u2013 technique qui utilise la m\u00e9moire et l\u2019imaginaire. <strong>Pas de reviviscence des traumas&nbsp;!<\/strong><\/p>\n<p><strong>Th\u00e9rapie br\u00e8ve Palo Alto&nbsp;-1h<\/strong><br \/>\nApplication : Les th\u00e9rapies br\u00e8ves peuvent aider toute personne d\u00e9sireuse de SOLUTIONNER UN PROBLEME CONCRET-SORTIR DES TROUBLES ANXIEUX ET DE TOUTES FORMES DE PEURS - DEPRESSION-BURN OUT-CRISE DE COUPLE-CONSTRUIRE DES RELATIONS PARENTS-ENFANTS EPANOUISSANTES.<\/p>\n<p>Questionnements et recadrages sur le probl\u00e8me annonc\u00e9 et t\u00e2ches d\u2019observation-r\u00e9flexion- comportement \u00e0 r\u00e9aliser entre les s\u00e9ances.<\/p>\n<p>La th\u00e9rapie inclue le travail sur le syst\u00e8me de la personne qui vient ( famille, coll\u00e8gue, \u2026). Pour une avanc\u00e9e plus rapide et efficace ces personnes peuvent \u00eatre re\u00e7ues en s\u00e9ance de fa\u00e7on individuelle si elle le souhaite.<\/p>\n<p>RDV chez Nestia&nbsp;:<\/p>\n<p>Les mardis de 13h30 \u00e0 17h00 \/de 13h30 \u00e0 18h00 par quinzaine.<br \/>\nEn cabinet priv\u00e9 \u00e0 Watermael-Boisfort&nbsp;: les lundis, mardis matin,<br \/>\nmercredi, jeudi et vendredi&nbsp;: de 9h \u00e0 16h\/de 9h \u00e0 17h30 par<br \/>\nquinzaine.<\/p>\n<\/div>\n<p>Prise de rendez-vous en ligne:&nbsp;<\/p>\n\n<script>\n  if (typeof hasAmeliaEntitiesApiCall === 'undefined' && ('' === '' && '' !== '1')) {\n    var hasAmeliaEntitiesApiCall = true;\n  }\n  var ameliaShortcodeData = (typeof ameliaShortcodeData === 'undefined') ? [] : ameliaShortcodeData;\n  ameliaShortcodeData.push(\n    {\n      'hasApiCall': (typeof hasAmeliaEntitiesApiCall !== 'undefined') && hasAmeliaEntitiesApiCall,\n      'trigger': '',\n      'trigger_type': '',\n      'triggered_form': 'cbf',\n      'in_dialog': '',\n      'show': '',\n      'counter': '1000',\n      'package': '',\n      'category': '',\n      'service': '',\n      'employee': '974',\n      'location': '',\n      'categories_hidden': ''\n    }\n  );\n  var ameliaShortcodeDataTriggered = (typeof ameliaShortcodeDataTriggered === 'undefined') ? [] : ameliaShortcodeDataTriggered;\n  if (ameliaShortcodeData[ameliaShortcodeData.length - 1].trigger !== '') {\n    if (ameliaShortcodeDataTriggered.filter(a => a.counter === ameliaShortcodeData[ameliaShortcodeData.length - 1].counter).length === 0) {\n      ameliaShortcodeDataTriggered.push(ameliaShortcodeData.pop());\n    } else {\n      ameliaShortcodeData.pop()\n    }\n  }\n  if (typeof hasAmeliaEntitiesApiCall !== 'undefined' && hasAmeliaEntitiesApiCall) {\n    hasAmeliaEntitiesApiCall = false;\n  }\n<\/script>\n\n<div\n  id=\"amelia-v2-booking-1000\"\n  class=\"amelia-v2-booking\"\n>\n    <catalog-form-wrapper><\/catalog-form-wrapper><\/div>\n\n<\/div>\n<\/div>\n<\/div>\n<\/div>\n<\/div><\/div><\/div><\/div><\/div>","protected":false},"excerpt":{"rendered":"<p>Consultations Mardi 13h30 -18h00 Contact 0483\/43.82.64 Lesailesdelaconfiance@hotmail.com www.unmomentasoi.be Langues parl\u00e9es&nbsp; Fran\u00e7ais et espagnol &nbsp; Prise de RDV en ligne en bas de la page &nbsp; Sophrologie- Hypnose PTR\/ soins \u00e9nerg\u00e9tiques&nbsp;: adultes, adolescents et enfants Traumas phobies, douleurs, addictions, harc\u00e8lement, ou toute gestion \u00e9motionnelle difficile. R\u00e9\u00e9quilibrage et harmonisation \u00e9nerg\u00e9tique et r\u00e9alignement de l\u2019Etre. Accompagnement parental &nbsp;&#8230; <a href=\"https:\/\/nestia.be\/index.php\/tatiana-milkovic-hypnose-sophrologie-reiki\/\">Continue reading <span class=\"screen-reader-text\">&#8220;Tatiana Milkovic &#8211; Hypnose , Sophrologie, Th\u00e9rapie Br\u00e8ve Palo Alto&#8221;<\/span><\/a><\/p>\n","protected":false},"author":1,"featured_media":0,"parent":0,"menu_order":0,"comment_status":"closed","ping_status":"closed","template":"","meta":{"ngg_post_thumbnail":0,"_vp_format_video_url":"","_vp_image_focal_point":[],"footnotes":""},"class_list":["post-2103","page","type-page","status-publish","hentry"],"yoast_head":"<!-- This site is optimized with the Yoast SEO Premium plugin v23.4 (Yoast SEO v27.3) - https:\/\/yoast.com\/product\/yoast-seo-premium-wordpress\/ -->\n<title>Tatiana Milkovic - Hypnose , Sophrologie, Th\u00e9rapie Br\u00e8ve Palo Alto - Centre Nestia<\/title>\n<meta name=\"description\" content=\"Tatiana vous re\u00e7oit au Centre Nestia, Auderghem pour des s\u00e9ances de sophrologie, hypnose, gestion des traumas, phobies, ...\" \/>\n<meta name=\"robots\" content=\"index, follow, max-snippet:-1, max-image-preview:large, max-video-preview:-1\" \/>\n<link rel=\"canonical\" href=\"https:\/\/nestia.be\/index.php\/tatiana-milkovic-hypnose-sophrologie-reiki\/\" \/>\n<meta property=\"og:locale\" content=\"fr_FR\" \/>\n<meta property=\"og:type\" content=\"article\" \/>\n<meta property=\"og:title\" content=\"Tatiana Milkovic - Hypnose , Sophrologie, Th\u00e9rapie Br\u00e8ve Palo Alto\" \/>\n<meta property=\"og:description\" content=\"Tatiana vous re\u00e7oit au Centre Nestia, Auderghem pour des s\u00e9ances de sophrologie, hypnose, gestion des traumas, phobies, ...\" \/>\n<meta property=\"og:url\" content=\"https:\/\/nestia.be\/index.php\/tatiana-milkovic-hypnose-sophrologie-reiki\/\" \/>\n<meta property=\"og:site_name\" content=\"Centre Nestia\" \/>\n<meta property=\"article:modified_time\" content=\"2026-03-04T13:54:38+00:00\" \/>\n<meta property=\"og:image\" content=\"https:\/\/nestia.be\/wp-content\/uploads\/2023\/10\/IMG_9388.jpeg\" \/>\n\t<meta property=\"og:image:width\" content=\"2000\" \/>\n\t<meta property=\"og:image:height\" content=\"2000\" \/>\n\t<meta property=\"og:image:type\" content=\"image\/jpeg\" \/>\n<meta name=\"twitter:card\" content=\"summary_large_image\" \/>\n<meta name=\"twitter:label1\" content=\"Dur\u00e9e de lecture estim\u00e9e\" \/>\n\t<meta name=\"twitter:data1\" content=\"3 minutes\" \/>\n<script type=\"application\/ld+json\" class=\"yoast-schema-graph\">{\"@context\":\"https:\\\/\\\/schema.org\",\"@graph\":[{\"@type\":\"WebPage\",\"@id\":\"https:\\\/\\\/nestia.be\\\/index.php\\\/tatiana-milkovic-hypnose-sophrologie-reiki\\\/\",\"url\":\"https:\\\/\\\/nestia.be\\\/index.php\\\/tatiana-milkovic-hypnose-sophrologie-reiki\\\/\",\"name\":\"Tatiana Milkovic - Hypnose , Sophrologie, Th\u00e9rapie Br\u00e8ve Palo Alto - Centre Nestia\",\"isPartOf\":{\"@id\":\"https:\\\/\\\/nestia.be\\\/#website\"},\"primaryImageOfPage\":{\"@id\":\"https:\\\/\\\/nestia.be\\\/index.php\\\/tatiana-milkovic-hypnose-sophrologie-reiki\\\/#primaryimage\"},\"image\":{\"@id\":\"https:\\\/\\\/nestia.be\\\/index.php\\\/tatiana-milkovic-hypnose-sophrologie-reiki\\\/#primaryimage\"},\"thumbnailUrl\":\"https:\\\/\\\/nestia.be\\\/wp-content\\\/uploads\\\/2023\\\/10\\\/IMG_9388-300x300.jpeg\",\"datePublished\":\"2023-10-24T17:44:45+00:00\",\"dateModified\":\"2026-03-04T13:54:38+00:00\",\"description\":\"Tatiana vous re\u00e7oit au Centre Nestia, Auderghem pour des s\u00e9ances de sophrologie, hypnose, gestion des traumas, phobies, ...\",\"breadcrumb\":{\"@id\":\"https:\\\/\\\/nestia.be\\\/index.php\\\/tatiana-milkovic-hypnose-sophrologie-reiki\\\/#breadcrumb\"},\"inLanguage\":\"fr-FR\",\"potentialAction\":[{\"@type\":\"ReadAction\",\"target\":[\"https:\\\/\\\/nestia.be\\\/index.php\\\/tatiana-milkovic-hypnose-sophrologie-reiki\\\/\"]}]},{\"@type\":\"ImageObject\",\"inLanguage\":\"fr-FR\",\"@id\":\"https:\\\/\\\/nestia.be\\\/index.php\\\/tatiana-milkovic-hypnose-sophrologie-reiki\\\/#primaryimage\",\"url\":\"https:\\\/\\\/nestia.be\\\/wp-content\\\/uploads\\\/2023\\\/10\\\/IMG_9388.jpeg\",\"contentUrl\":\"https:\\\/\\\/nestia.be\\\/wp-content\\\/uploads\\\/2023\\\/10\\\/IMG_9388.jpeg\",\"width\":2000,\"height\":2000},{\"@type\":\"BreadcrumbList\",\"@id\":\"https:\\\/\\\/nestia.be\\\/index.php\\\/tatiana-milkovic-hypnose-sophrologie-reiki\\\/#breadcrumb\",\"itemListElement\":[{\"@type\":\"ListItem\",\"position\":1,\"name\":\"Accueil\",\"item\":\"https:\\\/\\\/nestia.be\\\/\"},{\"@type\":\"ListItem\",\"position\":2,\"name\":\"Tatiana Milkovic &#8211; Hypnose , Sophrologie, Th\u00e9rapie Br\u00e8ve Palo Alto\"}]},{\"@type\":\"WebSite\",\"@id\":\"https:\\\/\\\/nestia.be\\\/#website\",\"url\":\"https:\\\/\\\/nestia.be\\\/\",\"name\":\"Centre Nestia\",\"description\":\"Centre pluridisciplinaire P\u00e9diatrique, P\u00e9rinatal et Familial\",\"publisher\":{\"@id\":\"https:\\\/\\\/nestia.be\\\/#organization\"},\"potentialAction\":[{\"@type\":\"SearchAction\",\"target\":{\"@type\":\"EntryPoint\",\"urlTemplate\":\"https:\\\/\\\/nestia.be\\\/?s={search_term_string}\"},\"query-input\":{\"@type\":\"PropertyValueSpecification\",\"valueRequired\":true,\"valueName\":\"search_term_string\"}}],\"inLanguage\":\"fr-FR\"},{\"@type\":\"Organization\",\"@id\":\"https:\\\/\\\/nestia.be\\\/#organization\",\"name\":\"Centre Nestia\",\"url\":\"https:\\\/\\\/nestia.be\\\/\",\"logo\":{\"@type\":\"ImageObject\",\"inLanguage\":\"fr-FR\",\"@id\":\"https:\\\/\\\/nestia.be\\\/#\\\/schema\\\/logo\\\/image\\\/\",\"url\":\"https:\\\/\\\/nestia.be\\\/wp-content\\\/uploads\\\/2020\\\/12\\\/cropped-69706906_116330719731047_3337316616944746496_n.jpg\",\"contentUrl\":\"https:\\\/\\\/nestia.be\\\/wp-content\\\/uploads\\\/2020\\\/12\\\/cropped-69706906_116330719731047_3337316616944746496_n.jpg\",\"width\":594,\"height\":433,\"caption\":\"Centre Nestia\"},\"image\":{\"@id\":\"https:\\\/\\\/nestia.be\\\/#\\\/schema\\\/logo\\\/image\\\/\"}}]}<\/script>\n<!-- \/ Yoast SEO Premium plugin. -->","yoast_head_json":{"title":"Tatiana Milkovic - Hypnose , Sophrologie, Th\u00e9rapie Br\u00e8ve Palo Alto - Centre Nestia","description":"Tatiana vous re\u00e7oit au Centre Nestia, Auderghem pour des s\u00e9ances de sophrologie, hypnose, gestion des traumas, phobies, ...","robots":{"index":"index","follow":"follow","max-snippet":"max-snippet:-1","max-image-preview":"max-image-preview:large","max-video-preview":"max-video-preview:-1"},"canonical":"https:\/\/nestia.be\/index.php\/tatiana-milkovic-hypnose-sophrologie-reiki\/","og_locale":"fr_FR","og_type":"article","og_title":"Tatiana Milkovic - Hypnose , Sophrologie, Th\u00e9rapie Br\u00e8ve Palo Alto","og_description":"Tatiana vous re\u00e7oit au Centre Nestia, Auderghem pour des s\u00e9ances de sophrologie, hypnose, gestion des traumas, phobies, ...","og_url":"https:\/\/nestia.be\/index.php\/tatiana-milkovic-hypnose-sophrologie-reiki\/","og_site_name":"Centre Nestia","article_modified_time":"2026-03-04T13:54:38+00:00","og_image":[{"width":2000,"height":2000,"url":"https:\/\/nestia.be\/wp-content\/uploads\/2023\/10\/IMG_9388.jpeg","type":"image\/jpeg"}],"twitter_card":"summary_large_image","twitter_misc":{"Dur\u00e9e de lecture estim\u00e9e":"3 minutes"},"schema":{"@context":"https:\/\/schema.org","@graph":[{"@type":"WebPage","@id":"https:\/\/nestia.be\/index.php\/tatiana-milkovic-hypnose-sophrologie-reiki\/","url":"https:\/\/nestia.be\/index.php\/tatiana-milkovic-hypnose-sophrologie-reiki\/","name":"Tatiana Milkovic - Hypnose , Sophrologie, Th\u00e9rapie Br\u00e8ve Palo Alto - Centre Nestia","isPartOf":{"@id":"https:\/\/nestia.be\/#website"},"primaryImageOfPage":{"@id":"https:\/\/nestia.be\/index.php\/tatiana-milkovic-hypnose-sophrologie-reiki\/#primaryimage"},"image":{"@id":"https:\/\/nestia.be\/index.php\/tatiana-milkovic-hypnose-sophrologie-reiki\/#primaryimage"},"thumbnailUrl":"https:\/\/nestia.be\/wp-content\/uploads\/2023\/10\/IMG_9388-300x300.jpeg","datePublished":"2023-10-24T17:44:45+00:00","dateModified":"2026-03-04T13:54:38+00:00","description":"Tatiana vous re\u00e7oit au Centre Nestia, Auderghem pour des s\u00e9ances de sophrologie, hypnose, gestion des traumas, phobies, ...","breadcrumb":{"@id":"https:\/\/nestia.be\/index.php\/tatiana-milkovic-hypnose-sophrologie-reiki\/#breadcrumb"},"inLanguage":"fr-FR","potentialAction":[{"@type":"ReadAction","target":["https:\/\/nestia.be\/index.php\/tatiana-milkovic-hypnose-sophrologie-reiki\/"]}]},{"@type":"ImageObject","inLanguage":"fr-FR","@id":"https:\/\/nestia.be\/index.php\/tatiana-milkovic-hypnose-sophrologie-reiki\/#primaryimage","url":"https:\/\/nestia.be\/wp-content\/uploads\/2023\/10\/IMG_9388.jpeg","contentUrl":"https:\/\/nestia.be\/wp-content\/uploads\/2023\/10\/IMG_9388.jpeg","width":2000,"height":2000},{"@type":"BreadcrumbList","@id":"https:\/\/nestia.be\/index.php\/tatiana-milkovic-hypnose-sophrologie-reiki\/#breadcrumb","itemListElement":[{"@type":"ListItem","position":1,"name":"Accueil","item":"https:\/\/nestia.be\/"},{"@type":"ListItem","position":2,"name":"Tatiana Milkovic &#8211; Hypnose , Sophrologie, Th\u00e9rapie Br\u00e8ve Palo Alto"}]},{"@type":"WebSite","@id":"https:\/\/nestia.be\/#website","url":"https:\/\/nestia.be\/","name":"Centre Nestia","description":"Centre pluridisciplinaire P\u00e9diatrique, P\u00e9rinatal et Familial","publisher":{"@id":"https:\/\/nestia.be\/#organization"},"potentialAction":[{"@type":"SearchAction","target":{"@type":"EntryPoint","urlTemplate":"https:\/\/nestia.be\/?s={search_term_string}"},"query-input":{"@type":"PropertyValueSpecification","valueRequired":true,"valueName":"search_term_string"}}],"inLanguage":"fr-FR"},{"@type":"Organization","@id":"https:\/\/nestia.be\/#organization","name":"Centre Nestia","url":"https:\/\/nestia.be\/","logo":{"@type":"ImageObject","inLanguage":"fr-FR","@id":"https:\/\/nestia.be\/#\/schema\/logo\/image\/","url":"https:\/\/nestia.be\/wp-content\/uploads\/2020\/12\/cropped-69706906_116330719731047_3337316616944746496_n.jpg","contentUrl":"https:\/\/nestia.be\/wp-content\/uploads\/2020\/12\/cropped-69706906_116330719731047_3337316616944746496_n.jpg","width":594,"height":433,"caption":"Centre Nestia"},"image":{"@id":"https:\/\/nestia.be\/#\/schema\/logo\/image\/"}}]}},"_links":{"self":[{"href":"https:\/\/nestia.be\/index.php\/wp-json\/wp\/v2\/pages\/2103","targetHints":{"allow":["GET"]}}],"collection":[{"href":"https:\/\/nestia.be\/index.php\/wp-json\/wp\/v2\/pages"}],"about":[{"href":"https:\/\/nestia.be\/index.php\/wp-json\/wp\/v2\/types\/page"}],"author":[{"embeddable":true,"href":"https:\/\/nestia.be\/index.php\/wp-json\/wp\/v2\/users\/1"}],"replies":[{"embeddable":true,"href":"https:\/\/nestia.be\/index.php\/wp-json\/wp\/v2\/comments?post=2103"}],"version-history":[{"count":18,"href":"https:\/\/nestia.be\/index.php\/wp-json\/wp\/v2\/pages\/2103\/revisions"}],"predecessor-version":[{"id":2758,"href":"https:\/\/nestia.be\/index.php\/wp-json\/wp\/v2\/pages\/2103\/revisions\/2758"}],"wp:attachment":[{"href":"https:\/\/nestia.be\/index.php\/wp-json\/wp\/v2\/media?parent=2103"}],"curies":[{"name":"wp","href":"https:\/\/api.w.org\/{rel}","templated":true}]}}