{"id":1876,"date":"2023-04-20T18:18:08","date_gmt":"2023-04-20T16:18:08","guid":{"rendered":"https:\/\/nestia.be\/?page_id=1876"},"modified":"2024-07-08T13:19:22","modified_gmt":"2024-07-08T11:19:22","slug":"ateliers-portages-physiologiques","status":"publish","type":"page","link":"https:\/\/nestia.be\/index.php\/ateliers-portages-physiologiques\/","title":{"rendered":"Ateliers portages physiologiques"},"content":{"rendered":"<div id=\"pl-1876\"  class=\"panel-layout\" ><div id=\"pg-1876-0\"  class=\"panel-grid panel-no-style\" ><div id=\"pgc-1876-0-0\"  class=\"panel-grid-cell\" ><div id=\"panel-1876-0-0-0\" class=\"so-panel widget widget_sow-editor panel-first-child panel-last-child\" data-index=\"0\" ><div\n\t\t\t\n\t\t\tclass=\"so-widget-sow-editor so-widget-sow-editor-base\"\n\t\t\t\n\t\t>\n<div class=\"siteorigin-widget-tinymce textwidget\">\n\t<p><img loading=\"lazy\" decoding=\"async\" class=\"size-medium wp-image-1879 aligncenter\" src=\"https:\/\/nestia.be\/wp-content\/uploads\/2023\/04\/image0-272x300.jpeg\" alt=\"\" width=\"272\" height=\"300\" srcset=\"https:\/\/nestia.be\/wp-content\/uploads\/2023\/04\/image0-272x300.jpeg 272w, https:\/\/nestia.be\/wp-content\/uploads\/2023\/04\/image0-500x551.jpeg 500w, https:\/\/nestia.be\/wp-content\/uploads\/2023\/04\/image0-612x674.jpeg 612w, https:\/\/nestia.be\/wp-content\/uploads\/2023\/04\/image0-720x793.jpeg 720w, https:\/\/nestia.be\/wp-content\/uploads\/2023\/04\/image0.jpeg 750w\" sizes=\"auto, (max-width: 272px) 100vw, 272px\" \/><\/p>\n<p>Toujours dans un esprit de simplicit\u00e9, convivialit\u00e9 et respect du b\u00e9b\u00e9, je vous guide dans l\u2019univers du portage physiologique.<\/p>\n<p>Les bienfaits du portage physiologique sont nombreux:<\/p>\n<p>Pour le b\u00e9b\u00e9: Rappel des sensations rassurantes connues pendant la grossesse, renforcement du lien d\u2019attachement, r\u00e9gulation de la temp\u00e9rature, aide \u00e0 la digestion, sentiment de s\u00e9curit\u00e9, stimulation de la tonicit\u00e9 musculaire et du syst\u00e8me vestibulaire, stimulation du syst\u00e8me sensoriel, pr\u00e9vention de la plagioc\u00e9phalie positionnelle et plein d\u2019autres encore!<\/p>\n<p>Pour le porteur: Moyen suppl\u00e9mentaire pour r\u00e9pondre aux besoins de b\u00e9b\u00e9 et le calmer, favorise l\u2019attachement, libert\u00e9 de mouvements et d\u2019actions, bras libres pour la vie quotidienne, plaisir, proximit\u00e9, \u2026<\/p>\n<p>Je vous fais d\u00e9couvrir les diff\u00e9rents moyens de portage existants et ensemble nous identifierons vos besoins pour trouver le syst\u00e8me qui vous correspond.<\/p>\n<p>En une ou plusieurs s\u00e9ances, je vous apprendrai le nouage (d\u2019abord avec un poupon puis avec b\u00e9b\u00e9) jusqu\u2019\u00e0 ce que vous puissiez ensuite vous d\u00e9brouiller en toute s\u00e9curit\u00e9 seul(e) chez vous.&nbsp;<\/p>\n<p>Une s\u00e9ance dure environ 1h30 (en fonction des besoins et de la connaissance du porteur).<\/p>\n<p>Prix en individuel (seul ou en couple): 45\u20ac<br \/>\nPrix collectif (d\u00e8s 2 b\u00e9b\u00e9s): 30\u20ac<\/p>\n<div class=\"yj6qo\">&nbsp;<\/div>\n<div class=\"adL\">\n<p><strong>Notre consultante portage physiologique du centre Nestia:<\/strong><\/p>\n<p><span style=\"color: #159696;\"><a style=\"color: #159696;\" href=\"http:\/\/nestia.be\/index.php\/coralie-vandeplassche\/\"><span style=\"color: #136666;\">Coralie&nbsp;Vandeplassche<\/span><\/a><\/span> :consultante certifi\u00e9e par l'Acad\u00e9mie du Portage.&nbsp; Consultation le samedi matin sur rendez-vous<\/p>\n<p>0478\/28.10.26<\/p>\n<\/div>\n<\/div>\n<\/div><\/div><\/div><\/div><\/div>","protected":false},"excerpt":{"rendered":"<p>Toujours dans un esprit de simplicit\u00e9, convivialit\u00e9 et respect du b\u00e9b\u00e9, je vous guide dans l\u2019univers du portage physiologique. Les bienfaits du portage physiologique sont nombreux: Pour le b\u00e9b\u00e9: Rappel des sensations rassurantes connues pendant la grossesse, renforcement du lien d\u2019attachement, r\u00e9gulation de la temp\u00e9rature, aide \u00e0 la digestion, sentiment de s\u00e9curit\u00e9, stimulation de la&#8230; <a href=\"https:\/\/nestia.be\/index.php\/ateliers-portages-physiologiques\/\">Continue reading <span class=\"screen-reader-text\">&#8220;Ateliers portages physiologiques&#8221;<\/span><\/a><\/p>\n","protected":false},"author":1,"featured_media":0,"parent":0,"menu_order":0,"comment_status":"closed","ping_status":"closed","template":"","meta":{"ngg_post_thumbnail":0,"_vp_format_video_url":"","_vp_image_focal_point":[],"footnotes":""},"class_list":["post-1876","page","type-page","status-publish","hentry"],"yoast_head":"<!-- This site is optimized with the Yoast SEO Premium plugin v23.4 (Yoast SEO v27.4) - https:\/\/yoast.com\/product\/yoast-seo-premium-wordpress\/ -->\n<title>Ateliers portages physiologiques - Centre Nestia<\/title>\n<meta name=\"description\" content=\"Coralie vous re\u00e7oit au Centre Nestia \u00e0 Auderghem pour des ateliers pour d\u00e9couvrir es diff\u00e9rentes \u00e9charpes de portages et leurs bienfaits!\" \/>\n<meta name=\"robots\" content=\"index, follow, max-snippet:-1, max-image-preview:large, max-video-preview:-1\" \/>\n<link rel=\"canonical\" href=\"https:\/\/nestia.be\/index.php\/ateliers-portages-physiologiques\/\" \/>\n<meta property=\"og:locale\" content=\"fr_FR\" \/>\n<meta property=\"og:type\" content=\"article\" \/>\n<meta property=\"og:title\" content=\"Ateliers portages physiologiques\" \/>\n<meta property=\"og:description\" content=\"Coralie vous re\u00e7oit au Centre Nestia \u00e0 Auderghem pour des ateliers pour d\u00e9couvrir es diff\u00e9rentes \u00e9charpes de portages et leurs bienfaits!\" \/>\n<meta property=\"og:url\" content=\"https:\/\/nestia.be\/index.php\/ateliers-portages-physiologiques\/\" \/>\n<meta property=\"og:site_name\" content=\"Centre Nestia\" \/>\n<meta property=\"article:modified_time\" content=\"2024-07-08T11:19:22+00:00\" \/>\n<meta property=\"og:image\" content=\"https:\/\/nestia.be\/wp-content\/uploads\/2023\/04\/image0-272x300.jpeg\" \/>\n<meta name=\"twitter:card\" content=\"summary_large_image\" \/>\n<meta name=\"twitter:label1\" content=\"Dur\u00e9e de lecture estim\u00e9e\" \/>\n\t<meta name=\"twitter:data1\" content=\"2 minutes\" \/>\n<script type=\"application\/ld+json\" class=\"yoast-schema-graph\">{\"@context\":\"https:\\\/\\\/schema.org\",\"@graph\":[{\"@type\":\"WebPage\",\"@id\":\"https:\\\/\\\/nestia.be\\\/index.php\\\/ateliers-portages-physiologiques\\\/\",\"url\":\"https:\\\/\\\/nestia.be\\\/index.php\\\/ateliers-portages-physiologiques\\\/\",\"name\":\"Ateliers portages physiologiques - Centre Nestia\",\"isPartOf\":{\"@id\":\"https:\\\/\\\/nestia.be\\\/#website\"},\"primaryImageOfPage\":{\"@id\":\"https:\\\/\\\/nestia.be\\\/index.php\\\/ateliers-portages-physiologiques\\\/#primaryimage\"},\"image\":{\"@id\":\"https:\\\/\\\/nestia.be\\\/index.php\\\/ateliers-portages-physiologiques\\\/#primaryimage\"},\"thumbnailUrl\":\"https:\\\/\\\/nestia.be\\\/wp-content\\\/uploads\\\/2023\\\/04\\\/image0-272x300.jpeg\",\"datePublished\":\"2023-04-20T16:18:08+00:00\",\"dateModified\":\"2024-07-08T11:19:22+00:00\",\"description\":\"Coralie vous re\u00e7oit au Centre Nestia \u00e0 Auderghem pour des ateliers pour d\u00e9couvrir es diff\u00e9rentes \u00e9charpes de portages et leurs bienfaits!\",\"breadcrumb\":{\"@id\":\"https:\\\/\\\/nestia.be\\\/index.php\\\/ateliers-portages-physiologiques\\\/#breadcrumb\"},\"inLanguage\":\"fr-FR\",\"potentialAction\":[{\"@type\":\"ReadAction\",\"target\":[\"https:\\\/\\\/nestia.be\\\/index.php\\\/ateliers-portages-physiologiques\\\/\"]}]},{\"@type\":\"ImageObject\",\"inLanguage\":\"fr-FR\",\"@id\":\"https:\\\/\\\/nestia.be\\\/index.php\\\/ateliers-portages-physiologiques\\\/#primaryimage\",\"url\":\"https:\\\/\\\/nestia.be\\\/wp-content\\\/uploads\\\/2023\\\/04\\\/image0.jpeg\",\"contentUrl\":\"https:\\\/\\\/nestia.be\\\/wp-content\\\/uploads\\\/2023\\\/04\\\/image0.jpeg\",\"width\":750,\"height\":826},{\"@type\":\"BreadcrumbList\",\"@id\":\"https:\\\/\\\/nestia.be\\\/index.php\\\/ateliers-portages-physiologiques\\\/#breadcrumb\",\"itemListElement\":[{\"@type\":\"ListItem\",\"position\":1,\"name\":\"Accueil\",\"item\":\"https:\\\/\\\/nestia.be\\\/\"},{\"@type\":\"ListItem\",\"position\":2,\"name\":\"Ateliers portages physiologiques\"}]},{\"@type\":\"WebSite\",\"@id\":\"https:\\\/\\\/nestia.be\\\/#website\",\"url\":\"https:\\\/\\\/nestia.be\\\/\",\"name\":\"Centre Nestia\",\"description\":\"Centre pluridisciplinaire P\u00e9diatrique, P\u00e9rinatal et Familial\",\"publisher\":{\"@id\":\"https:\\\/\\\/nestia.be\\\/#organization\"},\"potentialAction\":[{\"@type\":\"SearchAction\",\"target\":{\"@type\":\"EntryPoint\",\"urlTemplate\":\"https:\\\/\\\/nestia.be\\\/?s={search_term_string}\"},\"query-input\":{\"@type\":\"PropertyValueSpecification\",\"valueRequired\":true,\"valueName\":\"search_term_string\"}}],\"inLanguage\":\"fr-FR\"},{\"@type\":\"Organization\",\"@id\":\"https:\\\/\\\/nestia.be\\\/#organization\",\"name\":\"Centre Nestia\",\"url\":\"https:\\\/\\\/nestia.be\\\/\",\"logo\":{\"@type\":\"ImageObject\",\"inLanguage\":\"fr-FR\",\"@id\":\"https:\\\/\\\/nestia.be\\\/#\\\/schema\\\/logo\\\/image\\\/\",\"url\":\"https:\\\/\\\/nestia.be\\\/wp-content\\\/uploads\\\/2020\\\/12\\\/cropped-69706906_116330719731047_3337316616944746496_n.jpg\",\"contentUrl\":\"https:\\\/\\\/nestia.be\\\/wp-content\\\/uploads\\\/2020\\\/12\\\/cropped-69706906_116330719731047_3337316616944746496_n.jpg\",\"width\":594,\"height\":433,\"caption\":\"Centre Nestia\"},\"image\":{\"@id\":\"https:\\\/\\\/nestia.be\\\/#\\\/schema\\\/logo\\\/image\\\/\"}}]}<\/script>\n<!-- \/ Yoast SEO Premium plugin. -->","yoast_head_json":{"title":"Ateliers portages physiologiques - Centre Nestia","description":"Coralie vous re\u00e7oit au Centre Nestia \u00e0 Auderghem pour des ateliers pour d\u00e9couvrir es diff\u00e9rentes \u00e9charpes de portages et leurs bienfaits!","robots":{"index":"index","follow":"follow","max-snippet":"max-snippet:-1","max-image-preview":"max-image-preview:large","max-video-preview":"max-video-preview:-1"},"canonical":"https:\/\/nestia.be\/index.php\/ateliers-portages-physiologiques\/","og_locale":"fr_FR","og_type":"article","og_title":"Ateliers portages physiologiques","og_description":"Coralie vous re\u00e7oit au Centre Nestia \u00e0 Auderghem pour des ateliers pour d\u00e9couvrir es diff\u00e9rentes \u00e9charpes de portages et leurs bienfaits!","og_url":"https:\/\/nestia.be\/index.php\/ateliers-portages-physiologiques\/","og_site_name":"Centre Nestia","article_modified_time":"2024-07-08T11:19:22+00:00","og_image":[{"url":"https:\/\/nestia.be\/wp-content\/uploads\/2023\/04\/image0-272x300.jpeg","type":"","width":"","height":""}],"twitter_card":"summary_large_image","twitter_misc":{"Dur\u00e9e de lecture estim\u00e9e":"2 minutes"},"schema":{"@context":"https:\/\/schema.org","@graph":[{"@type":"WebPage","@id":"https:\/\/nestia.be\/index.php\/ateliers-portages-physiologiques\/","url":"https:\/\/nestia.be\/index.php\/ateliers-portages-physiologiques\/","name":"Ateliers portages physiologiques - Centre Nestia","isPartOf":{"@id":"https:\/\/nestia.be\/#website"},"primaryImageOfPage":{"@id":"https:\/\/nestia.be\/index.php\/ateliers-portages-physiologiques\/#primaryimage"},"image":{"@id":"https:\/\/nestia.be\/index.php\/ateliers-portages-physiologiques\/#primaryimage"},"thumbnailUrl":"https:\/\/nestia.be\/wp-content\/uploads\/2023\/04\/image0-272x300.jpeg","datePublished":"2023-04-20T16:18:08+00:00","dateModified":"2024-07-08T11:19:22+00:00","description":"Coralie vous re\u00e7oit au Centre Nestia \u00e0 Auderghem pour des ateliers pour d\u00e9couvrir es diff\u00e9rentes \u00e9charpes de portages et leurs bienfaits!","breadcrumb":{"@id":"https:\/\/nestia.be\/index.php\/ateliers-portages-physiologiques\/#breadcrumb"},"inLanguage":"fr-FR","potentialAction":[{"@type":"ReadAction","target":["https:\/\/nestia.be\/index.php\/ateliers-portages-physiologiques\/"]}]},{"@type":"ImageObject","inLanguage":"fr-FR","@id":"https:\/\/nestia.be\/index.php\/ateliers-portages-physiologiques\/#primaryimage","url":"https:\/\/nestia.be\/wp-content\/uploads\/2023\/04\/image0.jpeg","contentUrl":"https:\/\/nestia.be\/wp-content\/uploads\/2023\/04\/image0.jpeg","width":750,"height":826},{"@type":"BreadcrumbList","@id":"https:\/\/nestia.be\/index.php\/ateliers-portages-physiologiques\/#breadcrumb","itemListElement":[{"@type":"ListItem","position":1,"name":"Accueil","item":"https:\/\/nestia.be\/"},{"@type":"ListItem","position":2,"name":"Ateliers portages physiologiques"}]},{"@type":"WebSite","@id":"https:\/\/nestia.be\/#website","url":"https:\/\/nestia.be\/","name":"Centre Nestia","description":"Centre pluridisciplinaire P\u00e9diatrique, P\u00e9rinatal et Familial","publisher":{"@id":"https:\/\/nestia.be\/#organization"},"potentialAction":[{"@type":"SearchAction","target":{"@type":"EntryPoint","urlTemplate":"https:\/\/nestia.be\/?s={search_term_string}"},"query-input":{"@type":"PropertyValueSpecification","valueRequired":true,"valueName":"search_term_string"}}],"inLanguage":"fr-FR"},{"@type":"Organization","@id":"https:\/\/nestia.be\/#organization","name":"Centre Nestia","url":"https:\/\/nestia.be\/","logo":{"@type":"ImageObject","inLanguage":"fr-FR","@id":"https:\/\/nestia.be\/#\/schema\/logo\/image\/","url":"https:\/\/nestia.be\/wp-content\/uploads\/2020\/12\/cropped-69706906_116330719731047_3337316616944746496_n.jpg","contentUrl":"https:\/\/nestia.be\/wp-content\/uploads\/2020\/12\/cropped-69706906_116330719731047_3337316616944746496_n.jpg","width":594,"height":433,"caption":"Centre Nestia"},"image":{"@id":"https:\/\/nestia.be\/#\/schema\/logo\/image\/"}}]}},"_links":{"self":[{"href":"https:\/\/nestia.be\/index.php\/wp-json\/wp\/v2\/pages\/1876","targetHints":{"allow":["GET"]}}],"collection":[{"href":"https:\/\/nestia.be\/index.php\/wp-json\/wp\/v2\/pages"}],"about":[{"href":"https:\/\/nestia.be\/index.php\/wp-json\/wp\/v2\/types\/page"}],"author":[{"embeddable":true,"href":"https:\/\/nestia.be\/index.php\/wp-json\/wp\/v2\/users\/1"}],"replies":[{"embeddable":true,"href":"https:\/\/nestia.be\/index.php\/wp-json\/wp\/v2\/comments?post=1876"}],"version-history":[{"count":6,"href":"https:\/\/nestia.be\/index.php\/wp-json\/wp\/v2\/pages\/1876\/revisions"}],"predecessor-version":[{"id":2352,"href":"https:\/\/nestia.be\/index.php\/wp-json\/wp\/v2\/pages\/1876\/revisions\/2352"}],"wp:attachment":[{"href":"https:\/\/nestia.be\/index.php\/wp-json\/wp\/v2\/media?parent=1876"}],"curies":[{"name":"wp","href":"https:\/\/api.w.org\/{rel}","templated":true}]}}