{"id":1689,"date":"2022-09-12T15:23:13","date_gmt":"2022-09-12T13:23:13","guid":{"rendered":"https:\/\/nestia.be\/?page_id=1689"},"modified":"2023-10-30T14:43:53","modified_gmt":"2023-10-30T13:43:53","slug":"romain-paul-kinesitherapie-pediatrique","status":"publish","type":"page","link":"https:\/\/nestia.be\/index.php\/romain-paul-kinesitherapie-pediatrique\/","title":{"rendered":"Romain Paul &#8211; Kin\u00e9sith\u00e9rapie p\u00e9diatrique"},"content":{"rendered":"<div id=\"pl-1689\"  class=\"panel-layout\" ><div id=\"pg-1689-0\"  class=\"panel-grid panel-no-style\" ><div id=\"pgc-1689-0-0\"  class=\"panel-grid-cell\" ><div id=\"panel-1689-0-0-0\" class=\"so-panel widget widget_sow-editor panel-first-child panel-last-child\" data-index=\"0\" ><div\n\t\t\t\n\t\t\tclass=\"so-widget-sow-editor so-widget-sow-editor-base\"\n\t\t\t\n\t\t>\n<div class=\"siteorigin-widget-tinymce textwidget\">\n\t<p>&nbsp;<\/p>\n<p><img loading=\"lazy\" decoding=\"async\" class=\"aligncenter size-medium wp-image-2151\" src=\"https:\/\/nestia.be\/wp-content\/uploads\/2023\/10\/IMG_0721-300x300.jpg\" alt=\"\" width=\"300\" height=\"300\" srcset=\"https:\/\/nestia.be\/wp-content\/uploads\/2023\/10\/IMG_0721-300x300.jpg 300w, https:\/\/nestia.be\/wp-content\/uploads\/2023\/10\/IMG_0721-150x150.jpg 150w, https:\/\/nestia.be\/wp-content\/uploads\/2023\/10\/IMG_0721-500x500.jpg 500w, https:\/\/nestia.be\/wp-content\/uploads\/2023\/10\/IMG_0721-612x612.jpg 612w, https:\/\/nestia.be\/wp-content\/uploads\/2023\/10\/IMG_0721.jpg 640w\" sizes=\"auto, (max-width: 300px) 100vw, 300px\" \/><\/p>\n<p style=\"text-align: center;\"><span style=\"color: #1b7575;\"><b>Consultations<\/b><\/span><\/p>\n<p style=\"text-align: center;\"><span style=\"font-weight: 400; color: #1b7575;\">Lundi 13h30-18h30<\/span><\/p>\n<p style=\"text-align: center;\"><span style=\"color: #008080;\">Mercredi 13h30-18h30<\/span><\/p>\n<p style=\"text-align: center;\"><span style=\"color: #1b7575;\"><strong>Contact<\/strong><\/span><\/p>\n<p style=\"text-align: center;\"><span style=\"color: #1b7575;\">0476\/92.92.82<\/span><\/p>\n<p style=\"text-align: center;\"><span style=\"color: #1b7575;\">Romainc.paul@gmail.com<\/span><\/p>\n<p>&nbsp;<\/p>\n<\/div>\n<\/div><\/div><\/div><div id=\"pgc-1689-0-1\"  class=\"panel-grid-cell\" ><div id=\"panel-1689-0-1-0\" class=\"so-panel widget widget_sow-editor panel-first-child panel-last-child\" data-index=\"1\" ><div\n\t\t\t\n\t\t\tclass=\"so-widget-sow-editor so-widget-sow-editor-base\"\n\t\t\t\n\t\t>\n<div class=\"siteorigin-widget-tinymce textwidget\">\n\t<h5>Kin\u00e9sith\u00e9rapie respiratoire<\/h5>\n<h5>Kin\u00e9sith\u00e9rapie neuro-p\u00e9diatrique<\/h5>\n<h5>Kin\u00e9sith\u00e9rapie orthop\u00e9dique p\u00e9diatrique<\/h5>\n<p>Depuis toujours passionn\u00e9 par le contact avec les enfants, petits ou grands, c'est avec plaisir que je mets mes comp\u00e9tences au service de votre enfant afin de vous aider, parents et enfant, \u00e0 traverser les \u00e9tapes importantes de sa motricit\u00e9.<\/p>\n<p>Pour pouvoir faire cela dans les meilleures conditions, je me suis et continue \u00e0 me former en kin\u00e9sith\u00e9rapie p\u00e9diatrique avec comme domaine de pr\u00e9dilection la r\u00e9\u00e9ducation neurologique p\u00e9diatrique.<\/p>\n<p>En plus de ma pratique en cabinet, je travaille depuis plusieurs ann\u00e9es \u00e0 l'I.R.A.H.M. (\u00e9cole de type 4) o\u00f9 je prends en charge des enfants de tout \u00e2ge, porteur de pathologies neurologiques et neuromusculaires vari\u00e9es.<\/p>\n<p>&nbsp;<\/p>\n<p>Je prends en charge des probl\u00e9matiques diverses comme :<\/p>\n<p>\u00b7 les affections orthop\u00e9dique (torticolis, malformation ou d\u00e9viation des pieds, etc...)<\/p>\n<p>\u00b7 les affections respiratoire (bronchiolite, etc...)<\/p>\n<p>\u00b7 les retards psychomoteurs (associ\u00e9s ou non \u00e0 une pathologie neurologique).<\/p>\n<p>\u00b7 Les affections neurologique. Ma formation sp\u00e9cifique sur les niveaux d'\u00e9volutions motrices (Le M\u00e9tayer) me permet d'\u00e9valuer et de prendre en charge de mani\u00e8re ad\u00e9quate votre enfants.<\/p>\n<p>&nbsp;<\/p>\n<p>Formations importantes :<\/p>\n<p>&nbsp;<\/p>\n<p>\u00b7 Master en Kin\u00e9sith\u00e9rapie(2013 \u2013 Parnasse)<\/p>\n<p>\u00b7 Certificat interuniversitaire en kin\u00e9sith\u00e9rapie p\u00e9diatrique (2015-16 et 2022 \u2013 UCL\/ULB)<\/p>\n<p>\u00b7 Formation \u00e0 l'approche clinique et th\u00e9rapeutique selon M. Le M\u00e9tayer (2019-2021 \u2013 Institut de Motricit\u00e9 C\u00e9r\u00e9brale, Paris) \u2013 en cours<\/p>\n<p>\u00b7 Formation \u00e0 la prise en charge des d\u00e9formations cong\u00e9nitales du pied du nourrisson (2021 \u2013 SFER)<\/p>\n<\/div>\n<\/div><\/div><\/div><\/div><div id=\"pg-1689-1\"  class=\"panel-grid panel-no-style\" ><div id=\"pgc-1689-1-0\"  class=\"panel-grid-cell panel-grid-cell-empty\" ><\/div><\/div><\/div>","protected":false},"excerpt":{"rendered":"<p>&nbsp; Consultations Lundi 13h30-18h30 Mercredi 13h30-18h30 Contact 0476\/92.92.82 Romainc.paul@gmail.com &nbsp; Kin\u00e9sith\u00e9rapie respiratoire Kin\u00e9sith\u00e9rapie neuro-p\u00e9diatrique Kin\u00e9sith\u00e9rapie orthop\u00e9dique p\u00e9diatrique Depuis toujours passionn\u00e9 par le contact avec les enfants, petits ou grands, c&#8217;est avec plaisir que je mets mes comp\u00e9tences au service de votre enfant afin de vous aider, parents et enfant, \u00e0 traverser les \u00e9tapes importantes de&#8230; <a href=\"https:\/\/nestia.be\/index.php\/romain-paul-kinesitherapie-pediatrique\/\">Continue reading <span class=\"screen-reader-text\">&#8220;Romain Paul &#8211; Kin\u00e9sith\u00e9rapie p\u00e9diatrique&#8221;<\/span><\/a><\/p>\n","protected":false},"author":1,"featured_media":0,"parent":0,"menu_order":0,"comment_status":"closed","ping_status":"closed","template":"","meta":{"ngg_post_thumbnail":0,"_vp_format_video_url":"","_vp_image_focal_point":[],"footnotes":""},"class_list":["post-1689","page","type-page","status-publish","hentry"],"yoast_head":"<!-- This site is optimized with the Yoast SEO Premium plugin v23.4 (Yoast SEO v27.3) - https:\/\/yoast.com\/product\/yoast-seo-premium-wordpress\/ -->\n<title>Romain Paul - Kin\u00e9sith\u00e9rapie p\u00e9diatrique - Centre Nestia<\/title>\n<meta name=\"robots\" content=\"index, follow, max-snippet:-1, max-image-preview:large, max-video-preview:-1\" \/>\n<link rel=\"canonical\" href=\"https:\/\/nestia.be\/index.php\/romain-paul-kinesitherapie-pediatrique\/\" \/>\n<meta property=\"og:locale\" content=\"fr_FR\" \/>\n<meta property=\"og:type\" content=\"article\" \/>\n<meta property=\"og:title\" content=\"Romain Paul - Kin\u00e9sith\u00e9rapie p\u00e9diatrique\" \/>\n<meta property=\"og:description\" content=\"&nbsp; Consultations Lundi 13h30-18h30 Mercredi 13h30-18h30 Contact 0476\/92.92.82 Romainc.paul@gmail.com &nbsp; Kin\u00e9sith\u00e9rapie respiratoire Kin\u00e9sith\u00e9rapie neuro-p\u00e9diatrique Kin\u00e9sith\u00e9rapie orthop\u00e9dique p\u00e9diatrique Depuis toujours passionn\u00e9 par le contact avec les enfants, petits ou grands, c&#039;est avec plaisir que je mets mes comp\u00e9tences au service de votre enfant afin de vous aider, parents et enfant, \u00e0 traverser les \u00e9tapes importantes de... Continue reading &quot;Romain Paul &#8211; Kin\u00e9sith\u00e9rapie p\u00e9diatrique&quot;\" \/>\n<meta property=\"og:url\" content=\"https:\/\/nestia.be\/index.php\/romain-paul-kinesitherapie-pediatrique\/\" \/>\n<meta property=\"og:site_name\" content=\"Centre Nestia\" \/>\n<meta property=\"article:modified_time\" content=\"2023-10-30T13:43:53+00:00\" \/>\n<meta property=\"og:image\" content=\"https:\/\/nestia.be\/wp-content\/uploads\/2023\/10\/IMG_0721-300x300.jpg\" \/>\n<meta name=\"twitter:card\" content=\"summary_large_image\" \/>\n<meta name=\"twitter:label1\" content=\"Dur\u00e9e de lecture estim\u00e9e\" \/>\n\t<meta name=\"twitter:data1\" content=\"2 minutes\" \/>\n<script type=\"application\/ld+json\" class=\"yoast-schema-graph\">{\"@context\":\"https:\\\/\\\/schema.org\",\"@graph\":[{\"@type\":\"WebPage\",\"@id\":\"https:\\\/\\\/nestia.be\\\/index.php\\\/romain-paul-kinesitherapie-pediatrique\\\/\",\"url\":\"https:\\\/\\\/nestia.be\\\/index.php\\\/romain-paul-kinesitherapie-pediatrique\\\/\",\"name\":\"Romain Paul - Kin\u00e9sith\u00e9rapie p\u00e9diatrique - Centre Nestia\",\"isPartOf\":{\"@id\":\"https:\\\/\\\/nestia.be\\\/#website\"},\"primaryImageOfPage\":{\"@id\":\"https:\\\/\\\/nestia.be\\\/index.php\\\/romain-paul-kinesitherapie-pediatrique\\\/#primaryimage\"},\"image\":{\"@id\":\"https:\\\/\\\/nestia.be\\\/index.php\\\/romain-paul-kinesitherapie-pediatrique\\\/#primaryimage\"},\"thumbnailUrl\":\"https:\\\/\\\/nestia.be\\\/wp-content\\\/uploads\\\/2023\\\/10\\\/IMG_0721-300x300.jpg\",\"datePublished\":\"2022-09-12T13:23:13+00:00\",\"dateModified\":\"2023-10-30T13:43:53+00:00\",\"breadcrumb\":{\"@id\":\"https:\\\/\\\/nestia.be\\\/index.php\\\/romain-paul-kinesitherapie-pediatrique\\\/#breadcrumb\"},\"inLanguage\":\"fr-FR\",\"potentialAction\":[{\"@type\":\"ReadAction\",\"target\":[\"https:\\\/\\\/nestia.be\\\/index.php\\\/romain-paul-kinesitherapie-pediatrique\\\/\"]}]},{\"@type\":\"ImageObject\",\"inLanguage\":\"fr-FR\",\"@id\":\"https:\\\/\\\/nestia.be\\\/index.php\\\/romain-paul-kinesitherapie-pediatrique\\\/#primaryimage\",\"url\":\"https:\\\/\\\/nestia.be\\\/wp-content\\\/uploads\\\/2023\\\/10\\\/IMG_0721.jpg\",\"contentUrl\":\"https:\\\/\\\/nestia.be\\\/wp-content\\\/uploads\\\/2023\\\/10\\\/IMG_0721.jpg\",\"width\":640,\"height\":640},{\"@type\":\"BreadcrumbList\",\"@id\":\"https:\\\/\\\/nestia.be\\\/index.php\\\/romain-paul-kinesitherapie-pediatrique\\\/#breadcrumb\",\"itemListElement\":[{\"@type\":\"ListItem\",\"position\":1,\"name\":\"Accueil\",\"item\":\"https:\\\/\\\/nestia.be\\\/\"},{\"@type\":\"ListItem\",\"position\":2,\"name\":\"Romain Paul &#8211; Kin\u00e9sith\u00e9rapie p\u00e9diatrique\"}]},{\"@type\":\"WebSite\",\"@id\":\"https:\\\/\\\/nestia.be\\\/#website\",\"url\":\"https:\\\/\\\/nestia.be\\\/\",\"name\":\"Centre Nestia\",\"description\":\"Centre pluridisciplinaire P\u00e9diatrique, P\u00e9rinatal et Familial\",\"publisher\":{\"@id\":\"https:\\\/\\\/nestia.be\\\/#organization\"},\"potentialAction\":[{\"@type\":\"SearchAction\",\"target\":{\"@type\":\"EntryPoint\",\"urlTemplate\":\"https:\\\/\\\/nestia.be\\\/?s={search_term_string}\"},\"query-input\":{\"@type\":\"PropertyValueSpecification\",\"valueRequired\":true,\"valueName\":\"search_term_string\"}}],\"inLanguage\":\"fr-FR\"},{\"@type\":\"Organization\",\"@id\":\"https:\\\/\\\/nestia.be\\\/#organization\",\"name\":\"Centre Nestia\",\"url\":\"https:\\\/\\\/nestia.be\\\/\",\"logo\":{\"@type\":\"ImageObject\",\"inLanguage\":\"fr-FR\",\"@id\":\"https:\\\/\\\/nestia.be\\\/#\\\/schema\\\/logo\\\/image\\\/\",\"url\":\"https:\\\/\\\/nestia.be\\\/wp-content\\\/uploads\\\/2020\\\/12\\\/cropped-69706906_116330719731047_3337316616944746496_n.jpg\",\"contentUrl\":\"https:\\\/\\\/nestia.be\\\/wp-content\\\/uploads\\\/2020\\\/12\\\/cropped-69706906_116330719731047_3337316616944746496_n.jpg\",\"width\":594,\"height\":433,\"caption\":\"Centre Nestia\"},\"image\":{\"@id\":\"https:\\\/\\\/nestia.be\\\/#\\\/schema\\\/logo\\\/image\\\/\"}}]}<\/script>\n<!-- \/ Yoast SEO Premium plugin. -->","yoast_head_json":{"title":"Romain Paul - Kin\u00e9sith\u00e9rapie p\u00e9diatrique - Centre Nestia","robots":{"index":"index","follow":"follow","max-snippet":"max-snippet:-1","max-image-preview":"max-image-preview:large","max-video-preview":"max-video-preview:-1"},"canonical":"https:\/\/nestia.be\/index.php\/romain-paul-kinesitherapie-pediatrique\/","og_locale":"fr_FR","og_type":"article","og_title":"Romain Paul - Kin\u00e9sith\u00e9rapie p\u00e9diatrique","og_description":"&nbsp; Consultations Lundi 13h30-18h30 Mercredi 13h30-18h30 Contact 0476\/92.92.82 Romainc.paul@gmail.com &nbsp; Kin\u00e9sith\u00e9rapie respiratoire Kin\u00e9sith\u00e9rapie neuro-p\u00e9diatrique Kin\u00e9sith\u00e9rapie orthop\u00e9dique p\u00e9diatrique Depuis toujours passionn\u00e9 par le contact avec les enfants, petits ou grands, c'est avec plaisir que je mets mes comp\u00e9tences au service de votre enfant afin de vous aider, parents et enfant, \u00e0 traverser les \u00e9tapes importantes de... Continue reading \"Romain Paul &#8211; Kin\u00e9sith\u00e9rapie p\u00e9diatrique\"","og_url":"https:\/\/nestia.be\/index.php\/romain-paul-kinesitherapie-pediatrique\/","og_site_name":"Centre Nestia","article_modified_time":"2023-10-30T13:43:53+00:00","og_image":[{"url":"https:\/\/nestia.be\/wp-content\/uploads\/2023\/10\/IMG_0721-300x300.jpg","type":"","width":"","height":""}],"twitter_card":"summary_large_image","twitter_misc":{"Dur\u00e9e de lecture estim\u00e9e":"2 minutes"},"schema":{"@context":"https:\/\/schema.org","@graph":[{"@type":"WebPage","@id":"https:\/\/nestia.be\/index.php\/romain-paul-kinesitherapie-pediatrique\/","url":"https:\/\/nestia.be\/index.php\/romain-paul-kinesitherapie-pediatrique\/","name":"Romain Paul - Kin\u00e9sith\u00e9rapie p\u00e9diatrique - Centre Nestia","isPartOf":{"@id":"https:\/\/nestia.be\/#website"},"primaryImageOfPage":{"@id":"https:\/\/nestia.be\/index.php\/romain-paul-kinesitherapie-pediatrique\/#primaryimage"},"image":{"@id":"https:\/\/nestia.be\/index.php\/romain-paul-kinesitherapie-pediatrique\/#primaryimage"},"thumbnailUrl":"https:\/\/nestia.be\/wp-content\/uploads\/2023\/10\/IMG_0721-300x300.jpg","datePublished":"2022-09-12T13:23:13+00:00","dateModified":"2023-10-30T13:43:53+00:00","breadcrumb":{"@id":"https:\/\/nestia.be\/index.php\/romain-paul-kinesitherapie-pediatrique\/#breadcrumb"},"inLanguage":"fr-FR","potentialAction":[{"@type":"ReadAction","target":["https:\/\/nestia.be\/index.php\/romain-paul-kinesitherapie-pediatrique\/"]}]},{"@type":"ImageObject","inLanguage":"fr-FR","@id":"https:\/\/nestia.be\/index.php\/romain-paul-kinesitherapie-pediatrique\/#primaryimage","url":"https:\/\/nestia.be\/wp-content\/uploads\/2023\/10\/IMG_0721.jpg","contentUrl":"https:\/\/nestia.be\/wp-content\/uploads\/2023\/10\/IMG_0721.jpg","width":640,"height":640},{"@type":"BreadcrumbList","@id":"https:\/\/nestia.be\/index.php\/romain-paul-kinesitherapie-pediatrique\/#breadcrumb","itemListElement":[{"@type":"ListItem","position":1,"name":"Accueil","item":"https:\/\/nestia.be\/"},{"@type":"ListItem","position":2,"name":"Romain Paul &#8211; Kin\u00e9sith\u00e9rapie p\u00e9diatrique"}]},{"@type":"WebSite","@id":"https:\/\/nestia.be\/#website","url":"https:\/\/nestia.be\/","name":"Centre Nestia","description":"Centre pluridisciplinaire P\u00e9diatrique, P\u00e9rinatal et Familial","publisher":{"@id":"https:\/\/nestia.be\/#organization"},"potentialAction":[{"@type":"SearchAction","target":{"@type":"EntryPoint","urlTemplate":"https:\/\/nestia.be\/?s={search_term_string}"},"query-input":{"@type":"PropertyValueSpecification","valueRequired":true,"valueName":"search_term_string"}}],"inLanguage":"fr-FR"},{"@type":"Organization","@id":"https:\/\/nestia.be\/#organization","name":"Centre Nestia","url":"https:\/\/nestia.be\/","logo":{"@type":"ImageObject","inLanguage":"fr-FR","@id":"https:\/\/nestia.be\/#\/schema\/logo\/image\/","url":"https:\/\/nestia.be\/wp-content\/uploads\/2020\/12\/cropped-69706906_116330719731047_3337316616944746496_n.jpg","contentUrl":"https:\/\/nestia.be\/wp-content\/uploads\/2020\/12\/cropped-69706906_116330719731047_3337316616944746496_n.jpg","width":594,"height":433,"caption":"Centre Nestia"},"image":{"@id":"https:\/\/nestia.be\/#\/schema\/logo\/image\/"}}]}},"_links":{"self":[{"href":"https:\/\/nestia.be\/index.php\/wp-json\/wp\/v2\/pages\/1689","targetHints":{"allow":["GET"]}}],"collection":[{"href":"https:\/\/nestia.be\/index.php\/wp-json\/wp\/v2\/pages"}],"about":[{"href":"https:\/\/nestia.be\/index.php\/wp-json\/wp\/v2\/types\/page"}],"author":[{"embeddable":true,"href":"https:\/\/nestia.be\/index.php\/wp-json\/wp\/v2\/users\/1"}],"replies":[{"embeddable":true,"href":"https:\/\/nestia.be\/index.php\/wp-json\/wp\/v2\/comments?post=1689"}],"version-history":[{"count":3,"href":"https:\/\/nestia.be\/index.php\/wp-json\/wp\/v2\/pages\/1689\/revisions"}],"predecessor-version":[{"id":2156,"href":"https:\/\/nestia.be\/index.php\/wp-json\/wp\/v2\/pages\/1689\/revisions\/2156"}],"wp:attachment":[{"href":"https:\/\/nestia.be\/index.php\/wp-json\/wp\/v2\/media?parent=1689"}],"curies":[{"name":"wp","href":"https:\/\/api.w.org\/{rel}","templated":true}]}}