{"id":1542,"date":"2022-04-27T20:56:20","date_gmt":"2022-04-27T18:56:20","guid":{"rendered":"https:\/\/nestia.be\/?page_id=1542"},"modified":"2026-01-21T21:51:10","modified_gmt":"2026-01-21T20:51:10","slug":"laure-fagniez-logopede","status":"publish","type":"page","link":"https:\/\/nestia.be\/index.php\/laure-fagniez-logopede\/","title":{"rendered":"Laure Fagniez &#8211; Logop\u00e8de"},"content":{"rendered":"<div id=\"pl-1542\"  class=\"panel-layout\" ><div id=\"pg-1542-0\"  class=\"panel-grid panel-no-style\" ><div id=\"pgc-1542-0-0\"  class=\"panel-grid-cell\" ><div id=\"panel-1542-0-0-0\" class=\"so-panel widget widget_sow-image panel-first-child\" data-index=\"0\" ><div\n\t\t\t\n\t\t\tclass=\"so-widget-sow-image so-widget-sow-image-default-8b5b6f678277-1542\"\n\t\t\t\n\t\t>\n<div class=\"sow-image-container\">\n\t\t<img \n\tsrc=\"https:\/\/nestia.be\/wp-content\/uploads\/2026\/01\/IMG_0140.jpg\" width=\"959\" height=\"948\" srcset=\"https:\/\/nestia.be\/wp-content\/uploads\/2026\/01\/IMG_0140.jpg 959w, https:\/\/nestia.be\/wp-content\/uploads\/2026\/01\/IMG_0140-300x297.jpg 300w, https:\/\/nestia.be\/wp-content\/uploads\/2026\/01\/IMG_0140-768x759.jpg 768w, https:\/\/nestia.be\/wp-content\/uploads\/2026\/01\/IMG_0140-500x494.jpg 500w, https:\/\/nestia.be\/wp-content\/uploads\/2026\/01\/IMG_0140-800x791.jpg 800w, https:\/\/nestia.be\/wp-content\/uploads\/2026\/01\/IMG_0140-612x605.jpg 612w, https:\/\/nestia.be\/wp-content\/uploads\/2026\/01\/IMG_0140-936x925.jpg 936w, https:\/\/nestia.be\/wp-content\/uploads\/2026\/01\/IMG_0140-720x712.jpg 720w\" sizes=\"(max-width: 959px) 100vw, 959px\" alt=\"\" \t\tclass=\"so-widget-image\"\/>\n\t<\/div>\n\n<\/div><\/div><div id=\"panel-1542-0-0-1\" class=\"so-panel widget widget_sow-editor panel-last-child\" data-index=\"1\" ><div\n\t\t\t\n\t\t\tclass=\"so-widget-sow-editor so-widget-sow-editor-base\"\n\t\t\t\n\t\t>\n<div class=\"siteorigin-widget-tinymce textwidget\">\n\t<p>&nbsp;<\/p>\n<p><span style=\"color: #157d7d;\"><b>Consultations<\/b><\/span><\/p>\n<p><span style=\"color: #1b7575;\">Vendredi matin 8h-13h<\/span><\/p>\n<p>&nbsp;<\/p>\n<p><span style=\"color: #1b7575;\">Langue de consultation:<\/span><\/p>\n<p><span style=\"color: #1b7575;\">Fran\u00e7ais<\/span><\/p>\n<p>&nbsp;<\/p>\n<p><span style=\"color: #157d7d;\"><strong>Contact<\/strong><\/span><\/p>\n<p><span style=\"color: #1b7575;\">+33 674\/98.27.35<\/span><\/p>\n<p><span style=\"color: #1b7575;\">laure.fagniez@gmail.com<\/span><\/p>\n<p><span style=\"color: #1b7575;\">Centre Nestia<\/span><\/p>\n<\/div>\n<\/div><\/div><\/div><div id=\"pgc-1542-0-1\"  class=\"panel-grid-cell\" ><div id=\"panel-1542-0-1-0\" class=\"so-panel widget widget_sow-editor panel-first-child panel-last-child\" data-index=\"2\" ><div\n\t\t\t\n\t\t\tclass=\"so-widget-sow-editor so-widget-sow-editor-base\"\n\t\t\t\n\t\t>\n<div class=\"siteorigin-widget-tinymce textwidget\">\n\t<div dir=\"ltr\">\n<div>\n<h5>Troubles de l\u2019articulation<\/h5>\n<h5>Troubles du langage oral (retard de parole et retard de langage)<\/h5>\n<h5>Troubles du langage \u00e9crit (dyslexie et dysorthographie)<\/h5>\n<\/div>\n<h5>Trouble du spectre de l\u2019autisme<\/h5>\n<div>\n<h5>Prise en charge pr\u00e9coce<\/h5>\n<\/div>\n<div>&nbsp;<\/div>\n<div>\n<p>Dipl\u00f4m\u00e9e d\u2019un master en logop\u00e9die, j\u2019ai eu l\u2019opportunit\u00e9 de d\u00e9buter ma pratique professionnelle d\u00e8s la fin de mon parcours universitaire. J\u2019ai notamment r\u00e9alis\u00e9 deux remplacements successifs au sein d\u2019un service de sant\u00e9 mentale, exp\u00e9rience qui m\u2019a permis de d\u00e9velopper une approche clinique rigoureuse et humaine.<\/p>\n<p>Je travaille actuellement dans un centre m\u00e9dical d\u2019audiophonologie et souhaite mettre le reste de mon temps professionnel au service d\u2019une activit\u00e9 d\u2019ind\u00e9pendante compl\u00e9mentaire.<\/p>\n<p>Au cours de mes \u00e9tudes, j\u2019ai \u00e9galement effectu\u00e9 un stage dans une \u00e9cole sp\u00e9cialis\u00e9e de type 1 et 2, enrichissant ma compr\u00e9hension des besoins sp\u00e9cifiques des enfants.<\/p>\n<p>L\u2019ensemble de ces exp\u00e9riences a nourri mon int\u00e9r\u00eat particulier pour la prise en charge de jeunes enfants pr\u00e9sentant un trouble du langage oral, un trouble sp\u00e9cifique des apprentissages, un trouble du spectre de l\u2019autisme, une d\u00e9ficience intellectuelle ou tout autre trouble impactant la communication.&nbsp;<\/p>\n<p>J\u2019accorde une importance \u00e0 proposer une prise en charge bienveillante, respectueuse du rythme et des capacit\u00e9s de chaque enfant. Le partenariat avec la famille est pour moi essentiel : une guidance parentale peut ainsi \u00eatre propos\u00e9e afin de soutenir l\u2019enfant dans son environnement quotidien.<\/p>\n<p>Je me ferai un plaisir de vous rencontrer au sein du centre tous les vendredis matins de 8h \u00e0 13h.<\/p>\n<\/div>\n<\/div>\n<div class=\"yj6qo ajU\">&nbsp;<\/div>\n<div><span style=\"color: #ffffff;\">Charlotte vous re\u00e7oit pour des s\u00e9ances de logop\u00e9die \u00e0 Auderghem, Bruxelles. Logo pour enfants, logop\u00e8de pour enfants.<\/span><\/div>\n<\/div>\n<\/div><\/div><\/div><\/div><\/div>","protected":false},"excerpt":{"rendered":"<p>&nbsp; Consultations Vendredi matin 8h-13h &nbsp; Langue de consultation: Fran\u00e7ais &nbsp; Contact +33 674\/98.27.35 laure.fagniez@gmail.com Centre Nestia Troubles de l\u2019articulation Troubles du langage oral (retard de parole et retard de langage) Troubles du langage \u00e9crit (dyslexie et dysorthographie) Trouble du spectre de l\u2019autisme Prise en charge pr\u00e9coce &nbsp; Dipl\u00f4m\u00e9e d\u2019un master en logop\u00e9die, j\u2019ai eu&#8230; <a href=\"https:\/\/nestia.be\/index.php\/laure-fagniez-logopede\/\">Continue reading <span class=\"screen-reader-text\">&#8220;Laure Fagniez &#8211; Logop\u00e8de&#8221;<\/span><\/a><\/p>\n","protected":false},"author":1,"featured_media":0,"parent":0,"menu_order":0,"comment_status":"closed","ping_status":"closed","template":"","meta":{"ngg_post_thumbnail":0,"_vp_format_video_url":"","_vp_image_focal_point":[],"footnotes":""},"class_list":["post-1542","page","type-page","status-publish","hentry"],"yoast_head":"<!-- This site is optimized with the Yoast SEO Premium plugin v23.4 (Yoast SEO v27.4) - https:\/\/yoast.com\/product\/yoast-seo-premium-wordpress\/ -->\n<title>Laure Fagniez - Logop\u00e8de - Centre Nestia<\/title>\n<meta name=\"description\" content=\"Charlotte vous re\u00e7oit au centre Nestia pour une prise en charge en logop\u00e9die, trouble du langage oral, difficult\u00e9s articulatoire,...\" \/>\n<meta name=\"robots\" content=\"index, follow, max-snippet:-1, max-image-preview:large, max-video-preview:-1\" \/>\n<link rel=\"canonical\" href=\"https:\/\/nestia.be\/index.php\/laure-fagniez-logopede\/\" \/>\n<meta property=\"og:locale\" content=\"fr_FR\" \/>\n<meta property=\"og:type\" content=\"article\" \/>\n<meta property=\"og:title\" content=\"Laure Fagniez - Logop\u00e8de\" \/>\n<meta property=\"og:description\" content=\"Charlotte vous re\u00e7oit au centre Nestia pour une prise en charge en logop\u00e9die, trouble du langage oral, difficult\u00e9s articulatoire,...\" \/>\n<meta property=\"og:url\" content=\"https:\/\/nestia.be\/index.php\/laure-fagniez-logopede\/\" \/>\n<meta property=\"og:site_name\" content=\"Centre Nestia\" \/>\n<meta property=\"article:modified_time\" content=\"2026-01-21T20:51:10+00:00\" \/>\n<meta name=\"twitter:card\" content=\"summary_large_image\" \/>\n<meta name=\"twitter:label1\" content=\"Dur\u00e9e de lecture estim\u00e9e\" \/>\n\t<meta name=\"twitter:data1\" content=\"2 minutes\" \/>\n<script type=\"application\/ld+json\" class=\"yoast-schema-graph\">{\"@context\":\"https:\\\/\\\/schema.org\",\"@graph\":[{\"@type\":\"WebPage\",\"@id\":\"https:\\\/\\\/nestia.be\\\/index.php\\\/laure-fagniez-logopede\\\/\",\"url\":\"https:\\\/\\\/nestia.be\\\/index.php\\\/laure-fagniez-logopede\\\/\",\"name\":\"Laure Fagniez - Logop\u00e8de - Centre Nestia\",\"isPartOf\":{\"@id\":\"https:\\\/\\\/nestia.be\\\/#website\"},\"datePublished\":\"2022-04-27T18:56:20+00:00\",\"dateModified\":\"2026-01-21T20:51:10+00:00\",\"description\":\"Charlotte vous re\u00e7oit au centre Nestia pour une prise en charge en logop\u00e9die, trouble du langage oral, difficult\u00e9s articulatoire,...\",\"breadcrumb\":{\"@id\":\"https:\\\/\\\/nestia.be\\\/index.php\\\/laure-fagniez-logopede\\\/#breadcrumb\"},\"inLanguage\":\"fr-FR\",\"potentialAction\":[{\"@type\":\"ReadAction\",\"target\":[\"https:\\\/\\\/nestia.be\\\/index.php\\\/laure-fagniez-logopede\\\/\"]}]},{\"@type\":\"BreadcrumbList\",\"@id\":\"https:\\\/\\\/nestia.be\\\/index.php\\\/laure-fagniez-logopede\\\/#breadcrumb\",\"itemListElement\":[{\"@type\":\"ListItem\",\"position\":1,\"name\":\"Accueil\",\"item\":\"https:\\\/\\\/nestia.be\\\/\"},{\"@type\":\"ListItem\",\"position\":2,\"name\":\"Laure Fagniez &#8211; Logop\u00e8de\"}]},{\"@type\":\"WebSite\",\"@id\":\"https:\\\/\\\/nestia.be\\\/#website\",\"url\":\"https:\\\/\\\/nestia.be\\\/\",\"name\":\"Centre Nestia\",\"description\":\"Centre pluridisciplinaire P\u00e9diatrique, P\u00e9rinatal et Familial\",\"publisher\":{\"@id\":\"https:\\\/\\\/nestia.be\\\/#organization\"},\"potentialAction\":[{\"@type\":\"SearchAction\",\"target\":{\"@type\":\"EntryPoint\",\"urlTemplate\":\"https:\\\/\\\/nestia.be\\\/?s={search_term_string}\"},\"query-input\":{\"@type\":\"PropertyValueSpecification\",\"valueRequired\":true,\"valueName\":\"search_term_string\"}}],\"inLanguage\":\"fr-FR\"},{\"@type\":\"Organization\",\"@id\":\"https:\\\/\\\/nestia.be\\\/#organization\",\"name\":\"Centre Nestia\",\"url\":\"https:\\\/\\\/nestia.be\\\/\",\"logo\":{\"@type\":\"ImageObject\",\"inLanguage\":\"fr-FR\",\"@id\":\"https:\\\/\\\/nestia.be\\\/#\\\/schema\\\/logo\\\/image\\\/\",\"url\":\"https:\\\/\\\/nestia.be\\\/wp-content\\\/uploads\\\/2020\\\/12\\\/cropped-69706906_116330719731047_3337316616944746496_n.jpg\",\"contentUrl\":\"https:\\\/\\\/nestia.be\\\/wp-content\\\/uploads\\\/2020\\\/12\\\/cropped-69706906_116330719731047_3337316616944746496_n.jpg\",\"width\":594,\"height\":433,\"caption\":\"Centre Nestia\"},\"image\":{\"@id\":\"https:\\\/\\\/nestia.be\\\/#\\\/schema\\\/logo\\\/image\\\/\"}}]}<\/script>\n<!-- \/ Yoast SEO Premium plugin. -->","yoast_head_json":{"title":"Laure Fagniez - Logop\u00e8de - Centre Nestia","description":"Charlotte vous re\u00e7oit au centre Nestia pour une prise en charge en logop\u00e9die, trouble du langage oral, difficult\u00e9s articulatoire,...","robots":{"index":"index","follow":"follow","max-snippet":"max-snippet:-1","max-image-preview":"max-image-preview:large","max-video-preview":"max-video-preview:-1"},"canonical":"https:\/\/nestia.be\/index.php\/laure-fagniez-logopede\/","og_locale":"fr_FR","og_type":"article","og_title":"Laure Fagniez - Logop\u00e8de","og_description":"Charlotte vous re\u00e7oit au centre Nestia pour une prise en charge en logop\u00e9die, trouble du langage oral, difficult\u00e9s articulatoire,...","og_url":"https:\/\/nestia.be\/index.php\/laure-fagniez-logopede\/","og_site_name":"Centre Nestia","article_modified_time":"2026-01-21T20:51:10+00:00","twitter_card":"summary_large_image","twitter_misc":{"Dur\u00e9e de lecture estim\u00e9e":"2 minutes"},"schema":{"@context":"https:\/\/schema.org","@graph":[{"@type":"WebPage","@id":"https:\/\/nestia.be\/index.php\/laure-fagniez-logopede\/","url":"https:\/\/nestia.be\/index.php\/laure-fagniez-logopede\/","name":"Laure Fagniez - Logop\u00e8de - Centre Nestia","isPartOf":{"@id":"https:\/\/nestia.be\/#website"},"datePublished":"2022-04-27T18:56:20+00:00","dateModified":"2026-01-21T20:51:10+00:00","description":"Charlotte vous re\u00e7oit au centre Nestia pour une prise en charge en logop\u00e9die, trouble du langage oral, difficult\u00e9s articulatoire,...","breadcrumb":{"@id":"https:\/\/nestia.be\/index.php\/laure-fagniez-logopede\/#breadcrumb"},"inLanguage":"fr-FR","potentialAction":[{"@type":"ReadAction","target":["https:\/\/nestia.be\/index.php\/laure-fagniez-logopede\/"]}]},{"@type":"BreadcrumbList","@id":"https:\/\/nestia.be\/index.php\/laure-fagniez-logopede\/#breadcrumb","itemListElement":[{"@type":"ListItem","position":1,"name":"Accueil","item":"https:\/\/nestia.be\/"},{"@type":"ListItem","position":2,"name":"Laure Fagniez &#8211; Logop\u00e8de"}]},{"@type":"WebSite","@id":"https:\/\/nestia.be\/#website","url":"https:\/\/nestia.be\/","name":"Centre Nestia","description":"Centre pluridisciplinaire P\u00e9diatrique, P\u00e9rinatal et Familial","publisher":{"@id":"https:\/\/nestia.be\/#organization"},"potentialAction":[{"@type":"SearchAction","target":{"@type":"EntryPoint","urlTemplate":"https:\/\/nestia.be\/?s={search_term_string}"},"query-input":{"@type":"PropertyValueSpecification","valueRequired":true,"valueName":"search_term_string"}}],"inLanguage":"fr-FR"},{"@type":"Organization","@id":"https:\/\/nestia.be\/#organization","name":"Centre Nestia","url":"https:\/\/nestia.be\/","logo":{"@type":"ImageObject","inLanguage":"fr-FR","@id":"https:\/\/nestia.be\/#\/schema\/logo\/image\/","url":"https:\/\/nestia.be\/wp-content\/uploads\/2020\/12\/cropped-69706906_116330719731047_3337316616944746496_n.jpg","contentUrl":"https:\/\/nestia.be\/wp-content\/uploads\/2020\/12\/cropped-69706906_116330719731047_3337316616944746496_n.jpg","width":594,"height":433,"caption":"Centre Nestia"},"image":{"@id":"https:\/\/nestia.be\/#\/schema\/logo\/image\/"}}]}},"_links":{"self":[{"href":"https:\/\/nestia.be\/index.php\/wp-json\/wp\/v2\/pages\/1542","targetHints":{"allow":["GET"]}}],"collection":[{"href":"https:\/\/nestia.be\/index.php\/wp-json\/wp\/v2\/pages"}],"about":[{"href":"https:\/\/nestia.be\/index.php\/wp-json\/wp\/v2\/types\/page"}],"author":[{"embeddable":true,"href":"https:\/\/nestia.be\/index.php\/wp-json\/wp\/v2\/users\/1"}],"replies":[{"embeddable":true,"href":"https:\/\/nestia.be\/index.php\/wp-json\/wp\/v2\/comments?post=1542"}],"version-history":[{"count":9,"href":"https:\/\/nestia.be\/index.php\/wp-json\/wp\/v2\/pages\/1542\/revisions"}],"predecessor-version":[{"id":2740,"href":"https:\/\/nestia.be\/index.php\/wp-json\/wp\/v2\/pages\/1542\/revisions\/2740"}],"wp:attachment":[{"href":"https:\/\/nestia.be\/index.php\/wp-json\/wp\/v2\/media?parent=1542"}],"curies":[{"name":"wp","href":"https:\/\/api.w.org\/{rel}","templated":true}]}}