{"id":1449,"date":"2021-12-29T18:11:09","date_gmt":"2021-12-29T17:11:09","guid":{"rendered":"http:\/\/nestia.be\/?page_id=1449"},"modified":"2025-08-10T20:11:56","modified_gmt":"2025-08-10T18:11:56","slug":"emma-otte-kinesitherapie-pre-post-natale-perineale","status":"publish","type":"page","link":"https:\/\/nestia.be\/index.php\/emma-otte-kinesitherapie-pre-post-natale-perineale\/","title":{"rendered":"Emma Otte &#8211; Kin\u00e9sith\u00e9rapie Pr\u00e9-post natale &#8211; P\u00e9rin\u00e9ale"},"content":{"rendered":"<div id=\"pl-1449\"  class=\"panel-layout\" ><div id=\"pg-1449-0\"  class=\"panel-grid panel-no-style\" ><div id=\"pgc-1449-0-0\"  class=\"panel-grid-cell\" ><div id=\"panel-1449-0-0-0\" class=\"so-panel widget widget_sow-editor panel-first-child panel-last-child\" data-index=\"0\" ><div\n\t\t\t\n\t\t\tclass=\"so-widget-sow-editor so-widget-sow-editor-base\"\n\t\t\t\n\t\t>\n<div class=\"siteorigin-widget-tinymce textwidget\">\n\t<p>&nbsp;<\/p>\n<p><img loading=\"lazy\" decoding=\"async\" class=\"aligncenter size-medium wp-image-2542\" src=\"https:\/\/nestia.be\/wp-content\/uploads\/2025\/04\/IMG_4094-300x300.jpg\" alt=\"\" width=\"300\" height=\"300\" srcset=\"https:\/\/nestia.be\/wp-content\/uploads\/2025\/04\/IMG_4094-300x300.jpg 300w, https:\/\/nestia.be\/wp-content\/uploads\/2025\/04\/IMG_4094-150x150.jpg 150w, https:\/\/nestia.be\/wp-content\/uploads\/2025\/04\/IMG_4094-500x500.jpg 500w, https:\/\/nestia.be\/wp-content\/uploads\/2025\/04\/IMG_4094-612x612.jpg 612w, https:\/\/nestia.be\/wp-content\/uploads\/2025\/04\/IMG_4094.jpg 640w\" sizes=\"auto, (max-width: 300px) 100vw, 300px\" \/><\/p>\n<p style=\"text-align: center;\"><span style=\"color: #1b7575;\"><b>Consultations<\/b><\/span><\/p>\n<p style=\"text-align: center;\"><span style=\"font-weight: 400; color: #1b7575;\">Mercredi 7h00-13h00<\/span><\/p>\n<p style=\"text-align: center;\"><span style=\"color: #1b7575;\">Vendredi <span style=\"font-weight: 400; color: #1b7575;\">7h00-13h00<\/span><\/span><\/p>\n<p style=\"text-align: center;\">&nbsp;<\/p>\n<p style=\"text-align: center;\">&nbsp;<\/p>\n<p style=\"text-align: center;\"><span style=\"color: #1b7575;\"><strong>Contact<\/strong><\/span><\/p>\n<p style=\"text-align: center;\"><span style=\"color: #1b7575;\">0498\/44.45.51<\/span><\/p>\n<p style=\"text-align: center;\"><span style=\"color: #1b7575;\"><a style=\"color: #1b7575;\" href=\"mailto:emma.nestia@outlook.be\" target=\"_blank\" rel=\"noopener\">emma.nestia@outlook.be<\/a><\/span><\/p>\n<p style=\"text-align: center;\"><span style=\"color: #1b7575;\">S\u00e9ances en Fran\u00e7ais et Anglais<\/span><\/p>\n<p style=\"text-align: center;\">&nbsp;<\/p>\n<p>&nbsp;<\/p>\n<\/div>\n<\/div><\/div><\/div><div id=\"pgc-1449-0-1\"  class=\"panel-grid-cell\" ><div id=\"panel-1449-0-1-0\" class=\"so-panel widget widget_sow-editor panel-first-child panel-last-child\" data-index=\"1\" ><div\n\t\t\t\n\t\t\tclass=\"so-widget-sow-editor so-widget-sow-editor-base\"\n\t\t\t\n\t\t>\n<div class=\"siteorigin-widget-tinymce textwidget\">\n\t<h5><span style=\"color: #333333;\">Kin\u00e9sith\u00e9rapie pr\u00e9-natale<\/span><\/h5>\n<h5><span style=\"color: #333333;\">Kin\u00e9sith\u00e9rapie post-natale<\/span><\/h5>\n<h5>Kin\u00e9sith\u00e9rapie P\u00e9rin\u00e9ale<\/h5>\n<p>&nbsp;<\/p>\n<p>Kin\u00e9sith\u00e9rapeute passionn\u00e9e depuis 2022 et dipl\u00f4m\u00e9e de la Haute \u00e9cole L\u00e9onard de Vinci, j\u2019ai eu la chance de pouvoir aller pratiquer pendant 2 ans sur l\u2019\u00eele de la R\u00e9union. Ce voyage m\u2019a beaucoup appris et m\u2019a prouv\u00e9 \u00e0 quel point il \u00e9tait devenu primordial, pour moi aujourd\u2019hui, d\u2019accompagner la femme dans toutes ses \u00e9tapes de vie.&nbsp;<\/p>\n<p>Sp\u00e9cialis\u00e9e en pelvi-p\u00e9rin\u00e9ologie (pr\u00e9paration \u00e0 l\u2019accouchement, suivi post-partum, douleurs sexuelles, troubles du cycles menstruel) et en sant\u00e9 physique et sportive de la femme, j\u2019allie mes connaissances anatomiques et mes exp\u00e9riences personnelles afin d\u2019orienter chaque patientes vers le bien-\u00eatre, le mouvement, l\u2019id\u00e9e de devenir la meilleure version de soi-m\u00eame, en alliant pr\u00e9vention, passion et dynamisme. L\u2019\u00e9coute, le partage, la bienveillance et la joie sont des valeurs que j\u2019affectionne particuli\u00e8rement.<\/p>\n<p>Formations r\u00e9alis\u00e9es et en cours :<\/p>\n<p>Octobre 2022: \u00ab Dyspareunie 6h\u00bb par FullPhysio avec Charlotte Lequeux.&nbsp;<\/p>\n<p>Octobre 2023: \u00ab La course au f\u00e9minin \u00bb de la clinique du coureur&nbsp;<\/p>\n<p>Novembre 2023: \u00ab 1er degr\u00e9 en r\u00e9\u00e9ducation p\u00e9rin\u00e9o-sphinct\u00e9rienne \u00bb par EIRPP<\/p>\n<p>F\u00e9vrier 2024: \u00ab Femmes sportives et micro-nutrition \u00bb de Kin\u00e9 Formations<\/p>\n<p>Avril 2024: \u00ab Algies du P\u00e9rin\u00e9 \u00bb par FullPhysio<\/p>\n<p>Juin 2024:&nbsp;&nbsp;\u00ab&nbsp;Kin\u00e9sith\u00e9rapie de la femme : sp\u00e9cificit\u00e9s, mythes et r\u00e9alit\u00e9&nbsp;\u00bb par Physio-Formation<\/p>\n<p>Novembre-D\u00e9cembre 2024: \u00ab Pilates Matwork 1 et 2 \u00bb de PhysioFormation<\/p>\n<p>Mars-Avril 2025: \u00ab&nbsp;Pr\u00e9paration \u00e0 l\u2019accouchement&nbsp;\u00bb de Aur\u00e9lie Bodart<\/p>\n<p>S\u00e9ances :<\/p>\n<p>S\u00e9ance Classique 30 min : 35euros<\/p>\n<p>S\u00e9ance de pr\u00e9paration \u00e0 l'accouchement 1h : 65euros&nbsp;<\/p>\n<p>Pas de possibilit\u00e9 de prendre un rendez-vous de plus de 24h \u00e0 l'avance<\/p>\n<p>Apportez une essuie et une tenue confortable \u00e0 chaque s\u00e9ance<\/p>\n<p>Pour prendre rendez-vous avec Emma:&nbsp;<\/p>\n\n<script>\n  if (typeof hasAmeliaEntitiesApiCall === 'undefined' && ('' === '' && '' !== '1')) {\n    var hasAmeliaEntitiesApiCall = true;\n  }\n  var ameliaShortcodeData = (typeof ameliaShortcodeData === 'undefined') ? [] : ameliaShortcodeData;\n  ameliaShortcodeData.push(\n    {\n      'hasApiCall': (typeof hasAmeliaEntitiesApiCall !== 'undefined') && hasAmeliaEntitiesApiCall,\n      'trigger': '',\n      'trigger_type': '',\n      'triggered_form': 'sbsNew',\n      'in_dialog': '',\n      'show': '',\n      'counter': '1000',\n      'category': '',\n      'service': '',\n      'employee': '1617',\n      'location': '',\n      'package': '',\n      'layout': '',\n    }\n  );\n\n  var ameliaShortcodeDataTriggered = (typeof ameliaShortcodeDataTriggered === 'undefined') ? [] : ameliaShortcodeDataTriggered;\n  if (ameliaShortcodeData[ameliaShortcodeData.length - 1].trigger !== '') {\n    if (ameliaShortcodeDataTriggered.filter(a => a.counter === ameliaShortcodeData[ameliaShortcodeData.length - 1].counter).length === 0) {\n      ameliaShortcodeDataTriggered.push(ameliaShortcodeData.pop());\n    } else {\n      ameliaShortcodeData.pop()\n    }\n  }\n  if (typeof hasAmeliaEntitiesApiCall !== 'undefined' && hasAmeliaEntitiesApiCall) {\n    hasAmeliaEntitiesApiCall = false;\n  }\n<\/script>\n\n<div\n  id=\"amelia-v2-booking-1000\"\n  class=\"amelia-v2-booking\"\n >\n    <step-form-wrapper><\/step-form-wrapper><\/div>\n\n<\/div>\n<\/div><\/div><\/div><\/div><\/div>","protected":false},"excerpt":{"rendered":"<p>&nbsp; Consultations Mercredi 7h00-13h00 Vendredi 7h00-13h00 &nbsp; &nbsp; Contact 0498\/44.45.51 emma.nestia@outlook.be S\u00e9ances en Fran\u00e7ais et Anglais &nbsp; &nbsp; Kin\u00e9sith\u00e9rapie pr\u00e9-natale Kin\u00e9sith\u00e9rapie post-natale Kin\u00e9sith\u00e9rapie P\u00e9rin\u00e9ale &nbsp; Kin\u00e9sith\u00e9rapeute passionn\u00e9e depuis 2022 et dipl\u00f4m\u00e9e de la Haute \u00e9cole L\u00e9onard de Vinci, j\u2019ai eu la chance de pouvoir aller pratiquer pendant 2 ans sur l\u2019\u00eele de la R\u00e9union. Ce&#8230; <a href=\"https:\/\/nestia.be\/index.php\/emma-otte-kinesitherapie-pre-post-natale-perineale\/\">Continue reading <span class=\"screen-reader-text\">&#8220;Emma Otte &#8211; Kin\u00e9sith\u00e9rapie Pr\u00e9-post natale &#8211; P\u00e9rin\u00e9ale&#8221;<\/span><\/a><\/p>\n","protected":false},"author":1,"featured_media":0,"parent":0,"menu_order":0,"comment_status":"closed","ping_status":"closed","template":"","meta":{"ngg_post_thumbnail":0,"_vp_format_video_url":"","_vp_image_focal_point":[],"footnotes":""},"class_list":["post-1449","page","type-page","status-publish","hentry"],"yoast_head":"<!-- This site is optimized with the Yoast SEO Premium plugin v23.4 (Yoast SEO v27.4) - https:\/\/yoast.com\/product\/yoast-seo-premium-wordpress\/ -->\n<title>Emma Otte - Kin\u00e9sith\u00e9rapie Pr\u00e9-post natale - P\u00e9rin\u00e9ale - Centre Nestia<\/title>\n<meta name=\"description\" content=\"Lorraine vous re\u00e7oit au Centre Nestia \u00e0 Auderghem pour des s\u00e9ances de kin\u00e9sith\u00e9rapie de pr\u00e9 et post partum. R\u00e9\u00e9ducation p\u00e9rin\u00e9ale\" \/>\n<meta name=\"robots\" content=\"index, follow, max-snippet:-1, max-image-preview:large, max-video-preview:-1\" \/>\n<link rel=\"canonical\" href=\"https:\/\/nestia.be\/index.php\/emma-otte-kinesitherapie-pre-post-natale-perineale\/\" \/>\n<meta property=\"og:locale\" content=\"fr_FR\" \/>\n<meta property=\"og:type\" content=\"article\" \/>\n<meta property=\"og:title\" content=\"Emma Otte - Kin\u00e9sith\u00e9rapie Pr\u00e9-post natale - P\u00e9rin\u00e9ale\" \/>\n<meta property=\"og:description\" content=\"Lorraine vous re\u00e7oit au Centre Nestia \u00e0 Auderghem pour des s\u00e9ances de kin\u00e9sith\u00e9rapie de pr\u00e9 et post partum. R\u00e9\u00e9ducation p\u00e9rin\u00e9ale\" \/>\n<meta property=\"og:url\" content=\"https:\/\/nestia.be\/index.php\/emma-otte-kinesitherapie-pre-post-natale-perineale\/\" \/>\n<meta property=\"og:site_name\" content=\"Centre Nestia\" \/>\n<meta property=\"article:modified_time\" content=\"2025-08-10T18:11:56+00:00\" \/>\n<meta property=\"og:image\" content=\"https:\/\/nestia.be\/wp-content\/uploads\/2025\/04\/IMG_4094.jpg\" \/>\n\t<meta property=\"og:image:width\" content=\"640\" \/>\n\t<meta property=\"og:image:height\" content=\"640\" \/>\n\t<meta property=\"og:image:type\" content=\"image\/jpeg\" \/>\n<meta name=\"twitter:card\" content=\"summary_large_image\" \/>\n<meta name=\"twitter:label1\" content=\"Dur\u00e9e de lecture estim\u00e9e\" \/>\n\t<meta name=\"twitter:data1\" content=\"2 minutes\" \/>\n<script type=\"application\/ld+json\" class=\"yoast-schema-graph\">{\"@context\":\"https:\\\/\\\/schema.org\",\"@graph\":[{\"@type\":\"WebPage\",\"@id\":\"https:\\\/\\\/nestia.be\\\/index.php\\\/emma-otte-kinesitherapie-pre-post-natale-perineale\\\/\",\"url\":\"https:\\\/\\\/nestia.be\\\/index.php\\\/emma-otte-kinesitherapie-pre-post-natale-perineale\\\/\",\"name\":\"Emma Otte - Kin\u00e9sith\u00e9rapie Pr\u00e9-post natale - P\u00e9rin\u00e9ale - Centre Nestia\",\"isPartOf\":{\"@id\":\"https:\\\/\\\/nestia.be\\\/#website\"},\"primaryImageOfPage\":{\"@id\":\"https:\\\/\\\/nestia.be\\\/index.php\\\/emma-otte-kinesitherapie-pre-post-natale-perineale\\\/#primaryimage\"},\"image\":{\"@id\":\"https:\\\/\\\/nestia.be\\\/index.php\\\/emma-otte-kinesitherapie-pre-post-natale-perineale\\\/#primaryimage\"},\"thumbnailUrl\":\"https:\\\/\\\/nestia.be\\\/wp-content\\\/uploads\\\/2025\\\/04\\\/IMG_4094-300x300.jpg\",\"datePublished\":\"2021-12-29T17:11:09+00:00\",\"dateModified\":\"2025-08-10T18:11:56+00:00\",\"description\":\"Lorraine vous re\u00e7oit au Centre Nestia \u00e0 Auderghem pour des s\u00e9ances de kin\u00e9sith\u00e9rapie de pr\u00e9 et post partum. R\u00e9\u00e9ducation p\u00e9rin\u00e9ale\",\"breadcrumb\":{\"@id\":\"https:\\\/\\\/nestia.be\\\/index.php\\\/emma-otte-kinesitherapie-pre-post-natale-perineale\\\/#breadcrumb\"},\"inLanguage\":\"fr-FR\",\"potentialAction\":[{\"@type\":\"ReadAction\",\"target\":[\"https:\\\/\\\/nestia.be\\\/index.php\\\/emma-otte-kinesitherapie-pre-post-natale-perineale\\\/\"]}]},{\"@type\":\"ImageObject\",\"inLanguage\":\"fr-FR\",\"@id\":\"https:\\\/\\\/nestia.be\\\/index.php\\\/emma-otte-kinesitherapie-pre-post-natale-perineale\\\/#primaryimage\",\"url\":\"https:\\\/\\\/nestia.be\\\/wp-content\\\/uploads\\\/2025\\\/04\\\/IMG_4094.jpg\",\"contentUrl\":\"https:\\\/\\\/nestia.be\\\/wp-content\\\/uploads\\\/2025\\\/04\\\/IMG_4094.jpg\",\"width\":640,\"height\":640},{\"@type\":\"BreadcrumbList\",\"@id\":\"https:\\\/\\\/nestia.be\\\/index.php\\\/emma-otte-kinesitherapie-pre-post-natale-perineale\\\/#breadcrumb\",\"itemListElement\":[{\"@type\":\"ListItem\",\"position\":1,\"name\":\"Accueil\",\"item\":\"https:\\\/\\\/nestia.be\\\/\"},{\"@type\":\"ListItem\",\"position\":2,\"name\":\"Emma Otte &#8211; Kin\u00e9sith\u00e9rapie Pr\u00e9-post natale &#8211; P\u00e9rin\u00e9ale\"}]},{\"@type\":\"WebSite\",\"@id\":\"https:\\\/\\\/nestia.be\\\/#website\",\"url\":\"https:\\\/\\\/nestia.be\\\/\",\"name\":\"Centre Nestia\",\"description\":\"Centre pluridisciplinaire P\u00e9diatrique, P\u00e9rinatal et Familial\",\"publisher\":{\"@id\":\"https:\\\/\\\/nestia.be\\\/#organization\"},\"potentialAction\":[{\"@type\":\"SearchAction\",\"target\":{\"@type\":\"EntryPoint\",\"urlTemplate\":\"https:\\\/\\\/nestia.be\\\/?s={search_term_string}\"},\"query-input\":{\"@type\":\"PropertyValueSpecification\",\"valueRequired\":true,\"valueName\":\"search_term_string\"}}],\"inLanguage\":\"fr-FR\"},{\"@type\":\"Organization\",\"@id\":\"https:\\\/\\\/nestia.be\\\/#organization\",\"name\":\"Centre Nestia\",\"url\":\"https:\\\/\\\/nestia.be\\\/\",\"logo\":{\"@type\":\"ImageObject\",\"inLanguage\":\"fr-FR\",\"@id\":\"https:\\\/\\\/nestia.be\\\/#\\\/schema\\\/logo\\\/image\\\/\",\"url\":\"https:\\\/\\\/nestia.be\\\/wp-content\\\/uploads\\\/2020\\\/12\\\/cropped-69706906_116330719731047_3337316616944746496_n.jpg\",\"contentUrl\":\"https:\\\/\\\/nestia.be\\\/wp-content\\\/uploads\\\/2020\\\/12\\\/cropped-69706906_116330719731047_3337316616944746496_n.jpg\",\"width\":594,\"height\":433,\"caption\":\"Centre Nestia\"},\"image\":{\"@id\":\"https:\\\/\\\/nestia.be\\\/#\\\/schema\\\/logo\\\/image\\\/\"}}]}<\/script>\n<!-- \/ Yoast SEO Premium plugin. -->","yoast_head_json":{"title":"Emma Otte - Kin\u00e9sith\u00e9rapie Pr\u00e9-post natale - P\u00e9rin\u00e9ale - Centre Nestia","description":"Lorraine vous re\u00e7oit au Centre Nestia \u00e0 Auderghem pour des s\u00e9ances de kin\u00e9sith\u00e9rapie de pr\u00e9 et post partum. R\u00e9\u00e9ducation p\u00e9rin\u00e9ale","robots":{"index":"index","follow":"follow","max-snippet":"max-snippet:-1","max-image-preview":"max-image-preview:large","max-video-preview":"max-video-preview:-1"},"canonical":"https:\/\/nestia.be\/index.php\/emma-otte-kinesitherapie-pre-post-natale-perineale\/","og_locale":"fr_FR","og_type":"article","og_title":"Emma Otte - Kin\u00e9sith\u00e9rapie Pr\u00e9-post natale - P\u00e9rin\u00e9ale","og_description":"Lorraine vous re\u00e7oit au Centre Nestia \u00e0 Auderghem pour des s\u00e9ances de kin\u00e9sith\u00e9rapie de pr\u00e9 et post partum. R\u00e9\u00e9ducation p\u00e9rin\u00e9ale","og_url":"https:\/\/nestia.be\/index.php\/emma-otte-kinesitherapie-pre-post-natale-perineale\/","og_site_name":"Centre Nestia","article_modified_time":"2025-08-10T18:11:56+00:00","og_image":[{"width":640,"height":640,"url":"https:\/\/nestia.be\/wp-content\/uploads\/2025\/04\/IMG_4094.jpg","type":"image\/jpeg"}],"twitter_card":"summary_large_image","twitter_misc":{"Dur\u00e9e de lecture estim\u00e9e":"2 minutes"},"schema":{"@context":"https:\/\/schema.org","@graph":[{"@type":"WebPage","@id":"https:\/\/nestia.be\/index.php\/emma-otte-kinesitherapie-pre-post-natale-perineale\/","url":"https:\/\/nestia.be\/index.php\/emma-otte-kinesitherapie-pre-post-natale-perineale\/","name":"Emma Otte - Kin\u00e9sith\u00e9rapie Pr\u00e9-post natale - P\u00e9rin\u00e9ale - Centre Nestia","isPartOf":{"@id":"https:\/\/nestia.be\/#website"},"primaryImageOfPage":{"@id":"https:\/\/nestia.be\/index.php\/emma-otte-kinesitherapie-pre-post-natale-perineale\/#primaryimage"},"image":{"@id":"https:\/\/nestia.be\/index.php\/emma-otte-kinesitherapie-pre-post-natale-perineale\/#primaryimage"},"thumbnailUrl":"https:\/\/nestia.be\/wp-content\/uploads\/2025\/04\/IMG_4094-300x300.jpg","datePublished":"2021-12-29T17:11:09+00:00","dateModified":"2025-08-10T18:11:56+00:00","description":"Lorraine vous re\u00e7oit au Centre Nestia \u00e0 Auderghem pour des s\u00e9ances de kin\u00e9sith\u00e9rapie de pr\u00e9 et post partum. R\u00e9\u00e9ducation p\u00e9rin\u00e9ale","breadcrumb":{"@id":"https:\/\/nestia.be\/index.php\/emma-otte-kinesitherapie-pre-post-natale-perineale\/#breadcrumb"},"inLanguage":"fr-FR","potentialAction":[{"@type":"ReadAction","target":["https:\/\/nestia.be\/index.php\/emma-otte-kinesitherapie-pre-post-natale-perineale\/"]}]},{"@type":"ImageObject","inLanguage":"fr-FR","@id":"https:\/\/nestia.be\/index.php\/emma-otte-kinesitherapie-pre-post-natale-perineale\/#primaryimage","url":"https:\/\/nestia.be\/wp-content\/uploads\/2025\/04\/IMG_4094.jpg","contentUrl":"https:\/\/nestia.be\/wp-content\/uploads\/2025\/04\/IMG_4094.jpg","width":640,"height":640},{"@type":"BreadcrumbList","@id":"https:\/\/nestia.be\/index.php\/emma-otte-kinesitherapie-pre-post-natale-perineale\/#breadcrumb","itemListElement":[{"@type":"ListItem","position":1,"name":"Accueil","item":"https:\/\/nestia.be\/"},{"@type":"ListItem","position":2,"name":"Emma Otte &#8211; Kin\u00e9sith\u00e9rapie Pr\u00e9-post natale &#8211; P\u00e9rin\u00e9ale"}]},{"@type":"WebSite","@id":"https:\/\/nestia.be\/#website","url":"https:\/\/nestia.be\/","name":"Centre Nestia","description":"Centre pluridisciplinaire P\u00e9diatrique, P\u00e9rinatal et Familial","publisher":{"@id":"https:\/\/nestia.be\/#organization"},"potentialAction":[{"@type":"SearchAction","target":{"@type":"EntryPoint","urlTemplate":"https:\/\/nestia.be\/?s={search_term_string}"},"query-input":{"@type":"PropertyValueSpecification","valueRequired":true,"valueName":"search_term_string"}}],"inLanguage":"fr-FR"},{"@type":"Organization","@id":"https:\/\/nestia.be\/#organization","name":"Centre Nestia","url":"https:\/\/nestia.be\/","logo":{"@type":"ImageObject","inLanguage":"fr-FR","@id":"https:\/\/nestia.be\/#\/schema\/logo\/image\/","url":"https:\/\/nestia.be\/wp-content\/uploads\/2020\/12\/cropped-69706906_116330719731047_3337316616944746496_n.jpg","contentUrl":"https:\/\/nestia.be\/wp-content\/uploads\/2020\/12\/cropped-69706906_116330719731047_3337316616944746496_n.jpg","width":594,"height":433,"caption":"Centre Nestia"},"image":{"@id":"https:\/\/nestia.be\/#\/schema\/logo\/image\/"}}]}},"_links":{"self":[{"href":"https:\/\/nestia.be\/index.php\/wp-json\/wp\/v2\/pages\/1449","targetHints":{"allow":["GET"]}}],"collection":[{"href":"https:\/\/nestia.be\/index.php\/wp-json\/wp\/v2\/pages"}],"about":[{"href":"https:\/\/nestia.be\/index.php\/wp-json\/wp\/v2\/types\/page"}],"author":[{"embeddable":true,"href":"https:\/\/nestia.be\/index.php\/wp-json\/wp\/v2\/users\/1"}],"replies":[{"embeddable":true,"href":"https:\/\/nestia.be\/index.php\/wp-json\/wp\/v2\/comments?post=1449"}],"version-history":[{"count":18,"href":"https:\/\/nestia.be\/index.php\/wp-json\/wp\/v2\/pages\/1449\/revisions"}],"predecessor-version":[{"id":2609,"href":"https:\/\/nestia.be\/index.php\/wp-json\/wp\/v2\/pages\/1449\/revisions\/2609"}],"wp:attachment":[{"href":"https:\/\/nestia.be\/index.php\/wp-json\/wp\/v2\/media?parent=1449"}],"curies":[{"name":"wp","href":"https:\/\/api.w.org\/{rel}","templated":true}]}}