{"id":1432,"date":"2021-12-10T16:46:17","date_gmt":"2021-12-10T15:46:17","guid":{"rendered":"http:\/\/nestia.be\/?page_id=1432"},"modified":"2025-05-26T10:57:24","modified_gmt":"2025-05-26T08:57:24","slug":"microkinesitherapie","status":"publish","type":"page","link":"https:\/\/nestia.be\/index.php\/microkinesitherapie\/","title":{"rendered":"Microkin\u00e9sith\u00e9rapie"},"content":{"rendered":"<div id=\"pl-gb1432-69e58c0d59939\"  class=\"panel-layout wp-block-siteorigin-panels-layout-block\" ><div id=\"pg-gb1432-69e58c0d59939-0\"  class=\"panel-grid panel-no-style\" ><div id=\"pgc-gb1432-69e58c0d59939-0-0\"  class=\"panel-grid-cell\" ><div id=\"panel-gb1432-69e58c0d59939-0-0-0\" class=\"so-panel widget widget_sow-editor panel-first-child panel-last-child\" data-index=\"0\" ><div\n\t\t\t\n\t\t\tclass=\"so-widget-sow-editor so-widget-sow-editor-base\"\n\t\t\t\n\t\t>\n<div class=\"siteorigin-widget-tinymce textwidget\">\n\t<p><span style=\"font-family: inherit; -webkit-text-size-adjust: 100%;\">Marine Delvigne, microkin\u00e9 au Centre Nestia \u00e0 Auderghem, Bruxelles re\u00e7oit les b\u00e9b\u00e9s, enfants et adultes en s\u00e9ance de microkin\u00e9sith\u00e9rapie.<\/span><\/p>\n<p>Motifs de consultation :<\/p>\n<ul class=\"wp-block-list\">\n<li>Troubles du sommeil<\/li>\n<li>Troubles de l\u2019attachement<\/li>\n<li>Difficult\u00e9s alimentaires<\/li>\n<li>Difficult\u00e9s sociales<\/li>\n<li>Stress \u2013 angoisse \u2013 burnout<\/li>\n<li>Mal \u00eatre g\u00e9n\u00e9ral<\/li>\n<li>Douleurs r\u00e9currentes<\/li>\n<li>Difficult\u00e9 de l\u00e2cher prise<\/li>\n<\/ul>\n<p>Le corps humain, comme tout organisme vivant, est con\u00e7u pour s\u2019adapter, se d\u00e9fendre et s\u2019auto-corriger en cas d\u2019agressions traumatiques, \u00e9motionnelles, toxiques, virales, microbiennes ou d\u2019environnement. Lorsque l\u2019agression est sup\u00e9rieure aux possibilit\u00e9s de d\u00e9fense de l\u2019organisme, la vitalit\u00e9 du tissu corporel concern\u00e9 va \u00eatre alt\u00e9r\u00e9e. Il y a \u201cm\u00e9morisation\u201d de l\u2019agression. La modification de la vitalit\u00e9 tissulaire peut faire apparaitre diff\u00e9rentes manifestations locales ou \u00e0 distance.<\/p>\n<p>La microkin\u00e9sith\u00e9rapie va chercher par une technique micropalpatoire manuelle sp\u00e9cifique les traces laiss\u00e9es par ces agressions dans les diff\u00e9rents tissus de l\u2019organisme. Son action consiste \u00e0 effectuer manuellement des actes stimulant les m\u00e9canismes d\u2019autocorrection afin d\u2019\u00e9viter la d\u00e9gradation des tissus et d\u2019 en r\u00e9tablir leurs fonctions. Les mains du praticien mobilisent et stimulent les diff\u00e9rents tissus en fonction du type d\u2019agression<\/p>\n<p>Cette technique est applicable \u00e0 tous les \u00e2ges de la vie, dans un but th\u00e9rapeutique ou non.<\/p>\n<p>Mots clefs:<\/p>\n<ul>\n<li><strong>agression<\/strong> : \u00e9v\u00e8nement de source ext\u00e9rieure, de toute origine possible venant perturber l\u2019individu.<\/li>\n<li><strong>vitalit\u00e9 tissulaire<\/strong> : capacit\u00e9 d\u2019un tissu de manifester de fa\u00e7on palpable son \u00e9tat normal de fonctionnement.<\/li>\n<li><strong>micropalpation<\/strong> : interrogation faite \u00e0 deux mains sur un tissu vivant permettant de contr\u00f4ler l\u2019int\u00e9grit\u00e9 de sa vitalit\u00e9.<\/li>\n<\/ul>\n<p><strong>D\u00e9roulement d&#8217;une s\u00e9ance de microkin\u00e9sith\u00e9rapie au Centre Nestia, Auderghem.<\/strong><\/p>\n<p>La dur\u00e9e est en moyenne de 30 \u00e0 45 minutes.<\/p>\n<p>Apr\u00e8s avoir&nbsp;signal\u00e9&nbsp;les motifs de sa consultation, la personne va s\u2019allonger sur la table de consultation, le plus souvent en restant habill\u00e9e. Les rythmes vitaux sont plus faciles \u00e0 percevoir \u00e0 travers un v\u00eatement l\u00e9ger. Le th\u00e9rapeute n\u2019est pas \u00ab&nbsp;distrait&nbsp;\u00bb par d\u2019autres perceptions et la personne se sent plus \u00e0 l\u2019aise.<\/p>\n<p>La premi\u00e8re partie du travail est une recherche micropalpatoire permettant de retrouver l\u2019\u00e9tiologie responsable du d\u00e9sordre observ\u00e9, c\u2019est&nbsp;<strong>la mise en \u00e9vidence des <\/strong><strong>cicatrices pathog\u00e8nes<\/strong>.<\/p>\n<p>La seconde partie consiste \u00e0&nbsp;<strong>rechercher le <\/strong><strong>sympt\u00f4me<\/strong>&nbsp;qui en d\u00e9coule. Concr\u00e8tement, le th\u00e9rapeute garde dans une main la cause (la cicatrice) et recherche avec l\u2019autre main la cons\u00e9quence (le sympt\u00f4me) en parcourant la ligne m\u00e9diane du corps \u00e0 la recherche de l\u2019\u00e9tage affect\u00e9. Une fois l\u2019\u00e9tage d\u00e9fini, il recherche, par une palpation transversale de cet \u00e9tage, le tissu atteint qui permet de retrouver le sympt\u00f4me et sa localisation dans le corps qui se manifeste par une restriction entre le tissu atteint dans l\u2019\u00e9tage et l\u2019organe affect\u00e9.<\/p>\n<p>A ce moment-l\u00e0, il est possible de donner approximativement la date \u00e0 laquelle l\u2019\u00e9v\u00e9nement s\u2019est install\u00e9 en sollicitant palpatoirement une r\u00e9ponse de l\u2019organe \u00e0 une date d\u00e9finie par le th\u00e9rapeute. L\u2019organisme du patient r\u00e9agit \u00e0 cette date et la restriction est per\u00e7ue comme amplifi\u00e9e par les mains du th\u00e9rapeute. Bien que l\u2019\u00e9l\u00e9ment permettant de comprendre totalement ce ph\u00e9nom\u00e8ne soit encore non expliqu\u00e9, la datation du traumatisme est une information int\u00e9ressante \u00e0 recueillir car elle permet au patient de mieux situer l\u2019origine du d\u00e9sordre. Comprendre les causes pass\u00e9es des douleurs pr\u00e9sentes, c\u2019est aussi faire de la pr\u00e9vention.<\/p>\n<p>Une fois identifi\u00e9e et localis\u00e9e,&nbsp;<strong>la cicatrice est stimul\u00e9e<\/strong>&nbsp;ce qui va d\u00e9clencher les processus d\u2019auto gu\u00e9rison, de fa\u00e7on quasiment instantan\u00e9e. C\u2019est un dialogue en direct avec la m\u00e9moire tissulaire de la personne, effectu\u00e9 par voie palpatoire, sans autre support. Le m\u00e9canisme d\u2019auto-correction est obtenu de cette mani\u00e8re, aussi bien sur des adultes que sur des b\u00e9b\u00e9s ou des animaux.<\/p>\n<p><strong>Apr\u00e8s la s\u00e9ance<\/strong><\/p>\n<p>Les d\u00e9sordres importants, qui n\u2019ont pas pu \u00eatre g\u00e9r\u00e9s en temps utiles et qui sont en rapport avec le motif de consultation, ont \u00e9t\u00e9 retrouv\u00e9s et r\u00e9veill\u00e9s, pr\u00e9sent\u00e9s \u00e0 nouveau par le th\u00e9rapeute. Apr\u00e8s la s\u00e9ance, l\u2019organisme commence \u00e0 les \u00e9vacuer en d\u00e9clenchant un m\u00e9canisme d\u2019\u00e9limination. La personne, bien souvent, va se sentir fatigu\u00e9e pendant 48 heures. Pendant ces deux jours, des douleurs ou des \u00e9motions li\u00e9es aux cicatrices pathog\u00e8nes lib\u00e9r\u00e9es peuvent remonter \u00e0 la \u00ab&nbsp;surface&nbsp;\u00bb. On conseille aux personnes de bien s\u2019hydrater et de ne pas faire d\u2019efforts inutiles afin de faciliter cette \u00e9limination.<\/p>\n<p><strong>Nombre de s\u00e9ances n\u00e9cessaires<\/strong><\/p>\n<p>Une deuxi\u00e8me s\u00e9ance peut \u00eatre envisag\u00e9e quelques semaines plus tard, si la premi\u00e8re n\u2019a pas suffi, ou dans un d\u00e9lai plus court si le probl\u00e8me est aigu. Trois s\u00e9ances pour un m\u00eame sympt\u00f4me sont un maximum, au-del\u00e0 le th\u00e9rapeute doit avoir l\u2019honn\u00eatet\u00e9 de r\u00e9orienter la personne en sachant, soit qu\u2019il n\u2019est pas parvenu \u00e0 retrouver l\u2019\u00e9tiologie responsable, soit que la pathologie est parvenue \u00e0 un stade de non r\u00e9cup\u00e9ration. Deux ou trois s\u00e9ances annuelles peuvent \u00e9galement \u00eatre envisag\u00e9es pour entretenir un bon \u00e9tat de sant\u00e9. Enfin, certaines pathologies \u00e9volutives peuvent n\u00e9cessiter des s\u00e9ances r\u00e9guli\u00e8res.<\/p>\n<p><span style=\"color: #1b7575;\"><strong>La microkin\u00e9sith\u00e9rapeute du Centre Nestia, Auderghem :<\/strong><\/span><\/p>\n<p><span style=\"color: #1b7575;\">Marine Delvigne<\/span> : Consultation le lundi, mardi et jeudi toute la journ\u00e9e, vendredi en matin\u00e9e 0472\/79.28.77<\/p>\n<p>Prix : 70-80 euros<\/p>\n<p>&nbsp;<\/p>\n\n<script>\n  if (typeof hasAmeliaEntitiesApiCall === 'undefined' && ('' === '' && '' !== '1')) {\n    var hasAmeliaEntitiesApiCall = true;\n  }\n  var ameliaShortcodeData = (typeof ameliaShortcodeData === 'undefined') ? [] : ameliaShortcodeData;\n  ameliaShortcodeData.push(\n    {\n      'hasApiCall': (typeof hasAmeliaEntitiesApiCall !== 'undefined') && hasAmeliaEntitiesApiCall,\n      'trigger': '',\n      'trigger_type': '',\n      'triggered_form': 'sbsNew',\n      'in_dialog': '',\n      'show': '',\n      'counter': '1000',\n      'category': '22',\n      'service': '',\n      'employee': '',\n      'location': '',\n      'package': '',\n      'layout': '',\n    }\n  );\n\n  var ameliaShortcodeDataTriggered = (typeof ameliaShortcodeDataTriggered === 'undefined') ? [] : ameliaShortcodeDataTriggered;\n  if (ameliaShortcodeData[ameliaShortcodeData.length - 1].trigger !== '') {\n    if (ameliaShortcodeDataTriggered.filter(a => a.counter === ameliaShortcodeData[ameliaShortcodeData.length - 1].counter).length === 0) {\n      ameliaShortcodeDataTriggered.push(ameliaShortcodeData.pop());\n    } else {\n      ameliaShortcodeData.pop()\n    }\n  }\n  if (typeof hasAmeliaEntitiesApiCall !== 'undefined' && hasAmeliaEntitiesApiCall) {\n    hasAmeliaEntitiesApiCall = false;\n  }\n<\/script>\n\n<div\n  id=\"amelia-v2-booking-1000\"\n  class=\"amelia-v2-booking\"\n >\n    <step-form-wrapper><\/step-form-wrapper><\/div>\n\n<p><span style=\"color: #ffffff;\">mots-cl\u00e9s : microkin\u00e9sith\u00e9rapie, microkin\u00e9sith\u00e9rapeute, microkin\u00e9 \u00e0 Auderghem, Bruxelles<\/span><\/p>\n<\/div>\n<\/div><\/div><\/div><\/div><\/div>","protected":false},"excerpt":{"rendered":"<p>Marine Delvigne, microkin\u00e9 au Centre Nestia \u00e0 Auderghem, Bruxelles re\u00e7oit les b\u00e9b\u00e9s, enfants et adultes en s\u00e9ance de microkin\u00e9sith\u00e9rapie. Motifs de consultation : Troubles du sommeil Troubles de l\u2019attachement Difficult\u00e9s alimentaires Difficult\u00e9s sociales Stress \u2013 angoisse \u2013 burnout Mal \u00eatre g\u00e9n\u00e9ral Douleurs r\u00e9currentes Difficult\u00e9 de l\u00e2cher prise Le corps humain, comme tout organisme vivant, est&#8230; <a href=\"https:\/\/nestia.be\/index.php\/microkinesitherapie\/\">Continue reading <span class=\"screen-reader-text\">&#8220;Microkin\u00e9sith\u00e9rapie&#8221;<\/span><\/a><\/p>\n","protected":false},"author":1,"featured_media":0,"parent":0,"menu_order":0,"comment_status":"closed","ping_status":"closed","template":"","meta":{"ngg_post_thumbnail":0,"_vp_format_video_url":"","_vp_image_focal_point":[],"footnotes":""},"class_list":["post-1432","page","type-page","status-publish","hentry"],"yoast_head":"<!-- This site is optimized with the Yoast SEO Premium plugin v23.4 (Yoast SEO v27.4) - https:\/\/yoast.com\/product\/yoast-seo-premium-wordpress\/ -->\n<title>Microkin\u00e9sith\u00e9rapie - Centre Nestia<\/title>\n<meta name=\"description\" content=\"Marine Delvigne, microkin\u00e9 au Centre Nestia \u00e0 Auderghem, Bruxelles re\u00e7oit les b\u00e9b\u00e9s, enfants et adultes en s\u00e9ance de microkin\u00e9sith\u00e9rapie.\" \/>\n<meta name=\"robots\" content=\"index, follow, max-snippet:-1, max-image-preview:large, max-video-preview:-1\" \/>\n<link rel=\"canonical\" href=\"https:\/\/nestia.be\/index.php\/microkinesitherapie\/\" \/>\n<meta property=\"og:locale\" content=\"fr_FR\" \/>\n<meta property=\"og:type\" content=\"article\" \/>\n<meta property=\"og:title\" content=\"Microkin\u00e9sith\u00e9rapie\" \/>\n<meta property=\"og:description\" content=\"Marine Delvigne, microkin\u00e9 au Centre Nestia \u00e0 Auderghem, Bruxelles re\u00e7oit les b\u00e9b\u00e9s, enfants et adultes en s\u00e9ance de microkin\u00e9sith\u00e9rapie.\" \/>\n<meta property=\"og:url\" content=\"https:\/\/nestia.be\/index.php\/microkinesitherapie\/\" \/>\n<meta property=\"og:site_name\" content=\"Centre Nestia\" \/>\n<meta property=\"article:modified_time\" content=\"2025-05-26T08:57:24+00:00\" \/>\n<meta name=\"twitter:card\" content=\"summary_large_image\" \/>\n<meta name=\"twitter:label1\" content=\"Dur\u00e9e de lecture estim\u00e9e\" \/>\n\t<meta name=\"twitter:data1\" content=\"4 minutes\" \/>\n<script type=\"application\/ld+json\" class=\"yoast-schema-graph\">{\"@context\":\"https:\\\/\\\/schema.org\",\"@graph\":[{\"@type\":\"WebPage\",\"@id\":\"https:\\\/\\\/nestia.be\\\/index.php\\\/microkinesitherapie\\\/\",\"url\":\"https:\\\/\\\/nestia.be\\\/index.php\\\/microkinesitherapie\\\/\",\"name\":\"Microkin\u00e9sith\u00e9rapie - Centre Nestia\",\"isPartOf\":{\"@id\":\"https:\\\/\\\/nestia.be\\\/#website\"},\"datePublished\":\"2021-12-10T15:46:17+00:00\",\"dateModified\":\"2025-05-26T08:57:24+00:00\",\"description\":\"Marine Delvigne, microkin\u00e9 au Centre Nestia \u00e0 Auderghem, Bruxelles re\u00e7oit les b\u00e9b\u00e9s, enfants et adultes en s\u00e9ance de microkin\u00e9sith\u00e9rapie.\",\"breadcrumb\":{\"@id\":\"https:\\\/\\\/nestia.be\\\/index.php\\\/microkinesitherapie\\\/#breadcrumb\"},\"inLanguage\":\"fr-FR\",\"potentialAction\":[{\"@type\":\"ReadAction\",\"target\":[\"https:\\\/\\\/nestia.be\\\/index.php\\\/microkinesitherapie\\\/\"]}]},{\"@type\":\"BreadcrumbList\",\"@id\":\"https:\\\/\\\/nestia.be\\\/index.php\\\/microkinesitherapie\\\/#breadcrumb\",\"itemListElement\":[{\"@type\":\"ListItem\",\"position\":1,\"name\":\"Accueil\",\"item\":\"https:\\\/\\\/nestia.be\\\/\"},{\"@type\":\"ListItem\",\"position\":2,\"name\":\"Microkin\u00e9sith\u00e9rapie\"}]},{\"@type\":\"WebSite\",\"@id\":\"https:\\\/\\\/nestia.be\\\/#website\",\"url\":\"https:\\\/\\\/nestia.be\\\/\",\"name\":\"Centre Nestia\",\"description\":\"Centre pluridisciplinaire P\u00e9diatrique, P\u00e9rinatal et Familial\",\"publisher\":{\"@id\":\"https:\\\/\\\/nestia.be\\\/#organization\"},\"potentialAction\":[{\"@type\":\"SearchAction\",\"target\":{\"@type\":\"EntryPoint\",\"urlTemplate\":\"https:\\\/\\\/nestia.be\\\/?s={search_term_string}\"},\"query-input\":{\"@type\":\"PropertyValueSpecification\",\"valueRequired\":true,\"valueName\":\"search_term_string\"}}],\"inLanguage\":\"fr-FR\"},{\"@type\":\"Organization\",\"@id\":\"https:\\\/\\\/nestia.be\\\/#organization\",\"name\":\"Centre Nestia\",\"url\":\"https:\\\/\\\/nestia.be\\\/\",\"logo\":{\"@type\":\"ImageObject\",\"inLanguage\":\"fr-FR\",\"@id\":\"https:\\\/\\\/nestia.be\\\/#\\\/schema\\\/logo\\\/image\\\/\",\"url\":\"https:\\\/\\\/nestia.be\\\/wp-content\\\/uploads\\\/2020\\\/12\\\/cropped-69706906_116330719731047_3337316616944746496_n.jpg\",\"contentUrl\":\"https:\\\/\\\/nestia.be\\\/wp-content\\\/uploads\\\/2020\\\/12\\\/cropped-69706906_116330719731047_3337316616944746496_n.jpg\",\"width\":594,\"height\":433,\"caption\":\"Centre Nestia\"},\"image\":{\"@id\":\"https:\\\/\\\/nestia.be\\\/#\\\/schema\\\/logo\\\/image\\\/\"}}]}<\/script>\n<!-- \/ Yoast SEO Premium plugin. -->","yoast_head_json":{"title":"Microkin\u00e9sith\u00e9rapie - Centre Nestia","description":"Marine Delvigne, microkin\u00e9 au Centre Nestia \u00e0 Auderghem, Bruxelles re\u00e7oit les b\u00e9b\u00e9s, enfants et adultes en s\u00e9ance de microkin\u00e9sith\u00e9rapie.","robots":{"index":"index","follow":"follow","max-snippet":"max-snippet:-1","max-image-preview":"max-image-preview:large","max-video-preview":"max-video-preview:-1"},"canonical":"https:\/\/nestia.be\/index.php\/microkinesitherapie\/","og_locale":"fr_FR","og_type":"article","og_title":"Microkin\u00e9sith\u00e9rapie","og_description":"Marine Delvigne, microkin\u00e9 au Centre Nestia \u00e0 Auderghem, Bruxelles re\u00e7oit les b\u00e9b\u00e9s, enfants et adultes en s\u00e9ance de microkin\u00e9sith\u00e9rapie.","og_url":"https:\/\/nestia.be\/index.php\/microkinesitherapie\/","og_site_name":"Centre Nestia","article_modified_time":"2025-05-26T08:57:24+00:00","twitter_card":"summary_large_image","twitter_misc":{"Dur\u00e9e de lecture estim\u00e9e":"4 minutes"},"schema":{"@context":"https:\/\/schema.org","@graph":[{"@type":"WebPage","@id":"https:\/\/nestia.be\/index.php\/microkinesitherapie\/","url":"https:\/\/nestia.be\/index.php\/microkinesitherapie\/","name":"Microkin\u00e9sith\u00e9rapie - Centre Nestia","isPartOf":{"@id":"https:\/\/nestia.be\/#website"},"datePublished":"2021-12-10T15:46:17+00:00","dateModified":"2025-05-26T08:57:24+00:00","description":"Marine Delvigne, microkin\u00e9 au Centre Nestia \u00e0 Auderghem, Bruxelles re\u00e7oit les b\u00e9b\u00e9s, enfants et adultes en s\u00e9ance de microkin\u00e9sith\u00e9rapie.","breadcrumb":{"@id":"https:\/\/nestia.be\/index.php\/microkinesitherapie\/#breadcrumb"},"inLanguage":"fr-FR","potentialAction":[{"@type":"ReadAction","target":["https:\/\/nestia.be\/index.php\/microkinesitherapie\/"]}]},{"@type":"BreadcrumbList","@id":"https:\/\/nestia.be\/index.php\/microkinesitherapie\/#breadcrumb","itemListElement":[{"@type":"ListItem","position":1,"name":"Accueil","item":"https:\/\/nestia.be\/"},{"@type":"ListItem","position":2,"name":"Microkin\u00e9sith\u00e9rapie"}]},{"@type":"WebSite","@id":"https:\/\/nestia.be\/#website","url":"https:\/\/nestia.be\/","name":"Centre Nestia","description":"Centre pluridisciplinaire P\u00e9diatrique, P\u00e9rinatal et Familial","publisher":{"@id":"https:\/\/nestia.be\/#organization"},"potentialAction":[{"@type":"SearchAction","target":{"@type":"EntryPoint","urlTemplate":"https:\/\/nestia.be\/?s={search_term_string}"},"query-input":{"@type":"PropertyValueSpecification","valueRequired":true,"valueName":"search_term_string"}}],"inLanguage":"fr-FR"},{"@type":"Organization","@id":"https:\/\/nestia.be\/#organization","name":"Centre Nestia","url":"https:\/\/nestia.be\/","logo":{"@type":"ImageObject","inLanguage":"fr-FR","@id":"https:\/\/nestia.be\/#\/schema\/logo\/image\/","url":"https:\/\/nestia.be\/wp-content\/uploads\/2020\/12\/cropped-69706906_116330719731047_3337316616944746496_n.jpg","contentUrl":"https:\/\/nestia.be\/wp-content\/uploads\/2020\/12\/cropped-69706906_116330719731047_3337316616944746496_n.jpg","width":594,"height":433,"caption":"Centre Nestia"},"image":{"@id":"https:\/\/nestia.be\/#\/schema\/logo\/image\/"}}]}},"_links":{"self":[{"href":"https:\/\/nestia.be\/index.php\/wp-json\/wp\/v2\/pages\/1432","targetHints":{"allow":["GET"]}}],"collection":[{"href":"https:\/\/nestia.be\/index.php\/wp-json\/wp\/v2\/pages"}],"about":[{"href":"https:\/\/nestia.be\/index.php\/wp-json\/wp\/v2\/types\/page"}],"author":[{"embeddable":true,"href":"https:\/\/nestia.be\/index.php\/wp-json\/wp\/v2\/users\/1"}],"replies":[{"embeddable":true,"href":"https:\/\/nestia.be\/index.php\/wp-json\/wp\/v2\/comments?post=1432"}],"version-history":[{"count":11,"href":"https:\/\/nestia.be\/index.php\/wp-json\/wp\/v2\/pages\/1432\/revisions"}],"predecessor-version":[{"id":2576,"href":"https:\/\/nestia.be\/index.php\/wp-json\/wp\/v2\/pages\/1432\/revisions\/2576"}],"wp:attachment":[{"href":"https:\/\/nestia.be\/index.php\/wp-json\/wp\/v2\/media?parent=1432"}],"curies":[{"name":"wp","href":"https:\/\/api.w.org\/{rel}","templated":true}]}}