{"id":126,"date":"2018-12-05T19:14:01","date_gmt":"2018-12-05T18:14:01","guid":{"rendered":"http:\/\/nestia.be\/?page_id=126"},"modified":"2019-10-28T11:18:21","modified_gmt":"2019-10-28T10:18:21","slug":"et-vous","status":"publish","type":"page","link":"https:\/\/nestia.be\/index.php\/et-vous\/","title":{"rendered":"Et vous?"},"content":{"rendered":"<p>Vous souhaitez rejoindre notre \u00e9quipe de th\u00e9rapeutes?<\/p>\n<p>Vous exercez une discipline li\u00e9e \u00e0 la p\u00e9diatrie ou \u00e0 la p\u00e9rinatalit\u00e9?<\/p>\n<p>N&#8217;h\u00e9sitez pas \u00e0 nous contacter via le formulaire de <a href=\"https:\/\/nestia.be\/index.php\/contact\/\">contact<\/a> ou de nous envoyer un mail \u00e0 nestiasprl@gmail.com<\/p>\n<p>Nous serons ravies de vous faire visiter le centre et de discuter avec vous d&#8217;une collaboration.<\/p>\n<p>Location \u00e0 la journ\u00e9e ou \u00e0 la demi-journ\u00e9e, possibilit\u00e9 d&#8217;organiser des cours collectifs dans la grande salle, cr\u00e9ation d&#8217;une adresse email personnalis\u00e9e et emplacement d\u00e9di\u00e9 \u00e0 votre discipline et votre parcours sur notre site internet, mise en relation avec toute l&#8217;\u00e9quipe de Nestia et nos contacts dans l&#8217;univers de la p\u00e9diatrie et p\u00e9rinatalit\u00e9 (m\u00e9decins, confr\u00e8res, &#8230;).<\/p>\n<p>La team Nestia<\/p>\n<p>Nestiasprl@gmail.com<\/p>\n<p>Vanessa Araujo : 0478\/30.28.16<\/p>\n<p>Marine Delvigne: 0472\/79.28.77<\/p>\n","protected":false},"excerpt":{"rendered":"<p>Vous souhaitez rejoindre notre \u00e9quipe de th\u00e9rapeutes? Vous exercez une discipline li\u00e9e \u00e0 la p\u00e9diatrie ou \u00e0 la p\u00e9rinatalit\u00e9? N&#8217;h\u00e9sitez pas \u00e0 nous contacter via le formulaire de contact ou de nous envoyer un mail \u00e0 nestiasprl@gmail.com Nous serons ravies de vous faire visiter le centre et de discuter avec vous d&#8217;une collaboration. Location \u00e0&#8230; <a href=\"https:\/\/nestia.be\/index.php\/et-vous\/\">Continue reading <span class=\"screen-reader-text\">&#8220;Et vous?&#8221;<\/span><\/a><\/p>\n","protected":false},"author":1,"featured_media":0,"parent":0,"menu_order":0,"comment_status":"closed","ping_status":"closed","template":"","meta":{"ngg_post_thumbnail":0,"_vp_format_video_url":"","_vp_image_focal_point":[],"footnotes":""},"class_list":["post-126","page","type-page","status-publish","hentry"],"yoast_head":"<!-- This site is optimized with the Yoast SEO Premium plugin v23.4 (Yoast SEO v27.3) - https:\/\/yoast.com\/product\/yoast-seo-premium-wordpress\/ -->\n<title>Et vous? - Centre Nestia<\/title>\n<meta name=\"robots\" content=\"index, follow, max-snippet:-1, max-image-preview:large, max-video-preview:-1\" \/>\n<link rel=\"canonical\" href=\"https:\/\/nestia.be\/index.php\/et-vous\/\" \/>\n<meta property=\"og:locale\" content=\"fr_FR\" \/>\n<meta property=\"og:type\" content=\"article\" \/>\n<meta property=\"og:title\" content=\"Et vous?\" \/>\n<meta property=\"og:description\" content=\"Vous souhaitez rejoindre notre \u00e9quipe de th\u00e9rapeutes? Vous exercez une discipline li\u00e9e \u00e0 la p\u00e9diatrie ou \u00e0 la p\u00e9rinatalit\u00e9? N&#8217;h\u00e9sitez pas \u00e0 nous contacter via le formulaire de contact ou de nous envoyer un mail \u00e0 nestiasprl@gmail.com Nous serons ravies de vous faire visiter le centre et de discuter avec vous d&#8217;une collaboration. Location \u00e0... Continue reading &quot;Et vous?&quot;\" \/>\n<meta property=\"og:url\" content=\"https:\/\/nestia.be\/index.php\/et-vous\/\" \/>\n<meta property=\"og:site_name\" content=\"Centre Nestia\" \/>\n<meta property=\"article:modified_time\" content=\"2019-10-28T10:18:21+00:00\" \/>\n<meta name=\"twitter:card\" content=\"summary_large_image\" \/>\n<meta name=\"twitter:label1\" content=\"Dur\u00e9e de lecture estim\u00e9e\" \/>\n\t<meta name=\"twitter:data1\" content=\"1 minute\" \/>\n<script type=\"application\/ld+json\" class=\"yoast-schema-graph\">{\"@context\":\"https:\\\/\\\/schema.org\",\"@graph\":[{\"@type\":\"WebPage\",\"@id\":\"https:\\\/\\\/nestia.be\\\/index.php\\\/et-vous\\\/\",\"url\":\"https:\\\/\\\/nestia.be\\\/index.php\\\/et-vous\\\/\",\"name\":\"Et vous? - Centre Nestia\",\"isPartOf\":{\"@id\":\"https:\\\/\\\/nestia.be\\\/#website\"},\"datePublished\":\"2018-12-05T18:14:01+00:00\",\"dateModified\":\"2019-10-28T10:18:21+00:00\",\"breadcrumb\":{\"@id\":\"https:\\\/\\\/nestia.be\\\/index.php\\\/et-vous\\\/#breadcrumb\"},\"inLanguage\":\"fr-FR\",\"potentialAction\":[{\"@type\":\"ReadAction\",\"target\":[\"https:\\\/\\\/nestia.be\\\/index.php\\\/et-vous\\\/\"]}]},{\"@type\":\"BreadcrumbList\",\"@id\":\"https:\\\/\\\/nestia.be\\\/index.php\\\/et-vous\\\/#breadcrumb\",\"itemListElement\":[{\"@type\":\"ListItem\",\"position\":1,\"name\":\"Accueil\",\"item\":\"https:\\\/\\\/nestia.be\\\/\"},{\"@type\":\"ListItem\",\"position\":2,\"name\":\"[fr] Et vous?\"}]},{\"@type\":\"WebSite\",\"@id\":\"https:\\\/\\\/nestia.be\\\/#website\",\"url\":\"https:\\\/\\\/nestia.be\\\/\",\"name\":\"Centre Nestia\",\"description\":\"Centre pluridisciplinaire P\u00e9diatrique, P\u00e9rinatal et Familial\",\"publisher\":{\"@id\":\"https:\\\/\\\/nestia.be\\\/#organization\"},\"potentialAction\":[{\"@type\":\"SearchAction\",\"target\":{\"@type\":\"EntryPoint\",\"urlTemplate\":\"https:\\\/\\\/nestia.be\\\/?s={search_term_string}\"},\"query-input\":{\"@type\":\"PropertyValueSpecification\",\"valueRequired\":true,\"valueName\":\"search_term_string\"}}],\"inLanguage\":\"fr-FR\"},{\"@type\":\"Organization\",\"@id\":\"https:\\\/\\\/nestia.be\\\/#organization\",\"name\":\"Centre Nestia\",\"url\":\"https:\\\/\\\/nestia.be\\\/\",\"logo\":{\"@type\":\"ImageObject\",\"inLanguage\":\"fr-FR\",\"@id\":\"https:\\\/\\\/nestia.be\\\/#\\\/schema\\\/logo\\\/image\\\/\",\"url\":\"https:\\\/\\\/nestia.be\\\/wp-content\\\/uploads\\\/2020\\\/12\\\/cropped-69706906_116330719731047_3337316616944746496_n.jpg\",\"contentUrl\":\"https:\\\/\\\/nestia.be\\\/wp-content\\\/uploads\\\/2020\\\/12\\\/cropped-69706906_116330719731047_3337316616944746496_n.jpg\",\"width\":594,\"height\":433,\"caption\":\"Centre Nestia\"},\"image\":{\"@id\":\"https:\\\/\\\/nestia.be\\\/#\\\/schema\\\/logo\\\/image\\\/\"}}]}<\/script>\n<!-- \/ Yoast SEO Premium plugin. -->","yoast_head_json":{"title":"Et vous? - Centre Nestia","robots":{"index":"index","follow":"follow","max-snippet":"max-snippet:-1","max-image-preview":"max-image-preview:large","max-video-preview":"max-video-preview:-1"},"canonical":"https:\/\/nestia.be\/index.php\/et-vous\/","og_locale":"fr_FR","og_type":"article","og_title":"Et vous?","og_description":"Vous souhaitez rejoindre notre \u00e9quipe de th\u00e9rapeutes? Vous exercez une discipline li\u00e9e \u00e0 la p\u00e9diatrie ou \u00e0 la p\u00e9rinatalit\u00e9? N&#8217;h\u00e9sitez pas \u00e0 nous contacter via le formulaire de contact ou de nous envoyer un mail \u00e0 nestiasprl@gmail.com Nous serons ravies de vous faire visiter le centre et de discuter avec vous d&#8217;une collaboration. Location \u00e0... Continue reading \"Et vous?\"","og_url":"https:\/\/nestia.be\/index.php\/et-vous\/","og_site_name":"Centre Nestia","article_modified_time":"2019-10-28T10:18:21+00:00","twitter_card":"summary_large_image","twitter_misc":{"Dur\u00e9e de lecture estim\u00e9e":"1 minute"},"schema":{"@context":"https:\/\/schema.org","@graph":[{"@type":"WebPage","@id":"https:\/\/nestia.be\/index.php\/et-vous\/","url":"https:\/\/nestia.be\/index.php\/et-vous\/","name":"Et vous? - Centre Nestia","isPartOf":{"@id":"https:\/\/nestia.be\/#website"},"datePublished":"2018-12-05T18:14:01+00:00","dateModified":"2019-10-28T10:18:21+00:00","breadcrumb":{"@id":"https:\/\/nestia.be\/index.php\/et-vous\/#breadcrumb"},"inLanguage":"fr-FR","potentialAction":[{"@type":"ReadAction","target":["https:\/\/nestia.be\/index.php\/et-vous\/"]}]},{"@type":"BreadcrumbList","@id":"https:\/\/nestia.be\/index.php\/et-vous\/#breadcrumb","itemListElement":[{"@type":"ListItem","position":1,"name":"Accueil","item":"https:\/\/nestia.be\/"},{"@type":"ListItem","position":2,"name":"[fr] Et vous?"}]},{"@type":"WebSite","@id":"https:\/\/nestia.be\/#website","url":"https:\/\/nestia.be\/","name":"Centre Nestia","description":"Centre pluridisciplinaire P\u00e9diatrique, P\u00e9rinatal et Familial","publisher":{"@id":"https:\/\/nestia.be\/#organization"},"potentialAction":[{"@type":"SearchAction","target":{"@type":"EntryPoint","urlTemplate":"https:\/\/nestia.be\/?s={search_term_string}"},"query-input":{"@type":"PropertyValueSpecification","valueRequired":true,"valueName":"search_term_string"}}],"inLanguage":"fr-FR"},{"@type":"Organization","@id":"https:\/\/nestia.be\/#organization","name":"Centre Nestia","url":"https:\/\/nestia.be\/","logo":{"@type":"ImageObject","inLanguage":"fr-FR","@id":"https:\/\/nestia.be\/#\/schema\/logo\/image\/","url":"https:\/\/nestia.be\/wp-content\/uploads\/2020\/12\/cropped-69706906_116330719731047_3337316616944746496_n.jpg","contentUrl":"https:\/\/nestia.be\/wp-content\/uploads\/2020\/12\/cropped-69706906_116330719731047_3337316616944746496_n.jpg","width":594,"height":433,"caption":"Centre Nestia"},"image":{"@id":"https:\/\/nestia.be\/#\/schema\/logo\/image\/"}}]}},"_links":{"self":[{"href":"https:\/\/nestia.be\/index.php\/wp-json\/wp\/v2\/pages\/126","targetHints":{"allow":["GET"]}}],"collection":[{"href":"https:\/\/nestia.be\/index.php\/wp-json\/wp\/v2\/pages"}],"about":[{"href":"https:\/\/nestia.be\/index.php\/wp-json\/wp\/v2\/types\/page"}],"author":[{"embeddable":true,"href":"https:\/\/nestia.be\/index.php\/wp-json\/wp\/v2\/users\/1"}],"replies":[{"embeddable":true,"href":"https:\/\/nestia.be\/index.php\/wp-json\/wp\/v2\/comments?post=126"}],"version-history":[{"count":4,"href":"https:\/\/nestia.be\/index.php\/wp-json\/wp\/v2\/pages\/126\/revisions"}],"predecessor-version":[{"id":318,"href":"https:\/\/nestia.be\/index.php\/wp-json\/wp\/v2\/pages\/126\/revisions\/318"}],"wp:attachment":[{"href":"https:\/\/nestia.be\/index.php\/wp-json\/wp\/v2\/media?parent=126"}],"curies":[{"name":"wp","href":"https:\/\/api.w.org\/{rel}","templated":true}]}}