{"id":117,"date":"2018-12-05T19:08:01","date_gmt":"2018-12-05T18:08:01","guid":{"rendered":"http:\/\/nestia.be\/?page_id=117"},"modified":"2025-11-22T10:50:35","modified_gmt":"2025-11-22T09:50:35","slug":"kinesitherapie-pediatrique","status":"publish","type":"page","link":"https:\/\/nestia.be\/index.php\/kinesitherapie-pediatrique\/","title":{"rendered":"Kin\u00e9sith\u00e9rapie p\u00e9diatrique"},"content":{"rendered":"\n<div id=\"pgc-117-3-1\" class=\"panel-grid-cell\" data-weight=\"0.5\">\n<div id=\"panel-117-3-1-0\" class=\"so-panel widget widget_sow-image panel-first-child panel-last-child\" data-index=\"5\" data-style=\"{&quot;background_image_attachment&quot;:false,&quot;background_display&quot;:&quot;tile&quot;}\"><a href=\"https:\/\/progenda.be\/centers\/gregoire-melanie\"><\/a><\/div><\/div>\n\n\n\n<p>Diff\u00e9rentes prises en charge en p\u00e9diatrie sont possibles. Ces prises en charges en kin\u00e9sith\u00e9rapie p\u00e9diatrique sont effectu\u00e9es au Centre Nestia \u00e0 Auderghem, Bruxelles. Voici quelques motifs de consultation possibles.<\/p>\n\n\n\n<p>1.Prise en charge du d\u00e9veloppement moteur<\/p>\n\n\n\n<ul class=\"wp-block-list\">\n<li>Traitement de&nbsp;<strong>retards moteurs&nbsp;<\/strong>l\u00e9gers ou plus cons\u00e9quents en dessous de 2 ans.<\/li>\n\n\n\n<li>Accompagnement dans le&nbsp;<strong>d\u00e9veloppement moteur.<\/strong><\/li>\n<\/ul>\n\n\n\n<p>Une petite&nbsp;<strong>stimulation<\/strong>&nbsp;de quelques s\u00e9ances sont parfois n\u00e9cessaires lorsqu&#8217;un enfant se retrouve bloqu\u00e9 dans un stade moteur. Certains enfants ont besoin de s\u00e9ances de kin\u00e9sith\u00e9rapie pour apporter les cl\u00e9s afin d&#8217;ouvrir les prochaines possibilit\u00e9s motrices et afin lui montrer la voie \u00e0 suivre dans le d\u00e9veloppement moteur.<\/p>\n\n\n\n<p>2. Prise en charge neuro-p\u00e9diatrique&nbsp;<\/p>\n\n\n\n<ul class=\"wp-block-list\">\n<li>Traitement \u00e0 la sortie du service de&nbsp;<strong>n\u00e9onatalogie&nbsp;<\/strong>&#8211; suivi du b\u00e9b\u00e9 pr\u00e9matur\u00e9.<\/li>\n\n\n\n<li>Prise en charge suite au diagnostic ou d&#8217;une suspicion d&#8217;une&nbsp;<strong>pathologie neurologique<\/strong>(IMC, spina bifida, maladie neuro-musculaire, syndrome g\u00e9n\u00e9tique, trisomie,..).<\/li>\n<\/ul>\n\n\n\n<p>La&nbsp;<strong>r\u00e9\u00e9ducation neuro-motrice<\/strong>&nbsp;par le concept<strong>&nbsp;Bobath<\/strong>&nbsp;est une approche sp\u00e9cifique pour prendre en charge des enfants qui ont une atteinte neurologique et autres troubles du d\u00e9veloppement moteur. La prise en charge vise \u00e0 apporter des exp\u00e9riences sensori-motrices adapt\u00e9es pour permettre \u00e0 l\u2019enfant de trouver de nouveaux points de rep\u00e8res. L\u2019enfant pourra avoir l\u2019exp\u00e9rience de mouvements plus appropri\u00e9s et harmonieux, des r\u00e9actions de redressement, de protection et d\u2019\u00e9quilibre. Gr\u00e2ce \u00e0 ces exp\u00e9riences, le contr\u00f4le des gestes et des postures est am\u00e9lior\u00e9 et donc le but est \u00e9galement d\u2019\u00e9viter les d\u00e9formations orthop\u00e9diques et d\u2019augmenter l\u2019autonomie au quotidien.<\/p>\n\n\n\n<p>3. Kin\u00e9sith\u00e9rapie psychomotrice<\/p>\n\n\n\n<ul class=\"wp-block-list\">\n<li>Prise en charge dans le cadre de&nbsp;<strong>retard psychomoteur<\/strong> et<\/li>\n\n\n\n<li>Traitement dans le cadre de&nbsp;<strong>difficult\u00e9s psychomotrices&nbsp;<\/strong>dont l&#8217;organisation, la dyspraxie et l&#8217;orientation spatiale).<\/li>\n<\/ul>\n\n\n\n<p>La&nbsp;<strong>psychomotricit\u00e9<\/strong>&nbsp;est une th\u00e9rapie destin\u00e9e aux enfants, jeunes et moins jeunes, qui ont des troubles dans l&#8217;organisation de leurs mouvements. Des strat\u00e9gies sont propos\u00e9es afin d&#8217;int\u00e9grer certains mouvements, am\u00e9liorer la perception corporelle de son corps et du corps de l&#8217;autre.<\/p>\n\n\n\n<p>4. Prise en charge orthop\u00e9dique<\/p>\n\n\n\n<ul class=\"wp-block-list\">\n<li>Prise en charge dans le cadre d&#8217;un&nbsp;<strong>torticolis&nbsp;<\/strong>cong\u00e9nital ou&nbsp;<strong>plexus brachial&nbsp;<\/strong>\u00e0 la naissance.<\/li>\n\n\n\n<li>Traitement en charge dans le cadre d&#8217;une&nbsp;<strong>plagioc\u00e9phalie<\/strong>,&nbsp;<strong>bradyc\u00e9pahalie<\/strong>.<\/li>\n\n\n\n<li>Prise en charge dans le cadre d&#8217;une&nbsp;<strong>d\u00e9formation orthop\u00e9dique&nbsp;<\/strong>cong\u00e9nitale ou suite \u00e0 l&#8217;apparition de celle-ci.<\/li>\n\n\n\n<li>Troubles de la marche (pieds en dedans, pieds en dehors, marche sur pointe de pieds)<\/li>\n<\/ul>\n\n\n\n<p>5. Kin\u00e9sith\u00e9rapie respiratoire<\/p>\n\n\n\n<ul class=\"wp-block-list\">\n<li>Prise en charge d&#8217;une&nbsp;<strong>bronchiolite&nbsp;<\/strong>du nourrisson.<\/li>\n\n\n\n<li>Traitement respiratoire dans le cadre d&#8217;une&nbsp;<strong>pathologie neuro-musculaire ou neurologique<\/strong><\/li>\n<\/ul>\n\n\n\n<p><strong>Les kin\u00e9sith\u00e9rapeutes p\u00e9diatriques du centre Nestia :&nbsp;<\/strong><\/p>\n\n\n\n<p><a href=\"https:\/\/nestia.be\/index.php\/marine-delvigne-kinesitherapie-pediatrique\/\">Marine Delvigne<\/a>\u00a0: kin\u00e9sith\u00e9rapeute Bobath, kin\u00e9 (neuro-p\u00e9diatrique) prise en charge pr\u00e9coce,\u00a0 post pr\u00e9maturit\u00e9, retard ou trouble de d\u00e9veloppement moteur, kin\u00e9 respiratoire., kin\u00e9 ortho-p\u00e9diatrique. Consultation : lundi, mardi et jeudi journ\u00e9e compl\u00e8te, 0472\/79.28.77. => en cong\u00e9 de maternit\u00e9, ne prends plus de nouveaux patients => voir <a href=\"https:\/\/nestia.be\/index.php\/valentine-noel-kinesitherapeute-pediatrique\/\">Valentine No\u00ebl<\/a><\/p>\n\n\n\n<p><a href=\"https:\/\/nestia.be\/index.php\/romain-paul-kinesitherapie-pediatrique\/\">Romain Paul<\/a>&nbsp;: kin\u00e9sith\u00e9rapeute (neuro)-p\u00e9diatrique, kin\u00e9sith\u00e9rapie respiratoire, kin\u00e9sith\u00e9rapie orthop\u00e9dique, retard de d\u00e9veloppement moteur. Consultation : lundi apr\u00e8s-midi et mercredi apr\u00e8s-midi. 0476.92.92.82&nbsp;<\/p>\n\n\n\n<p><a href=\"https:\/\/nestia.be\/index.php\/valentine-noel-kinesitherapeute-pediatrique\/\">Valentine No\u00ebl <\/a>:  kin\u00e9sith\u00e9rapeute (neuro)-p\u00e9diatrique, kin\u00e9sith\u00e9rapie respiratoire, kin\u00e9sith\u00e9rapie orthop\u00e9dique, retard de d\u00e9veloppement moteur. Consultation : mercredi apr\u00e8s-midi. &nbsp;0471\/78.50.81<\/p>\n\n\n\n<script>\n  if (typeof hasAmeliaEntitiesApiCall === 'undefined' && ('' === '' && '' !== '1')) {\n    var hasAmeliaEntitiesApiCall = true;\n  }\n  var ameliaShortcodeData = (typeof ameliaShortcodeData === 'undefined') ? [] : ameliaShortcodeData;\n  ameliaShortcodeData.push(\n    {\n      'hasApiCall': (typeof hasAmeliaEntitiesApiCall !== 'undefined') && hasAmeliaEntitiesApiCall,\n      'trigger': '',\n      'trigger_type': '',\n      'triggered_form': 'cbf',\n      'in_dialog': '',\n      'show': '',\n      'counter': '1000',\n      'package': '',\n      'category': '1',\n      'service': '',\n      'employee': '',\n      'location': '',\n      'categories_hidden': ''\n    }\n  );\n  var ameliaShortcodeDataTriggered = (typeof ameliaShortcodeDataTriggered === 'undefined') ? [] : ameliaShortcodeDataTriggered;\n  if (ameliaShortcodeData[ameliaShortcodeData.length - 1].trigger !== '') {\n    if (ameliaShortcodeDataTriggered.filter(a => a.counter === ameliaShortcodeData[ameliaShortcodeData.length - 1].counter).length === 0) {\n      ameliaShortcodeDataTriggered.push(ameliaShortcodeData.pop());\n    } else {\n      ameliaShortcodeData.pop()\n    }\n  }\n  if (typeof hasAmeliaEntitiesApiCall !== 'undefined' && hasAmeliaEntitiesApiCall) {\n    hasAmeliaEntitiesApiCall = false;\n  }\n<\/script>\n\n<div\n  id=\"amelia-v2-booking-1000\"\n  class=\"amelia-v2-booking\"\n>\n    <catalog-form-wrapper><\/catalog-form-wrapper><\/div>\n\n\n\n<h5 class=\"wp-block-heading\" id=\"h-\"><\/h5>\n","protected":false},"excerpt":{"rendered":"<p>Diff\u00e9rentes prises en charge en p\u00e9diatrie sont possibles. Ces prises en charges en kin\u00e9sith\u00e9rapie p\u00e9diatrique sont effectu\u00e9es au Centre Nestia \u00e0 Auderghem, Bruxelles. Voici quelques motifs de consultation possibles. 1.Prise en charge du d\u00e9veloppement moteur Une petite&nbsp;stimulation&nbsp;de quelques s\u00e9ances sont parfois n\u00e9cessaires lorsqu&#8217;un enfant se retrouve bloqu\u00e9 dans un stade moteur. Certains enfants ont besoin&#8230; <a href=\"https:\/\/nestia.be\/index.php\/kinesitherapie-pediatrique\/\">Continue reading <span class=\"screen-reader-text\">&#8220;Kin\u00e9sith\u00e9rapie p\u00e9diatrique&#8221;<\/span><\/a><\/p>\n","protected":false},"author":1,"featured_media":185,"parent":0,"menu_order":0,"comment_status":"closed","ping_status":"closed","template":"","meta":{"ngg_post_thumbnail":0,"_vp_format_video_url":"","_vp_image_focal_point":[],"footnotes":""},"class_list":["post-117","page","type-page","status-publish","has-post-thumbnail","hentry"],"yoast_head":"<!-- This site is optimized with the Yoast SEO Premium plugin v23.4 (Yoast SEO v27.3) - https:\/\/yoast.com\/product\/yoast-seo-premium-wordpress\/ -->\n<title>Kin\u00e9sith\u00e9rapie p\u00e9diatrique - Centre Nestia Centre Nestia - Bruxelles<\/title>\n<meta name=\"description\" content=\"Kin\u00e9sith\u00e9rapie p\u00e9diatrique : pr\u00e9maturit\u00e9, retard moteur, bobath, neurologique, dyspraxie, orthop\u00e9dique ou respiratoire au centre Nestia, Auderghem Bruxelles\" \/>\n<meta name=\"robots\" content=\"index, follow, max-snippet:-1, max-image-preview:large, max-video-preview:-1\" \/>\n<link rel=\"canonical\" href=\"https:\/\/nestia.be\/index.php\/kinesitherapie-pediatrique\/\" \/>\n<meta property=\"og:locale\" content=\"fr_FR\" \/>\n<meta property=\"og:type\" content=\"article\" \/>\n<meta property=\"og:title\" content=\"Kin\u00e9sith\u00e9rapie p\u00e9diatrique\" \/>\n<meta property=\"og:description\" content=\"Kin\u00e9sith\u00e9rapie p\u00e9diatrique : pr\u00e9maturit\u00e9, retard moteur, bobath, neurologique, dyspraxie, orthop\u00e9dique ou respiratoire au centre Nestia, Auderghem Bruxelles\" \/>\n<meta property=\"og:url\" content=\"https:\/\/nestia.be\/index.php\/kinesitherapie-pediatrique\/\" \/>\n<meta property=\"og:site_name\" content=\"Centre Nestia\" \/>\n<meta property=\"article:modified_time\" content=\"2025-11-22T09:50:35+00:00\" \/>\n<meta property=\"og:image\" content=\"https:\/\/nestia.be\/wp-content\/uploads\/2018\/12\/Capture-d\u2019e\u0301cran-2018-05-01-a\u0300-10.43.06.png\" \/>\n\t<meta property=\"og:image:width\" content=\"475\" \/>\n\t<meta property=\"og:image:height\" content=\"395\" \/>\n\t<meta property=\"og:image:type\" content=\"image\/png\" \/>\n<meta name=\"twitter:card\" content=\"summary_large_image\" \/>\n<meta name=\"twitter:label1\" content=\"Dur\u00e9e de lecture estim\u00e9e\" \/>\n\t<meta name=\"twitter:data1\" content=\"3 minutes\" \/>\n<script type=\"application\/ld+json\" class=\"yoast-schema-graph\">{\"@context\":\"https:\\\/\\\/schema.org\",\"@graph\":[{\"@type\":\"WebPage\",\"@id\":\"https:\\\/\\\/nestia.be\\\/index.php\\\/kinesitherapie-pediatrique\\\/\",\"url\":\"https:\\\/\\\/nestia.be\\\/index.php\\\/kinesitherapie-pediatrique\\\/\",\"name\":\"Kin\u00e9sith\u00e9rapie p\u00e9diatrique - Centre Nestia Centre Nestia - Bruxelles\",\"isPartOf\":{\"@id\":\"https:\\\/\\\/nestia.be\\\/#website\"},\"primaryImageOfPage\":{\"@id\":\"https:\\\/\\\/nestia.be\\\/index.php\\\/kinesitherapie-pediatrique\\\/#primaryimage\"},\"image\":{\"@id\":\"https:\\\/\\\/nestia.be\\\/index.php\\\/kinesitherapie-pediatrique\\\/#primaryimage\"},\"thumbnailUrl\":\"https:\\\/\\\/nestia.be\\\/wp-content\\\/uploads\\\/2018\\\/12\\\/Capture-d\u2019e\u0301cran-2018-05-01-a\u0300-10.43.06.png\",\"datePublished\":\"2018-12-05T18:08:01+00:00\",\"dateModified\":\"2025-11-22T09:50:35+00:00\",\"description\":\"Kin\u00e9sith\u00e9rapie p\u00e9diatrique : pr\u00e9maturit\u00e9, retard moteur, bobath, neurologique, dyspraxie, orthop\u00e9dique ou respiratoire au centre Nestia, Auderghem Bruxelles\",\"breadcrumb\":{\"@id\":\"https:\\\/\\\/nestia.be\\\/index.php\\\/kinesitherapie-pediatrique\\\/#breadcrumb\"},\"inLanguage\":\"fr-FR\",\"potentialAction\":[{\"@type\":\"ReadAction\",\"target\":[\"https:\\\/\\\/nestia.be\\\/index.php\\\/kinesitherapie-pediatrique\\\/\"]}]},{\"@type\":\"ImageObject\",\"inLanguage\":\"fr-FR\",\"@id\":\"https:\\\/\\\/nestia.be\\\/index.php\\\/kinesitherapie-pediatrique\\\/#primaryimage\",\"url\":\"https:\\\/\\\/nestia.be\\\/wp-content\\\/uploads\\\/2018\\\/12\\\/Capture-d\u2019e\u0301cran-2018-05-01-a\u0300-10.43.06.png\",\"contentUrl\":\"https:\\\/\\\/nestia.be\\\/wp-content\\\/uploads\\\/2018\\\/12\\\/Capture-d\u2019e\u0301cran-2018-05-01-a\u0300-10.43.06.png\",\"width\":475,\"height\":395},{\"@type\":\"BreadcrumbList\",\"@id\":\"https:\\\/\\\/nestia.be\\\/index.php\\\/kinesitherapie-pediatrique\\\/#breadcrumb\",\"itemListElement\":[{\"@type\":\"ListItem\",\"position\":1,\"name\":\"Accueil\",\"item\":\"https:\\\/\\\/nestia.be\\\/\"},{\"@type\":\"ListItem\",\"position\":2,\"name\":\"Kin\u00e9sith\u00e9rapie p\u00e9diatrique\"}]},{\"@type\":\"WebSite\",\"@id\":\"https:\\\/\\\/nestia.be\\\/#website\",\"url\":\"https:\\\/\\\/nestia.be\\\/\",\"name\":\"Centre Nestia\",\"description\":\"Centre pluridisciplinaire P\u00e9diatrique, P\u00e9rinatal et Familial\",\"publisher\":{\"@id\":\"https:\\\/\\\/nestia.be\\\/#organization\"},\"potentialAction\":[{\"@type\":\"SearchAction\",\"target\":{\"@type\":\"EntryPoint\",\"urlTemplate\":\"https:\\\/\\\/nestia.be\\\/?s={search_term_string}\"},\"query-input\":{\"@type\":\"PropertyValueSpecification\",\"valueRequired\":true,\"valueName\":\"search_term_string\"}}],\"inLanguage\":\"fr-FR\"},{\"@type\":\"Organization\",\"@id\":\"https:\\\/\\\/nestia.be\\\/#organization\",\"name\":\"Centre Nestia\",\"url\":\"https:\\\/\\\/nestia.be\\\/\",\"logo\":{\"@type\":\"ImageObject\",\"inLanguage\":\"fr-FR\",\"@id\":\"https:\\\/\\\/nestia.be\\\/#\\\/schema\\\/logo\\\/image\\\/\",\"url\":\"https:\\\/\\\/nestia.be\\\/wp-content\\\/uploads\\\/2020\\\/12\\\/cropped-69706906_116330719731047_3337316616944746496_n.jpg\",\"contentUrl\":\"https:\\\/\\\/nestia.be\\\/wp-content\\\/uploads\\\/2020\\\/12\\\/cropped-69706906_116330719731047_3337316616944746496_n.jpg\",\"width\":594,\"height\":433,\"caption\":\"Centre Nestia\"},\"image\":{\"@id\":\"https:\\\/\\\/nestia.be\\\/#\\\/schema\\\/logo\\\/image\\\/\"}}]}<\/script>\n<!-- \/ Yoast SEO Premium plugin. -->","yoast_head_json":{"title":"Kin\u00e9sith\u00e9rapie p\u00e9diatrique - Centre Nestia Centre Nestia - Bruxelles","description":"Kin\u00e9sith\u00e9rapie p\u00e9diatrique : pr\u00e9maturit\u00e9, retard moteur, bobath, neurologique, dyspraxie, orthop\u00e9dique ou respiratoire au centre Nestia, Auderghem Bruxelles","robots":{"index":"index","follow":"follow","max-snippet":"max-snippet:-1","max-image-preview":"max-image-preview:large","max-video-preview":"max-video-preview:-1"},"canonical":"https:\/\/nestia.be\/index.php\/kinesitherapie-pediatrique\/","og_locale":"fr_FR","og_type":"article","og_title":"Kin\u00e9sith\u00e9rapie p\u00e9diatrique","og_description":"Kin\u00e9sith\u00e9rapie p\u00e9diatrique : pr\u00e9maturit\u00e9, retard moteur, bobath, neurologique, dyspraxie, orthop\u00e9dique ou respiratoire au centre Nestia, Auderghem Bruxelles","og_url":"https:\/\/nestia.be\/index.php\/kinesitherapie-pediatrique\/","og_site_name":"Centre Nestia","article_modified_time":"2025-11-22T09:50:35+00:00","og_image":[{"width":475,"height":395,"url":"https:\/\/nestia.be\/wp-content\/uploads\/2018\/12\/Capture-d\u2019e\u0301cran-2018-05-01-a\u0300-10.43.06.png","type":"image\/png"}],"twitter_card":"summary_large_image","twitter_misc":{"Dur\u00e9e de lecture estim\u00e9e":"3 minutes"},"schema":{"@context":"https:\/\/schema.org","@graph":[{"@type":"WebPage","@id":"https:\/\/nestia.be\/index.php\/kinesitherapie-pediatrique\/","url":"https:\/\/nestia.be\/index.php\/kinesitherapie-pediatrique\/","name":"Kin\u00e9sith\u00e9rapie p\u00e9diatrique - Centre Nestia Centre Nestia - Bruxelles","isPartOf":{"@id":"https:\/\/nestia.be\/#website"},"primaryImageOfPage":{"@id":"https:\/\/nestia.be\/index.php\/kinesitherapie-pediatrique\/#primaryimage"},"image":{"@id":"https:\/\/nestia.be\/index.php\/kinesitherapie-pediatrique\/#primaryimage"},"thumbnailUrl":"https:\/\/nestia.be\/wp-content\/uploads\/2018\/12\/Capture-d\u2019e\u0301cran-2018-05-01-a\u0300-10.43.06.png","datePublished":"2018-12-05T18:08:01+00:00","dateModified":"2025-11-22T09:50:35+00:00","description":"Kin\u00e9sith\u00e9rapie p\u00e9diatrique : pr\u00e9maturit\u00e9, retard moteur, bobath, neurologique, dyspraxie, orthop\u00e9dique ou respiratoire au centre Nestia, Auderghem Bruxelles","breadcrumb":{"@id":"https:\/\/nestia.be\/index.php\/kinesitherapie-pediatrique\/#breadcrumb"},"inLanguage":"fr-FR","potentialAction":[{"@type":"ReadAction","target":["https:\/\/nestia.be\/index.php\/kinesitherapie-pediatrique\/"]}]},{"@type":"ImageObject","inLanguage":"fr-FR","@id":"https:\/\/nestia.be\/index.php\/kinesitherapie-pediatrique\/#primaryimage","url":"https:\/\/nestia.be\/wp-content\/uploads\/2018\/12\/Capture-d\u2019e\u0301cran-2018-05-01-a\u0300-10.43.06.png","contentUrl":"https:\/\/nestia.be\/wp-content\/uploads\/2018\/12\/Capture-d\u2019e\u0301cran-2018-05-01-a\u0300-10.43.06.png","width":475,"height":395},{"@type":"BreadcrumbList","@id":"https:\/\/nestia.be\/index.php\/kinesitherapie-pediatrique\/#breadcrumb","itemListElement":[{"@type":"ListItem","position":1,"name":"Accueil","item":"https:\/\/nestia.be\/"},{"@type":"ListItem","position":2,"name":"Kin\u00e9sith\u00e9rapie p\u00e9diatrique"}]},{"@type":"WebSite","@id":"https:\/\/nestia.be\/#website","url":"https:\/\/nestia.be\/","name":"Centre Nestia","description":"Centre pluridisciplinaire P\u00e9diatrique, P\u00e9rinatal et Familial","publisher":{"@id":"https:\/\/nestia.be\/#organization"},"potentialAction":[{"@type":"SearchAction","target":{"@type":"EntryPoint","urlTemplate":"https:\/\/nestia.be\/?s={search_term_string}"},"query-input":{"@type":"PropertyValueSpecification","valueRequired":true,"valueName":"search_term_string"}}],"inLanguage":"fr-FR"},{"@type":"Organization","@id":"https:\/\/nestia.be\/#organization","name":"Centre Nestia","url":"https:\/\/nestia.be\/","logo":{"@type":"ImageObject","inLanguage":"fr-FR","@id":"https:\/\/nestia.be\/#\/schema\/logo\/image\/","url":"https:\/\/nestia.be\/wp-content\/uploads\/2020\/12\/cropped-69706906_116330719731047_3337316616944746496_n.jpg","contentUrl":"https:\/\/nestia.be\/wp-content\/uploads\/2020\/12\/cropped-69706906_116330719731047_3337316616944746496_n.jpg","width":594,"height":433,"caption":"Centre Nestia"},"image":{"@id":"https:\/\/nestia.be\/#\/schema\/logo\/image\/"}}]}},"_links":{"self":[{"href":"https:\/\/nestia.be\/index.php\/wp-json\/wp\/v2\/pages\/117","targetHints":{"allow":["GET"]}}],"collection":[{"href":"https:\/\/nestia.be\/index.php\/wp-json\/wp\/v2\/pages"}],"about":[{"href":"https:\/\/nestia.be\/index.php\/wp-json\/wp\/v2\/types\/page"}],"author":[{"embeddable":true,"href":"https:\/\/nestia.be\/index.php\/wp-json\/wp\/v2\/users\/1"}],"replies":[{"embeddable":true,"href":"https:\/\/nestia.be\/index.php\/wp-json\/wp\/v2\/comments?post=117"}],"version-history":[{"count":46,"href":"https:\/\/nestia.be\/index.php\/wp-json\/wp\/v2\/pages\/117\/revisions"}],"predecessor-version":[{"id":2682,"href":"https:\/\/nestia.be\/index.php\/wp-json\/wp\/v2\/pages\/117\/revisions\/2682"}],"wp:featuredmedia":[{"embeddable":true,"href":"https:\/\/nestia.be\/index.php\/wp-json\/wp\/v2\/media\/185"}],"wp:attachment":[{"href":"https:\/\/nestia.be\/index.php\/wp-json\/wp\/v2\/media?parent=117"}],"curies":[{"name":"wp","href":"https:\/\/api.w.org\/{rel}","templated":true}]}}