{"id":113,"date":"2018-12-05T19:06:56","date_gmt":"2018-12-05T18:06:56","guid":{"rendered":"http:\/\/nestia.be\/?page_id=113"},"modified":"2025-02-20T21:58:52","modified_gmt":"2025-02-20T20:58:52","slug":"psychologie","status":"publish","type":"page","link":"https:\/\/nestia.be\/index.php\/psychologie\/","title":{"rendered":"Psychologie et Psychoth\u00e9rapies"},"content":{"rendered":"<p class=\"s3\"><span class=\"s2\"><span class=\"bumpedFont15\">Demander <\/span><\/span><span class=\"s2\"><span class=\"bumpedFont15\">\u00e0 <\/span><\/span><span class=\"s2\"><span class=\"bumpedFont15\">rencontrer un(e) psychologue est une d<\/span><\/span><span class=\"s2\"><span class=\"bumpedFont15\">\u00e9<\/span><\/span><span class=\"s2\"><span class=\"bumpedFont15\">marche personnelle, libre et toujours singuli<\/span><\/span><span class=\"s2\"><span class=\"bumpedFont15\">\u00e8<\/span><\/span><span class=\"s2\"><span class=\"bumpedFont15\">re. Cette demande est g<\/span><\/span><span class=\"s2\"><span class=\"bumpedFont15\">\u00e9<\/span><\/span><span class=\"s2\"><span class=\"bumpedFont15\">n<\/span><\/span><span class=\"s2\"><span class=\"bumpedFont15\">\u00e9<\/span><\/span><span class=\"s2\"><span class=\"bumpedFont15\">ralement motiv<\/span><\/span><span class=\"s2\"><span class=\"bumpedFont15\">\u00e9<\/span><\/span><span class=\"s2\"><span class=\"bumpedFont15\">e par un sentiment de mal-<\/span><\/span><span class=\"s2\"><span class=\"bumpedFont15\">\u00ea<\/span><\/span><span class=\"s2\"><span class=\"bumpedFont15\">tre cibl<\/span><\/span><span class=\"s2\"><span class=\"bumpedFont15\">\u00e9 <\/span><\/span><span class=\"s2\"><span class=\"bumpedFont15\">ou diffus.<\/span><\/span><\/p>\n<p class=\"s3\"><span class=\"s2\"><span class=\"bumpedFont15\">Une consultation avec un psychologue concerne t<\/span><\/span><span class=\"s2\"><span class=\"bumpedFont15\">oute personne qui <\/span><\/span><span class=\"s2\"><span class=\"bumpedFont15\">\u00e9<\/span><\/span><span class=\"s2\"><span class=\"bumpedFont15\">prouve le besoin d<\/span><\/span><span class=\"s2\"><span class=\"bumpedFont15\">\u2019<\/span><\/span><span class=\"s2\"><span class=\"bumpedFont15\">aller mieux, toute personne confront<\/span><\/span><span class=\"s2\"><span class=\"bumpedFont15\">\u00e9<\/span><\/span><span class=\"s2\"><span class=\"bumpedFont15\">e <\/span><\/span><span class=\"s2\"><span class=\"bumpedFont15\">\u00e0 <\/span><\/span><span class=\"s2\"><span class=\"bumpedFont15\">une douleur psychique quel que soit son mode d<\/span><\/span><span class=\"s2\"><span class=\"bumpedFont15\">\u2019<\/span><\/span><span class=\"s2\"><span class=\"bumpedFont15\">expression.<\/span><\/span><\/p>\n<p class=\"s3\"><span class=\"s4\"><span class=\"bumpedFont15\">Au centre NESTIA, le travail des psychologues et psychoth<\/span><\/span><span class=\"s4\"><span class=\"bumpedFont15\">\u00e9<\/span><\/span><span class=\"s4\"><span class=\"bumpedFont15\">rapeutes est ax<\/span><\/span><span class=\"s4\"><span class=\"bumpedFont15\">\u00e9 <\/span><\/span><span class=\"s4\"><span class=\"bumpedFont15\">sur <\/span><\/span><span class=\"s4\"><span class=\"bumpedFont15\">la prise en charge globale de la femme enceinte, de l<\/span><\/span><span class=\"s4\"><span class=\"bumpedFont15\">\u2019<\/span><\/span><span class=\"s4\"><span class=\"bumpedFont15\">enfance<\/span><\/span><span class=\"s4\"><span class=\"bumpedFont15\">, adolescence<\/span><\/span><span class=\"s4\"><span class=\"bumpedFont15\"> et de toute la famille<\/span><\/span><span class=\"s4\"><span class=\"bumpedFont15\">.<\/span><\/span><\/p>\n<p class=\"s3\"><span class=\"s4\"><span class=\"bumpedFont15\">La p<\/span><\/span><span class=\"s4\"><span class=\"bumpedFont15\">\u00e9<\/span><\/span><span class=\"s4\"><span class=\"bumpedFont15\">riode des <\/span><\/span><span class=\"s4\"><span class=\"bumpedFont15\">\u00e9<\/span><\/span><span class=\"s4\"><span class=\"bumpedFont15\">v<\/span><\/span><span class=\"s4\"><span class=\"bumpedFont15\">\u00e8<\/span><\/span><span class=\"s4\"><span class=\"bumpedFont15\">nements li<\/span><\/span><span class=\"s4\"><span class=\"bumpedFont15\">\u00e9<\/span><\/span><span class=\"s4\"><span class=\"bumpedFont15\">s <\/span><\/span><span class=\"s4\"><span class=\"bumpedFont15\">\u00e0 <\/span><\/span><span class=\"s4\"><span class=\"bumpedFont15\">la grossesse quels que soient son terme<\/span><\/span><span class=\"s4\"><span class=\"bumpedFont15\">, <\/span><\/span><span class=\"s4\"><span class=\"bumpedFont15\">son issue et l<\/span><\/span><span class=\"s4\"><span class=\"bumpedFont15\">\u2019<\/span><\/span><span class=\"s4\"><span class=\"bumpedFont15\">accouchement<\/span><\/span> <span class=\"s4\"><span class=\"bumpedFont15\">est un moment unique dans la vie des femmes et des couples. Elle peut <\/span><\/span><span class=\"s4\"><span class=\"bumpedFont15\">\u00ea<\/span><\/span><span class=\"s4\"><span class=\"bumpedFont15\">tre porteuse de beaucoup de joies et d&#8217;esp<\/span><\/span><span class=\"s4\"><span class=\"bumpedFont15\">\u00e9<\/span><\/span><span class=\"s4\"><span class=\"bumpedFont15\">rance comme d&#8217;inqui<\/span><\/span><span class=\"s4\"><span class=\"bumpedFont15\">\u00e9<\/span><\/span><span class=\"s4\"><span class=\"bumpedFont15\">tudes et de tristesse profonde.<\/span><\/span> <span class=\"s4\"><span class=\"bumpedFont15\">Chaque femme, chaque homme, chaque couple vit ces <\/span><\/span><span class=\"s4\"><span class=\"bumpedFont15\">\u00e9<\/span><\/span><span class=\"s4\"><span class=\"bumpedFont15\">v<\/span><\/span><span class=\"s4\"><span class=\"bumpedFont15\">\u00e8<\/span><\/span><span class=\"s4\"><span class=\"bumpedFont15\">nements de mani<\/span><\/span><span class=\"s4\"><span class=\"bumpedFont15\">\u00e8<\/span><\/span><span class=\"s4\"><span class=\"bumpedFont15\">re propre et personnelle. Cette p<\/span><\/span><span class=\"s4\"><span class=\"bumpedFont15\">\u00e9<\/span><\/span><span class=\"s4\"><span class=\"bumpedFont15\">riode charni<\/span><\/span><span class=\"s4\"><span class=\"bumpedFont15\">\u00e8<\/span><\/span><span class=\"s4\"><span class=\"bumpedFont15\">re est f<\/span><\/span><span class=\"s4\"><span class=\"bumpedFont15\">\u00e9<\/span><\/span><span class=\"s4\"><span class=\"bumpedFont15\">conde et propice pour un travail de mise en sens.<\/span><\/span><\/p>\n<p class=\"s3\"><span class=\"s4\"><span class=\"bumpedFont15\">Chez l<\/span><\/span><span class=\"s4\"><span class=\"bumpedFont15\">\u2019<\/span><\/span><span class=\"s4\"><span class=\"bumpedFont15\">enfant et l<\/span><\/span><span class=\"s4\"><span class=\"bumpedFont15\">\u2019<\/span><\/span><span class=\"s4\"><span class=\"bumpedFont15\">adolescent, <\/span><\/span><span class=\"s4\"><span class=\"bumpedFont15\">d<\/span><\/span><span class=\"s4\"><span class=\"bumpedFont15\">es difficult<\/span><\/span><span class=\"s4\"><span class=\"bumpedFont15\">\u00e9<\/span><\/span><span class=\"s4\"><span class=\"bumpedFont15\">s peuvent s<\/span><\/span><span class=\"s4\"><span class=\"bumpedFont15\">e manifester<\/span><\/span><span class=\"s4\"><span class=\"bumpedFont15\"> dans le champ familial, social ou scolaire, parfois en lien avec des <\/span><\/span><span class=\"s4\"><span class=\"bumpedFont15\">\u00e9<\/span><\/span><span class=\"s4\"><span class=\"bumpedFont15\">v<\/span><\/span><span class=\"s4\"><span class=\"bumpedFont15\">\u00e9<\/span><\/span><span class=\"s4\"><span class=\"bumpedFont15\">nements de vie importants qui le touchent lui ou ses proches.<\/span><\/span> <span class=\"s4\"><span class=\"bumpedFont15\">Le psychologue est une personne neutre qui pourra aider l<\/span><\/span><span class=\"s4\"><span class=\"bumpedFont15\">\u2019<\/span><\/span><span class=\"s4\"><span class=\"bumpedFont15\">enfant ou l<\/span><\/span><span class=\"s4\"><span class=\"bumpedFont15\">\u2019<\/span><\/span><span class=\"s4\"><span class=\"bumpedFont15\">adolescent <\/span><\/span><span class=\"s4\"><span class=\"bumpedFont15\">\u00e0<\/span><\/span><span class=\"s4\"><span class=\"bumpedFont15\">exprimer <\/span><\/span><span class=\"s4\"><span class=\"bumpedFont15\">ce qu<\/span><\/span><span class=\"s4\"><span class=\"bumpedFont15\">\u2019<\/span><\/span><span class=\"s4\"><span class=\"bumpedFont15\">il vit, pense et ressent, <\/span><\/span><span class=\"s4\"><span class=\"bumpedFont15\">\u00e0 <\/span><\/span><span class=\"s4\"><span class=\"bumpedFont15\">mieux se comprendre et <\/span><\/span><span class=\"s4\"><span class=\"bumpedFont15\">\u00e0 <\/span><\/span><span class=\"s4\"><span class=\"bumpedFont15\">mieux se conna<\/span><\/span><span class=\"s4\"><span class=\"bumpedFont15\">\u00ee<\/span><\/span><span class=\"s4\"><span class=\"bumpedFont15\">tre.<\/span><\/span><\/p>\n<p class=\"s3\"><span class=\"s4\"><span class=\"bumpedFont15\">Des difficult<\/span><\/span><span class=\"s4\"><span class=\"bumpedFont15\">\u00e9<\/span><\/span><span class=\"s4\"><span class=\"bumpedFont15\">s <\/span><\/span><span class=\"s4\"><span class=\"bumpedFont15\">au sein de la famille peuvent <\/span><\/span><span class=\"s4\"><span class=\"bumpedFont15\">survenir <\/span><\/span><span class=\"s4\"><span class=\"bumpedFont15\">\u00e0 <\/span><\/span><span class=\"s4\"><span class=\"bumpedFont15\">chaque changement majeur s&#8217;op<\/span><\/span><span class=\"s4\"><span class=\"bumpedFont15\">\u00e9<\/span><\/span><span class=\"s4\"><span class=\"bumpedFont15\">rant au sein d<\/span><\/span><span class=\"s4\"><span class=\"bumpedFont15\">u syst<\/span><\/span><span class=\"s4\"><span class=\"bumpedFont15\">\u00e8<\/span><\/span><span class=\"s4\"><span class=\"bumpedFont15\">me familial<\/span><\/span><span class=\"s4\"><span class=\"bumpedFont15\"> (naissance d&#8217;un enfant, enfants dans l&#8217;adolescence, d<\/span><\/span><span class=\"s4\"><span class=\"bumpedFont15\">\u00e9<\/span><\/span><span class=\"s4\"><span class=\"bumpedFont15\">part des enfants devenus grands, d<\/span><\/span><span class=\"s4\"><span class=\"bumpedFont15\">\u00e9<\/span><\/span><span class=\"s4\"><span class=\"bumpedFont15\">c<\/span><\/span><span class=\"s4\"><span class=\"bumpedFont15\">\u00e8<\/span><\/span><span class=\"s4\"><span class=\"bumpedFont15\">s des grands-parents, s<\/span><\/span><span class=\"s4\"><span class=\"bumpedFont15\">\u00e9<\/span><\/span><span class=\"s4\"><span class=\"bumpedFont15\">parations et recompositions familiales&#8230;) et n<\/span><\/span><span class=\"s4\"><span class=\"bumpedFont15\">\u00e9<\/span><\/span><span class=\"s4\"><span class=\"bumpedFont15\">cessitent <\/span><\/span><span class=\"s4\"><span class=\"bumpedFont15\">parfois <\/span><\/span><span class=\"s4\"><span class=\"bumpedFont15\">une certaine r<\/span><\/span><span class=\"s4\"><span class=\"bumpedFont15\">\u00e9<\/span><\/span><span class=\"s4\"><span class=\"bumpedFont15\">organisation.<\/span><\/span> <span class=\"s4\"><span class=\"bumpedFont15\">Le travail <\/span><\/span><span class=\"s4\"><span class=\"bumpedFont15\">avec les familles <\/span><\/span><span class=\"s4\"><span class=\"bumpedFont15\">permet <\/span><\/span><span class=\"s4\"><span class=\"bumpedFont15\">\u00e0 <\/span><\/span><span class=\"s4\"><span class=\"bumpedFont15\">chacun de s<\/span><\/span><span class=\"s4\"><span class=\"bumpedFont15\">\u2019<\/span><\/span><span class=\"s4\"><span class=\"bumpedFont15\">exprimer et d<\/span><\/span><span class=\"s4\"><span class=\"bumpedFont15\">\u2019<\/span><\/span><span class=\"s4\"><span class=\"bumpedFont15\">entendre l<\/span><\/span><span class=\"s4\"><span class=\"bumpedFont15\">\u2019<\/span><\/span><span class=\"s4\"><span class=\"bumpedFont15\">autre ou les autres s<\/span><\/span><span class=\"s4\"><span class=\"bumpedFont15\">\u2019<\/span><\/span><span class=\"s4\"><span class=\"bumpedFont15\">exprimer sans <\/span><\/span><span class=\"s4\"><span class=\"bumpedFont15\">\u00ea<\/span><\/span><span class=\"s4\"><span class=\"bumpedFont15\">tre jug<\/span><\/span><span class=\"s4\"><span class=\"bumpedFont15\">\u00e9<\/span><\/span><span class=\"s4\"><span class=\"bumpedFont15\">. L&#8217;aide du psychologue a sortir du mod<\/span><\/span><span class=\"s4\"><span class=\"bumpedFont15\">\u00e8<\/span><\/span><span class=\"s4\"><span class=\"bumpedFont15\">le de fonctionnement mis en place et son soutien <\/span><\/span><span class=\"s4\"><span class=\"bumpedFont15\">\u00e0 <\/span><\/span><span class=\"s4\"><span class=\"bumpedFont15\">la r<\/span><\/span><span class=\"s4\"><span class=\"bumpedFont15\">\u00e9<\/span><\/span><span class=\"s4\"><span class=\"bumpedFont15\">organisation permet de trouver un nouvel <\/span><\/span><span class=\"s4\"><span class=\"bumpedFont15\">\u00e9<\/span><\/span><span class=\"s4\"><span class=\"bumpedFont15\">quilibre<\/span><\/span><span class=\"s4\"><span class=\"bumpedFont15\"> pour toute la famille.<\/span><\/span><\/p>\n<p>&nbsp;<\/p>\n<p><strong>La psychologue du centre Nestia:&nbsp;<\/strong><\/p>\n<p><span style=\"color: #1b7575;\"><a style=\"color: #1b7575;\" href=\"https:\/\/nestia.be\/index.php\/fiorella-llanos-psychologue\/\">Fiorella Llanos :<\/a> <\/span>Psychologue clinicienne pour enfants, adolescents et adultes. Bilans affectifs, QI, prise en charge familial. Consultation le jeudi et&nbsp; vendredi apr\u00e8s-midi.<\/p>\n<p><span style=\"color: #1b7575;\"><a style=\"color: #1b7575;\" href=\"https:\/\/nestia.be\/index.php\/sybille-du-roy-de-blicquy-psychologue-clinicienne\/\">Sybille du Roy de Blicquy : <\/a><\/span>Psychologue clinicienne pour enfants, adolescents et adultes.&nbsp; prise en charge familiale, th\u00e9rapie br\u00e8ve. Consultation le mercredi apr\u00e8s-midi et vendredi matin.<\/p>\n<p>&nbsp;<\/p>\n\n\n<p><\/p>\n","protected":false},"excerpt":{"rendered":"<p>Demander \u00e0 rencontrer un(e) psychologue est une d\u00e9marche personnelle, libre et toujours singuli\u00e8re. Cette demande est g\u00e9n\u00e9ralement motiv\u00e9e par un sentiment de mal-\u00eatre cibl\u00e9 ou diffus. Une consultation avec un psychologue concerne toute personne qui \u00e9prouve le besoin d\u2019aller mieux, toute personne confront\u00e9e \u00e0 une douleur psychique quel que soit son mode d\u2019expression. Au centre&#8230; <a href=\"https:\/\/nestia.be\/index.php\/psychologie\/\">Continue reading <span class=\"screen-reader-text\">&#8220;Psychologie et Psychoth\u00e9rapies&#8221;<\/span><\/a><\/p>\n","protected":false},"author":1,"featured_media":0,"parent":0,"menu_order":0,"comment_status":"closed","ping_status":"closed","template":"","meta":{"ngg_post_thumbnail":0,"_vp_format_video_url":"","_vp_image_focal_point":[],"footnotes":""},"class_list":["post-113","page","type-page","status-publish","hentry"],"yoast_head":"<!-- This site is optimized with the Yoast SEO Premium plugin v23.4 (Yoast SEO v27.3) - https:\/\/yoast.com\/product\/yoast-seo-premium-wordpress\/ -->\n<title>Psychologie et Psychoth\u00e9rapies - Centre Nestia<\/title>\n<meta name=\"robots\" content=\"index, follow, max-snippet:-1, max-image-preview:large, max-video-preview:-1\" \/>\n<link rel=\"canonical\" href=\"https:\/\/nestia.be\/index.php\/psychologie\/\" \/>\n<meta property=\"og:locale\" content=\"fr_FR\" \/>\n<meta property=\"og:type\" content=\"article\" \/>\n<meta property=\"og:title\" content=\"Psychologie et Psychoth\u00e9rapies\" \/>\n<meta property=\"og:description\" content=\"Demander \u00e0 rencontrer un(e) psychologue est une d\u00e9marche personnelle, libre et toujours singuli\u00e8re. Cette demande est g\u00e9n\u00e9ralement motiv\u00e9e par un sentiment de mal-\u00eatre cibl\u00e9 ou diffus. Une consultation avec un psychologue concerne toute personne qui \u00e9prouve le besoin d\u2019aller mieux, toute personne confront\u00e9e \u00e0 une douleur psychique quel que soit son mode d\u2019expression. Au centre... Continue reading &quot;Psychologie et Psychoth\u00e9rapies&quot;\" \/>\n<meta property=\"og:url\" content=\"https:\/\/nestia.be\/index.php\/psychologie\/\" \/>\n<meta property=\"og:site_name\" content=\"Centre Nestia\" \/>\n<meta property=\"article:modified_time\" content=\"2025-02-20T20:58:52+00:00\" \/>\n<meta name=\"twitter:card\" content=\"summary_large_image\" \/>\n<meta name=\"twitter:label1\" content=\"Dur\u00e9e de lecture estim\u00e9e\" \/>\n\t<meta name=\"twitter:data1\" content=\"3 minutes\" \/>\n<script type=\"application\/ld+json\" class=\"yoast-schema-graph\">{\"@context\":\"https:\\\/\\\/schema.org\",\"@graph\":[{\"@type\":\"WebPage\",\"@id\":\"https:\\\/\\\/nestia.be\\\/index.php\\\/psychologie\\\/\",\"url\":\"https:\\\/\\\/nestia.be\\\/index.php\\\/psychologie\\\/\",\"name\":\"Psychologie et Psychoth\u00e9rapies - Centre Nestia\",\"isPartOf\":{\"@id\":\"https:\\\/\\\/nestia.be\\\/#website\"},\"datePublished\":\"2018-12-05T18:06:56+00:00\",\"dateModified\":\"2025-02-20T20:58:52+00:00\",\"breadcrumb\":{\"@id\":\"https:\\\/\\\/nestia.be\\\/index.php\\\/psychologie\\\/#breadcrumb\"},\"inLanguage\":\"fr-FR\",\"potentialAction\":[{\"@type\":\"ReadAction\",\"target\":[\"https:\\\/\\\/nestia.be\\\/index.php\\\/psychologie\\\/\"]}]},{\"@type\":\"BreadcrumbList\",\"@id\":\"https:\\\/\\\/nestia.be\\\/index.php\\\/psychologie\\\/#breadcrumb\",\"itemListElement\":[{\"@type\":\"ListItem\",\"position\":1,\"name\":\"Accueil\",\"item\":\"https:\\\/\\\/nestia.be\\\/\"},{\"@type\":\"ListItem\",\"position\":2,\"name\":\"Psychologie et Psychoth\u00e9rapies\"}]},{\"@type\":\"WebSite\",\"@id\":\"https:\\\/\\\/nestia.be\\\/#website\",\"url\":\"https:\\\/\\\/nestia.be\\\/\",\"name\":\"Centre Nestia\",\"description\":\"Centre pluridisciplinaire P\u00e9diatrique, P\u00e9rinatal et Familial\",\"publisher\":{\"@id\":\"https:\\\/\\\/nestia.be\\\/#organization\"},\"potentialAction\":[{\"@type\":\"SearchAction\",\"target\":{\"@type\":\"EntryPoint\",\"urlTemplate\":\"https:\\\/\\\/nestia.be\\\/?s={search_term_string}\"},\"query-input\":{\"@type\":\"PropertyValueSpecification\",\"valueRequired\":true,\"valueName\":\"search_term_string\"}}],\"inLanguage\":\"fr-FR\"},{\"@type\":\"Organization\",\"@id\":\"https:\\\/\\\/nestia.be\\\/#organization\",\"name\":\"Centre Nestia\",\"url\":\"https:\\\/\\\/nestia.be\\\/\",\"logo\":{\"@type\":\"ImageObject\",\"inLanguage\":\"fr-FR\",\"@id\":\"https:\\\/\\\/nestia.be\\\/#\\\/schema\\\/logo\\\/image\\\/\",\"url\":\"https:\\\/\\\/nestia.be\\\/wp-content\\\/uploads\\\/2020\\\/12\\\/cropped-69706906_116330719731047_3337316616944746496_n.jpg\",\"contentUrl\":\"https:\\\/\\\/nestia.be\\\/wp-content\\\/uploads\\\/2020\\\/12\\\/cropped-69706906_116330719731047_3337316616944746496_n.jpg\",\"width\":594,\"height\":433,\"caption\":\"Centre Nestia\"},\"image\":{\"@id\":\"https:\\\/\\\/nestia.be\\\/#\\\/schema\\\/logo\\\/image\\\/\"}}]}<\/script>\n<!-- \/ Yoast SEO Premium plugin. -->","yoast_head_json":{"title":"Psychologie et Psychoth\u00e9rapies - Centre Nestia","robots":{"index":"index","follow":"follow","max-snippet":"max-snippet:-1","max-image-preview":"max-image-preview:large","max-video-preview":"max-video-preview:-1"},"canonical":"https:\/\/nestia.be\/index.php\/psychologie\/","og_locale":"fr_FR","og_type":"article","og_title":"Psychologie et Psychoth\u00e9rapies","og_description":"Demander \u00e0 rencontrer un(e) psychologue est une d\u00e9marche personnelle, libre et toujours singuli\u00e8re. Cette demande est g\u00e9n\u00e9ralement motiv\u00e9e par un sentiment de mal-\u00eatre cibl\u00e9 ou diffus. Une consultation avec un psychologue concerne toute personne qui \u00e9prouve le besoin d\u2019aller mieux, toute personne confront\u00e9e \u00e0 une douleur psychique quel que soit son mode d\u2019expression. Au centre... Continue reading \"Psychologie et Psychoth\u00e9rapies\"","og_url":"https:\/\/nestia.be\/index.php\/psychologie\/","og_site_name":"Centre Nestia","article_modified_time":"2025-02-20T20:58:52+00:00","twitter_card":"summary_large_image","twitter_misc":{"Dur\u00e9e de lecture estim\u00e9e":"3 minutes"},"schema":{"@context":"https:\/\/schema.org","@graph":[{"@type":"WebPage","@id":"https:\/\/nestia.be\/index.php\/psychologie\/","url":"https:\/\/nestia.be\/index.php\/psychologie\/","name":"Psychologie et Psychoth\u00e9rapies - Centre Nestia","isPartOf":{"@id":"https:\/\/nestia.be\/#website"},"datePublished":"2018-12-05T18:06:56+00:00","dateModified":"2025-02-20T20:58:52+00:00","breadcrumb":{"@id":"https:\/\/nestia.be\/index.php\/psychologie\/#breadcrumb"},"inLanguage":"fr-FR","potentialAction":[{"@type":"ReadAction","target":["https:\/\/nestia.be\/index.php\/psychologie\/"]}]},{"@type":"BreadcrumbList","@id":"https:\/\/nestia.be\/index.php\/psychologie\/#breadcrumb","itemListElement":[{"@type":"ListItem","position":1,"name":"Accueil","item":"https:\/\/nestia.be\/"},{"@type":"ListItem","position":2,"name":"Psychologie et Psychoth\u00e9rapies"}]},{"@type":"WebSite","@id":"https:\/\/nestia.be\/#website","url":"https:\/\/nestia.be\/","name":"Centre Nestia","description":"Centre pluridisciplinaire P\u00e9diatrique, P\u00e9rinatal et Familial","publisher":{"@id":"https:\/\/nestia.be\/#organization"},"potentialAction":[{"@type":"SearchAction","target":{"@type":"EntryPoint","urlTemplate":"https:\/\/nestia.be\/?s={search_term_string}"},"query-input":{"@type":"PropertyValueSpecification","valueRequired":true,"valueName":"search_term_string"}}],"inLanguage":"fr-FR"},{"@type":"Organization","@id":"https:\/\/nestia.be\/#organization","name":"Centre Nestia","url":"https:\/\/nestia.be\/","logo":{"@type":"ImageObject","inLanguage":"fr-FR","@id":"https:\/\/nestia.be\/#\/schema\/logo\/image\/","url":"https:\/\/nestia.be\/wp-content\/uploads\/2020\/12\/cropped-69706906_116330719731047_3337316616944746496_n.jpg","contentUrl":"https:\/\/nestia.be\/wp-content\/uploads\/2020\/12\/cropped-69706906_116330719731047_3337316616944746496_n.jpg","width":594,"height":433,"caption":"Centre Nestia"},"image":{"@id":"https:\/\/nestia.be\/#\/schema\/logo\/image\/"}}]}},"_links":{"self":[{"href":"https:\/\/nestia.be\/index.php\/wp-json\/wp\/v2\/pages\/113","targetHints":{"allow":["GET"]}}],"collection":[{"href":"https:\/\/nestia.be\/index.php\/wp-json\/wp\/v2\/pages"}],"about":[{"href":"https:\/\/nestia.be\/index.php\/wp-json\/wp\/v2\/types\/page"}],"author":[{"embeddable":true,"href":"https:\/\/nestia.be\/index.php\/wp-json\/wp\/v2\/users\/1"}],"replies":[{"embeddable":true,"href":"https:\/\/nestia.be\/index.php\/wp-json\/wp\/v2\/comments?post=113"}],"version-history":[{"count":14,"href":"https:\/\/nestia.be\/index.php\/wp-json\/wp\/v2\/pages\/113\/revisions"}],"predecessor-version":[{"id":2507,"href":"https:\/\/nestia.be\/index.php\/wp-json\/wp\/v2\/pages\/113\/revisions\/2507"}],"wp:attachment":[{"href":"https:\/\/nestia.be\/index.php\/wp-json\/wp\/v2\/media?parent=113"}],"curies":[{"name":"wp","href":"https:\/\/api.w.org\/{rel}","templated":true}]}}