{"id":1108,"date":"2020-10-19T20:07:56","date_gmt":"2020-10-19T18:07:56","guid":{"rendered":"http:\/\/nestia.be\/?page_id=1108"},"modified":"2023-10-22T21:16:25","modified_gmt":"2023-10-22T19:16:25","slug":"prise-de-rendez-vous-en-ligne-2","status":"publish","type":"page","link":"https:\/\/nestia.be\/index.php\/prise-de-rendez-vous-en-ligne-2\/","title":{"rendered":"Prise de rendez-vous en ligne"},"content":{"rendered":"<div id=\"pl-1108\"  class=\"panel-layout\" ><div id=\"pg-1108-0\"  class=\"panel-grid panel-no-style\" ><div id=\"pgc-1108-0-0\"  class=\"panel-grid-cell\" ><div id=\"panel-1108-0-0-0\" class=\"so-panel widget widget_sow-editor panel-first-child panel-last-child\" data-index=\"0\" ><div\n\t\t\t\n\t\t\tclass=\"so-widget-sow-editor so-widget-sow-editor-base\"\n\t\t\t\n\t\t>\n<div class=\"siteorigin-widget-tinymce textwidget\">\n\t<p>Pour les rendez-vous de kin\u00e9sith\u00e9rapie respiratoire, veuillez prendre au moins deux rendez-vous pour assurer une continuit\u00e9 des soins. Merci<\/p>\n<p>Rendez en kin\u00e9sith\u00e9rapie p\u00e9diatrique et microkin\u00e9sith\u00e9rapie:<\/p>\n\n<script>\n  if (typeof hasAmeliaEntitiesApiCall === 'undefined' && ('' === '' && '' !== '1')) {\n    var hasAmeliaEntitiesApiCall = true;\n  }\n  var ameliaShortcodeData = (typeof ameliaShortcodeData === 'undefined') ? [] : ameliaShortcodeData;\n  ameliaShortcodeData.push(\n    {\n      'hasApiCall': (typeof hasAmeliaEntitiesApiCall !== 'undefined') && hasAmeliaEntitiesApiCall,\n      'trigger': '',\n      'trigger_type': '',\n      'triggered_form': 'cbf',\n      'in_dialog': '',\n      'show': '',\n      'counter': '1000',\n      'package': '',\n      'category': '',\n      'service': '',\n      'employee': '1',\n      'location': '',\n      'categories_hidden': ''\n    }\n  );\n  var ameliaShortcodeDataTriggered = (typeof ameliaShortcodeDataTriggered === 'undefined') ? [] : ameliaShortcodeDataTriggered;\n  if (ameliaShortcodeData[ameliaShortcodeData.length - 1].trigger !== '') {\n    if (ameliaShortcodeDataTriggered.filter(a => a.counter === ameliaShortcodeData[ameliaShortcodeData.length - 1].counter).length === 0) {\n      ameliaShortcodeDataTriggered.push(ameliaShortcodeData.pop());\n    } else {\n      ameliaShortcodeData.pop()\n    }\n  }\n  if (typeof hasAmeliaEntitiesApiCall !== 'undefined' && hasAmeliaEntitiesApiCall) {\n    hasAmeliaEntitiesApiCall = false;\n  }\n<\/script>\n\n<div\n  id=\"amelia-v2-booking-1000\"\n  class=\"amelia-v2-booking\"\n>\n    <catalog-form-wrapper><\/catalog-form-wrapper><\/div>\n\n<p style=\"text-align: center;\">Rendez-vous au Centre Nestia - Rue valduc 227,1160 Auderghem<\/p>\n<\/div>\n<\/div><\/div><\/div><\/div><\/div>","protected":false},"excerpt":{"rendered":"<p>Pour les rendez-vous de kin\u00e9sith\u00e9rapie respiratoire, veuillez prendre au moins deux rendez-vous pour assurer une continuit\u00e9 des soins. Merci Rendez en kin\u00e9sith\u00e9rapie p\u00e9diatrique et microkin\u00e9sith\u00e9rapie: Rendez-vous au Centre Nestia &#8211; Rue valduc 227,1160 Auderghem<\/p>\n","protected":false},"author":1,"featured_media":0,"parent":0,"menu_order":0,"comment_status":"closed","ping_status":"closed","template":"","meta":{"ngg_post_thumbnail":0,"_vp_format_video_url":"","_vp_image_focal_point":[],"footnotes":""},"class_list":["post-1108","page","type-page","status-publish","hentry"],"yoast_head":"<!-- This site is optimized with the Yoast SEO Premium plugin v23.4 (Yoast SEO v27.3) - https:\/\/yoast.com\/product\/yoast-seo-premium-wordpress\/ -->\n<title>Prise de rendez-vous en ligne - Centre Nestia<\/title>\n<meta name=\"robots\" content=\"index, follow, max-snippet:-1, max-image-preview:large, max-video-preview:-1\" \/>\n<link rel=\"canonical\" href=\"https:\/\/nestia.be\/index.php\/prise-de-rendez-vous-en-ligne-2\/\" \/>\n<meta property=\"og:locale\" content=\"fr_FR\" \/>\n<meta property=\"og:type\" content=\"article\" \/>\n<meta property=\"og:title\" content=\"Prise de rendez-vous en ligne\" \/>\n<meta property=\"og:description\" content=\"Pour les rendez-vous de kin\u00e9sith\u00e9rapie respiratoire, veuillez prendre au moins deux rendez-vous pour assurer une continuit\u00e9 des soins. Merci Rendez en kin\u00e9sith\u00e9rapie p\u00e9diatrique et microkin\u00e9sith\u00e9rapie: Rendez-vous au Centre Nestia - Rue valduc 227,1160 Auderghem\" \/>\n<meta property=\"og:url\" content=\"https:\/\/nestia.be\/index.php\/prise-de-rendez-vous-en-ligne-2\/\" \/>\n<meta property=\"og:site_name\" content=\"Centre Nestia\" \/>\n<meta property=\"article:modified_time\" content=\"2023-10-22T19:16:25+00:00\" \/>\n<meta name=\"twitter:card\" content=\"summary_large_image\" \/>\n<meta name=\"twitter:label1\" content=\"Dur\u00e9e de lecture estim\u00e9e\" \/>\n\t<meta name=\"twitter:data1\" content=\"1 minute\" \/>\n<script type=\"application\/ld+json\" class=\"yoast-schema-graph\">{\"@context\":\"https:\\\/\\\/schema.org\",\"@graph\":[{\"@type\":\"WebPage\",\"@id\":\"https:\\\/\\\/nestia.be\\\/index.php\\\/prise-de-rendez-vous-en-ligne-2\\\/\",\"url\":\"https:\\\/\\\/nestia.be\\\/index.php\\\/prise-de-rendez-vous-en-ligne-2\\\/\",\"name\":\"Prise de rendez-vous en ligne - Centre Nestia\",\"isPartOf\":{\"@id\":\"https:\\\/\\\/nestia.be\\\/#website\"},\"datePublished\":\"2020-10-19T18:07:56+00:00\",\"dateModified\":\"2023-10-22T19:16:25+00:00\",\"breadcrumb\":{\"@id\":\"https:\\\/\\\/nestia.be\\\/index.php\\\/prise-de-rendez-vous-en-ligne-2\\\/#breadcrumb\"},\"inLanguage\":\"fr-FR\",\"potentialAction\":[{\"@type\":\"ReadAction\",\"target\":[\"https:\\\/\\\/nestia.be\\\/index.php\\\/prise-de-rendez-vous-en-ligne-2\\\/\"]}]},{\"@type\":\"BreadcrumbList\",\"@id\":\"https:\\\/\\\/nestia.be\\\/index.php\\\/prise-de-rendez-vous-en-ligne-2\\\/#breadcrumb\",\"itemListElement\":[{\"@type\":\"ListItem\",\"position\":1,\"name\":\"Accueil\",\"item\":\"https:\\\/\\\/nestia.be\\\/\"},{\"@type\":\"ListItem\",\"position\":2,\"name\":\"Prise de rendez-vous en ligne\"}]},{\"@type\":\"WebSite\",\"@id\":\"https:\\\/\\\/nestia.be\\\/#website\",\"url\":\"https:\\\/\\\/nestia.be\\\/\",\"name\":\"Centre Nestia\",\"description\":\"Centre pluridisciplinaire P\u00e9diatrique, P\u00e9rinatal et Familial\",\"publisher\":{\"@id\":\"https:\\\/\\\/nestia.be\\\/#organization\"},\"potentialAction\":[{\"@type\":\"SearchAction\",\"target\":{\"@type\":\"EntryPoint\",\"urlTemplate\":\"https:\\\/\\\/nestia.be\\\/?s={search_term_string}\"},\"query-input\":{\"@type\":\"PropertyValueSpecification\",\"valueRequired\":true,\"valueName\":\"search_term_string\"}}],\"inLanguage\":\"fr-FR\"},{\"@type\":\"Organization\",\"@id\":\"https:\\\/\\\/nestia.be\\\/#organization\",\"name\":\"Centre Nestia\",\"url\":\"https:\\\/\\\/nestia.be\\\/\",\"logo\":{\"@type\":\"ImageObject\",\"inLanguage\":\"fr-FR\",\"@id\":\"https:\\\/\\\/nestia.be\\\/#\\\/schema\\\/logo\\\/image\\\/\",\"url\":\"https:\\\/\\\/nestia.be\\\/wp-content\\\/uploads\\\/2020\\\/12\\\/cropped-69706906_116330719731047_3337316616944746496_n.jpg\",\"contentUrl\":\"https:\\\/\\\/nestia.be\\\/wp-content\\\/uploads\\\/2020\\\/12\\\/cropped-69706906_116330719731047_3337316616944746496_n.jpg\",\"width\":594,\"height\":433,\"caption\":\"Centre Nestia\"},\"image\":{\"@id\":\"https:\\\/\\\/nestia.be\\\/#\\\/schema\\\/logo\\\/image\\\/\"}}]}<\/script>\n<!-- \/ Yoast SEO Premium plugin. -->","yoast_head_json":{"title":"Prise de rendez-vous en ligne - Centre Nestia","robots":{"index":"index","follow":"follow","max-snippet":"max-snippet:-1","max-image-preview":"max-image-preview:large","max-video-preview":"max-video-preview:-1"},"canonical":"https:\/\/nestia.be\/index.php\/prise-de-rendez-vous-en-ligne-2\/","og_locale":"fr_FR","og_type":"article","og_title":"Prise de rendez-vous en ligne","og_description":"Pour les rendez-vous de kin\u00e9sith\u00e9rapie respiratoire, veuillez prendre au moins deux rendez-vous pour assurer une continuit\u00e9 des soins. Merci Rendez en kin\u00e9sith\u00e9rapie p\u00e9diatrique et microkin\u00e9sith\u00e9rapie: Rendez-vous au Centre Nestia - Rue valduc 227,1160 Auderghem","og_url":"https:\/\/nestia.be\/index.php\/prise-de-rendez-vous-en-ligne-2\/","og_site_name":"Centre Nestia","article_modified_time":"2023-10-22T19:16:25+00:00","twitter_card":"summary_large_image","twitter_misc":{"Dur\u00e9e de lecture estim\u00e9e":"1 minute"},"schema":{"@context":"https:\/\/schema.org","@graph":[{"@type":"WebPage","@id":"https:\/\/nestia.be\/index.php\/prise-de-rendez-vous-en-ligne-2\/","url":"https:\/\/nestia.be\/index.php\/prise-de-rendez-vous-en-ligne-2\/","name":"Prise de rendez-vous en ligne - Centre Nestia","isPartOf":{"@id":"https:\/\/nestia.be\/#website"},"datePublished":"2020-10-19T18:07:56+00:00","dateModified":"2023-10-22T19:16:25+00:00","breadcrumb":{"@id":"https:\/\/nestia.be\/index.php\/prise-de-rendez-vous-en-ligne-2\/#breadcrumb"},"inLanguage":"fr-FR","potentialAction":[{"@type":"ReadAction","target":["https:\/\/nestia.be\/index.php\/prise-de-rendez-vous-en-ligne-2\/"]}]},{"@type":"BreadcrumbList","@id":"https:\/\/nestia.be\/index.php\/prise-de-rendez-vous-en-ligne-2\/#breadcrumb","itemListElement":[{"@type":"ListItem","position":1,"name":"Accueil","item":"https:\/\/nestia.be\/"},{"@type":"ListItem","position":2,"name":"Prise de rendez-vous en ligne"}]},{"@type":"WebSite","@id":"https:\/\/nestia.be\/#website","url":"https:\/\/nestia.be\/","name":"Centre Nestia","description":"Centre pluridisciplinaire P\u00e9diatrique, P\u00e9rinatal et Familial","publisher":{"@id":"https:\/\/nestia.be\/#organization"},"potentialAction":[{"@type":"SearchAction","target":{"@type":"EntryPoint","urlTemplate":"https:\/\/nestia.be\/?s={search_term_string}"},"query-input":{"@type":"PropertyValueSpecification","valueRequired":true,"valueName":"search_term_string"}}],"inLanguage":"fr-FR"},{"@type":"Organization","@id":"https:\/\/nestia.be\/#organization","name":"Centre Nestia","url":"https:\/\/nestia.be\/","logo":{"@type":"ImageObject","inLanguage":"fr-FR","@id":"https:\/\/nestia.be\/#\/schema\/logo\/image\/","url":"https:\/\/nestia.be\/wp-content\/uploads\/2020\/12\/cropped-69706906_116330719731047_3337316616944746496_n.jpg","contentUrl":"https:\/\/nestia.be\/wp-content\/uploads\/2020\/12\/cropped-69706906_116330719731047_3337316616944746496_n.jpg","width":594,"height":433,"caption":"Centre Nestia"},"image":{"@id":"https:\/\/nestia.be\/#\/schema\/logo\/image\/"}}]}},"_links":{"self":[{"href":"https:\/\/nestia.be\/index.php\/wp-json\/wp\/v2\/pages\/1108","targetHints":{"allow":["GET"]}}],"collection":[{"href":"https:\/\/nestia.be\/index.php\/wp-json\/wp\/v2\/pages"}],"about":[{"href":"https:\/\/nestia.be\/index.php\/wp-json\/wp\/v2\/types\/page"}],"author":[{"embeddable":true,"href":"https:\/\/nestia.be\/index.php\/wp-json\/wp\/v2\/users\/1"}],"replies":[{"embeddable":true,"href":"https:\/\/nestia.be\/index.php\/wp-json\/wp\/v2\/comments?post=1108"}],"version-history":[{"count":12,"href":"https:\/\/nestia.be\/index.php\/wp-json\/wp\/v2\/pages\/1108\/revisions"}],"predecessor-version":[{"id":2100,"href":"https:\/\/nestia.be\/index.php\/wp-json\/wp\/v2\/pages\/1108\/revisions\/2100"}],"wp:attachment":[{"href":"https:\/\/nestia.be\/index.php\/wp-json\/wp\/v2\/media?parent=1108"}],"curies":[{"name":"wp","href":"https:\/\/api.w.org\/{rel}","templated":true}]}}