{"id":1025,"date":"2020-09-01T20:17:57","date_gmt":"2020-09-01T18:17:57","guid":{"rendered":"http:\/\/nestia.be\/?page_id=1025"},"modified":"2025-05-16T18:49:19","modified_gmt":"2025-05-16T16:49:19","slug":"psychomotricite-auderghem","status":"publish","type":"page","link":"https:\/\/nestia.be\/index.php\/psychomotricite-auderghem\/","title":{"rendered":"ESTELLE GALLOT \u2013 PSYCHOMOTRICIENNE"},"content":{"rendered":"<div id=\"pl-1025\"  class=\"panel-layout\" ><div id=\"pg-1025-0\"  class=\"panel-grid panel-no-style\" ><div id=\"pgc-1025-0-0\"  class=\"panel-grid-cell\" ><div id=\"panel-1025-0-0-0\" class=\"so-panel widget widget_sow-editor panel-first-child panel-last-child\" data-index=\"0\" ><div\n\t\t\t\n\t\t\tclass=\"so-widget-sow-editor so-widget-sow-editor-base\"\n\t\t\t\n\t\t>\n<div class=\"siteorigin-widget-tinymce textwidget\">\n\t<p><img loading=\"lazy\" decoding=\"async\" class=\"aligncenter size-medium wp-image-2180\" src=\"https:\/\/nestia.be\/wp-content\/uploads\/2023\/11\/IMG_9566-298x300.jpeg\" alt=\"\" width=\"298\" height=\"300\" srcset=\"https:\/\/nestia.be\/wp-content\/uploads\/2023\/11\/IMG_9566-298x300.jpeg 298w, https:\/\/nestia.be\/wp-content\/uploads\/2023\/11\/IMG_9566-1017x1024.jpeg 1017w, https:\/\/nestia.be\/wp-content\/uploads\/2023\/11\/IMG_9566-150x150.jpeg 150w, https:\/\/nestia.be\/wp-content\/uploads\/2023\/11\/IMG_9566-768x773.jpeg 768w, https:\/\/nestia.be\/wp-content\/uploads\/2023\/11\/IMG_9566-500x503.jpeg 500w, https:\/\/nestia.be\/wp-content\/uploads\/2023\/11\/IMG_9566-800x805.jpeg 800w, https:\/\/nestia.be\/wp-content\/uploads\/2023\/11\/IMG_9566-612x616.jpeg 612w, https:\/\/nestia.be\/wp-content\/uploads\/2023\/11\/IMG_9566-1224x1232.jpeg 1224w, https:\/\/nestia.be\/wp-content\/uploads\/2023\/11\/IMG_9566-936x942.jpeg 936w, https:\/\/nestia.be\/wp-content\/uploads\/2023\/11\/IMG_9566-720x725.jpeg 720w, https:\/\/nestia.be\/wp-content\/uploads\/2023\/11\/IMG_9566.jpeg 1228w\" sizes=\"auto, (max-width: 298px) 100vw, 298px\" \/><\/p>\n<div>&nbsp;<\/div>\n<div style=\"text-align: center;\">\n<p><strong><span style=\"color: #1b7575;\">Consultations<\/span><\/strong><br \/>\n<span style=\"color: #1b7575;\">Jeudi 8h-13h<\/span><\/p>\n<p><span style=\"color: #1b7575;\">Vendredi 8h-13h<\/span><\/p>\n<p><strong><span style=\"color: #1b7575;\">Contact<\/span><\/strong><br \/>\n<span style=\"color: #1b7575;\">0474\/87.22.31<\/span><\/p>\n<p><span style=\"color: #1b7575;\">estelle.gallot@yahoo.fr<\/span><\/p>\n<p><strong><span style=\"color: #1b7575;\">Langues parl\u00e9es&nbsp;<\/span><\/strong><br \/>\n<span style=\"color: #1b7575;\">Fran\u00e7ais et anglais<\/span><\/p>\n<\/div>\n<\/div>\n<\/div><\/div><\/div><div id=\"pgc-1025-0-1\"  class=\"panel-grid-cell\" ><div id=\"panel-1025-0-1-0\" class=\"so-panel widget widget_sow-editor panel-first-child panel-last-child\" data-index=\"1\" ><div class=\"panel-widget-style panel-widget-style-for-1025-0-1-0\" ><div\n\t\t\t\n\t\t\tclass=\"so-widget-sow-editor so-widget-sow-editor-base\"\n\t\t\t\n\t\t>\n<div class=\"siteorigin-widget-tinymce textwidget\">\n\t<h5>PRISE EN CHARGE PSYCHOMOTRICE<\/h5>\n<h5>BILAN PSYCHOMOTEUR\/NEUROMOTEUR<\/h5>\n<h5>PSYCHOMOTRICITE PARENT BEBE\/ACCOMPAGNEMENT<br \/>\nPARENTAL<\/h5>\n<h5>ACCOMPAGNEMENT PSYCHOCORPOREL DE LA FEMME ENCEINTE pleurs, sommeil et alimentation du b\u00c9B\u00c9 ET DE L\u2019ENFANT<\/h5>\n<p><strong><span style=\"color: #1b7575;\">Qui suis-je&nbsp;?<\/span><\/strong><br \/>\nApr\u00e8s une carri\u00e8re passionn\u00e9e dans la d\u00e9fense de la vie paysanne et<br \/>\nrurale \u00e0 l\u2019international\u2026 et un burnout professionnel et parental\u2026 Je me<br \/>\nsuis reconvertie dans un accompagnement au plus pr\u00e8s de la personne,<br \/>\ndans le lien entre le corps et l'esprit : la psychomotricit\u00e9.<\/p>\n<p>Alliant mes capacit\u00e9s d'analyse et d\u2019observation \u00e0 ma connaissance du<br \/>\nd\u00e9veloppement de l\u2019enfant et de l\u2019\u00eatre humain en g\u00e9n\u00e9ral<strong>, j\u2019accompagne<\/strong><br \/>\n<strong>la relation \u00e0 soi et \u00e0 l\u2019autre<\/strong> dans les domaines de la petite enfance, de la<br \/>\nrelation pr\u00e9coce, de l\u2019attachement, de la surdit\u00e9, de la parentalit\u00e9, de la<br \/>\np\u00e9dopsychiatrie\u2026<\/p>\n<p>Je m\u2019int\u00e9resse particuli\u00e8rement au tout-petit, \u00e0 l\u2019enfant, et \u00e0 son parent,<br \/>\ndans toutes les probl\u00e9matiques que l\u2019un ou l\u2019autre, ou ensemble, ils<br \/>\npourraient rencontrer : difficult\u00e9s dans les acquisitions motrices, les<br \/>\nd\u00e9placements ou les pr\u00e9hensions ; difficult\u00e9s relationnelles ou de<br \/>\ncommunication (regard, langage, relation \u00e0 l\u2019autre, difficult\u00e9s de<br \/>\ns\u00e9paration, entr\u00e9e \u00e0 la cr\u00e8che, \u00e0 l\u2019\u00e9cole...) ; troubles somatiques (pleurs,<br \/>\nsommeil, alimentation) ; difficult\u00e9s parentales (anxi\u00e9t\u00e9, d\u00e9pression,<br \/>\ntroubles li\u00e9s \u00e0 la grossesse...) ; mais aussi pr\u00e9maturit\u00e9, sensibilit\u00e9<br \/>\nsensorielle, surdit\u00e9, autisme\u2026<\/p>\n<p>J\u2019ai compl\u00e9t\u00e9 ma formation initiale de psychomotricienne (Bachelier) par<br \/>\nun Certificat Universitaire en Psychopathologie de la P\u00e9rinatalit\u00e9 et de la<br \/>\nPetite Enfance (ULB).<br \/>\nDes questions sur la <a href=\"https:\/\/nestia.be\/index.php\/psychomotricite-2\/\">Psychomotricit\u00e9<\/a>&nbsp;ou<a href=\"https:\/\/nestia.be\/index.php\/accompagnement-psychocorporel-de-la-femme-enceinte\/\"> l\u2019Accompagnement<\/a><br \/>\n<a href=\"https:\/\/nestia.be\/index.php\/accompagnement-psychocorporel-de-la-femme-enceinte\/\">psychocorporel de la femme enceinte ?<\/a>&nbsp; N\u2019h\u00e9sitez pas \u00e0 lire les pages<br \/>\nd\u00e9di\u00e9es \u00e0 ces prises en charge.<\/p>\n<p><span style=\"color: #1b7575;\"><strong>Au centre Nestia<\/strong><\/span><br \/>\nDans un cadre contenant et s\u00e9curisant, je propose un accompagnement<br \/>\ndu b\u00e9b\u00e9 (d\u00e8s la naissance) et de l\u2019enfant jusqu\u2019\u00e0 6 ans environ, avec ou sans ses parents selon l\u2019\u00e2ge et les besoins.<br \/>\nJ\u2019offre un espace d\u2019expression relationnelle permettant de soutenir le<br \/>\nd\u00e9veloppement corporel, psychique et affectif de l\u2019enfant.<br \/>\nD\u00e9couvrir, jouer, cr\u00e9er, penser,&nbsp;symboliser, \u00eatre soi.&nbsp;<\/p>\n<p><strong>Prise en charge psychomotrice&nbsp;<\/strong><\/p>\n<ul>\n<li>Troubles psychomoteurs, retard global de d\u00e9veloppement, troubles<br \/>\ntoniques<\/li>\n<li>Troubles de la relation, de la communication, retard de langage<\/li>\n<li>Accompagnement du d\u00e9veloppement psychomoteur et post-<br \/>\npr\u00e9maturit\u00e9<\/li>\n<li>Prise en charge pr\u00e9coce, relation parent b\u00e9b\u00e9<\/li>\n<li>Gestion des \u00e9motions, troubles affectifs, troubles du sommeil ou de<br \/>\nl\u2019alimentation<\/li>\n<li>Difficult\u00e9s sensorielles<\/li>\n<li>Autisme, dysphasie, dyspraxie<\/li>\n<li>Surdit\u00e9<\/li>\n<\/ul>\n<p><strong>Bilans <\/strong><\/p>\n<p>Bilan de la dynamique psychomotrice (bilan psychomoteur et bilan<br \/>\nneuromoteur) en 3 \u00e0 4 s\u00e9ances, bas\u00e9 sur l\u2019observation et<br \/>\nl\u2019accompagnement corporel, accompagn\u00e9s ou non de tests norm\u00e9s.<br \/>\nPlus d\u2019informations sur les bilans (lien) propos\u00e9s par l\u2019\u00e9quipe de Nestia.<\/p>\n<p><strong>Psychomotricit\u00e9 parent enfant (accompagnement parental)&nbsp;:<\/strong><\/p>\n<ul>\n<li>Accompagnement du parent dans la d\u00e9couverte de son enfant \u00e0 traversl\u2019observation, l\u2019accompagnant de ses d\u00e9couvertes motrices et le jeu.<\/li>\n<li>Accompagnement au regard des difficult\u00e9s du quotidien avec b\u00e9b\u00e9<br \/>\n(portage, change, bain, sommeil, alimentation).<\/li>\n<li>Renforcement de la confiance en ses comp\u00e9tences parentales, en<br \/>\nramenant quelques cl\u00e9s pour continuer \u00e0 accompagner b\u00e9b\u00e9 \u00e0 la<br \/>\nmaison.<\/li>\n<\/ul>\n<p><strong>Pleurs, sommeil, alimentation du b\u00e9b\u00e9 et de l\u2019enfant (0-6ans)<\/strong><\/p>\n<p>Approche psychomotrice des difficult\u00e9s alimentaires, de sommeil et de<br \/>\npleurs du b\u00e9b\u00e9 et de l\u2019enfant d\u2019un point de vue relationnelle.<br \/>\nAu cours d\u2019un entretien et \u00e0 travers l\u2019observation de b\u00e9b\u00e9 \/ de l\u2019enfant<br \/>\nnous analysons ensemble les difficult\u00e9s rencontr\u00e9es et les inqui\u00e9tudes.<br \/>\nNous clarifions l\u2019ampleur du trouble et trouvons ensemble les<br \/>\ncomp\u00e9tences et ressources de b\u00e9b\u00e9\/de votre enfant, ainsi que les comp\u00e9tences et ressources parentales, pour am\u00e9nager le quotidien et retrouver un \u00e9quilibre familial.<br \/>\nCette approche ne remplace en aucun cas les consultations<br \/>\np\u00e9diatriques ou sp\u00e9cialis\u00e9es. Elle apporte un point de vue globale et<br \/>\nrelationnelle sur la situation en amenant des solutions pratiques aux<br \/>\ndifficult\u00e9s v\u00e9cues.<\/p>\n<p><a href=\"https:\/\/nestia.be\/index.php\/accompagnement-psychocorporel-de-la-femme-enceinte\/\"><strong>Accompagnement psychocorporel de la femme enceinte :&nbsp;<\/strong><\/a><br \/>\nAccompagnement des bouleversements psychocorporels de la femme<br \/>\nenceinte (conscience corporelle, d\u00e9veloppement d\u2019une nouvelle<br \/>\nidentit\u00e9, maux psychosomatiques de la grossesse, peur\/anxi\u00e9t\u00e9\/\u00e9tat<br \/>\nd\u00e9pressif, d\u00e9ni de grossesse, troubles du sommeil et de l\u2019alimentation,<br \/>\netc.)<br \/>\nApr\u00e8s un court entretien nous d\u00e9finissons ensemble les axes de travail<br \/>\net d\u2019interventions, en fonction de vos besoins et de vos pr\u00e9f\u00e9rences&nbsp;:<br \/>\nm\u00e9ditation, toucher th\u00e9rapeutique, enveloppement, relaxation<br \/>\ndynamique, conscience corporelle, mobilisations douces, exercices de<br \/>\nrespiration, mise en mouvement passive ou active, balancement et<br \/>\nmobilisation des hanches, \u00e9quilibre et appuis, expressivit\u00e9 corporelle<br \/>\n(danse et mouvement), etc\u2026<br \/>\nCe travail est compl\u00e9mentaire \u00e0 celui des sage-femmes \/ kin\u00e9 \/ gyn\u00e9cologues et ne le remplace en aucun cas.<\/p>\n<p><strong><span style=\"color: #1b7575;\">Informations pratiques<\/span><\/strong><br \/>\nJe vous accompagne tous les jeudi et vendredi de 8h \u00e0 13h.<br \/>\nPrise de rendez-vous par email ou par t\u00e9l\u00e9phone pour un premier rendez-vous, en ligne pour un suivi.&nbsp;<\/p>\n<p>Une s\u00e9ance dure 45 min environ.<\/p>\n<p>Certaines mutuelles proposent un remboursement partiel des s\u00e9ances<br \/>\nselon certaines conditions lien<br \/>\n(<a href=\"https:\/\/www.upbpf.be\/wp-content\/uploads\/2023\/07\/Tableau-\">https:\/\/www.upbpf.be\/wp-content\/uploads\/2023\/07\/Tableau-<\/a>r%C3%A9sum%C3%A9-des-remboursements-mutuelles-juillet-2023.pdf)<br \/>\nN\u2019oubliez pas votre prescription si vous \u00eates envoy\u00e9s par un professionnel&nbsp;!<br \/>\nJe suis membre de l\u2019UPBPF.<\/p>\n<\/div>\n<\/div><\/div><\/div><\/div><\/div><\/div>","protected":false},"excerpt":{"rendered":"<p>&nbsp; Consultations Jeudi 8h-13h Vendredi 8h-13h Contact 0474\/87.22.31 estelle.gallot@yahoo.fr Langues parl\u00e9es&nbsp; Fran\u00e7ais et anglais PRISE EN CHARGE PSYCHOMOTRICE BILAN PSYCHOMOTEUR\/NEUROMOTEUR PSYCHOMOTRICITE PARENT BEBE\/ACCOMPAGNEMENT PARENTAL ACCOMPAGNEMENT PSYCHOCORPOREL DE LA FEMME ENCEINTE pleurs, sommeil et alimentation du b\u00c9B\u00c9 ET DE L\u2019ENFANT Qui suis-je&nbsp;? Apr\u00e8s une carri\u00e8re passionn\u00e9e dans la d\u00e9fense de la vie paysanne et rurale \u00e0&#8230; <a href=\"https:\/\/nestia.be\/index.php\/psychomotricite-auderghem\/\">Continue reading <span class=\"screen-reader-text\">&#8220;ESTELLE GALLOT \u2013 PSYCHOMOTRICIENNE&#8221;<\/span><\/a><\/p>\n","protected":false},"author":1,"featured_media":0,"parent":0,"menu_order":0,"comment_status":"closed","ping_status":"closed","template":"","meta":{"ngg_post_thumbnail":0,"_vp_format_video_url":"","_vp_image_focal_point":[],"footnotes":""},"class_list":["post-1025","page","type-page","status-publish","hentry"],"yoast_head":"<!-- This site is optimized with the Yoast SEO Premium plugin v23.4 (Yoast SEO v27.4) - https:\/\/yoast.com\/product\/yoast-seo-premium-wordpress\/ -->\n<title>ESTELLE GALLOT \u2013 PSYCHOMOTRICIENNE - Centre Nestia<\/title>\n<meta name=\"description\" content=\"Estelle Gallot vous re\u00e7oit au centre Nestia \u00e0 Auderghem pour de la psychomotricit\u00e9 relationnelle, des troubles du d\u00e9veloppement, ..\" \/>\n<meta name=\"robots\" content=\"index, follow, max-snippet:-1, max-image-preview:large, max-video-preview:-1\" \/>\n<link rel=\"canonical\" href=\"https:\/\/nestia.be\/index.php\/psychomotricite-auderghem\/\" \/>\n<meta property=\"og:locale\" content=\"fr_FR\" \/>\n<meta property=\"og:type\" content=\"article\" \/>\n<meta property=\"og:title\" content=\"ESTELLE GALLOT \u2013 PSYCHOMOTRICIENNE\" \/>\n<meta property=\"og:description\" content=\"Estelle Gallot vous re\u00e7oit au centre Nestia \u00e0 Auderghem pour de la psychomotricit\u00e9 relationnelle, des troubles du d\u00e9veloppement, ..\" \/>\n<meta property=\"og:url\" content=\"https:\/\/nestia.be\/index.php\/psychomotricite-auderghem\/\" \/>\n<meta property=\"og:site_name\" content=\"Centre Nestia\" \/>\n<meta property=\"article:modified_time\" content=\"2025-05-16T16:49:19+00:00\" \/>\n<meta property=\"og:image\" content=\"https:\/\/nestia.be\/wp-content\/uploads\/2023\/11\/IMG_9566.jpeg\" \/>\n\t<meta property=\"og:image:width\" content=\"1228\" \/>\n\t<meta property=\"og:image:height\" content=\"1236\" \/>\n\t<meta property=\"og:image:type\" content=\"image\/jpeg\" \/>\n<meta name=\"twitter:card\" content=\"summary_large_image\" \/>\n<meta name=\"twitter:label1\" content=\"Dur\u00e9e de lecture estim\u00e9e\" \/>\n\t<meta name=\"twitter:data1\" content=\"5 minutes\" \/>\n<script type=\"application\/ld+json\" class=\"yoast-schema-graph\">{\"@context\":\"https:\\\/\\\/schema.org\",\"@graph\":[{\"@type\":\"WebPage\",\"@id\":\"https:\\\/\\\/nestia.be\\\/index.php\\\/psychomotricite-auderghem\\\/\",\"url\":\"https:\\\/\\\/nestia.be\\\/index.php\\\/psychomotricite-auderghem\\\/\",\"name\":\"ESTELLE GALLOT \u2013 PSYCHOMOTRICIENNE - Centre Nestia\",\"isPartOf\":{\"@id\":\"https:\\\/\\\/nestia.be\\\/#website\"},\"primaryImageOfPage\":{\"@id\":\"https:\\\/\\\/nestia.be\\\/index.php\\\/psychomotricite-auderghem\\\/#primaryimage\"},\"image\":{\"@id\":\"https:\\\/\\\/nestia.be\\\/index.php\\\/psychomotricite-auderghem\\\/#primaryimage\"},\"thumbnailUrl\":\"https:\\\/\\\/nestia.be\\\/wp-content\\\/uploads\\\/2023\\\/11\\\/IMG_9566-298x300.jpeg\",\"datePublished\":\"2020-09-01T18:17:57+00:00\",\"dateModified\":\"2025-05-16T16:49:19+00:00\",\"description\":\"Estelle Gallot vous re\u00e7oit au centre Nestia \u00e0 Auderghem pour de la psychomotricit\u00e9 relationnelle, des troubles du d\u00e9veloppement, ..\",\"breadcrumb\":{\"@id\":\"https:\\\/\\\/nestia.be\\\/index.php\\\/psychomotricite-auderghem\\\/#breadcrumb\"},\"inLanguage\":\"fr-FR\",\"potentialAction\":[{\"@type\":\"ReadAction\",\"target\":[\"https:\\\/\\\/nestia.be\\\/index.php\\\/psychomotricite-auderghem\\\/\"]}]},{\"@type\":\"ImageObject\",\"inLanguage\":\"fr-FR\",\"@id\":\"https:\\\/\\\/nestia.be\\\/index.php\\\/psychomotricite-auderghem\\\/#primaryimage\",\"url\":\"https:\\\/\\\/nestia.be\\\/wp-content\\\/uploads\\\/2023\\\/11\\\/IMG_9566.jpeg\",\"contentUrl\":\"https:\\\/\\\/nestia.be\\\/wp-content\\\/uploads\\\/2023\\\/11\\\/IMG_9566.jpeg\",\"width\":1228,\"height\":1236},{\"@type\":\"BreadcrumbList\",\"@id\":\"https:\\\/\\\/nestia.be\\\/index.php\\\/psychomotricite-auderghem\\\/#breadcrumb\",\"itemListElement\":[{\"@type\":\"ListItem\",\"position\":1,\"name\":\"Accueil\",\"item\":\"https:\\\/\\\/nestia.be\\\/\"},{\"@type\":\"ListItem\",\"position\":2,\"name\":\"ESTELLE GALLOT \u2013 PSYCHOMOTRICIENNE\"}]},{\"@type\":\"WebSite\",\"@id\":\"https:\\\/\\\/nestia.be\\\/#website\",\"url\":\"https:\\\/\\\/nestia.be\\\/\",\"name\":\"Centre Nestia\",\"description\":\"Centre pluridisciplinaire P\u00e9diatrique, P\u00e9rinatal et Familial\",\"publisher\":{\"@id\":\"https:\\\/\\\/nestia.be\\\/#organization\"},\"potentialAction\":[{\"@type\":\"SearchAction\",\"target\":{\"@type\":\"EntryPoint\",\"urlTemplate\":\"https:\\\/\\\/nestia.be\\\/?s={search_term_string}\"},\"query-input\":{\"@type\":\"PropertyValueSpecification\",\"valueRequired\":true,\"valueName\":\"search_term_string\"}}],\"inLanguage\":\"fr-FR\"},{\"@type\":\"Organization\",\"@id\":\"https:\\\/\\\/nestia.be\\\/#organization\",\"name\":\"Centre Nestia\",\"url\":\"https:\\\/\\\/nestia.be\\\/\",\"logo\":{\"@type\":\"ImageObject\",\"inLanguage\":\"fr-FR\",\"@id\":\"https:\\\/\\\/nestia.be\\\/#\\\/schema\\\/logo\\\/image\\\/\",\"url\":\"https:\\\/\\\/nestia.be\\\/wp-content\\\/uploads\\\/2020\\\/12\\\/cropped-69706906_116330719731047_3337316616944746496_n.jpg\",\"contentUrl\":\"https:\\\/\\\/nestia.be\\\/wp-content\\\/uploads\\\/2020\\\/12\\\/cropped-69706906_116330719731047_3337316616944746496_n.jpg\",\"width\":594,\"height\":433,\"caption\":\"Centre Nestia\"},\"image\":{\"@id\":\"https:\\\/\\\/nestia.be\\\/#\\\/schema\\\/logo\\\/image\\\/\"}}]}<\/script>\n<!-- \/ Yoast SEO Premium plugin. -->","yoast_head_json":{"title":"ESTELLE GALLOT \u2013 PSYCHOMOTRICIENNE - Centre Nestia","description":"Estelle Gallot vous re\u00e7oit au centre Nestia \u00e0 Auderghem pour de la psychomotricit\u00e9 relationnelle, des troubles du d\u00e9veloppement, ..","robots":{"index":"index","follow":"follow","max-snippet":"max-snippet:-1","max-image-preview":"max-image-preview:large","max-video-preview":"max-video-preview:-1"},"canonical":"https:\/\/nestia.be\/index.php\/psychomotricite-auderghem\/","og_locale":"fr_FR","og_type":"article","og_title":"ESTELLE GALLOT \u2013 PSYCHOMOTRICIENNE","og_description":"Estelle Gallot vous re\u00e7oit au centre Nestia \u00e0 Auderghem pour de la psychomotricit\u00e9 relationnelle, des troubles du d\u00e9veloppement, ..","og_url":"https:\/\/nestia.be\/index.php\/psychomotricite-auderghem\/","og_site_name":"Centre Nestia","article_modified_time":"2025-05-16T16:49:19+00:00","og_image":[{"width":1228,"height":1236,"url":"https:\/\/nestia.be\/wp-content\/uploads\/2023\/11\/IMG_9566.jpeg","type":"image\/jpeg"}],"twitter_card":"summary_large_image","twitter_misc":{"Dur\u00e9e de lecture estim\u00e9e":"5 minutes"},"schema":{"@context":"https:\/\/schema.org","@graph":[{"@type":"WebPage","@id":"https:\/\/nestia.be\/index.php\/psychomotricite-auderghem\/","url":"https:\/\/nestia.be\/index.php\/psychomotricite-auderghem\/","name":"ESTELLE GALLOT \u2013 PSYCHOMOTRICIENNE - Centre Nestia","isPartOf":{"@id":"https:\/\/nestia.be\/#website"},"primaryImageOfPage":{"@id":"https:\/\/nestia.be\/index.php\/psychomotricite-auderghem\/#primaryimage"},"image":{"@id":"https:\/\/nestia.be\/index.php\/psychomotricite-auderghem\/#primaryimage"},"thumbnailUrl":"https:\/\/nestia.be\/wp-content\/uploads\/2023\/11\/IMG_9566-298x300.jpeg","datePublished":"2020-09-01T18:17:57+00:00","dateModified":"2025-05-16T16:49:19+00:00","description":"Estelle Gallot vous re\u00e7oit au centre Nestia \u00e0 Auderghem pour de la psychomotricit\u00e9 relationnelle, des troubles du d\u00e9veloppement, ..","breadcrumb":{"@id":"https:\/\/nestia.be\/index.php\/psychomotricite-auderghem\/#breadcrumb"},"inLanguage":"fr-FR","potentialAction":[{"@type":"ReadAction","target":["https:\/\/nestia.be\/index.php\/psychomotricite-auderghem\/"]}]},{"@type":"ImageObject","inLanguage":"fr-FR","@id":"https:\/\/nestia.be\/index.php\/psychomotricite-auderghem\/#primaryimage","url":"https:\/\/nestia.be\/wp-content\/uploads\/2023\/11\/IMG_9566.jpeg","contentUrl":"https:\/\/nestia.be\/wp-content\/uploads\/2023\/11\/IMG_9566.jpeg","width":1228,"height":1236},{"@type":"BreadcrumbList","@id":"https:\/\/nestia.be\/index.php\/psychomotricite-auderghem\/#breadcrumb","itemListElement":[{"@type":"ListItem","position":1,"name":"Accueil","item":"https:\/\/nestia.be\/"},{"@type":"ListItem","position":2,"name":"ESTELLE GALLOT \u2013 PSYCHOMOTRICIENNE"}]},{"@type":"WebSite","@id":"https:\/\/nestia.be\/#website","url":"https:\/\/nestia.be\/","name":"Centre Nestia","description":"Centre pluridisciplinaire P\u00e9diatrique, P\u00e9rinatal et Familial","publisher":{"@id":"https:\/\/nestia.be\/#organization"},"potentialAction":[{"@type":"SearchAction","target":{"@type":"EntryPoint","urlTemplate":"https:\/\/nestia.be\/?s={search_term_string}"},"query-input":{"@type":"PropertyValueSpecification","valueRequired":true,"valueName":"search_term_string"}}],"inLanguage":"fr-FR"},{"@type":"Organization","@id":"https:\/\/nestia.be\/#organization","name":"Centre Nestia","url":"https:\/\/nestia.be\/","logo":{"@type":"ImageObject","inLanguage":"fr-FR","@id":"https:\/\/nestia.be\/#\/schema\/logo\/image\/","url":"https:\/\/nestia.be\/wp-content\/uploads\/2020\/12\/cropped-69706906_116330719731047_3337316616944746496_n.jpg","contentUrl":"https:\/\/nestia.be\/wp-content\/uploads\/2020\/12\/cropped-69706906_116330719731047_3337316616944746496_n.jpg","width":594,"height":433,"caption":"Centre Nestia"},"image":{"@id":"https:\/\/nestia.be\/#\/schema\/logo\/image\/"}}]}},"_links":{"self":[{"href":"https:\/\/nestia.be\/index.php\/wp-json\/wp\/v2\/pages\/1025","targetHints":{"allow":["GET"]}}],"collection":[{"href":"https:\/\/nestia.be\/index.php\/wp-json\/wp\/v2\/pages"}],"about":[{"href":"https:\/\/nestia.be\/index.php\/wp-json\/wp\/v2\/types\/page"}],"author":[{"embeddable":true,"href":"https:\/\/nestia.be\/index.php\/wp-json\/wp\/v2\/users\/1"}],"replies":[{"embeddable":true,"href":"https:\/\/nestia.be\/index.php\/wp-json\/wp\/v2\/comments?post=1025"}],"version-history":[{"count":20,"href":"https:\/\/nestia.be\/index.php\/wp-json\/wp\/v2\/pages\/1025\/revisions"}],"predecessor-version":[{"id":2571,"href":"https:\/\/nestia.be\/index.php\/wp-json\/wp\/v2\/pages\/1025\/revisions\/2571"}],"wp:attachment":[{"href":"https:\/\/nestia.be\/index.php\/wp-json\/wp\/v2\/media?parent=1025"}],"curies":[{"name":"wp","href":"https:\/\/api.w.org\/{rel}","templated":true}]}}